{"id":194372,"date":"2025-04-29T18:34:03","date_gmt":"2025-04-29T16:34:12","guid":{"rendered":"https:\/\/arak.spicehorse.eu\/?post_type=product&#038;p=194372"},"modified":"2025-07-22T18:52:18","modified_gmt":"2025-07-22T16:52:18","slug":"qhp-hobby-horse-sivy","status":"publish","type":"product","link":"https:\/\/arak.spicehorse.eu\/sk\/produkt\/qhp-hobby-horse-sivy\/","title":{"rendered":"QHP Hobby Horse siv\u00fd"},"content":{"rendered":"<p style=\"font-weight: 400;\">Objavte svet hobby kon\u00edkov! QHP hobby kon\u00edk je dokonal\u00fd na hranie, o\u0161etrovanie a hobby jazdenie. Je mimoriadne jemn\u00fd na dotyk, hrivu kon\u00edka mo\u017eno \u010desa\u0165 a zapleta\u0165 pre dokonal\u00fd vzh\u013ead. Oble\u010dte svojho hobby kon\u00edka pod\u013ea n\u00e1lady uzde\u010dkou, dekou, ohl\u00e1vkou a \u010dabrakou.<\/p>\n","protected":false},"excerpt":{"rendered":"<ul style=\"font-weight: 400;\">\n<li>Materi\u00e1l: polyester, nylon, PVC, drevo<\/li>\n<li>Jemn\u00fd na dotyk<\/li>\n<li>Hrivu mo\u017eno \u010desa\u0165 a zapleta\u0165<\/li>\n<li>Oble\u010dte svojho hobby kon\u00edka pod\u013ea n\u00e1lady<\/li>\n<li>Dreven\u00e1 palica je odn\u00edmate\u013en\u00e1, \u010do u\u013eah\u010duje transport<\/li>\n<li>V\u00fd\u0161ka: 90 cm<\/li>\n<li>Obal Hobby Horse mo\u017eno pou\u017ei\u0165 aj ako prenosn\u00fa staj\u0148u<\/li>\n<li>\u010eal\u0161ie hobby horse v\u00fdrobky n\u00e1jdete tu:\u00a0<a href=\"https:\/\/arak.spicehorse.eu\/sk\/znacka-produktu\/hobby-horse-sk\/\">Hobby Horse<\/a><\/li>\n<\/ul>\n","protected":false},"featured_media":194375,"template":"","meta":{"_acf_changed":false},"product_cat":[2534,3228,76,312],"product_tag":[2868,227,2589,422,1973,2389],"acf":[],"yoast_head":"<!-- This site is optimized with the Yoast SEO plugin v21.4 - https:\/\/yoast.com\/wordpress\/plugins\/seo\/ -->\n<title>QHP Hobby Horse siv\u00fd - Spicehorse<\/title>\n<meta name=\"description\" content=\"spicehorse.eu | Objavte svet hobby kon\u00edkov! QHP hobby kon\u00edk je dokonal\u00fd na hranie, o\u0161etrovanie a hobby jazdenie.\" \/>\n<meta name=\"robots\" content=\"index, follow, max-snippet:-1, max-image-preview:large, max-video-preview:-1\" \/>\n<link rel=\"canonical\" href=\"https:\/\/arak.spicehorse.eu\/sk\/produkt\/qhp-hobby-horse-sivy\/\" \/>\n<meta property=\"og:locale\" content=\"sk_SK\" \/>\n<meta property=\"og:type\" content=\"article\" \/>\n<meta property=\"og:title\" content=\"QHP Hobby Horse siv\u00fd - Spicehorse\" \/>\n<meta property=\"og:description\" content=\"spicehorse.eu | Objavte svet hobby kon\u00edkov! QHP hobby kon\u00edk je dokonal\u00fd na hranie, o\u0161etrovanie a hobby jazdenie.\" \/>\n<meta property=\"og:url\" content=\"https:\/\/arak.spicehorse.eu\/sk\/produkt\/qhp-hobby-horse-sivy\/\" \/>\n<meta property=\"og:site_name\" content=\"Spicehorse\" \/>\n<meta property=\"article:publisher\" content=\"https:\/\/www.facebook.com\/SPICEHORSE-550385625402457\/\" \/>\n<meta property=\"article:modified_time\" content=\"2025-07-22T16:52:18+00:00\" \/>\n<meta property=\"og:image\" content=\"https:\/\/arak.spicehorse.eu\/wp-content\/uploads\/2025\/04\/5577gs-6.jpg\" \/>\n\t<meta property=\"og:image:width\" content=\"1280\" \/>\n\t<meta property=\"og:image:height\" content=\"1280\" \/>\n\t<meta property=\"og:image:type\" content=\"image\/jpeg\" \/>\n<meta name=\"twitter:card\" content=\"summary_large_image\" \/>\n<script type=\"application\/ld+json\" class=\"yoast-schema-graph\">{\"@context\":\"https:\/\/schema.org\",\"@graph\":[{\"@type\":\"WebPage\",\"@id\":\"https:\/\/arak.spicehorse.eu\/sk\/produkt\/qhp-hobby-horse-sivy\/\",\"url\":\"https:\/\/arak.spicehorse.eu\/sk\/produkt\/qhp-hobby-horse-sivy\/\",\"name\":\"QHP Hobby Horse siv\u00fd - Spicehorse\",\"isPartOf\":{\"@id\":\"https:\/\/arak.spicehorse.eu\/en\/#website\"},\"datePublished\":\"2025-04-29T16:34:12+00:00\",\"dateModified\":\"2025-07-22T16:52:18+00:00\",\"description\":\"spicehorse.eu | Objavte svet hobby kon\u00edkov! QHP hobby kon\u00edk je dokonal\u00fd na hranie, o\u0161etrovanie a hobby jazdenie.\",\"breadcrumb\":{\"@id\":\"https:\/\/arak.spicehorse.eu\/sk\/produkt\/qhp-hobby-horse-sivy\/#breadcrumb\"},\"inLanguage\":\"sk-SK\",\"potentialAction\":[{\"@type\":\"ReadAction\",\"target\":[\"https:\/\/arak.spicehorse.eu\/sk\/produkt\/qhp-hobby-horse-sivy\/\"]}]},{\"@type\":\"BreadcrumbList\",\"@id\":\"https:\/\/arak.spicehorse.eu\/sk\/produkt\/qhp-hobby-horse-sivy\/#breadcrumb\",\"itemListElement\":[{\"@type\":\"ListItem\",\"position\":1,\"name\":\"Home\",\"item\":\"https:\/\/arak.spicehorse.eu\/sk\/\"},{\"@type\":\"ListItem\",\"position\":2,\"name\":\"Predaj\u0148a\",\"item\":\"https:\/\/arak.spicehorse.eu\/sk\/predajna\/\"},{\"@type\":\"ListItem\",\"position\":3,\"name\":\"QHP Hobby Horse siv\u00fd\"}]},{\"@type\":\"WebSite\",\"@id\":\"https:\/\/arak.spicehorse.eu\/en\/#website\",\"url\":\"https:\/\/arak.spicehorse.eu\/en\/\",\"name\":\"Spicehorse\",\"description\":\"UNDER DEVELOPMENT -\",\"potentialAction\":[{\"@type\":\"SearchAction\",\"target\":{\"@type\":\"EntryPoint\",\"urlTemplate\":\"https:\/\/arak.spicehorse.eu\/en\/?s={search_term_string}\"},\"query-input\":\"required name=search_term_string\"}],\"inLanguage\":\"sk-SK\"}]}<\/script>\n<!-- \/ Yoast SEO plugin. -->","yoast_head_json":{"title":"QHP Hobby Horse siv\u00fd - Spicehorse","description":"spicehorse.eu | Objavte svet hobby kon\u00edkov! QHP hobby kon\u00edk je dokonal\u00fd na hranie, o\u0161etrovanie a hobby jazdenie.","robots":{"index":"index","follow":"follow","max-snippet":"max-snippet:-1","max-image-preview":"max-image-preview:large","max-video-preview":"max-video-preview:-1"},"canonical":"https:\/\/arak.spicehorse.eu\/sk\/produkt\/qhp-hobby-horse-sivy\/","og_locale":"sk_SK","og_type":"article","og_title":"QHP Hobby Horse siv\u00fd - Spicehorse","og_description":"spicehorse.eu | Objavte svet hobby kon\u00edkov! QHP hobby kon\u00edk je dokonal\u00fd na hranie, o\u0161etrovanie a hobby jazdenie.","og_url":"https:\/\/arak.spicehorse.eu\/sk\/produkt\/qhp-hobby-horse-sivy\/","og_site_name":"Spicehorse","article_publisher":"https:\/\/www.facebook.com\/SPICEHORSE-550385625402457\/","article_modified_time":"2025-07-22T16:52:18+00:00","og_image":[{"width":1280,"height":1280,"url":"https:\/\/arak.spicehorse.eu\/wp-content\/uploads\/2025\/04\/5577gs-6.jpg","type":"image\/jpeg"}],"twitter_card":"summary_large_image","schema":{"@context":"https:\/\/schema.org","@graph":[{"@type":"WebPage","@id":"https:\/\/arak.spicehorse.eu\/sk\/produkt\/qhp-hobby-horse-sivy\/","url":"https:\/\/arak.spicehorse.eu\/sk\/produkt\/qhp-hobby-horse-sivy\/","name":"QHP Hobby Horse siv\u00fd - Spicehorse","isPartOf":{"@id":"https:\/\/arak.spicehorse.eu\/en\/#website"},"datePublished":"2025-04-29T16:34:12+00:00","dateModified":"2025-07-22T16:52:18+00:00","description":"spicehorse.eu | Objavte svet hobby kon\u00edkov! QHP hobby kon\u00edk je dokonal\u00fd na hranie, o\u0161etrovanie a hobby jazdenie.","breadcrumb":{"@id":"https:\/\/arak.spicehorse.eu\/sk\/produkt\/qhp-hobby-horse-sivy\/#breadcrumb"},"inLanguage":"sk-SK","potentialAction":[{"@type":"ReadAction","target":["https:\/\/arak.spicehorse.eu\/sk\/produkt\/qhp-hobby-horse-sivy\/"]}]},{"@type":"BreadcrumbList","@id":"https:\/\/arak.spicehorse.eu\/sk\/produkt\/qhp-hobby-horse-sivy\/#breadcrumb","itemListElement":[{"@type":"ListItem","position":1,"name":"Home","item":"https:\/\/arak.spicehorse.eu\/sk\/"},{"@type":"ListItem","position":2,"name":"Predaj\u0148a","item":"https:\/\/arak.spicehorse.eu\/sk\/predajna\/"},{"@type":"ListItem","position":3,"name":"QHP Hobby Horse siv\u00fd"}]},{"@type":"WebSite","@id":"https:\/\/arak.spicehorse.eu\/en\/#website","url":"https:\/\/arak.spicehorse.eu\/en\/","name":"Spicehorse","description":"UNDER DEVELOPMENT -","potentialAction":[{"@type":"SearchAction","target":{"@type":"EntryPoint","urlTemplate":"https:\/\/arak.spicehorse.eu\/en\/?s={search_term_string}"},"query-input":"required name=search_term_string"}],"inLanguage":"sk-SK"}]}},"_links":{"self":[{"href":"https:\/\/arak.spicehorse.eu\/sk\/wp-json\/wp\/v2\/product\/194372"}],"collection":[{"href":"https:\/\/arak.spicehorse.eu\/sk\/wp-json\/wp\/v2\/product"}],"about":[{"href":"https:\/\/arak.spicehorse.eu\/sk\/wp-json\/wp\/v2\/types\/product"}],"wp:featuredmedia":[{"embeddable":true,"href":"https:\/\/arak.spicehorse.eu\/sk\/wp-json\/wp\/v2\/media\/194375"}],"wp:attachment":[{"href":"https:\/\/arak.spicehorse.eu\/sk\/wp-json\/wp\/v2\/media?parent=194372"}],"wp:term":[{"taxonomy":"product_cat","embeddable":true,"href":"https:\/\/arak.spicehorse.eu\/sk\/wp-json\/wp\/v2\/product_cat?post=194372"},{"taxonomy":"product_tag","embeddable":true,"href":"https:\/\/arak.spicehorse.eu\/sk\/wp-json\/wp\/v2\/product_tag?post=194372"}],"curies":[{"name":"wp","href":"https:\/\/api.w.org\/{rel}","templated":true}]}}