{"id":194603,"date":"2025-05-08T11:56:03","date_gmt":"2025-05-08T09:56:12","guid":{"rendered":"https:\/\/arak.spicehorse.eu\/?post_type=product&#038;p=194603"},"modified":"2025-07-14T21:27:28","modified_gmt":"2025-07-14T19:27:28","slug":"winderen-second-skin-plne-silikonove-jazdecke-nohavice-beige","status":"publish","type":"product","link":"https:\/\/arak.spicehorse.eu\/sk\/produkt\/winderen-second-skin-plne-silikonove-jazdecke-nohavice-beige\/","title":{"rendered":"Winderen Second Skin plne silik\u00f3nov\u00e9 jazdeck\u00e9 nohavice Beige"},"content":{"rendered":"<div>\n<p class=\"mb-30\"><span lang=\"SK\">Winderen Second Skin jazdeck\u00e9 nohavice s\u00fa vyroben\u00e9 z\u00a0odoln\u00fdch talianskych materi\u00e1lov pr\u00e9miovej kvality. Ich funk\u010dnos\u0165 a\u00a0odolnos\u0165 bola testovan\u00e1 za re\u00e1lnych podmienok, v\u00a0spolupr\u00e1ci s\u00a0profesion\u00e1lnymi jazdcami, aby bolo zabezpe\u010den\u00e9 maxim\u00e1lne pohodlie po\u010das ka\u017edodenn\u00e9ho tr\u00e9ningu.\u00a0 <\/span><\/p>\n<\/div>\n<div>\n<p><span lang=\"SK\">Na ka\u017ed\u00fa f\u00e1zu v\u00fdroby sme osobne dohliadali, preto je kvalita zaru\u010den\u00e1. <\/span><\/p>\n<\/div>\n<div>\n<p><span lang=\"SK\">Vieme ako ve\u013emi je d\u00f4le\u017eit\u00e9 pohodlie, ke\u010f ide o\u00a0jazdeck\u00e9 nohavice. Musia poskytova\u0165 nielen dokonal\u00fd vzh\u013ead, ale predov\u0161etk\u00fdm pohodlie. Preto\u017ee nejde o\u00a0v\u0161edn\u00e9 nohavice- s\u00fa to nohavice, ktor\u00e9 m\u00e1me na sebe \u010dasto aj dlh\u00e9 hodiny. <\/span><\/p>\n<\/div>\n<div>\n<p><span lang=\"SK\">Preto boli Winderen Second Skin jazdeck\u00e9 nohavice navrhnut\u00e9 tak, aby sl\u00fa\u017eili dlh\u00fa dobu bez toho, aby stratili zo svojich vynikaj\u00facich vlastnost\u00ed.<\/span><\/p>\n<\/div>\n<div>\n<p><strong><span lang=\"SK\">Dokonal\u00e9 dosadanie<\/span><\/strong><\/p>\n<\/div>\n<div>\n<p><span lang=\"SK\">V\u010faka elastick\u00e9mu materi\u00e1lu na\u0165ahuj\u00faceho sa do \u0161tyroch smerov jazdeck\u00e9 nohavice \u00a0Winderen Second Skin dokonale priliehaj\u00fa k\u00a0postave, pri\u010dom zabezpe\u010duj\u00fa maxim\u00e1lnu vo\u013enos\u0165 pohybu. Stredne vysok\u00fd p\u00e1s poskytuje v\u00a0sedle \u010fal\u0161\u00ed komfort.<\/span><\/p>\n<\/div>\n<div>\n<p><strong><span lang=\"SK\">Trv\u00e1cne silik\u00f3nov\u00e9 pri\u013enutie<\/span><\/strong><\/p>\n<\/div>\n<div>\n<p><span lang=\"SK\">Modern\u00e9, trv\u00e1cne silik\u00f3nov\u00e9 pri\u013enutie zabezpe\u010duje dokonal\u00fa stabilitu pom\u00e1haj\u00fac, aby ste dokonale udr\u017eali svoju stabilitu v\u00a0sedle. Tento materi\u00e1l navy\u0161e pozit\u00edvne tvaruje r\u00f4zne typy postavy. <\/span><\/p>\n<\/div>\n<div>\n<p><strong><span lang=\"SK\">Talianske Cobrax gomb\u00edky<\/span><\/strong><\/p>\n<\/div>\n<div>\n<p><span lang=\"SK\">Pri navrhovan\u00ed nohav\u00edc boli pou\u017eit\u00e9 odoln\u00e9 a\u00a0pohodln\u00e9 Cobrax gomb\u00edky, ktor\u00e9 poch\u00e1dzaj\u00fa bezprostredne z\u00a0Talianska. Tieto gomb\u00edky maxim\u00e1lne zni\u017euj\u00fa riziko uvo\u013enenia.<\/span><\/p>\n<\/div>\n<div>\n<p><strong><span lang=\"SK\">Belgick\u00fd Kroko zipsy<\/span><\/strong><\/p>\n<\/div>\n<div>\n<p><span lang=\"SK\">V\u00a0z\u00e1ujme maxim\u00e1lneho pohodlia boli pou\u017eit\u00e9 belgick\u00e9 Kroko zipsy, ktor\u00e9 s\u00fa zn\u00e1me svojou odolnos\u0165ou a\u00a0trv\u00e1cnos\u0165ou. Tieto zipsy sa pou\u017e\u00edvaj\u00fa aj vo vojenskej v\u00fdbave v\u010faka svojej spo\u013eahlivosti.<\/span><\/p>\n<\/div>\n<div>\n<p><strong><span lang=\"SK\">Nemeck\u00e9 Amman nite<\/span><\/strong><\/p>\n<\/div>\n<div>\n<p><span lang=\"SK\">Odolnos\u0165 odevu je dosiahnut\u00e1 kombin\u00e1ciou materi\u00e1lov vynikaj\u00facej kvality a\u00a0dokonal\u00e9ho vypracovania. Preto sa pri \u0161it\u00ed jazdeck\u00fdch nohav\u00edc Winderen pou\u017e\u00edvaj\u00fa pevn\u00e9 nemeck\u00e9 Amman nite.<\/span><\/p>\n<\/div>\n<div>\n<p><strong><span lang=\"SK\">Dvojit\u00e9 \u0161itie v rozkroku<\/span><\/strong><\/p>\n<\/div>\n<div>\n<p><span lang=\"SK\">Jazdeck\u00e9 nohavice s\u00fa vyroben\u00e9 tak, \u017ee maj\u00fa v\u00a0rozkroku dvojit\u00e9 \u0161itie, ktor\u00fa t\u00fato oblas\u0165 posil\u0148uje, \u010d\u00edm sa zabra\u0148uje pr\u00edpadn\u00e9mu roztrhnutiu a\u00a0z\u00e1rove\u0148 sa zabezpe\u010duje pohodln\u00e9 a\u00a0dokonal\u00e9 priliehanie.<\/span><\/p>\n<\/div>\n<div>\n<p><strong><span lang=\"SK\">Elastick\u00e9 s\u00e1ry nohav\u00edc<\/span><\/strong><\/p>\n<\/div>\n<div>\n<p><span lang=\"SK\">Winderen jazdeck\u00e9 nohavice maj\u00fa elastick\u00e9 s\u00e1ry, ktor\u00e9 u\u013eah\u010duj\u00fa ich obliekanie, z\u00e1rove\u0148 s\u00fa \u0161t\u00fdlov\u00e9 a\u00a0zo\u0161t\u00edh\u013euj\u00fa nohy. V\u010faka tomu nie s\u00fa potrebn\u00e9 dlh\u00e9 jazdeck\u00e9 podkolienky. <\/span><\/p>\n<\/div>\n<div>\n<p><strong><span lang=\"SK\">Hlbok\u00e9 va\u010dky<\/span><\/strong><\/p>\n<\/div>\n<div>\n<p><span lang=\"SK\">Jazdeck\u00e9 nohavice Winderen Second Skin maj\u00fa hlbok\u00e9, elastick\u00e9 va\u010dky, do ktor\u00fdch sa po\u013eahky zmest\u00ed telef\u00f3n alebo aj ma\u0161krty pre ko\u0148a. <\/span><\/p>\n<\/div>\n<div>\n<p><span lang=\"SK\">Winderen db\u00e1 o\u00a0prostredie a\u00a0podporuje miestnych v\u00fdrobcov. Preto sa v\u00fdroba Winderen Second Skin jazdeck\u00fdch nohav\u00edc realizuje na 100% v \u0161t\u00e1toch Eur\u00f3pskej \u00fanie, vo vlastn\u00fdch diel\u0148ach.<\/span><\/p>\n<\/div>\n<div>\n<p><span lang=\"SK\">\u010c\u00edslovanie oble\u010denia Winderen zodpoved\u00e1 normovan\u00e9ho \u010d\u00edslovaniu jazdeck\u00e9ho oble\u010denia ostatn\u00fdch popul\u00e1rnych zna\u010diek. Zvo\u013ete si tak\u00fa ve\u013ekos\u0165, ak\u00fa nos\u00edte obvykle. Ak nie ste si ist\u00ed mierami, kontaktujte n\u00e1s a\u00a0my v\u00e1m radi pom\u00f4\u017eeme!<\/span><\/p>\n<\/div>\n<div>\n<p><strong><span lang=\"SK\">Zlo\u017eenie<\/span><\/strong><span lang=\"SK\"><br \/>\nHlavn\u00fd materi\u00e1l: 72% polyamid \/ nylon, 28% elastan<br \/>\nDoplnkov\u00fd materi\u00e1l: 95% polyester \/ 5% elastan<\/span><\/p>\n<\/div>\n<div>\n<p><strong><span lang=\"SK\">N\u00e1vod na pranie<\/span><\/strong><span lang=\"SK\"><br \/>\nNohavice mo\u017eno pra\u0165 v\u00a0pr\u00e1\u010dke na 30\u00b0C, bez pou\u017eitia aviv\u00e1\u017ee. Nepou\u017e\u00edvajte bielidlo. \u017dehlite na n\u00edzkej teplote. Chemick\u00e9 \u010distenie je zak\u00e1zan\u00e9. Nesu\u0161te v\u00a0su\u0161i\u010dke.<\/span><\/p>\n<\/div>\n","protected":false},"excerpt":{"rendered":"<ul style=\"font-weight: 400;\">\n<li>Dokonale priliehaj\u00fa, vyzdvihuj\u00fa postavu<\/li>\n<li>Jedine\u010dn\u00fd n\u00e1vrh, ktor\u00fd neobmedzuje v pohybe<\/li>\n<li>Trv\u00e1cne silik\u00f3nov\u00e9 pri\u013enutie pre vynikaj\u00facu stabilitu<\/li>\n<li>Vyroben\u00e9 v\u00a0EU z\u00a0materi\u00e1lov najvy\u0161\u0161ej kvality<\/li>\n<\/ul>\n","protected":false},"featured_media":194610,"template":"","meta":{"_acf_changed":false},"product_cat":[76,305],"product_tag":[381,1591],"acf":[],"yoast_head":"<!-- This site is optimized with the Yoast SEO plugin v21.4 - https:\/\/yoast.com\/wordpress\/plugins\/seo\/ -->\n<title>Winderen Second Skin plne silik\u00f3nov\u00e9 jazdeck\u00e9 nohavice Beige - Spicehorse<\/title>\n<meta name=\"description\" content=\"spicehorse.eu | Winderen Second Skin jazdeck\u00e9 nohavice s\u00fa vyroben\u00e9 z\u00a0odoln\u00fdch talianskych materi\u00e1lov pr\u00e9miovej kvality.\" \/>\n<meta name=\"robots\" content=\"index, follow, max-snippet:-1, max-image-preview:large, max-video-preview:-1\" \/>\n<link rel=\"canonical\" href=\"https:\/\/arak.spicehorse.eu\/termek\/winderen-second-skin-teliszilikonos-lovaglonadrag-beige\/\" \/>\n<meta property=\"og:locale\" content=\"sk_SK\" \/>\n<meta property=\"og:type\" content=\"article\" \/>\n<meta property=\"og:title\" content=\"Winderen Second Skin plne silik\u00f3nov\u00e9 jazdeck\u00e9 nohavice Beige - Spicehorse\" \/>\n<meta property=\"og:description\" content=\"spicehorse.eu | Winderen Second Skin jazdeck\u00e9 nohavice s\u00fa vyroben\u00e9 z\u00a0odoln\u00fdch talianskych materi\u00e1lov pr\u00e9miovej kvality.\" \/>\n<meta property=\"og:url\" content=\"https:\/\/arak.spicehorse.eu\/termek\/winderen-second-skin-teliszilikonos-lovaglonadrag-beige\/\" \/>\n<meta property=\"og:site_name\" content=\"Spicehorse\" \/>\n<meta property=\"article:publisher\" content=\"https:\/\/www.facebook.com\/SPICEHORSE-550385625402457\/\" \/>\n<meta property=\"article:modified_time\" content=\"2025-07-14T19:27:28+00:00\" \/>\n<meta property=\"og:image\" content=\"https:\/\/arak.spicehorse.eu\/wp-content\/uploads\/2025\/05\/917278.webp\" \/>\n\t<meta property=\"og:image:width\" content=\"900\" \/>\n\t<meta property=\"og:image:height\" content=\"900\" \/>\n\t<meta property=\"og:image:type\" content=\"image\/webp\" \/>\n<meta name=\"twitter:card\" content=\"summary_large_image\" \/>\n<meta name=\"twitter:label1\" content=\"Predpokladan\u00fd \u010das \u010d\u00edtania\" \/>\n\t<meta name=\"twitter:data1\" content=\"3 min\u00faty\" \/>\n<script type=\"application\/ld+json\" class=\"yoast-schema-graph\">{\"@context\":\"https:\/\/schema.org\",\"@graph\":[{\"@type\":\"WebPage\",\"@id\":\"https:\/\/arak.spicehorse.eu\/termek\/winderen-second-skin-teliszilikonos-lovaglonadrag-beige\/\",\"url\":\"https:\/\/arak.spicehorse.eu\/termek\/winderen-second-skin-teliszilikonos-lovaglonadrag-beige\/\",\"name\":\"Winderen Second Skin plne silik\u00f3nov\u00e9 jazdeck\u00e9 nohavice Beige - Spicehorse\",\"isPartOf\":{\"@id\":\"https:\/\/arak.spicehorse.eu\/en\/#website\"},\"datePublished\":\"2025-05-08T09:56:12+00:00\",\"dateModified\":\"2025-07-14T19:27:28+00:00\",\"description\":\"spicehorse.eu | Winderen Second Skin jazdeck\u00e9 nohavice s\u00fa vyroben\u00e9 z\u00a0odoln\u00fdch talianskych materi\u00e1lov pr\u00e9miovej kvality.\",\"breadcrumb\":{\"@id\":\"https:\/\/arak.spicehorse.eu\/termek\/winderen-second-skin-teliszilikonos-lovaglonadrag-beige\/#breadcrumb\"},\"inLanguage\":\"sk-SK\",\"potentialAction\":[{\"@type\":\"ReadAction\",\"target\":[\"https:\/\/arak.spicehorse.eu\/termek\/winderen-second-skin-teliszilikonos-lovaglonadrag-beige\/\"]}]},{\"@type\":\"BreadcrumbList\",\"@id\":\"https:\/\/arak.spicehorse.eu\/termek\/winderen-second-skin-teliszilikonos-lovaglonadrag-beige\/#breadcrumb\",\"itemListElement\":[{\"@type\":\"ListItem\",\"position\":1,\"name\":\"Home\",\"item\":\"https:\/\/arak.spicehorse.eu\/sk\/\"},{\"@type\":\"ListItem\",\"position\":2,\"name\":\"Predaj\u0148a\",\"item\":\"https:\/\/arak.spicehorse.eu\/sk\/predajna\/\"},{\"@type\":\"ListItem\",\"position\":3,\"name\":\"Winderen Second Skin plne silik\u00f3nov\u00e9 jazdeck\u00e9 nohavice Beige\"}]},{\"@type\":\"WebSite\",\"@id\":\"https:\/\/arak.spicehorse.eu\/en\/#website\",\"url\":\"https:\/\/arak.spicehorse.eu\/en\/\",\"name\":\"Spicehorse\",\"description\":\"UNDER DEVELOPMENT -\",\"potentialAction\":[{\"@type\":\"SearchAction\",\"target\":{\"@type\":\"EntryPoint\",\"urlTemplate\":\"https:\/\/arak.spicehorse.eu\/en\/?s={search_term_string}\"},\"query-input\":\"required name=search_term_string\"}],\"inLanguage\":\"sk-SK\"}]}<\/script>\n<!-- \/ Yoast SEO plugin. -->","yoast_head_json":{"title":"Winderen Second Skin plne silik\u00f3nov\u00e9 jazdeck\u00e9 nohavice Beige - Spicehorse","description":"spicehorse.eu | Winderen Second Skin jazdeck\u00e9 nohavice s\u00fa vyroben\u00e9 z\u00a0odoln\u00fdch talianskych materi\u00e1lov pr\u00e9miovej kvality.","robots":{"index":"index","follow":"follow","max-snippet":"max-snippet:-1","max-image-preview":"max-image-preview:large","max-video-preview":"max-video-preview:-1"},"canonical":"https:\/\/arak.spicehorse.eu\/termek\/winderen-second-skin-teliszilikonos-lovaglonadrag-beige\/","og_locale":"sk_SK","og_type":"article","og_title":"Winderen Second Skin plne silik\u00f3nov\u00e9 jazdeck\u00e9 nohavice Beige - Spicehorse","og_description":"spicehorse.eu | Winderen Second Skin jazdeck\u00e9 nohavice s\u00fa vyroben\u00e9 z\u00a0odoln\u00fdch talianskych materi\u00e1lov pr\u00e9miovej kvality.","og_url":"https:\/\/arak.spicehorse.eu\/termek\/winderen-second-skin-teliszilikonos-lovaglonadrag-beige\/","og_site_name":"Spicehorse","article_publisher":"https:\/\/www.facebook.com\/SPICEHORSE-550385625402457\/","article_modified_time":"2025-07-14T19:27:28+00:00","og_image":[{"width":900,"height":900,"url":"https:\/\/arak.spicehorse.eu\/wp-content\/uploads\/2025\/05\/917278.webp","type":"image\/webp"}],"twitter_card":"summary_large_image","twitter_misc":{"Predpokladan\u00fd \u010das \u010d\u00edtania":"3 min\u00faty"},"schema":{"@context":"https:\/\/schema.org","@graph":[{"@type":"WebPage","@id":"https:\/\/arak.spicehorse.eu\/termek\/winderen-second-skin-teliszilikonos-lovaglonadrag-beige\/","url":"https:\/\/arak.spicehorse.eu\/termek\/winderen-second-skin-teliszilikonos-lovaglonadrag-beige\/","name":"Winderen Second Skin plne silik\u00f3nov\u00e9 jazdeck\u00e9 nohavice Beige - Spicehorse","isPartOf":{"@id":"https:\/\/arak.spicehorse.eu\/en\/#website"},"datePublished":"2025-05-08T09:56:12+00:00","dateModified":"2025-07-14T19:27:28+00:00","description":"spicehorse.eu | Winderen Second Skin jazdeck\u00e9 nohavice s\u00fa vyroben\u00e9 z\u00a0odoln\u00fdch talianskych materi\u00e1lov pr\u00e9miovej kvality.","breadcrumb":{"@id":"https:\/\/arak.spicehorse.eu\/termek\/winderen-second-skin-teliszilikonos-lovaglonadrag-beige\/#breadcrumb"},"inLanguage":"sk-SK","potentialAction":[{"@type":"ReadAction","target":["https:\/\/arak.spicehorse.eu\/termek\/winderen-second-skin-teliszilikonos-lovaglonadrag-beige\/"]}]},{"@type":"BreadcrumbList","@id":"https:\/\/arak.spicehorse.eu\/termek\/winderen-second-skin-teliszilikonos-lovaglonadrag-beige\/#breadcrumb","itemListElement":[{"@type":"ListItem","position":1,"name":"Home","item":"https:\/\/arak.spicehorse.eu\/sk\/"},{"@type":"ListItem","position":2,"name":"Predaj\u0148a","item":"https:\/\/arak.spicehorse.eu\/sk\/predajna\/"},{"@type":"ListItem","position":3,"name":"Winderen Second Skin plne silik\u00f3nov\u00e9 jazdeck\u00e9 nohavice Beige"}]},{"@type":"WebSite","@id":"https:\/\/arak.spicehorse.eu\/en\/#website","url":"https:\/\/arak.spicehorse.eu\/en\/","name":"Spicehorse","description":"UNDER DEVELOPMENT -","potentialAction":[{"@type":"SearchAction","target":{"@type":"EntryPoint","urlTemplate":"https:\/\/arak.spicehorse.eu\/en\/?s={search_term_string}"},"query-input":"required name=search_term_string"}],"inLanguage":"sk-SK"}]}},"_links":{"self":[{"href":"https:\/\/arak.spicehorse.eu\/sk\/wp-json\/wp\/v2\/product\/194603"}],"collection":[{"href":"https:\/\/arak.spicehorse.eu\/sk\/wp-json\/wp\/v2\/product"}],"about":[{"href":"https:\/\/arak.spicehorse.eu\/sk\/wp-json\/wp\/v2\/types\/product"}],"wp:featuredmedia":[{"embeddable":true,"href":"https:\/\/arak.spicehorse.eu\/sk\/wp-json\/wp\/v2\/media\/194610"}],"wp:attachment":[{"href":"https:\/\/arak.spicehorse.eu\/sk\/wp-json\/wp\/v2\/media?parent=194603"}],"wp:term":[{"taxonomy":"product_cat","embeddable":true,"href":"https:\/\/arak.spicehorse.eu\/sk\/wp-json\/wp\/v2\/product_cat?post=194603"},{"taxonomy":"product_tag","embeddable":true,"href":"https:\/\/arak.spicehorse.eu\/sk\/wp-json\/wp\/v2\/product_tag?post=194603"}],"curies":[{"name":"wp","href":"https:\/\/api.w.org\/{rel}","templated":true}]}}