{"id":194945,"date":"2025-05-27T20:53:58","date_gmt":"2025-05-27T18:54:04","guid":{"rendered":"https:\/\/arak.spicehorse.eu\/?post_type=product&#038;p=194945"},"modified":"2025-07-14T21:35:08","modified_gmt":"2025-07-14T19:35:08","slug":"flex-on-armet-vlozka-do-prilby","status":"publish","type":"product","link":"https:\/\/arak.spicehorse.eu\/sk\/produkt\/flex-on-armet-vlozka-do-prilby\/","title":{"rendered":"FLEX-ON Armet vlo\u017eka do prilby"},"content":{"rendered":"<p style=\"font-weight: 400;\">FLEX-ON Armet vlo\u017eka do prilby je vyroben\u00e1 z\u00a0ve\u013emi jemn\u00e9ho priedu\u0161n\u00e9ho materi\u00e1lu a\u00a0je extra pohodln\u00e1! Pozost\u00e1va z\u00a0jedn\u00e9ho kusu, je odn\u00edmate\u013en\u00e1 a\u00a0mo\u017eno ju nastavi\u0165 na po\u017eadovan\u00fa ve\u013ekos\u0165. V\u00a0pr\u00edpade potreby ju mo\u017eno vymeni\u0165 a\u00a0pra\u0165.<\/p>\n<p style=\"font-weight: 400;\">Ve\u013ekosti:<\/p>\n<p style=\"font-weight: 400;\">M ve\u013ekos\u0165 prilby: 52-57<br \/>\nL ve\u013ekos\u0165 prilby: 57-62<\/p>\n","protected":false},"excerpt":{"rendered":"<p>FLEX-ON Armet vlo\u017eka do prilby je vyroben\u00e1 z\u00a0ve\u013emi jemn\u00e9ho priedu\u0161n\u00e9ho materi\u00e1lu a\u00a0je extra pohodln\u00e1! Pozost\u00e1va z\u00a0jedn\u00e9ho kusu, je odn\u00edmate\u013en\u00e1 a\u00a0mo\u017eno ju nastavi\u0165 na po\u017eadovan\u00fa ve\u013ekos\u0165. V\u00a0pr\u00edpade potreby ju mo\u017eno vymeni\u0165 a\u00a0pra\u0165. Ve\u013ekosti: M ve\u013ekos\u0165 prilby: 52-57 L ve\u013ekos\u0165 prilby: 57-62<\/p>\n","protected":false},"featured_media":194952,"template":"","meta":{"_acf_changed":false},"product_cat":[3231,76],"product_tag":[2665,3234],"acf":[],"yoast_head":"<!-- This site is optimized with the Yoast SEO plugin v21.4 - https:\/\/yoast.com\/wordpress\/plugins\/seo\/ -->\n<title>FLEX-ON Armet vlo\u017eka do prilby - Spicehorse<\/title>\n<meta name=\"description\" content=\"spicehorse.eu | FLEX-ON Armet vlo\u017eka do prilby je vyroben\u00e1 z\u00a0ve\u013emi jemn\u00e9ho priedu\u0161n\u00e9ho materi\u00e1lu a\u00a0je extra pohodln\u00e1!\" \/>\n<meta name=\"robots\" content=\"index, follow, max-snippet:-1, max-image-preview:large, max-video-preview:-1\" \/>\n<link rel=\"canonical\" href=\"https:\/\/arak.spicehorse.eu\/termek\/flex-on-armet-kobakbeles\/\" \/>\n<meta property=\"og:locale\" content=\"sk_SK\" \/>\n<meta property=\"og:type\" content=\"article\" \/>\n<meta property=\"og:title\" content=\"FLEX-ON Armet vlo\u017eka do prilby - Spicehorse\" \/>\n<meta property=\"og:description\" content=\"spicehorse.eu | FLEX-ON Armet vlo\u017eka do prilby je vyroben\u00e1 z\u00a0ve\u013emi jemn\u00e9ho priedu\u0161n\u00e9ho materi\u00e1lu a\u00a0je extra pohodln\u00e1!\" \/>\n<meta property=\"og:url\" content=\"https:\/\/arak.spicehorse.eu\/termek\/flex-on-armet-kobakbeles\/\" \/>\n<meta property=\"og:site_name\" content=\"Spicehorse\" \/>\n<meta property=\"article:publisher\" content=\"https:\/\/www.facebook.com\/SPICEHORSE-550385625402457\/\" \/>\n<meta property=\"article:modified_time\" content=\"2025-07-14T19:35:08+00:00\" \/>\n<meta property=\"og:image\" content=\"https:\/\/arak.spicehorse.eu\/wp-content\/uploads\/2025\/05\/copie-de-copie-de-liner-boi-te.png\" \/>\n\t<meta property=\"og:image:width\" content=\"1499\" \/>\n\t<meta property=\"og:image:height\" content=\"1500\" \/>\n\t<meta property=\"og:image:type\" content=\"image\/png\" \/>\n<meta name=\"twitter:card\" content=\"summary_large_image\" \/>\n<script type=\"application\/ld+json\" class=\"yoast-schema-graph\">{\"@context\":\"https:\/\/schema.org\",\"@graph\":[{\"@type\":\"WebPage\",\"@id\":\"https:\/\/arak.spicehorse.eu\/termek\/flex-on-armet-kobakbeles\/\",\"url\":\"https:\/\/arak.spicehorse.eu\/termek\/flex-on-armet-kobakbeles\/\",\"name\":\"FLEX-ON Armet vlo\u017eka do prilby - Spicehorse\",\"isPartOf\":{\"@id\":\"https:\/\/arak.spicehorse.eu\/en\/#website\"},\"datePublished\":\"2025-05-27T18:54:04+00:00\",\"dateModified\":\"2025-07-14T19:35:08+00:00\",\"description\":\"spicehorse.eu | FLEX-ON Armet vlo\u017eka do prilby je vyroben\u00e1 z\u00a0ve\u013emi jemn\u00e9ho priedu\u0161n\u00e9ho materi\u00e1lu a\u00a0je extra pohodln\u00e1!\",\"breadcrumb\":{\"@id\":\"https:\/\/arak.spicehorse.eu\/termek\/flex-on-armet-kobakbeles\/#breadcrumb\"},\"inLanguage\":\"sk-SK\",\"potentialAction\":[{\"@type\":\"ReadAction\",\"target\":[\"https:\/\/arak.spicehorse.eu\/termek\/flex-on-armet-kobakbeles\/\"]}]},{\"@type\":\"BreadcrumbList\",\"@id\":\"https:\/\/arak.spicehorse.eu\/termek\/flex-on-armet-kobakbeles\/#breadcrumb\",\"itemListElement\":[{\"@type\":\"ListItem\",\"position\":1,\"name\":\"Home\",\"item\":\"https:\/\/arak.spicehorse.eu\/sk\/\"},{\"@type\":\"ListItem\",\"position\":2,\"name\":\"Predaj\u0148a\",\"item\":\"https:\/\/arak.spicehorse.eu\/sk\/predajna\/\"},{\"@type\":\"ListItem\",\"position\":3,\"name\":\"FLEX-ON Armet vlo\u017eka do prilby\"}]},{\"@type\":\"WebSite\",\"@id\":\"https:\/\/arak.spicehorse.eu\/en\/#website\",\"url\":\"https:\/\/arak.spicehorse.eu\/en\/\",\"name\":\"Spicehorse\",\"description\":\"UNDER DEVELOPMENT -\",\"potentialAction\":[{\"@type\":\"SearchAction\",\"target\":{\"@type\":\"EntryPoint\",\"urlTemplate\":\"https:\/\/arak.spicehorse.eu\/en\/?s={search_term_string}\"},\"query-input\":\"required name=search_term_string\"}],\"inLanguage\":\"sk-SK\"}]}<\/script>\n<!-- \/ Yoast SEO plugin. -->","yoast_head_json":{"title":"FLEX-ON Armet vlo\u017eka do prilby - Spicehorse","description":"spicehorse.eu | FLEX-ON Armet vlo\u017eka do prilby je vyroben\u00e1 z\u00a0ve\u013emi jemn\u00e9ho priedu\u0161n\u00e9ho materi\u00e1lu a\u00a0je extra pohodln\u00e1!","robots":{"index":"index","follow":"follow","max-snippet":"max-snippet:-1","max-image-preview":"max-image-preview:large","max-video-preview":"max-video-preview:-1"},"canonical":"https:\/\/arak.spicehorse.eu\/termek\/flex-on-armet-kobakbeles\/","og_locale":"sk_SK","og_type":"article","og_title":"FLEX-ON Armet vlo\u017eka do prilby - Spicehorse","og_description":"spicehorse.eu | FLEX-ON Armet vlo\u017eka do prilby je vyroben\u00e1 z\u00a0ve\u013emi jemn\u00e9ho priedu\u0161n\u00e9ho materi\u00e1lu a\u00a0je extra pohodln\u00e1!","og_url":"https:\/\/arak.spicehorse.eu\/termek\/flex-on-armet-kobakbeles\/","og_site_name":"Spicehorse","article_publisher":"https:\/\/www.facebook.com\/SPICEHORSE-550385625402457\/","article_modified_time":"2025-07-14T19:35:08+00:00","og_image":[{"width":1499,"height":1500,"url":"https:\/\/arak.spicehorse.eu\/wp-content\/uploads\/2025\/05\/copie-de-copie-de-liner-boi-te.png","type":"image\/png"}],"twitter_card":"summary_large_image","schema":{"@context":"https:\/\/schema.org","@graph":[{"@type":"WebPage","@id":"https:\/\/arak.spicehorse.eu\/termek\/flex-on-armet-kobakbeles\/","url":"https:\/\/arak.spicehorse.eu\/termek\/flex-on-armet-kobakbeles\/","name":"FLEX-ON Armet vlo\u017eka do prilby - Spicehorse","isPartOf":{"@id":"https:\/\/arak.spicehorse.eu\/en\/#website"},"datePublished":"2025-05-27T18:54:04+00:00","dateModified":"2025-07-14T19:35:08+00:00","description":"spicehorse.eu | FLEX-ON Armet vlo\u017eka do prilby je vyroben\u00e1 z\u00a0ve\u013emi jemn\u00e9ho priedu\u0161n\u00e9ho materi\u00e1lu a\u00a0je extra pohodln\u00e1!","breadcrumb":{"@id":"https:\/\/arak.spicehorse.eu\/termek\/flex-on-armet-kobakbeles\/#breadcrumb"},"inLanguage":"sk-SK","potentialAction":[{"@type":"ReadAction","target":["https:\/\/arak.spicehorse.eu\/termek\/flex-on-armet-kobakbeles\/"]}]},{"@type":"BreadcrumbList","@id":"https:\/\/arak.spicehorse.eu\/termek\/flex-on-armet-kobakbeles\/#breadcrumb","itemListElement":[{"@type":"ListItem","position":1,"name":"Home","item":"https:\/\/arak.spicehorse.eu\/sk\/"},{"@type":"ListItem","position":2,"name":"Predaj\u0148a","item":"https:\/\/arak.spicehorse.eu\/sk\/predajna\/"},{"@type":"ListItem","position":3,"name":"FLEX-ON Armet vlo\u017eka do prilby"}]},{"@type":"WebSite","@id":"https:\/\/arak.spicehorse.eu\/en\/#website","url":"https:\/\/arak.spicehorse.eu\/en\/","name":"Spicehorse","description":"UNDER DEVELOPMENT -","potentialAction":[{"@type":"SearchAction","target":{"@type":"EntryPoint","urlTemplate":"https:\/\/arak.spicehorse.eu\/en\/?s={search_term_string}"},"query-input":"required name=search_term_string"}],"inLanguage":"sk-SK"}]}},"_links":{"self":[{"href":"https:\/\/arak.spicehorse.eu\/sk\/wp-json\/wp\/v2\/product\/194945"}],"collection":[{"href":"https:\/\/arak.spicehorse.eu\/sk\/wp-json\/wp\/v2\/product"}],"about":[{"href":"https:\/\/arak.spicehorse.eu\/sk\/wp-json\/wp\/v2\/types\/product"}],"wp:featuredmedia":[{"embeddable":true,"href":"https:\/\/arak.spicehorse.eu\/sk\/wp-json\/wp\/v2\/media\/194952"}],"wp:attachment":[{"href":"https:\/\/arak.spicehorse.eu\/sk\/wp-json\/wp\/v2\/media?parent=194945"}],"wp:term":[{"taxonomy":"product_cat","embeddable":true,"href":"https:\/\/arak.spicehorse.eu\/sk\/wp-json\/wp\/v2\/product_cat?post=194945"},{"taxonomy":"product_tag","embeddable":true,"href":"https:\/\/arak.spicehorse.eu\/sk\/wp-json\/wp\/v2\/product_tag?post=194945"}],"curies":[{"name":"wp","href":"https:\/\/api.w.org\/{rel}","templated":true}]}}