{"id":195084,"date":"2025-05-28T13:37:39","date_gmt":"2025-05-28T11:37:46","guid":{"rendered":"https:\/\/arak.spicehorse.eu\/?post_type=product&#038;p=195084"},"modified":"2025-07-14T21:37:27","modified_gmt":"2025-07-14T19:37:27","slug":"flex-on-armet-dark-angel-black-prilba","status":"publish","type":"product","link":"https:\/\/arak.spicehorse.eu\/sk\/produkt\/flex-on-armet-dark-angel-black-prilba\/","title":{"rendered":"FLEX-ON Armet Dark Angel Black prilba"},"content":{"rendered":"<p style=\"font-weight: 400;\">FLEX-ON Armet prilba vznikla ako v\u00fdsledok v\u00fdberu inovat\u00edvnych a\u00a0vysoko v\u00fdkonn\u00fdch materi\u00e1lov. Je \u013eahk\u00e1 a\u00a0\u0161t\u00fdlov\u00e1, s\u00a0maxim\u00e1lnymi bezpe\u010dnostn\u00fdmi po\u017eiadavkami.<\/p>\n<p style=\"font-weight: 400;\"><strong>Bezpe\u010dnos\u0165<\/strong><br \/>\n\u2013 Posilnen\u00fd vn\u00fatorn\u00fd pl\u00e1\u0161\u0165 z polykarbon\u00e1tu, ktor\u00fd zabezpe\u010duje maxim\u00e1lnu pevnos\u0165 pre ochranu hlavy.<br \/>\n\u2013 \u0160ilt je vyroben\u00fd z technick\u00e9ho materi\u00e1lu Cytel, ktor\u00fd sa v pr\u00edpade p\u00e1du deformuje bez toho, aby sa zlomil.<br \/>\n\u2013 CE 2023 bezpe\u010dnostn\u00e1 norma<\/p>\n<p style=\"font-weight: 400;\"><strong>Pohodlie<\/strong><br \/>\n\u2013 Pod\u0161\u00edvka zo sie\u0165oviny a z\u00a0tkaniny Alcantara je ve\u013emi pohodln\u00e1 pri nosen\u00ed. Disponuje syst\u00e9mom L.A.C (Liner Adjust Control), ktor\u00fd umo\u017e\u0148uje dokonal\u00e9 pri\u013enutie k\u00a0z\u00e1tylku a\u00a0zabezpe\u010duje nev\u0161edn\u00fd komfort. <a href=\"https:\/\/www.youtube.com\/watch?v=ndw9ZR4Z0xY&amp;list=PLKXsPmPS4pWTsGZ-SlpMMHRVGzCbjfkbx&amp;index=3&amp;t=12s\">Pozrite si videu o\u00a0umiestnen\u00ed vlo\u017eky!<\/a><br \/>\n\u2013 Prilba ARMET je vybaven\u00e1 \u00fa\u010dinn\u00fdm obojsmern\u00fdm ventila\u010dn\u00fdm syst\u00e9mom, s dvomi mrie\u017ekami (predn\u00e1 a zadn\u00e1) v kombin\u00e1cii so sie\u0165ou ventila\u010dn\u00fdch kan\u00e1lov.<br \/>\n\u2013 \u0160irok\u00e1 \u0161k\u00e1la ve\u013ekost\u00ed pre dokonal\u00e9 prisp\u00f4sobenie sa r\u00f4znym ve\u013ekostiam hlavy: od ve\u013ekosti 52 po ve\u013ekos\u0165 62.\u00a0<a href=\"https:\/\/www.flex-on.fr\/wp-content\/uploads\/2023\/12\/Metre-ruban_fr.pdf\">Ve\u013ekostn\u00fa tabu\u013eku n\u00e1jdete tu.<\/a><\/p>\n<p style=\"font-weight: 400;\"><strong>Design<\/strong><br \/>\n\u2013 \u0160ilt je dostupn\u00fd v\u00a02 verzi\u00e1ch: Angel visor v \u0161t\u00fdle polo a\u00a0viac klasick\u00e1 Mixed verzia.<br \/>\n\u2013 Trojbodov\u00fd remienok zv\u00fdraz\u0148uje tv\u00e1r jazdca a je k dispoz\u00edcii v dvoch farb\u00e1ch (\u010diernej a hnedej).<br \/>\n\u2013 Vyjadrite svoju osobnos\u0165 pomocou syst\u00e9mu vymenite\u013en\u00fdch magnetick\u00fdch n\u00e1lepiek.<\/p>\n<p style=\"font-weight: 400;\"><strong>Odoln\u00e1<\/strong><br \/>\n\u2013 Vonkaj\u0161ia \u010das\u0165 pl\u00e1\u0161\u0165a prilby ARMET je vyroben\u00e1 z\u00a0n\u00e1razuvzdorn\u00e9ho ABS. Je \u013eahk\u00fd a pevn\u00fd, s vlastnos\u0165ami odoln\u00fdmi vo\u010di n\u00e1razom.<\/p>\n<p style=\"font-weight: 400;\">Ako si vybra\u0165 vhodn\u00fa ve\u013ekos\u0165?<\/p>\n<ol>\n<li style=\"font-weight: 400;\">Pomocou tabu\u013eky ve\u013ekost\u00ed ur\u010dite ve\u013ekos\u0165 vlo\u017eky.<\/li>\n<li style=\"font-weight: 400;\">Zvo\u013ete si prilbu vhodnej ve\u013ekosti.<br \/>\n\u2013 ve\u013ekos\u0165 M- vhodn\u00e1 k\u00a0vlo\u017eke o\u00a0ve\u013ekosti 52-57.<br \/>\n\u2013 ve\u013ekos\u0165 L- vhodn\u00e1 k\u00a0vlo\u017eke o\u00a0ve\u013ekosti 57-62.<\/li>\n<li style=\"font-weight: 400;\">Vlo\u017ete prilbu a\u00a0k\u00a0nej vhodn\u00fa vlo\u017eku do ko\u0161\u00edka. Vlo\u017eka Flex-On je v\u00a0pr\u00edpade k\u00fapy prilby Flex-On zadarmo (maxim\u00e1lne 1 vlo\u017eka, z\u013eava sa stiahne automaticky).<\/li>\n<\/ol>\n<p style=\"font-weight: 400;\">Z\u00e1ruka 2 roky<\/p>\n<p style=\"font-weight: 400;\">EN 1384:2023, EU norma 2016\/425<\/p>\n","protected":false},"excerpt":{"rendered":"<p>FLEX-ON Armet prilba vznikla ako v\u00fdsledok v\u00fdberu inovat\u00edvnych a\u00a0vysoko v\u00fdkonn\u00fdch materi\u00e1lov. Je \u013eahk\u00e1 a\u00a0\u0161t\u00fdlov\u00e1, s\u00a0maxim\u00e1lnymi bezpe\u010dnostn\u00fdmi po\u017eiadavkami. Bezpe\u010dnos\u0165 \u2013 Posilnen\u00fd vn\u00fatorn\u00fd pl\u00e1\u0161\u0165 z polykarbon\u00e1tu, ktor\u00fd zabezpe\u010duje maxim\u00e1lnu pevnos\u0165 pre ochranu hlavy. \u2013 \u0160ilt je vyroben\u00fd z technick\u00e9ho materi\u00e1lu Cytel, ktor\u00fd sa v pr\u00edpade p\u00e1du deformuje bez toho, aby sa zlomil. \u2013 CE 2023 bezpe\u010dnostn\u00e1 norma [&hellip;]<\/p>\n","protected":false},"featured_media":195091,"template":"","meta":{"_acf_changed":false},"product_cat":[3231,76],"product_tag":[2665,3234],"acf":[],"yoast_head":"<!-- This site is optimized with the Yoast SEO plugin v21.4 - https:\/\/yoast.com\/wordpress\/plugins\/seo\/ -->\n<title>FLEX-ON Armet Dark Angel Black prilba - Spicehorse<\/title>\n<meta name=\"description\" content=\"spicehorse.eu | FLEX-ON Armet prilba vznikla ako v\u00fdsledok v\u00fdberu inovat\u00edvnych a\u00a0vysoko v\u00fdkonn\u00fdch materi\u00e1lov.\" \/>\n<meta name=\"robots\" content=\"index, follow, max-snippet:-1, max-image-preview:large, max-video-preview:-1\" \/>\n<link rel=\"canonical\" href=\"https:\/\/arak.spicehorse.eu\/termek\/flex-on-armet-dark-angel-black-kobak\/\" \/>\n<meta property=\"og:locale\" content=\"sk_SK\" \/>\n<meta property=\"og:type\" content=\"article\" \/>\n<meta property=\"og:title\" content=\"FLEX-ON Armet Dark Angel Black prilba - Spicehorse\" \/>\n<meta property=\"og:description\" content=\"spicehorse.eu | FLEX-ON Armet prilba vznikla ako v\u00fdsledok v\u00fdberu inovat\u00edvnych a\u00a0vysoko v\u00fdkonn\u00fdch materi\u00e1lov.\" \/>\n<meta property=\"og:url\" content=\"https:\/\/arak.spicehorse.eu\/termek\/flex-on-armet-dark-angel-black-kobak\/\" \/>\n<meta property=\"og:site_name\" content=\"Spicehorse\" \/>\n<meta property=\"article:publisher\" content=\"https:\/\/www.facebook.com\/SPICEHORSE-550385625402457\/\" \/>\n<meta property=\"article:modified_time\" content=\"2025-07-14T19:37:27+00:00\" \/>\n<meta property=\"og:image\" content=\"https:\/\/arak.spicehorse.eu\/wp-content\/uploads\/2025\/05\/875190.webp\" \/>\n\t<meta property=\"og:image:width\" content=\"1024\" \/>\n\t<meta property=\"og:image:height\" content=\"942\" \/>\n\t<meta property=\"og:image:type\" content=\"image\/webp\" \/>\n<meta name=\"twitter:card\" content=\"summary_large_image\" \/>\n<meta name=\"twitter:label1\" content=\"Predpokladan\u00fd \u010das \u010d\u00edtania\" \/>\n\t<meta name=\"twitter:data1\" content=\"2 min\u00faty\" \/>\n<script type=\"application\/ld+json\" class=\"yoast-schema-graph\">{\"@context\":\"https:\/\/schema.org\",\"@graph\":[{\"@type\":\"WebPage\",\"@id\":\"https:\/\/arak.spicehorse.eu\/termek\/flex-on-armet-dark-angel-black-kobak\/\",\"url\":\"https:\/\/arak.spicehorse.eu\/termek\/flex-on-armet-dark-angel-black-kobak\/\",\"name\":\"FLEX-ON Armet Dark Angel Black prilba - Spicehorse\",\"isPartOf\":{\"@id\":\"https:\/\/arak.spicehorse.eu\/en\/#website\"},\"datePublished\":\"2025-05-28T11:37:46+00:00\",\"dateModified\":\"2025-07-14T19:37:27+00:00\",\"description\":\"spicehorse.eu | FLEX-ON Armet prilba vznikla ako v\u00fdsledok v\u00fdberu inovat\u00edvnych a\u00a0vysoko v\u00fdkonn\u00fdch materi\u00e1lov.\",\"breadcrumb\":{\"@id\":\"https:\/\/arak.spicehorse.eu\/termek\/flex-on-armet-dark-angel-black-kobak\/#breadcrumb\"},\"inLanguage\":\"sk-SK\",\"potentialAction\":[{\"@type\":\"ReadAction\",\"target\":[\"https:\/\/arak.spicehorse.eu\/termek\/flex-on-armet-dark-angel-black-kobak\/\"]}]},{\"@type\":\"BreadcrumbList\",\"@id\":\"https:\/\/arak.spicehorse.eu\/termek\/flex-on-armet-dark-angel-black-kobak\/#breadcrumb\",\"itemListElement\":[{\"@type\":\"ListItem\",\"position\":1,\"name\":\"Home\",\"item\":\"https:\/\/arak.spicehorse.eu\/sk\/\"},{\"@type\":\"ListItem\",\"position\":2,\"name\":\"Predaj\u0148a\",\"item\":\"https:\/\/arak.spicehorse.eu\/sk\/predajna\/\"},{\"@type\":\"ListItem\",\"position\":3,\"name\":\"FLEX-ON Armet Dark Angel Black prilba\"}]},{\"@type\":\"WebSite\",\"@id\":\"https:\/\/arak.spicehorse.eu\/en\/#website\",\"url\":\"https:\/\/arak.spicehorse.eu\/en\/\",\"name\":\"Spicehorse\",\"description\":\"UNDER DEVELOPMENT -\",\"potentialAction\":[{\"@type\":\"SearchAction\",\"target\":{\"@type\":\"EntryPoint\",\"urlTemplate\":\"https:\/\/arak.spicehorse.eu\/en\/?s={search_term_string}\"},\"query-input\":\"required name=search_term_string\"}],\"inLanguage\":\"sk-SK\"}]}<\/script>\n<!-- \/ Yoast SEO plugin. -->","yoast_head_json":{"title":"FLEX-ON Armet Dark Angel Black prilba - Spicehorse","description":"spicehorse.eu | FLEX-ON Armet prilba vznikla ako v\u00fdsledok v\u00fdberu inovat\u00edvnych a\u00a0vysoko v\u00fdkonn\u00fdch materi\u00e1lov.","robots":{"index":"index","follow":"follow","max-snippet":"max-snippet:-1","max-image-preview":"max-image-preview:large","max-video-preview":"max-video-preview:-1"},"canonical":"https:\/\/arak.spicehorse.eu\/termek\/flex-on-armet-dark-angel-black-kobak\/","og_locale":"sk_SK","og_type":"article","og_title":"FLEX-ON Armet Dark Angel Black prilba - Spicehorse","og_description":"spicehorse.eu | FLEX-ON Armet prilba vznikla ako v\u00fdsledok v\u00fdberu inovat\u00edvnych a\u00a0vysoko v\u00fdkonn\u00fdch materi\u00e1lov.","og_url":"https:\/\/arak.spicehorse.eu\/termek\/flex-on-armet-dark-angel-black-kobak\/","og_site_name":"Spicehorse","article_publisher":"https:\/\/www.facebook.com\/SPICEHORSE-550385625402457\/","article_modified_time":"2025-07-14T19:37:27+00:00","og_image":[{"width":1024,"height":942,"url":"https:\/\/arak.spicehorse.eu\/wp-content\/uploads\/2025\/05\/875190.webp","type":"image\/webp"}],"twitter_card":"summary_large_image","twitter_misc":{"Predpokladan\u00fd \u010das \u010d\u00edtania":"2 min\u00faty"},"schema":{"@context":"https:\/\/schema.org","@graph":[{"@type":"WebPage","@id":"https:\/\/arak.spicehorse.eu\/termek\/flex-on-armet-dark-angel-black-kobak\/","url":"https:\/\/arak.spicehorse.eu\/termek\/flex-on-armet-dark-angel-black-kobak\/","name":"FLEX-ON Armet Dark Angel Black prilba - Spicehorse","isPartOf":{"@id":"https:\/\/arak.spicehorse.eu\/en\/#website"},"datePublished":"2025-05-28T11:37:46+00:00","dateModified":"2025-07-14T19:37:27+00:00","description":"spicehorse.eu | FLEX-ON Armet prilba vznikla ako v\u00fdsledok v\u00fdberu inovat\u00edvnych a\u00a0vysoko v\u00fdkonn\u00fdch materi\u00e1lov.","breadcrumb":{"@id":"https:\/\/arak.spicehorse.eu\/termek\/flex-on-armet-dark-angel-black-kobak\/#breadcrumb"},"inLanguage":"sk-SK","potentialAction":[{"@type":"ReadAction","target":["https:\/\/arak.spicehorse.eu\/termek\/flex-on-armet-dark-angel-black-kobak\/"]}]},{"@type":"BreadcrumbList","@id":"https:\/\/arak.spicehorse.eu\/termek\/flex-on-armet-dark-angel-black-kobak\/#breadcrumb","itemListElement":[{"@type":"ListItem","position":1,"name":"Home","item":"https:\/\/arak.spicehorse.eu\/sk\/"},{"@type":"ListItem","position":2,"name":"Predaj\u0148a","item":"https:\/\/arak.spicehorse.eu\/sk\/predajna\/"},{"@type":"ListItem","position":3,"name":"FLEX-ON Armet Dark Angel Black prilba"}]},{"@type":"WebSite","@id":"https:\/\/arak.spicehorse.eu\/en\/#website","url":"https:\/\/arak.spicehorse.eu\/en\/","name":"Spicehorse","description":"UNDER DEVELOPMENT -","potentialAction":[{"@type":"SearchAction","target":{"@type":"EntryPoint","urlTemplate":"https:\/\/arak.spicehorse.eu\/en\/?s={search_term_string}"},"query-input":"required name=search_term_string"}],"inLanguage":"sk-SK"}]}},"_links":{"self":[{"href":"https:\/\/arak.spicehorse.eu\/sk\/wp-json\/wp\/v2\/product\/195084"}],"collection":[{"href":"https:\/\/arak.spicehorse.eu\/sk\/wp-json\/wp\/v2\/product"}],"about":[{"href":"https:\/\/arak.spicehorse.eu\/sk\/wp-json\/wp\/v2\/types\/product"}],"wp:featuredmedia":[{"embeddable":true,"href":"https:\/\/arak.spicehorse.eu\/sk\/wp-json\/wp\/v2\/media\/195091"}],"wp:attachment":[{"href":"https:\/\/arak.spicehorse.eu\/sk\/wp-json\/wp\/v2\/media?parent=195084"}],"wp:term":[{"taxonomy":"product_cat","embeddable":true,"href":"https:\/\/arak.spicehorse.eu\/sk\/wp-json\/wp\/v2\/product_cat?post=195084"},{"taxonomy":"product_tag","embeddable":true,"href":"https:\/\/arak.spicehorse.eu\/sk\/wp-json\/wp\/v2\/product_tag?post=195084"}],"curies":[{"name":"wp","href":"https:\/\/api.w.org\/{rel}","templated":true}]}}