{"id":19534,"date":"2021-01-06T12:07:43","date_gmt":"2021-01-06T11:07:44","guid":{"rendered":"https:\/\/arak.spicehorse.eu\/?post_type=product&#038;p=19534"},"modified":"2025-11-15T16:43:03","modified_gmt":"2025-11-15T15:43:03","slug":"equestrian-stockholm-champagne-drezurna-podsedlova-decka-cob","status":"publish","type":"product","link":"https:\/\/arak.spicehorse.eu\/sk\/produkt\/equestrian-stockholm-champagne-drezurna-podsedlova-decka-cob\/","title":{"rendered":"Equestrian Stockholm Champagne drez\u00farna podsedlov\u00e1 de\u010dka COB"},"content":{"rendered":"<p>Ob\u013e\u00faben\u00e9 klasick\u00e9 Equestrian Stockholm b\u00e9\u017eov\u00e9 skokov\u00e9 podsedlov\u00e9 de\u010dky so zlat\u00fdmi detailmi.<\/p>\n<p>Anatomick\u00e9 tvarovanie, dokonale dosadn\u00fa na v\u00e1\u0161ho ko\u0148a. Vonkaj\u0161\u00ed materi\u00e1l je leskl\u00fd a\u00a0odpudzuje \u0161pinu, vn\u00fatorn\u00e1 \u010das\u0165 je z\u00a0extra r\u00fdchlo schn\u00faceho, prievzdu\u0161n\u00e9ho\u00a0 materi\u00e1lu.<\/p>\n<p>Dokonale lad\u00ed s\u00a0ostatn\u00fdmi v\u00fdrobkami kolekcie Equestrian Stockholm Champagne.<\/p>\n","protected":false},"excerpt":{"rendered":"<ul>\n<li>Farba: Champagne b\u00e9\u017eov\u00e1<\/li>\n<li>Lem: leskl\u00fd Champagne b\u00e9\u017eov\u00fd<\/li>\n<li>\u0160nurovanie: Champagne b\u00e9\u017eov\u00e9 \/ zlat\u00e9<\/li>\n<li>Kovov\u00e1 tabu\u013eka: zlat\u00e1<\/li>\n<li>Vn\u00fatorn\u00e1 \u010das\u0165: Super Quick Dry<\/li>\n<li>Vonkaj\u0161ia \u010das\u0165: leskl\u00fd materi\u00e1l odpudzuj\u00faci ne\u010distoty<\/li>\n<li>Pranie: na 30\u00b0 stup\u0148och \/ nepou\u017e\u00edvajte aviv\u00e1\u017e \/ nevkladajte do su\u0161i\u010dky \/ perte z rubovej strany v z\u00e1ujme \u00fa\u010dinnej\u0161ieho prania a ochrany kovovej tabu\u013eky \/ such\u00e9 zipsy majte zapnut\u00e9<\/li>\n<\/ul>\n","protected":false},"featured_media":196584,"template":"","meta":{"_acf_changed":false},"product_cat":[75,367],"product_tag":[623,369,217,351],"acf":[],"yoast_head":"<!-- This site is optimized with the Yoast SEO plugin v21.4 - https:\/\/yoast.com\/wordpress\/plugins\/seo\/ -->\n<title>Equestrian Stockholm Champagne drez\u00farna podsedlov\u00e1 de\u010dka COB - Spicehorse<\/title>\n<meta name=\"description\" content=\"spicehorse.eu | Ob\u013e\u00faben\u00e9 klasick\u00e9 Equestrian Stockholm b\u00e9\u017eov\u00e9 skokov\u00e9 podsedlov\u00e9 de\u010dky so zlat\u00fdmi detailmi. \u00a0\" \/>\n<meta name=\"robots\" content=\"index, follow, max-snippet:-1, max-image-preview:large, max-video-preview:-1\" \/>\n<link rel=\"canonical\" href=\"https:\/\/arak.spicehorse.eu\/sk\/produkt\/equestrian-stockholm-champagne-drezurna-podsedlova-decka-cob\/\" \/>\n<meta property=\"og:locale\" content=\"sk_SK\" \/>\n<meta property=\"og:type\" content=\"article\" \/>\n<meta property=\"og:title\" content=\"Equestrian Stockholm Champagne drez\u00farna podsedlov\u00e1 de\u010dka COB - Spicehorse\" \/>\n<meta property=\"og:description\" content=\"spicehorse.eu | Ob\u013e\u00faben\u00e9 klasick\u00e9 Equestrian Stockholm b\u00e9\u017eov\u00e9 skokov\u00e9 podsedlov\u00e9 de\u010dky so zlat\u00fdmi detailmi. \u00a0\" \/>\n<meta property=\"og:url\" content=\"https:\/\/arak.spicehorse.eu\/sk\/produkt\/equestrian-stockholm-champagne-drezurna-podsedlova-decka-cob\/\" \/>\n<meta property=\"og:site_name\" content=\"Spicehorse\" \/>\n<meta property=\"article:publisher\" content=\"https:\/\/www.facebook.com\/SPICEHORSE-550385625402457\/\" \/>\n<meta property=\"article:modified_time\" content=\"2025-11-15T15:43:03+00:00\" \/>\n<meta property=\"og:image\" content=\"https:\/\/arak.spicehorse.eu\/wp-content\/uploads\/2021\/01\/champagne-classic-saddlepad-cob-dressage-1-1-2000pxjpg.webp\" \/>\n\t<meta property=\"og:image:width\" content=\"1500\" \/>\n\t<meta property=\"og:image:height\" content=\"2000\" \/>\n\t<meta property=\"og:image:type\" content=\"image\/webp\" \/>\n<meta name=\"twitter:card\" content=\"summary_large_image\" \/>\n<script type=\"application\/ld+json\" class=\"yoast-schema-graph\">{\"@context\":\"https:\/\/schema.org\",\"@graph\":[{\"@type\":\"WebPage\",\"@id\":\"https:\/\/arak.spicehorse.eu\/sk\/produkt\/equestrian-stockholm-champagne-drezurna-podsedlova-decka-cob\/\",\"url\":\"https:\/\/arak.spicehorse.eu\/sk\/produkt\/equestrian-stockholm-champagne-drezurna-podsedlova-decka-cob\/\",\"name\":\"Equestrian Stockholm Champagne drez\u00farna podsedlov\u00e1 de\u010dka COB - Spicehorse\",\"isPartOf\":{\"@id\":\"https:\/\/arak.spicehorse.eu\/en\/#website\"},\"datePublished\":\"2021-01-06T11:07:44+00:00\",\"dateModified\":\"2025-11-15T15:43:03+00:00\",\"description\":\"spicehorse.eu | Ob\u013e\u00faben\u00e9 klasick\u00e9 Equestrian Stockholm b\u00e9\u017eov\u00e9 skokov\u00e9 podsedlov\u00e9 de\u010dky so zlat\u00fdmi detailmi. \u00a0\",\"breadcrumb\":{\"@id\":\"https:\/\/arak.spicehorse.eu\/sk\/produkt\/equestrian-stockholm-champagne-drezurna-podsedlova-decka-cob\/#breadcrumb\"},\"inLanguage\":\"sk-SK\",\"potentialAction\":[{\"@type\":\"ReadAction\",\"target\":[\"https:\/\/arak.spicehorse.eu\/sk\/produkt\/equestrian-stockholm-champagne-drezurna-podsedlova-decka-cob\/\"]}]},{\"@type\":\"BreadcrumbList\",\"@id\":\"https:\/\/arak.spicehorse.eu\/sk\/produkt\/equestrian-stockholm-champagne-drezurna-podsedlova-decka-cob\/#breadcrumb\",\"itemListElement\":[{\"@type\":\"ListItem\",\"position\":1,\"name\":\"Home\",\"item\":\"https:\/\/arak.spicehorse.eu\/sk\/\"},{\"@type\":\"ListItem\",\"position\":2,\"name\":\"Predaj\u0148a\",\"item\":\"https:\/\/arak.spicehorse.eu\/sk\/predajna\/\"},{\"@type\":\"ListItem\",\"position\":3,\"name\":\"Equestrian Stockholm Champagne drez\u00farna podsedlov\u00e1 de\u010dka COB\"}]},{\"@type\":\"WebSite\",\"@id\":\"https:\/\/arak.spicehorse.eu\/en\/#website\",\"url\":\"https:\/\/arak.spicehorse.eu\/en\/\",\"name\":\"Spicehorse\",\"description\":\"UNDER DEVELOPMENT -\",\"potentialAction\":[{\"@type\":\"SearchAction\",\"target\":{\"@type\":\"EntryPoint\",\"urlTemplate\":\"https:\/\/arak.spicehorse.eu\/en\/?s={search_term_string}\"},\"query-input\":\"required name=search_term_string\"}],\"inLanguage\":\"sk-SK\"}]}<\/script>\n<!-- \/ Yoast SEO plugin. -->","yoast_head_json":{"title":"Equestrian Stockholm Champagne drez\u00farna podsedlov\u00e1 de\u010dka COB - Spicehorse","description":"spicehorse.eu | Ob\u013e\u00faben\u00e9 klasick\u00e9 Equestrian Stockholm b\u00e9\u017eov\u00e9 skokov\u00e9 podsedlov\u00e9 de\u010dky so zlat\u00fdmi detailmi. \u00a0","robots":{"index":"index","follow":"follow","max-snippet":"max-snippet:-1","max-image-preview":"max-image-preview:large","max-video-preview":"max-video-preview:-1"},"canonical":"https:\/\/arak.spicehorse.eu\/sk\/produkt\/equestrian-stockholm-champagne-drezurna-podsedlova-decka-cob\/","og_locale":"sk_SK","og_type":"article","og_title":"Equestrian Stockholm Champagne drez\u00farna podsedlov\u00e1 de\u010dka COB - Spicehorse","og_description":"spicehorse.eu | Ob\u013e\u00faben\u00e9 klasick\u00e9 Equestrian Stockholm b\u00e9\u017eov\u00e9 skokov\u00e9 podsedlov\u00e9 de\u010dky so zlat\u00fdmi detailmi. \u00a0","og_url":"https:\/\/arak.spicehorse.eu\/sk\/produkt\/equestrian-stockholm-champagne-drezurna-podsedlova-decka-cob\/","og_site_name":"Spicehorse","article_publisher":"https:\/\/www.facebook.com\/SPICEHORSE-550385625402457\/","article_modified_time":"2025-11-15T15:43:03+00:00","og_image":[{"width":1500,"height":2000,"url":"https:\/\/arak.spicehorse.eu\/wp-content\/uploads\/2021\/01\/champagne-classic-saddlepad-cob-dressage-1-1-2000pxjpg.webp","type":"image\/webp"}],"twitter_card":"summary_large_image","schema":{"@context":"https:\/\/schema.org","@graph":[{"@type":"WebPage","@id":"https:\/\/arak.spicehorse.eu\/sk\/produkt\/equestrian-stockholm-champagne-drezurna-podsedlova-decka-cob\/","url":"https:\/\/arak.spicehorse.eu\/sk\/produkt\/equestrian-stockholm-champagne-drezurna-podsedlova-decka-cob\/","name":"Equestrian Stockholm Champagne drez\u00farna podsedlov\u00e1 de\u010dka COB - Spicehorse","isPartOf":{"@id":"https:\/\/arak.spicehorse.eu\/en\/#website"},"datePublished":"2021-01-06T11:07:44+00:00","dateModified":"2025-11-15T15:43:03+00:00","description":"spicehorse.eu | Ob\u013e\u00faben\u00e9 klasick\u00e9 Equestrian Stockholm b\u00e9\u017eov\u00e9 skokov\u00e9 podsedlov\u00e9 de\u010dky so zlat\u00fdmi detailmi. \u00a0","breadcrumb":{"@id":"https:\/\/arak.spicehorse.eu\/sk\/produkt\/equestrian-stockholm-champagne-drezurna-podsedlova-decka-cob\/#breadcrumb"},"inLanguage":"sk-SK","potentialAction":[{"@type":"ReadAction","target":["https:\/\/arak.spicehorse.eu\/sk\/produkt\/equestrian-stockholm-champagne-drezurna-podsedlova-decka-cob\/"]}]},{"@type":"BreadcrumbList","@id":"https:\/\/arak.spicehorse.eu\/sk\/produkt\/equestrian-stockholm-champagne-drezurna-podsedlova-decka-cob\/#breadcrumb","itemListElement":[{"@type":"ListItem","position":1,"name":"Home","item":"https:\/\/arak.spicehorse.eu\/sk\/"},{"@type":"ListItem","position":2,"name":"Predaj\u0148a","item":"https:\/\/arak.spicehorse.eu\/sk\/predajna\/"},{"@type":"ListItem","position":3,"name":"Equestrian Stockholm Champagne drez\u00farna podsedlov\u00e1 de\u010dka COB"}]},{"@type":"WebSite","@id":"https:\/\/arak.spicehorse.eu\/en\/#website","url":"https:\/\/arak.spicehorse.eu\/en\/","name":"Spicehorse","description":"UNDER DEVELOPMENT -","potentialAction":[{"@type":"SearchAction","target":{"@type":"EntryPoint","urlTemplate":"https:\/\/arak.spicehorse.eu\/en\/?s={search_term_string}"},"query-input":"required name=search_term_string"}],"inLanguage":"sk-SK"}]}},"_links":{"self":[{"href":"https:\/\/arak.spicehorse.eu\/sk\/wp-json\/wp\/v2\/product\/19534"}],"collection":[{"href":"https:\/\/arak.spicehorse.eu\/sk\/wp-json\/wp\/v2\/product"}],"about":[{"href":"https:\/\/arak.spicehorse.eu\/sk\/wp-json\/wp\/v2\/types\/product"}],"wp:featuredmedia":[{"embeddable":true,"href":"https:\/\/arak.spicehorse.eu\/sk\/wp-json\/wp\/v2\/media\/196584"}],"wp:attachment":[{"href":"https:\/\/arak.spicehorse.eu\/sk\/wp-json\/wp\/v2\/media?parent=19534"}],"wp:term":[{"taxonomy":"product_cat","embeddable":true,"href":"https:\/\/arak.spicehorse.eu\/sk\/wp-json\/wp\/v2\/product_cat?post=19534"},{"taxonomy":"product_tag","embeddable":true,"href":"https:\/\/arak.spicehorse.eu\/sk\/wp-json\/wp\/v2\/product_tag?post=19534"}],"curies":[{"name":"wp","href":"https:\/\/api.w.org\/{rel}","templated":true}]}}