{"id":196782,"date":"2025-06-10T17:17:50","date_gmt":"2025-06-10T15:17:53","guid":{"rendered":"https:\/\/arak.spicehorse.eu\/?post_type=product&#038;p=196782"},"modified":"2025-06-10T17:44:38","modified_gmt":"2025-06-10T15:44:38","slug":"trust-pelham-remen-kratky","status":"publish","type":"product","link":"https:\/\/arak.spicehorse.eu\/sk\/produkt\/trust-pelham-remen-kratky\/","title":{"rendered":"TRUST pelham reme\u0148 kr\u00e1tky"},"content":{"rendered":"<p>TRUST Equestrian pelham reme\u0148 z ko\u017ee vysokej kvality s nylonovou \u0161n\u00farou.<\/p>\n","protected":false},"excerpt":{"rendered":"<p>TRUST Equestrian pelham reme\u0148 z ko\u017ee vysokej kvality s nylonovou \u0161n\u00farou.<\/p>\n","protected":false},"featured_media":196797,"template":"","meta":{"_acf_changed":false},"product_cat":[75,674],"product_tag":[692],"acf":[],"yoast_head":"<!-- This site is optimized with the Yoast SEO plugin v21.4 - https:\/\/yoast.com\/wordpress\/plugins\/seo\/ -->\n<title>TRUST pelham reme\u0148 kr\u00e1tky - Spicehorse<\/title>\n<meta name=\"description\" content=\"spicehorse.eu | TRUST Equestrian pelham reme\u0148 z ko\u017ee vysokej kvality s nylonovou \u0161n\u00farou.\" \/>\n<meta name=\"robots\" content=\"index, follow, max-snippet:-1, max-image-preview:large, max-video-preview:-1\" \/>\n<link rel=\"canonical\" href=\"https:\/\/arak.spicehorse.eu\/termek\/trust-pelham-szij-rovid\/\" \/>\n<meta property=\"og:locale\" content=\"sk_SK\" \/>\n<meta property=\"og:type\" content=\"article\" \/>\n<meta property=\"og:title\" content=\"TRUST pelham reme\u0148 kr\u00e1tky - Spicehorse\" \/>\n<meta property=\"og:description\" content=\"spicehorse.eu | TRUST Equestrian pelham reme\u0148 z ko\u017ee vysokej kvality s nylonovou \u0161n\u00farou.\" \/>\n<meta property=\"og:url\" content=\"https:\/\/arak.spicehorse.eu\/termek\/trust-pelham-szij-rovid\/\" \/>\n<meta property=\"og:site_name\" content=\"Spicehorse\" \/>\n<meta property=\"article:publisher\" content=\"https:\/\/www.facebook.com\/SPICEHORSE-550385625402457\/\" \/>\n<meta property=\"article:modified_time\" content=\"2025-06-10T15:44:38+00:00\" \/>\n<meta property=\"og:image\" content=\"https:\/\/arak.spicehorse.eu\/wp-content\/uploads\/2025\/06\/pelham-strap-short.jpg\" \/>\n\t<meta property=\"og:image:width\" content=\"800\" \/>\n\t<meta property=\"og:image:height\" content=\"800\" \/>\n\t<meta property=\"og:image:type\" content=\"image\/jpeg\" \/>\n<meta name=\"twitter:card\" content=\"summary_large_image\" \/>\n<script type=\"application\/ld+json\" class=\"yoast-schema-graph\">{\"@context\":\"https:\/\/schema.org\",\"@graph\":[{\"@type\":\"WebPage\",\"@id\":\"https:\/\/arak.spicehorse.eu\/termek\/trust-pelham-szij-rovid\/\",\"url\":\"https:\/\/arak.spicehorse.eu\/termek\/trust-pelham-szij-rovid\/\",\"name\":\"TRUST pelham reme\u0148 kr\u00e1tky - Spicehorse\",\"isPartOf\":{\"@id\":\"https:\/\/arak.spicehorse.eu\/en\/#website\"},\"datePublished\":\"2025-06-10T15:17:53+00:00\",\"dateModified\":\"2025-06-10T15:44:38+00:00\",\"description\":\"spicehorse.eu | TRUST Equestrian pelham reme\u0148 z ko\u017ee vysokej kvality s nylonovou \u0161n\u00farou.\",\"breadcrumb\":{\"@id\":\"https:\/\/arak.spicehorse.eu\/termek\/trust-pelham-szij-rovid\/#breadcrumb\"},\"inLanguage\":\"sk-SK\",\"potentialAction\":[{\"@type\":\"ReadAction\",\"target\":[\"https:\/\/arak.spicehorse.eu\/termek\/trust-pelham-szij-rovid\/\"]}]},{\"@type\":\"BreadcrumbList\",\"@id\":\"https:\/\/arak.spicehorse.eu\/termek\/trust-pelham-szij-rovid\/#breadcrumb\",\"itemListElement\":[{\"@type\":\"ListItem\",\"position\":1,\"name\":\"Home\",\"item\":\"https:\/\/arak.spicehorse.eu\/sk\/\"},{\"@type\":\"ListItem\",\"position\":2,\"name\":\"Predaj\u0148a\",\"item\":\"https:\/\/arak.spicehorse.eu\/sk\/predajna\/\"},{\"@type\":\"ListItem\",\"position\":3,\"name\":\"TRUST pelham reme\u0148 kr\u00e1tky\"}]},{\"@type\":\"WebSite\",\"@id\":\"https:\/\/arak.spicehorse.eu\/en\/#website\",\"url\":\"https:\/\/arak.spicehorse.eu\/en\/\",\"name\":\"Spicehorse\",\"description\":\"UNDER DEVELOPMENT -\",\"potentialAction\":[{\"@type\":\"SearchAction\",\"target\":{\"@type\":\"EntryPoint\",\"urlTemplate\":\"https:\/\/arak.spicehorse.eu\/en\/?s={search_term_string}\"},\"query-input\":\"required name=search_term_string\"}],\"inLanguage\":\"sk-SK\"}]}<\/script>\n<!-- \/ Yoast SEO plugin. -->","yoast_head_json":{"title":"TRUST pelham reme\u0148 kr\u00e1tky - Spicehorse","description":"spicehorse.eu | TRUST Equestrian pelham reme\u0148 z ko\u017ee vysokej kvality s nylonovou \u0161n\u00farou.","robots":{"index":"index","follow":"follow","max-snippet":"max-snippet:-1","max-image-preview":"max-image-preview:large","max-video-preview":"max-video-preview:-1"},"canonical":"https:\/\/arak.spicehorse.eu\/termek\/trust-pelham-szij-rovid\/","og_locale":"sk_SK","og_type":"article","og_title":"TRUST pelham reme\u0148 kr\u00e1tky - Spicehorse","og_description":"spicehorse.eu | TRUST Equestrian pelham reme\u0148 z ko\u017ee vysokej kvality s nylonovou \u0161n\u00farou.","og_url":"https:\/\/arak.spicehorse.eu\/termek\/trust-pelham-szij-rovid\/","og_site_name":"Spicehorse","article_publisher":"https:\/\/www.facebook.com\/SPICEHORSE-550385625402457\/","article_modified_time":"2025-06-10T15:44:38+00:00","og_image":[{"width":800,"height":800,"url":"https:\/\/arak.spicehorse.eu\/wp-content\/uploads\/2025\/06\/pelham-strap-short.jpg","type":"image\/jpeg"}],"twitter_card":"summary_large_image","schema":{"@context":"https:\/\/schema.org","@graph":[{"@type":"WebPage","@id":"https:\/\/arak.spicehorse.eu\/termek\/trust-pelham-szij-rovid\/","url":"https:\/\/arak.spicehorse.eu\/termek\/trust-pelham-szij-rovid\/","name":"TRUST pelham reme\u0148 kr\u00e1tky - Spicehorse","isPartOf":{"@id":"https:\/\/arak.spicehorse.eu\/en\/#website"},"datePublished":"2025-06-10T15:17:53+00:00","dateModified":"2025-06-10T15:44:38+00:00","description":"spicehorse.eu | TRUST Equestrian pelham reme\u0148 z ko\u017ee vysokej kvality s nylonovou \u0161n\u00farou.","breadcrumb":{"@id":"https:\/\/arak.spicehorse.eu\/termek\/trust-pelham-szij-rovid\/#breadcrumb"},"inLanguage":"sk-SK","potentialAction":[{"@type":"ReadAction","target":["https:\/\/arak.spicehorse.eu\/termek\/trust-pelham-szij-rovid\/"]}]},{"@type":"BreadcrumbList","@id":"https:\/\/arak.spicehorse.eu\/termek\/trust-pelham-szij-rovid\/#breadcrumb","itemListElement":[{"@type":"ListItem","position":1,"name":"Home","item":"https:\/\/arak.spicehorse.eu\/sk\/"},{"@type":"ListItem","position":2,"name":"Predaj\u0148a","item":"https:\/\/arak.spicehorse.eu\/sk\/predajna\/"},{"@type":"ListItem","position":3,"name":"TRUST pelham reme\u0148 kr\u00e1tky"}]},{"@type":"WebSite","@id":"https:\/\/arak.spicehorse.eu\/en\/#website","url":"https:\/\/arak.spicehorse.eu\/en\/","name":"Spicehorse","description":"UNDER DEVELOPMENT -","potentialAction":[{"@type":"SearchAction","target":{"@type":"EntryPoint","urlTemplate":"https:\/\/arak.spicehorse.eu\/en\/?s={search_term_string}"},"query-input":"required name=search_term_string"}],"inLanguage":"sk-SK"}]}},"_links":{"self":[{"href":"https:\/\/arak.spicehorse.eu\/sk\/wp-json\/wp\/v2\/product\/196782"}],"collection":[{"href":"https:\/\/arak.spicehorse.eu\/sk\/wp-json\/wp\/v2\/product"}],"about":[{"href":"https:\/\/arak.spicehorse.eu\/sk\/wp-json\/wp\/v2\/types\/product"}],"wp:featuredmedia":[{"embeddable":true,"href":"https:\/\/arak.spicehorse.eu\/sk\/wp-json\/wp\/v2\/media\/196797"}],"wp:attachment":[{"href":"https:\/\/arak.spicehorse.eu\/sk\/wp-json\/wp\/v2\/media?parent=196782"}],"wp:term":[{"taxonomy":"product_cat","embeddable":true,"href":"https:\/\/arak.spicehorse.eu\/sk\/wp-json\/wp\/v2\/product_cat?post=196782"},{"taxonomy":"product_tag","embeddable":true,"href":"https:\/\/arak.spicehorse.eu\/sk\/wp-json\/wp\/v2\/product_tag?post=196782"}],"curies":[{"name":"wp","href":"https:\/\/api.w.org\/{rel}","templated":true}]}}