{"id":198770,"date":"2025-07-25T22:28:33","date_gmt":"2025-07-25T20:28:46","guid":{"rendered":"https:\/\/arak.spicehorse.eu\/?post_type=product&#038;p=198770"},"modified":"2025-08-03T11:25:47","modified_gmt":"2025-08-03T09:25:47","slug":"winderen-classic-kozene-strmenove-remene","status":"publish","type":"product","link":"https:\/\/arak.spicehorse.eu\/sk\/produkt\/winderen-classic-kozene-strmenove-remene\/","title":{"rendered":"Winderen Classic ko\u017een\u00e9 strme\u0148ov\u00e9 remene"},"content":{"rendered":"<div>\n<p><span lang=\"SK\">Strme\u0148ov\u00e9 remene Winderen s\u00fa dokonal\u00fdm doplnkom k\u00a0ikonick\u00fdm strme\u0148om. Ich hlavnou v\u00fdhodou je ich mimoriadna jemnos\u0165 a\u00a0\u0161t\u00edhly dizajn, ktor\u00fd neprek\u00e1\u017ea pri prec\u00edznej pr\u00e1ci n\u00f4h. S\u00fa vyroben\u00e9 zo starostlivo vyberanej ko\u017ee vynikaj\u00facej kvality \u2013 z\u00a0tej istej pr\u00e9miovej ko\u017ee ako popruhy Winderen, v\u010faka \u010domu s\u00fa skuto\u010dne odoln\u00e9. Pri vhodnom o\u0161etrovan\u00ed m\u00f4\u017eete tieto strme\u0148ov\u00e9 remene pou\u017e\u00edva\u0165 dlh\u00e9 roky. \u00a0<\/span><\/p>\n<\/div>\n<div>\n<p><span lang=\"SK\">Vn\u00fatro je vystu\u017een\u00e9 nylonovou p\u00e1skou pre v\u00e4\u010d\u0161iu bezpe\u010dnos\u0165, trv\u00e1cnos\u0165 a odolnos\u0165 proti roztiahnutiu. K dispoz\u00edcii v r\u00f4znych prevedeniach, ve\u013ekostiach a dvoch farb\u00e1ch: \u010dierna a hned\u00e1.<\/span><\/p>\n<\/div>\n<div>\n<p><span lang=\"SK\">Univerz\u00e1lny model, ktor\u00fd je vhodn\u00fd ku v\u0161etk\u00fdm anglick\u00fdm sedl\u00e1m (v\u0161eobecn\u00e9, skokov\u00e9 , drez\u00farne). Rovnomerne rozmiestnen\u00e9, o\u010d\u00edslovan\u00e9 otvory umo\u017e\u0148uj\u00fa presn\u00e9 nastavenie d\u013a\u017eky na oboch stran\u00e1ch sedla. Vybaven\u00e9 s\u00fa ergonomickou sponou, nie s\u00fa ru\u0161iv\u00e9 pri jazden\u00ed.<\/span><\/p>\n<\/div>\n<div>\n<p><span lang=\"SK\">Ve\u013ekosti: 125 \/ 130 \/ 135 \/ 140 \/ 145 \/ 150 \/ 155<\/span><\/p>\n<\/div>\n<div>\n<p><span lang=\"SK\">Farby: \u010dierna \/ hned\u00e1<\/span><\/p>\n<\/div>\n","protected":false},"excerpt":{"rendered":"<ul style=\"font-weight: 400;\">\n<li>Pr\u00edrodn\u00e1 ko\u017ea vynikaj\u00facej kvality<\/li>\n<li>Tenk\u00fd profil strme\u0148ov\u00fdch reme\u0148ov zabezpe\u010duje mimoriadne pohodlie pri jazden\u00ed<\/li>\n<li>Odoln\u00e9 vo\u010di roztiahnutiu<\/li>\n<\/ul>\n","protected":false},"featured_media":198782,"template":"","meta":{"_acf_changed":false},"product_cat":[75,1577],"product_tag":[1596,1591],"acf":[],"yoast_head":"<!-- This site is optimized with the Yoast SEO plugin v21.4 - https:\/\/yoast.com\/wordpress\/plugins\/seo\/ -->\n<title>Winderen Classic ko\u017een\u00e9 strme\u0148ov\u00e9 remene - Spicehorse<\/title>\n<meta name=\"description\" content=\"spicehorse.eu | Strme\u0148ov\u00e9 remene Winderen s\u00fa dokonal\u00fdm doplnkom k\u00a0ikonick\u00fdm strme\u0148om.\" \/>\n<meta name=\"robots\" content=\"index, follow, max-snippet:-1, max-image-preview:large, max-video-preview:-1\" \/>\n<link rel=\"canonical\" href=\"https:\/\/arak.spicehorse.eu\/termek\/winderen-bor-kengyelszij\/\" \/>\n<meta property=\"og:locale\" content=\"sk_SK\" \/>\n<meta property=\"og:type\" content=\"article\" \/>\n<meta property=\"og:title\" content=\"Winderen Classic ko\u017een\u00e9 strme\u0148ov\u00e9 remene - Spicehorse\" \/>\n<meta property=\"og:description\" content=\"spicehorse.eu | Strme\u0148ov\u00e9 remene Winderen s\u00fa dokonal\u00fdm doplnkom k\u00a0ikonick\u00fdm strme\u0148om.\" \/>\n<meta property=\"og:url\" content=\"https:\/\/arak.spicehorse.eu\/termek\/winderen-bor-kengyelszij\/\" \/>\n<meta property=\"og:site_name\" content=\"Spicehorse\" \/>\n<meta property=\"article:publisher\" content=\"https:\/\/www.facebook.com\/SPICEHORSE-550385625402457\/\" \/>\n<meta property=\"article:modified_time\" content=\"2025-08-03T09:25:47+00:00\" \/>\n<meta property=\"og:image\" content=\"https:\/\/arak.spicehorse.eu\/wp-content\/uploads\/2025\/07\/winderen-stirrp-leather-classic.jpg\" \/>\n\t<meta property=\"og:image:width\" content=\"900\" \/>\n\t<meta property=\"og:image:height\" content=\"900\" \/>\n\t<meta property=\"og:image:type\" content=\"image\/jpeg\" \/>\n<meta name=\"twitter:card\" content=\"summary_large_image\" \/>\n<meta name=\"twitter:label1\" content=\"Predpokladan\u00fd \u010das \u010d\u00edtania\" \/>\n\t<meta name=\"twitter:data1\" content=\"1 min\u00fata\" \/>\n<script type=\"application\/ld+json\" class=\"yoast-schema-graph\">{\"@context\":\"https:\/\/schema.org\",\"@graph\":[{\"@type\":\"WebPage\",\"@id\":\"https:\/\/arak.spicehorse.eu\/termek\/winderen-bor-kengyelszij\/\",\"url\":\"https:\/\/arak.spicehorse.eu\/termek\/winderen-bor-kengyelszij\/\",\"name\":\"Winderen Classic ko\u017een\u00e9 strme\u0148ov\u00e9 remene - Spicehorse\",\"isPartOf\":{\"@id\":\"https:\/\/arak.spicehorse.eu\/en\/#website\"},\"datePublished\":\"2025-07-25T20:28:46+00:00\",\"dateModified\":\"2025-08-03T09:25:47+00:00\",\"description\":\"spicehorse.eu | Strme\u0148ov\u00e9 remene Winderen s\u00fa dokonal\u00fdm doplnkom k\u00a0ikonick\u00fdm strme\u0148om.\",\"breadcrumb\":{\"@id\":\"https:\/\/arak.spicehorse.eu\/termek\/winderen-bor-kengyelszij\/#breadcrumb\"},\"inLanguage\":\"sk-SK\",\"potentialAction\":[{\"@type\":\"ReadAction\",\"target\":[\"https:\/\/arak.spicehorse.eu\/termek\/winderen-bor-kengyelszij\/\"]}]},{\"@type\":\"BreadcrumbList\",\"@id\":\"https:\/\/arak.spicehorse.eu\/termek\/winderen-bor-kengyelszij\/#breadcrumb\",\"itemListElement\":[{\"@type\":\"ListItem\",\"position\":1,\"name\":\"Home\",\"item\":\"https:\/\/arak.spicehorse.eu\/sk\/\"},{\"@type\":\"ListItem\",\"position\":2,\"name\":\"Predaj\u0148a\",\"item\":\"https:\/\/arak.spicehorse.eu\/sk\/predajna\/\"},{\"@type\":\"ListItem\",\"position\":3,\"name\":\"Winderen Classic ko\u017een\u00e9 strme\u0148ov\u00e9 remene\"}]},{\"@type\":\"WebSite\",\"@id\":\"https:\/\/arak.spicehorse.eu\/en\/#website\",\"url\":\"https:\/\/arak.spicehorse.eu\/en\/\",\"name\":\"Spicehorse\",\"description\":\"UNDER DEVELOPMENT -\",\"potentialAction\":[{\"@type\":\"SearchAction\",\"target\":{\"@type\":\"EntryPoint\",\"urlTemplate\":\"https:\/\/arak.spicehorse.eu\/en\/?s={search_term_string}\"},\"query-input\":\"required name=search_term_string\"}],\"inLanguage\":\"sk-SK\"}]}<\/script>\n<!-- \/ Yoast SEO plugin. -->","yoast_head_json":{"title":"Winderen Classic ko\u017een\u00e9 strme\u0148ov\u00e9 remene - Spicehorse","description":"spicehorse.eu | Strme\u0148ov\u00e9 remene Winderen s\u00fa dokonal\u00fdm doplnkom k\u00a0ikonick\u00fdm strme\u0148om.","robots":{"index":"index","follow":"follow","max-snippet":"max-snippet:-1","max-image-preview":"max-image-preview:large","max-video-preview":"max-video-preview:-1"},"canonical":"https:\/\/arak.spicehorse.eu\/termek\/winderen-bor-kengyelszij\/","og_locale":"sk_SK","og_type":"article","og_title":"Winderen Classic ko\u017een\u00e9 strme\u0148ov\u00e9 remene - Spicehorse","og_description":"spicehorse.eu | Strme\u0148ov\u00e9 remene Winderen s\u00fa dokonal\u00fdm doplnkom k\u00a0ikonick\u00fdm strme\u0148om.","og_url":"https:\/\/arak.spicehorse.eu\/termek\/winderen-bor-kengyelszij\/","og_site_name":"Spicehorse","article_publisher":"https:\/\/www.facebook.com\/SPICEHORSE-550385625402457\/","article_modified_time":"2025-08-03T09:25:47+00:00","og_image":[{"width":900,"height":900,"url":"https:\/\/arak.spicehorse.eu\/wp-content\/uploads\/2025\/07\/winderen-stirrp-leather-classic.jpg","type":"image\/jpeg"}],"twitter_card":"summary_large_image","twitter_misc":{"Predpokladan\u00fd \u010das \u010d\u00edtania":"1 min\u00fata"},"schema":{"@context":"https:\/\/schema.org","@graph":[{"@type":"WebPage","@id":"https:\/\/arak.spicehorse.eu\/termek\/winderen-bor-kengyelszij\/","url":"https:\/\/arak.spicehorse.eu\/termek\/winderen-bor-kengyelszij\/","name":"Winderen Classic ko\u017een\u00e9 strme\u0148ov\u00e9 remene - Spicehorse","isPartOf":{"@id":"https:\/\/arak.spicehorse.eu\/en\/#website"},"datePublished":"2025-07-25T20:28:46+00:00","dateModified":"2025-08-03T09:25:47+00:00","description":"spicehorse.eu | Strme\u0148ov\u00e9 remene Winderen s\u00fa dokonal\u00fdm doplnkom k\u00a0ikonick\u00fdm strme\u0148om.","breadcrumb":{"@id":"https:\/\/arak.spicehorse.eu\/termek\/winderen-bor-kengyelszij\/#breadcrumb"},"inLanguage":"sk-SK","potentialAction":[{"@type":"ReadAction","target":["https:\/\/arak.spicehorse.eu\/termek\/winderen-bor-kengyelszij\/"]}]},{"@type":"BreadcrumbList","@id":"https:\/\/arak.spicehorse.eu\/termek\/winderen-bor-kengyelszij\/#breadcrumb","itemListElement":[{"@type":"ListItem","position":1,"name":"Home","item":"https:\/\/arak.spicehorse.eu\/sk\/"},{"@type":"ListItem","position":2,"name":"Predaj\u0148a","item":"https:\/\/arak.spicehorse.eu\/sk\/predajna\/"},{"@type":"ListItem","position":3,"name":"Winderen Classic ko\u017een\u00e9 strme\u0148ov\u00e9 remene"}]},{"@type":"WebSite","@id":"https:\/\/arak.spicehorse.eu\/en\/#website","url":"https:\/\/arak.spicehorse.eu\/en\/","name":"Spicehorse","description":"UNDER DEVELOPMENT -","potentialAction":[{"@type":"SearchAction","target":{"@type":"EntryPoint","urlTemplate":"https:\/\/arak.spicehorse.eu\/en\/?s={search_term_string}"},"query-input":"required name=search_term_string"}],"inLanguage":"sk-SK"}]}},"_links":{"self":[{"href":"https:\/\/arak.spicehorse.eu\/sk\/wp-json\/wp\/v2\/product\/198770"}],"collection":[{"href":"https:\/\/arak.spicehorse.eu\/sk\/wp-json\/wp\/v2\/product"}],"about":[{"href":"https:\/\/arak.spicehorse.eu\/sk\/wp-json\/wp\/v2\/types\/product"}],"wp:featuredmedia":[{"embeddable":true,"href":"https:\/\/arak.spicehorse.eu\/sk\/wp-json\/wp\/v2\/media\/198782"}],"wp:attachment":[{"href":"https:\/\/arak.spicehorse.eu\/sk\/wp-json\/wp\/v2\/media?parent=198770"}],"wp:term":[{"taxonomy":"product_cat","embeddable":true,"href":"https:\/\/arak.spicehorse.eu\/sk\/wp-json\/wp\/v2\/product_cat?post=198770"},{"taxonomy":"product_tag","embeddable":true,"href":"https:\/\/arak.spicehorse.eu\/sk\/wp-json\/wp\/v2\/product_tag?post=198770"}],"curies":[{"name":"wp","href":"https:\/\/api.w.org\/{rel}","templated":true}]}}