{"id":198999,"date":"2025-07-26T10:23:00","date_gmt":"2025-07-26T08:23:06","guid":{"rendered":"https:\/\/arak.spicehorse.eu\/?post_type=product&#038;p=198999"},"modified":"2025-08-03T11:27:42","modified_gmt":"2025-08-03T09:27:42","slug":"kentucky-skin-friendly-maska-proti-mucham","status":"publish","type":"product","link":"https:\/\/arak.spicehorse.eu\/sk\/produkt\/kentucky-skin-friendly-maska-proti-mucham\/","title":{"rendered":"Kentucky Skin Friendly maska proti much\u00e1m"},"content":{"rendered":"<p style=\"font-weight: 400;\">Kentucky Skin Friendly maska proti much\u00e1m bola navrhnut\u00e1 tak, aby chr\u00e1nila o\u010di a\u00a0u\u0161i ko\u0148a pred nepr\u00edjemn\u00fdm hmyzom bez toho, aby zakr\u00fdvala nos ko\u0148a. Syntetick\u00fd baran\u010dek v\u00a0oblasti nosa a\u00a0\u010dela nielen zvy\u0161uje pohodlie kon\u00ed s\u00a0citlivou poko\u017ekou, ale z\u00e1rove\u0148 zabezpe\u010duje aj maxim\u00e1lnu ochranu proti hmyzu bez toho, aby bola maska pre ko\u0148a ru\u0161iv\u00e1.<\/p>\n<p style=\"font-weight: 400;\">Inovat\u00edvne tvarovanie Kentucky Skin Friendly masky proti much\u00e1m je najlep\u0161ou vo\u013ebou pre chovn\u00e9 kobyly a kone, ktor\u00e9 s\u00fa 24 hod\u00edn denne vonku. Vhodn\u00e9 na pou\u017eitie v ter\u00e9ne, odoln\u00e9 a trv\u00e1cne.<\/p>\n<p style=\"font-weight: 400;\">T\u00e1to maska je vyroben\u00e1 z pevn\u00e9ho, ultra priedu\u0161n\u00e9ho sie\u0165ovan\u00e9ho materi\u00e1lu, ktor\u00fd zaru\u010duje dlhodob\u00e9 pou\u017e\u00edvanie. Okraje masky Skin Friendly s\u00fa ve\u013emi m\u00e4kk\u00e9, aby sa zabr\u00e1nilo treniu, a ko\u017eu\u0161ina okolo citliv\u00fdch oblast\u00ed poskytuje dodato\u010dn\u00fa ochranu. Pre pohodln\u00e9 uchytenie sa maska uzatv\u00e1ra pod bradou ko\u0148a pomocou dvoch such\u00fdch zipsov.<\/p>\n<p style=\"font-weight: 400;\">Dostupn\u00e1 v\u00a0dvoch ve\u013ekostiach: Full a Cob.<\/p>\n<p style=\"font-weight: 400;\">Mo\u017eno pra\u0165 v pr\u00e1\u010dke na 30 stup\u0148och. Odpor\u00fa\u010dame v\u0161ak masku pra\u0165 \u010do mo\u017eno najmenej, pri pran\u00ed pou\u017e\u00edvajte vreck\u00e1 na pranie pre zachovanie dlhej \u017eivotnosti. Pre su\u0161enie masku jednoducho vo\u013ene zaveste von za slne\u010dn\u00e9ho po\u010dasia. Neopor\u00fa\u010da sa pou\u017e\u00edvanie su\u0161i\u010dky.<\/p>\n","protected":false},"excerpt":{"rendered":"<h3>Kentucky Skin Friendly maska proti much\u00e1m chr\u00e1ni o\u010di a u\u0161i ko\u0148a pred muchami a in\u00fdm hmyzom bez toho, aby bol zakryt\u00fd nos ko\u0148a. V\u010faka syntetickej srsti okolo nosa a \u010dela je vhodn\u00e1 aj kone s citlivou poko\u017ekou.<\/h3>\n<ul style=\"font-weight: 400;\">\n<li>Syntetick\u00e1 ko\u017ea na nose a okolo \u010dela<\/li>\n<li>Zap\u00ednanie dvojit\u00fdmi such\u00fdmi zipsami<\/li>\n<li>Pevn\u00e9 a priedu\u0161n\u00e9 materi\u00e1ly<\/li>\n<li>Udr\u017euj\u00fa si svoj tvar<\/li>\n<\/ul>\n","protected":false},"featured_media":199006,"template":"","meta":{"_acf_changed":false},"product_cat":[3298,75,108],"product_tag":[265,184,499],"acf":[],"yoast_head":"<!-- This site is optimized with the Yoast SEO plugin v21.4 - https:\/\/yoast.com\/wordpress\/plugins\/seo\/ -->\n<title>Kentucky Skin Friendly maska proti much\u00e1m - Spicehorse<\/title>\n<meta name=\"description\" content=\"spicehorse.eu | Kentucky Skin Friendly maska proti much\u00e1m bola navrhnut\u00e1 tak, aby chr\u00e1nila o\u010di a\u00a0u\u0161i ko\u0148a pred nepr\u00edjemn\u00fdm hmyzom bez toho, aby zakr\u00fdvala nos ko\u0148a.\" \/>\n<meta name=\"robots\" content=\"index, follow, max-snippet:-1, max-image-preview:large, max-video-preview:-1\" \/>\n<link rel=\"canonical\" href=\"https:\/\/arak.spicehorse.eu\/termek\/kentucky-skin-friendly-legymaszk\/\" \/>\n<meta property=\"og:locale\" content=\"sk_SK\" \/>\n<meta property=\"og:type\" content=\"article\" \/>\n<meta property=\"og:title\" content=\"Kentucky Skin Friendly maska proti much\u00e1m - Spicehorse\" \/>\n<meta property=\"og:description\" content=\"spicehorse.eu | Kentucky Skin Friendly maska proti much\u00e1m bola navrhnut\u00e1 tak, aby chr\u00e1nila o\u010di a\u00a0u\u0161i ko\u0148a pred nepr\u00edjemn\u00fdm hmyzom bez toho, aby zakr\u00fdvala nos ko\u0148a.\" \/>\n<meta property=\"og:url\" content=\"https:\/\/arak.spicehorse.eu\/termek\/kentucky-skin-friendly-legymaszk\/\" \/>\n<meta property=\"og:site_name\" content=\"Spicehorse\" \/>\n<meta property=\"article:publisher\" content=\"https:\/\/www.facebook.com\/SPICEHORSE-550385625402457\/\" \/>\n<meta property=\"article:modified_time\" content=\"2025-08-03T09:27:42+00:00\" \/>\n<meta property=\"og:image\" content=\"https:\/\/arak.spicehorse.eu\/wp-content\/uploads\/2025\/07\/bw4a6224-bearbeitet-scaled.jpg\" \/>\n\t<meta property=\"og:image:width\" content=\"1707\" \/>\n\t<meta property=\"og:image:height\" content=\"2560\" \/>\n\t<meta property=\"og:image:type\" content=\"image\/jpeg\" \/>\n<meta name=\"twitter:card\" content=\"summary_large_image\" \/>\n<meta name=\"twitter:label1\" content=\"Predpokladan\u00fd \u010das \u010d\u00edtania\" \/>\n\t<meta name=\"twitter:data1\" content=\"1 min\u00fata\" \/>\n<script type=\"application\/ld+json\" class=\"yoast-schema-graph\">{\"@context\":\"https:\/\/schema.org\",\"@graph\":[{\"@type\":\"WebPage\",\"@id\":\"https:\/\/arak.spicehorse.eu\/termek\/kentucky-skin-friendly-legymaszk\/\",\"url\":\"https:\/\/arak.spicehorse.eu\/termek\/kentucky-skin-friendly-legymaszk\/\",\"name\":\"Kentucky Skin Friendly maska proti much\u00e1m - Spicehorse\",\"isPartOf\":{\"@id\":\"https:\/\/arak.spicehorse.eu\/en\/#website\"},\"datePublished\":\"2025-07-26T08:23:06+00:00\",\"dateModified\":\"2025-08-03T09:27:42+00:00\",\"description\":\"spicehorse.eu | Kentucky Skin Friendly maska proti much\u00e1m bola navrhnut\u00e1 tak, aby chr\u00e1nila o\u010di a\u00a0u\u0161i ko\u0148a pred nepr\u00edjemn\u00fdm hmyzom bez toho, aby zakr\u00fdvala nos ko\u0148a.\",\"breadcrumb\":{\"@id\":\"https:\/\/arak.spicehorse.eu\/termek\/kentucky-skin-friendly-legymaszk\/#breadcrumb\"},\"inLanguage\":\"sk-SK\",\"potentialAction\":[{\"@type\":\"ReadAction\",\"target\":[\"https:\/\/arak.spicehorse.eu\/termek\/kentucky-skin-friendly-legymaszk\/\"]}]},{\"@type\":\"BreadcrumbList\",\"@id\":\"https:\/\/arak.spicehorse.eu\/termek\/kentucky-skin-friendly-legymaszk\/#breadcrumb\",\"itemListElement\":[{\"@type\":\"ListItem\",\"position\":1,\"name\":\"Home\",\"item\":\"https:\/\/arak.spicehorse.eu\/sk\/\"},{\"@type\":\"ListItem\",\"position\":2,\"name\":\"Predaj\u0148a\",\"item\":\"https:\/\/arak.spicehorse.eu\/sk\/predajna\/\"},{\"@type\":\"ListItem\",\"position\":3,\"name\":\"Kentucky Skin Friendly maska proti much\u00e1m\"}]},{\"@type\":\"WebSite\",\"@id\":\"https:\/\/arak.spicehorse.eu\/en\/#website\",\"url\":\"https:\/\/arak.spicehorse.eu\/en\/\",\"name\":\"Spicehorse\",\"description\":\"UNDER DEVELOPMENT -\",\"potentialAction\":[{\"@type\":\"SearchAction\",\"target\":{\"@type\":\"EntryPoint\",\"urlTemplate\":\"https:\/\/arak.spicehorse.eu\/en\/?s={search_term_string}\"},\"query-input\":\"required name=search_term_string\"}],\"inLanguage\":\"sk-SK\"}]}<\/script>\n<!-- \/ Yoast SEO plugin. -->","yoast_head_json":{"title":"Kentucky Skin Friendly maska proti much\u00e1m - Spicehorse","description":"spicehorse.eu | Kentucky Skin Friendly maska proti much\u00e1m bola navrhnut\u00e1 tak, aby chr\u00e1nila o\u010di a\u00a0u\u0161i ko\u0148a pred nepr\u00edjemn\u00fdm hmyzom bez toho, aby zakr\u00fdvala nos ko\u0148a.","robots":{"index":"index","follow":"follow","max-snippet":"max-snippet:-1","max-image-preview":"max-image-preview:large","max-video-preview":"max-video-preview:-1"},"canonical":"https:\/\/arak.spicehorse.eu\/termek\/kentucky-skin-friendly-legymaszk\/","og_locale":"sk_SK","og_type":"article","og_title":"Kentucky Skin Friendly maska proti much\u00e1m - Spicehorse","og_description":"spicehorse.eu | Kentucky Skin Friendly maska proti much\u00e1m bola navrhnut\u00e1 tak, aby chr\u00e1nila o\u010di a\u00a0u\u0161i ko\u0148a pred nepr\u00edjemn\u00fdm hmyzom bez toho, aby zakr\u00fdvala nos ko\u0148a.","og_url":"https:\/\/arak.spicehorse.eu\/termek\/kentucky-skin-friendly-legymaszk\/","og_site_name":"Spicehorse","article_publisher":"https:\/\/www.facebook.com\/SPICEHORSE-550385625402457\/","article_modified_time":"2025-08-03T09:27:42+00:00","og_image":[{"width":1707,"height":2560,"url":"https:\/\/arak.spicehorse.eu\/wp-content\/uploads\/2025\/07\/bw4a6224-bearbeitet-scaled.jpg","type":"image\/jpeg"}],"twitter_card":"summary_large_image","twitter_misc":{"Predpokladan\u00fd \u010das \u010d\u00edtania":"1 min\u00fata"},"schema":{"@context":"https:\/\/schema.org","@graph":[{"@type":"WebPage","@id":"https:\/\/arak.spicehorse.eu\/termek\/kentucky-skin-friendly-legymaszk\/","url":"https:\/\/arak.spicehorse.eu\/termek\/kentucky-skin-friendly-legymaszk\/","name":"Kentucky Skin Friendly maska proti much\u00e1m - Spicehorse","isPartOf":{"@id":"https:\/\/arak.spicehorse.eu\/en\/#website"},"datePublished":"2025-07-26T08:23:06+00:00","dateModified":"2025-08-03T09:27:42+00:00","description":"spicehorse.eu | Kentucky Skin Friendly maska proti much\u00e1m bola navrhnut\u00e1 tak, aby chr\u00e1nila o\u010di a\u00a0u\u0161i ko\u0148a pred nepr\u00edjemn\u00fdm hmyzom bez toho, aby zakr\u00fdvala nos ko\u0148a.","breadcrumb":{"@id":"https:\/\/arak.spicehorse.eu\/termek\/kentucky-skin-friendly-legymaszk\/#breadcrumb"},"inLanguage":"sk-SK","potentialAction":[{"@type":"ReadAction","target":["https:\/\/arak.spicehorse.eu\/termek\/kentucky-skin-friendly-legymaszk\/"]}]},{"@type":"BreadcrumbList","@id":"https:\/\/arak.spicehorse.eu\/termek\/kentucky-skin-friendly-legymaszk\/#breadcrumb","itemListElement":[{"@type":"ListItem","position":1,"name":"Home","item":"https:\/\/arak.spicehorse.eu\/sk\/"},{"@type":"ListItem","position":2,"name":"Predaj\u0148a","item":"https:\/\/arak.spicehorse.eu\/sk\/predajna\/"},{"@type":"ListItem","position":3,"name":"Kentucky Skin Friendly maska proti much\u00e1m"}]},{"@type":"WebSite","@id":"https:\/\/arak.spicehorse.eu\/en\/#website","url":"https:\/\/arak.spicehorse.eu\/en\/","name":"Spicehorse","description":"UNDER DEVELOPMENT -","potentialAction":[{"@type":"SearchAction","target":{"@type":"EntryPoint","urlTemplate":"https:\/\/arak.spicehorse.eu\/en\/?s={search_term_string}"},"query-input":"required name=search_term_string"}],"inLanguage":"sk-SK"}]}},"_links":{"self":[{"href":"https:\/\/arak.spicehorse.eu\/sk\/wp-json\/wp\/v2\/product\/198999"}],"collection":[{"href":"https:\/\/arak.spicehorse.eu\/sk\/wp-json\/wp\/v2\/product"}],"about":[{"href":"https:\/\/arak.spicehorse.eu\/sk\/wp-json\/wp\/v2\/types\/product"}],"wp:featuredmedia":[{"embeddable":true,"href":"https:\/\/arak.spicehorse.eu\/sk\/wp-json\/wp\/v2\/media\/199006"}],"wp:attachment":[{"href":"https:\/\/arak.spicehorse.eu\/sk\/wp-json\/wp\/v2\/media?parent=198999"}],"wp:term":[{"taxonomy":"product_cat","embeddable":true,"href":"https:\/\/arak.spicehorse.eu\/sk\/wp-json\/wp\/v2\/product_cat?post=198999"},{"taxonomy":"product_tag","embeddable":true,"href":"https:\/\/arak.spicehorse.eu\/sk\/wp-json\/wp\/v2\/product_tag?post=198999"}],"curies":[{"name":"wp","href":"https:\/\/api.w.org\/{rel}","templated":true}]}}