{"id":199059,"date":"2025-07-26T11:30:29","date_gmt":"2025-07-26T09:30:36","guid":{"rendered":"https:\/\/arak.spicehorse.eu\/?post_type=product&#038;p=199059"},"modified":"2025-08-03T11:28:28","modified_gmt":"2025-08-03T09:28:28","slug":"kentucky-classic-maska-proti-mucham-s-ozdobami","status":"publish","type":"product","link":"https:\/\/arak.spicehorse.eu\/sk\/produkt\/kentucky-classic-maska-proti-mucham-s-ozdobami\/","title":{"rendered":"Kentucky Classic maska proti much\u00e1m s ozdobami"},"content":{"rendered":"<p style=\"font-weight: 400;\">Kentucky Horsewear Classic maska proti much\u00e1m s\u00a0u\u0161ami chr\u00e1ni o\u010di a\u00a0u\u0161i ko\u0148a pred muchami a\u00a0in\u00fdm hmyzom. Strapce umo\u017e\u0148uj\u00fa, aby bol chr\u00e1nen\u00fd nos ko\u0148a bez toho, aby bol \u00faplne zakryt\u00fd. Poskytuje maxim\u00e1lnu ochranu proti hmyzu, pri\u010dom maska nie je pre kone ru\u0161iv\u00e1.<\/p>\n<p style=\"font-weight: 400;\">T\u00e1to maska proti much\u00e1m je dokonal\u00e1 pre tie kone, ktor\u00e9 s\u00fa ve\u013emi citliv\u00e9 na hmyz. Masku mo\u017eno pou\u017ei\u0165 aj v\u00a0ter\u00e9ne a\u00a0je ve\u013emi odoln\u00e1 aj pri pou\u017e\u00edvan\u00ed. Maska proti much\u00e1m sa zap\u00edna dvojit\u00fdm such\u00fdm zipsom pod bradou ko\u0148a. Masky proti much\u00e1m \u00a0Classic s\u00fa dokonal\u00fdm rie\u0161en\u00edm pre tak\u00e9 kone, ktor\u00e9 s\u00fa vonku 24 hod\u00edn denne. Dokonale sa udr\u017e\u00ed na svojom mieste po cel\u00fd de\u0148, pri\u010dom je na 100% pohodln\u00e1 pre kone.<\/p>\n<p style=\"font-weight: 400;\">Maska proti much\u00e1m je vyroben\u00e1 z pevn\u00e9ho, napriek tomu mimoriadne priedu\u0161n\u00e9ho sie\u0165ovan\u00e9ho materi\u00e1lu. U\u0161i masky proti much\u00e1m s\u00fa vyroben\u00e9 z\u00a0pevnej a\u00a0\u00fa\u010dinnej sie\u0165ky. Okraje masky s\u00fa ve\u013emi jemn\u00e9, aby nedr\u00e1\u017edili ko\u0148a.<\/p>\n<p style=\"font-weight: 400;\">Maska proti much\u00e1m m\u00e1 anatomick\u00e9 tvarovanie a\u00a0such\u00e9 zipsy pre dokonal\u00e9 dosadanie. Dostupn\u00e1 vo ve\u013ekostiach Full a Cob.<\/p>\n<p style=\"font-weight: 400;\">Mo\u017eno pra\u0165 v\u00a0pr\u00e1\u010dke na 30\u00b0C. Neodpor\u00fa\u010da sa pou\u017e\u00edvanie su\u0161i\u010dky.<\/p>\n","protected":false},"excerpt":{"rendered":"<h3>Kentucky klasick\u00e1 maska proti much\u00e1m s ozdobami chr\u00e1ni o\u010di, u\u0161i a nos ko\u0148a pred muchami a in\u00fdm hmyzom.<\/h3>\n<ul style=\"font-weight: 400;\">\n<li>Strapce na nose<\/li>\n<li>Chr\u00e1no o\u010di, u\u0161i a nos<\/li>\n<li>Pevn\u00e1 a priedu\u0161n\u00e1<\/li>\n<li>Maska si udr\u017euje p\u00f4vodn\u00fd tvar<\/li>\n<\/ul>\n","protected":false},"featured_media":199066,"template":"","meta":{"_acf_changed":false},"product_cat":[3298,75,108],"product_tag":[265,184,499],"acf":[],"yoast_head":"<!-- This site is optimized with the Yoast SEO plugin v21.4 - https:\/\/yoast.com\/wordpress\/plugins\/seo\/ -->\n<title>Kentucky Classic maska proti much\u00e1m s ozdobami - Spicehorse<\/title>\n<meta name=\"description\" content=\"spicehorse.eu | Kentucky Horsewear Classic maska proti much\u00e1m s\u00a0u\u0161ami chr\u00e1ni o\u010di a\u00a0u\u0161i ko\u0148a pred muchami a\u00a0in\u00fdm hmyzom.\" \/>\n<meta name=\"robots\" content=\"index, follow, max-snippet:-1, max-image-preview:large, max-video-preview:-1\" \/>\n<link rel=\"canonical\" href=\"https:\/\/arak.spicehorse.eu\/termek\/kentucky-classic-sallangos-legymaszk\/\" \/>\n<meta property=\"og:locale\" content=\"sk_SK\" \/>\n<meta property=\"og:type\" content=\"article\" \/>\n<meta property=\"og:title\" content=\"Kentucky Classic maska proti much\u00e1m s ozdobami - Spicehorse\" \/>\n<meta property=\"og:description\" content=\"spicehorse.eu | Kentucky Horsewear Classic maska proti much\u00e1m s\u00a0u\u0161ami chr\u00e1ni o\u010di a\u00a0u\u0161i ko\u0148a pred muchami a\u00a0in\u00fdm hmyzom.\" \/>\n<meta property=\"og:url\" content=\"https:\/\/arak.spicehorse.eu\/termek\/kentucky-classic-sallangos-legymaszk\/\" \/>\n<meta property=\"og:site_name\" content=\"Spicehorse\" \/>\n<meta property=\"article:publisher\" content=\"https:\/\/www.facebook.com\/SPICEHORSE-550385625402457\/\" \/>\n<meta property=\"article:modified_time\" content=\"2025-08-03T09:28:28+00:00\" \/>\n<meta property=\"og:image\" content=\"https:\/\/arak.spicehorse.eu\/wp-content\/uploads\/2025\/07\/179a7965.jpg\" \/>\n\t<meta property=\"og:image:width\" content=\"1850\" \/>\n\t<meta property=\"og:image:height\" content=\"1850\" \/>\n\t<meta property=\"og:image:type\" content=\"image\/jpeg\" \/>\n<meta name=\"twitter:card\" content=\"summary_large_image\" \/>\n<meta name=\"twitter:label1\" content=\"Predpokladan\u00fd \u010das \u010d\u00edtania\" \/>\n\t<meta name=\"twitter:data1\" content=\"1 min\u00fata\" \/>\n<script type=\"application\/ld+json\" class=\"yoast-schema-graph\">{\"@context\":\"https:\/\/schema.org\",\"@graph\":[{\"@type\":\"WebPage\",\"@id\":\"https:\/\/arak.spicehorse.eu\/termek\/kentucky-classic-sallangos-legymaszk\/\",\"url\":\"https:\/\/arak.spicehorse.eu\/termek\/kentucky-classic-sallangos-legymaszk\/\",\"name\":\"Kentucky Classic maska proti much\u00e1m s ozdobami - Spicehorse\",\"isPartOf\":{\"@id\":\"https:\/\/arak.spicehorse.eu\/en\/#website\"},\"datePublished\":\"2025-07-26T09:30:36+00:00\",\"dateModified\":\"2025-08-03T09:28:28+00:00\",\"description\":\"spicehorse.eu | Kentucky Horsewear Classic maska proti much\u00e1m s\u00a0u\u0161ami chr\u00e1ni o\u010di a\u00a0u\u0161i ko\u0148a pred muchami a\u00a0in\u00fdm hmyzom.\",\"breadcrumb\":{\"@id\":\"https:\/\/arak.spicehorse.eu\/termek\/kentucky-classic-sallangos-legymaszk\/#breadcrumb\"},\"inLanguage\":\"sk-SK\",\"potentialAction\":[{\"@type\":\"ReadAction\",\"target\":[\"https:\/\/arak.spicehorse.eu\/termek\/kentucky-classic-sallangos-legymaszk\/\"]}]},{\"@type\":\"BreadcrumbList\",\"@id\":\"https:\/\/arak.spicehorse.eu\/termek\/kentucky-classic-sallangos-legymaszk\/#breadcrumb\",\"itemListElement\":[{\"@type\":\"ListItem\",\"position\":1,\"name\":\"Home\",\"item\":\"https:\/\/arak.spicehorse.eu\/sk\/\"},{\"@type\":\"ListItem\",\"position\":2,\"name\":\"Predaj\u0148a\",\"item\":\"https:\/\/arak.spicehorse.eu\/sk\/predajna\/\"},{\"@type\":\"ListItem\",\"position\":3,\"name\":\"Kentucky Classic maska proti much\u00e1m s ozdobami\"}]},{\"@type\":\"WebSite\",\"@id\":\"https:\/\/arak.spicehorse.eu\/en\/#website\",\"url\":\"https:\/\/arak.spicehorse.eu\/en\/\",\"name\":\"Spicehorse\",\"description\":\"UNDER DEVELOPMENT -\",\"potentialAction\":[{\"@type\":\"SearchAction\",\"target\":{\"@type\":\"EntryPoint\",\"urlTemplate\":\"https:\/\/arak.spicehorse.eu\/en\/?s={search_term_string}\"},\"query-input\":\"required name=search_term_string\"}],\"inLanguage\":\"sk-SK\"}]}<\/script>\n<!-- \/ Yoast SEO plugin. -->","yoast_head_json":{"title":"Kentucky Classic maska proti much\u00e1m s ozdobami - Spicehorse","description":"spicehorse.eu | Kentucky Horsewear Classic maska proti much\u00e1m s\u00a0u\u0161ami chr\u00e1ni o\u010di a\u00a0u\u0161i ko\u0148a pred muchami a\u00a0in\u00fdm hmyzom.","robots":{"index":"index","follow":"follow","max-snippet":"max-snippet:-1","max-image-preview":"max-image-preview:large","max-video-preview":"max-video-preview:-1"},"canonical":"https:\/\/arak.spicehorse.eu\/termek\/kentucky-classic-sallangos-legymaszk\/","og_locale":"sk_SK","og_type":"article","og_title":"Kentucky Classic maska proti much\u00e1m s ozdobami - Spicehorse","og_description":"spicehorse.eu | Kentucky Horsewear Classic maska proti much\u00e1m s\u00a0u\u0161ami chr\u00e1ni o\u010di a\u00a0u\u0161i ko\u0148a pred muchami a\u00a0in\u00fdm hmyzom.","og_url":"https:\/\/arak.spicehorse.eu\/termek\/kentucky-classic-sallangos-legymaszk\/","og_site_name":"Spicehorse","article_publisher":"https:\/\/www.facebook.com\/SPICEHORSE-550385625402457\/","article_modified_time":"2025-08-03T09:28:28+00:00","og_image":[{"width":1850,"height":1850,"url":"https:\/\/arak.spicehorse.eu\/wp-content\/uploads\/2025\/07\/179a7965.jpg","type":"image\/jpeg"}],"twitter_card":"summary_large_image","twitter_misc":{"Predpokladan\u00fd \u010das \u010d\u00edtania":"1 min\u00fata"},"schema":{"@context":"https:\/\/schema.org","@graph":[{"@type":"WebPage","@id":"https:\/\/arak.spicehorse.eu\/termek\/kentucky-classic-sallangos-legymaszk\/","url":"https:\/\/arak.spicehorse.eu\/termek\/kentucky-classic-sallangos-legymaszk\/","name":"Kentucky Classic maska proti much\u00e1m s ozdobami - Spicehorse","isPartOf":{"@id":"https:\/\/arak.spicehorse.eu\/en\/#website"},"datePublished":"2025-07-26T09:30:36+00:00","dateModified":"2025-08-03T09:28:28+00:00","description":"spicehorse.eu | Kentucky Horsewear Classic maska proti much\u00e1m s\u00a0u\u0161ami chr\u00e1ni o\u010di a\u00a0u\u0161i ko\u0148a pred muchami a\u00a0in\u00fdm hmyzom.","breadcrumb":{"@id":"https:\/\/arak.spicehorse.eu\/termek\/kentucky-classic-sallangos-legymaszk\/#breadcrumb"},"inLanguage":"sk-SK","potentialAction":[{"@type":"ReadAction","target":["https:\/\/arak.spicehorse.eu\/termek\/kentucky-classic-sallangos-legymaszk\/"]}]},{"@type":"BreadcrumbList","@id":"https:\/\/arak.spicehorse.eu\/termek\/kentucky-classic-sallangos-legymaszk\/#breadcrumb","itemListElement":[{"@type":"ListItem","position":1,"name":"Home","item":"https:\/\/arak.spicehorse.eu\/sk\/"},{"@type":"ListItem","position":2,"name":"Predaj\u0148a","item":"https:\/\/arak.spicehorse.eu\/sk\/predajna\/"},{"@type":"ListItem","position":3,"name":"Kentucky Classic maska proti much\u00e1m s ozdobami"}]},{"@type":"WebSite","@id":"https:\/\/arak.spicehorse.eu\/en\/#website","url":"https:\/\/arak.spicehorse.eu\/en\/","name":"Spicehorse","description":"UNDER DEVELOPMENT -","potentialAction":[{"@type":"SearchAction","target":{"@type":"EntryPoint","urlTemplate":"https:\/\/arak.spicehorse.eu\/en\/?s={search_term_string}"},"query-input":"required name=search_term_string"}],"inLanguage":"sk-SK"}]}},"_links":{"self":[{"href":"https:\/\/arak.spicehorse.eu\/sk\/wp-json\/wp\/v2\/product\/199059"}],"collection":[{"href":"https:\/\/arak.spicehorse.eu\/sk\/wp-json\/wp\/v2\/product"}],"about":[{"href":"https:\/\/arak.spicehorse.eu\/sk\/wp-json\/wp\/v2\/types\/product"}],"wp:featuredmedia":[{"embeddable":true,"href":"https:\/\/arak.spicehorse.eu\/sk\/wp-json\/wp\/v2\/media\/199066"}],"wp:attachment":[{"href":"https:\/\/arak.spicehorse.eu\/sk\/wp-json\/wp\/v2\/media?parent=199059"}],"wp:term":[{"taxonomy":"product_cat","embeddable":true,"href":"https:\/\/arak.spicehorse.eu\/sk\/wp-json\/wp\/v2\/product_cat?post=199059"},{"taxonomy":"product_tag","embeddable":true,"href":"https:\/\/arak.spicehorse.eu\/sk\/wp-json\/wp\/v2\/product_tag?post=199059"}],"curies":[{"name":"wp","href":"https:\/\/api.w.org\/{rel}","templated":true}]}}