{"id":199114,"date":"2025-07-26T12:29:04","date_gmt":"2025-07-26T10:29:09","guid":{"rendered":"https:\/\/arak.spicehorse.eu\/?post_type=product&#038;p=199114"},"modified":"2025-08-03T11:29:12","modified_gmt":"2025-08-03T09:29:12","slug":"kentucky-classic-maska-proti-mucham-s-tlmicom","status":"publish","type":"product","link":"https:\/\/arak.spicehorse.eu\/sk\/produkt\/kentucky-classic-maska-proti-mucham-s-tlmicom\/","title":{"rendered":"Kentucky Classic maska proti much\u00e1m s tlmi\u010dom"},"content":{"rendered":"<p style=\"font-weight: 400;\">Kentucky Horsewear Classic maska proti much\u00e1m s\u00a0tlmi\u010dom chr\u00e1ni o\u010di a\u00a0u\u0161i ko\u0148a pred muchami a\u00a0in\u00fdm hmyzom. U\u0161i s\u00a0tlmi\u010dom zni\u017euj\u00fa hluk a\u00a0umo\u017e\u0148uj\u00fa aj citliv\u00fdm ko\u0148om, aby sa lep\u0161ie uvo\u013enili. Poskytuje maxim\u00e1lnu ochranu pred hmyzom, pri\u010dom nie je pre kone ru\u0161iv\u00e1. Masku proti much\u00e1m mo\u017eno pou\u017e\u00edva\u0165 v\u00a0ter\u00e9ne, je ve\u013emi odoln\u00e1 a\u00a0trv\u00e1cna. Zap\u00edna sa pod bradou ko\u0148a dvojit\u00fdm such\u00fdm zipsom. Kentucky maska proti much\u00e1m pon\u00faka dokonal\u00e9 rie\u0161enie pre chovn\u00e9 kobyly a\u00a0tak\u00e9 kone, ktor\u00e9 tr\u00e1via 24 hod\u00edn vonku. Dokonale sa udr\u017e\u00ed na svojom mieste po cel\u00fd de\u0148, pri\u010dom je na 100% pohodln\u00e1 pre kone.<\/p>\n<p style=\"font-weight: 400;\">Maska proti much\u00e1m je vyroben\u00e1 z pevn\u00e9ho, napriek tomu mimoriadne priedu\u0161n\u00e9ho sie\u0165ovan\u00e9ho materi\u00e1lu. U\u0161i masky s\u00fa vyroben\u00e9 z\u00a0pevn\u00e9ho a\u00a0hrub\u00e9ho Soundless materi\u00e1lu. Okraje masky s\u00fa jemn\u00e9, aby nedr\u00e1\u017edili ko\u0148a.<\/p>\n<p style=\"font-weight: 400;\">Maska proti much\u00e1m m\u00e1 anatomick\u00e9 tvarovanie a\u00a0such\u00e9 zipsy pre dokonal\u00e9 dosadanie.<\/p>\n<p style=\"font-weight: 400;\">Dostupn\u00e1 vo ve\u013ekostiach Full a Cob.<\/p>\n<p style=\"font-weight: 400;\">Mo\u017eno pra\u0165 v\u00a0pr\u00e1\u010dke na 30\u00b0C. Neodpor\u00fa\u010da sa pou\u017e\u00edvanie su\u0161i\u010dky.<\/p>\n","protected":false},"excerpt":{"rendered":"<h3>Kentucky Classic maska proti much\u00e1m s tlmi\u010dom chr\u00e1ni o\u010di a u\u0161i ko\u0148a pred hmyzom, zabra\u0148uje nepr\u00edjemn\u00fdm \u00fa\u010dinkom ru\u0161iv\u00fdch zvukov.<\/h3>\n<ul style=\"font-weight: 400;\">\n<li>U\u0161i pre elimin\u00e1ciu hluku<\/li>\n<li>Chr\u00e1ni o\u010di a u\u0161i<\/li>\n<li>Pevn\u00e1 a priedu\u0161n\u00e1<\/li>\n<li>Maska si uchov\u00e1va svoj p\u00f4vodn\u00fd tvar<\/li>\n<\/ul>\n","protected":false},"featured_media":199134,"template":"","meta":{"_acf_changed":false},"product_cat":[3298,75,108],"product_tag":[265,184,499],"acf":[],"yoast_head":"<!-- This site is optimized with the Yoast SEO plugin v21.4 - https:\/\/yoast.com\/wordpress\/plugins\/seo\/ -->\n<title>Kentucky Classic maska proti much\u00e1m s tlmi\u010dom - Spicehorse<\/title>\n<meta name=\"description\" content=\"spicehorse.eu | Kentucky Horsewear Classic maska proti much\u00e1m s\u00a0tlmi\u010dom chr\u00e1ni o\u010di a\u00a0u\u0161i ko\u0148a pred muchami a\u00a0in\u00fdm hmyzom.\" \/>\n<meta name=\"robots\" content=\"index, follow, max-snippet:-1, max-image-preview:large, max-video-preview:-1\" \/>\n<link rel=\"canonical\" href=\"https:\/\/arak.spicehorse.eu\/termek\/kentucky-classic-hangtompitos-legymaszk\/\" \/>\n<meta property=\"og:locale\" content=\"sk_SK\" \/>\n<meta property=\"og:type\" content=\"article\" \/>\n<meta property=\"og:title\" content=\"Kentucky Classic maska proti much\u00e1m s tlmi\u010dom - Spicehorse\" \/>\n<meta property=\"og:description\" content=\"spicehorse.eu | Kentucky Horsewear Classic maska proti much\u00e1m s\u00a0tlmi\u010dom chr\u00e1ni o\u010di a\u00a0u\u0161i ko\u0148a pred muchami a\u00a0in\u00fdm hmyzom.\" \/>\n<meta property=\"og:url\" content=\"https:\/\/arak.spicehorse.eu\/termek\/kentucky-classic-hangtompitos-legymaszk\/\" \/>\n<meta property=\"og:site_name\" content=\"Spicehorse\" \/>\n<meta property=\"article:publisher\" content=\"https:\/\/www.facebook.com\/SPICEHORSE-550385625402457\/\" \/>\n<meta property=\"article:modified_time\" content=\"2025-08-03T09:29:12+00:00\" \/>\n<meta property=\"og:image\" content=\"https:\/\/arak.spicehorse.eu\/wp-content\/uploads\/2025\/07\/fly-mask-with-ears-soundless-scaled.jpg\" \/>\n\t<meta property=\"og:image:width\" content=\"2560\" \/>\n\t<meta property=\"og:image:height\" content=\"2560\" \/>\n\t<meta property=\"og:image:type\" content=\"image\/jpeg\" \/>\n<meta name=\"twitter:card\" content=\"summary_large_image\" \/>\n<meta name=\"twitter:label1\" content=\"Predpokladan\u00fd \u010das \u010d\u00edtania\" \/>\n\t<meta name=\"twitter:data1\" content=\"1 min\u00fata\" \/>\n<script type=\"application\/ld+json\" class=\"yoast-schema-graph\">{\"@context\":\"https:\/\/schema.org\",\"@graph\":[{\"@type\":\"WebPage\",\"@id\":\"https:\/\/arak.spicehorse.eu\/termek\/kentucky-classic-hangtompitos-legymaszk\/\",\"url\":\"https:\/\/arak.spicehorse.eu\/termek\/kentucky-classic-hangtompitos-legymaszk\/\",\"name\":\"Kentucky Classic maska proti much\u00e1m s tlmi\u010dom - Spicehorse\",\"isPartOf\":{\"@id\":\"https:\/\/arak.spicehorse.eu\/en\/#website\"},\"datePublished\":\"2025-07-26T10:29:09+00:00\",\"dateModified\":\"2025-08-03T09:29:12+00:00\",\"description\":\"spicehorse.eu | Kentucky Horsewear Classic maska proti much\u00e1m s\u00a0tlmi\u010dom chr\u00e1ni o\u010di a\u00a0u\u0161i ko\u0148a pred muchami a\u00a0in\u00fdm hmyzom.\",\"breadcrumb\":{\"@id\":\"https:\/\/arak.spicehorse.eu\/termek\/kentucky-classic-hangtompitos-legymaszk\/#breadcrumb\"},\"inLanguage\":\"sk-SK\",\"potentialAction\":[{\"@type\":\"ReadAction\",\"target\":[\"https:\/\/arak.spicehorse.eu\/termek\/kentucky-classic-hangtompitos-legymaszk\/\"]}]},{\"@type\":\"BreadcrumbList\",\"@id\":\"https:\/\/arak.spicehorse.eu\/termek\/kentucky-classic-hangtompitos-legymaszk\/#breadcrumb\",\"itemListElement\":[{\"@type\":\"ListItem\",\"position\":1,\"name\":\"Home\",\"item\":\"https:\/\/arak.spicehorse.eu\/sk\/\"},{\"@type\":\"ListItem\",\"position\":2,\"name\":\"Predaj\u0148a\",\"item\":\"https:\/\/arak.spicehorse.eu\/sk\/predajna\/\"},{\"@type\":\"ListItem\",\"position\":3,\"name\":\"Kentucky Classic maska proti much\u00e1m s tlmi\u010dom\"}]},{\"@type\":\"WebSite\",\"@id\":\"https:\/\/arak.spicehorse.eu\/en\/#website\",\"url\":\"https:\/\/arak.spicehorse.eu\/en\/\",\"name\":\"Spicehorse\",\"description\":\"UNDER DEVELOPMENT -\",\"potentialAction\":[{\"@type\":\"SearchAction\",\"target\":{\"@type\":\"EntryPoint\",\"urlTemplate\":\"https:\/\/arak.spicehorse.eu\/en\/?s={search_term_string}\"},\"query-input\":\"required name=search_term_string\"}],\"inLanguage\":\"sk-SK\"}]}<\/script>\n<!-- \/ Yoast SEO plugin. -->","yoast_head_json":{"title":"Kentucky Classic maska proti much\u00e1m s tlmi\u010dom - Spicehorse","description":"spicehorse.eu | Kentucky Horsewear Classic maska proti much\u00e1m s\u00a0tlmi\u010dom chr\u00e1ni o\u010di a\u00a0u\u0161i ko\u0148a pred muchami a\u00a0in\u00fdm hmyzom.","robots":{"index":"index","follow":"follow","max-snippet":"max-snippet:-1","max-image-preview":"max-image-preview:large","max-video-preview":"max-video-preview:-1"},"canonical":"https:\/\/arak.spicehorse.eu\/termek\/kentucky-classic-hangtompitos-legymaszk\/","og_locale":"sk_SK","og_type":"article","og_title":"Kentucky Classic maska proti much\u00e1m s tlmi\u010dom - Spicehorse","og_description":"spicehorse.eu | Kentucky Horsewear Classic maska proti much\u00e1m s\u00a0tlmi\u010dom chr\u00e1ni o\u010di a\u00a0u\u0161i ko\u0148a pred muchami a\u00a0in\u00fdm hmyzom.","og_url":"https:\/\/arak.spicehorse.eu\/termek\/kentucky-classic-hangtompitos-legymaszk\/","og_site_name":"Spicehorse","article_publisher":"https:\/\/www.facebook.com\/SPICEHORSE-550385625402457\/","article_modified_time":"2025-08-03T09:29:12+00:00","og_image":[{"width":2560,"height":2560,"url":"https:\/\/arak.spicehorse.eu\/wp-content\/uploads\/2025\/07\/fly-mask-with-ears-soundless-scaled.jpg","type":"image\/jpeg"}],"twitter_card":"summary_large_image","twitter_misc":{"Predpokladan\u00fd \u010das \u010d\u00edtania":"1 min\u00fata"},"schema":{"@context":"https:\/\/schema.org","@graph":[{"@type":"WebPage","@id":"https:\/\/arak.spicehorse.eu\/termek\/kentucky-classic-hangtompitos-legymaszk\/","url":"https:\/\/arak.spicehorse.eu\/termek\/kentucky-classic-hangtompitos-legymaszk\/","name":"Kentucky Classic maska proti much\u00e1m s tlmi\u010dom - Spicehorse","isPartOf":{"@id":"https:\/\/arak.spicehorse.eu\/en\/#website"},"datePublished":"2025-07-26T10:29:09+00:00","dateModified":"2025-08-03T09:29:12+00:00","description":"spicehorse.eu | Kentucky Horsewear Classic maska proti much\u00e1m s\u00a0tlmi\u010dom chr\u00e1ni o\u010di a\u00a0u\u0161i ko\u0148a pred muchami a\u00a0in\u00fdm hmyzom.","breadcrumb":{"@id":"https:\/\/arak.spicehorse.eu\/termek\/kentucky-classic-hangtompitos-legymaszk\/#breadcrumb"},"inLanguage":"sk-SK","potentialAction":[{"@type":"ReadAction","target":["https:\/\/arak.spicehorse.eu\/termek\/kentucky-classic-hangtompitos-legymaszk\/"]}]},{"@type":"BreadcrumbList","@id":"https:\/\/arak.spicehorse.eu\/termek\/kentucky-classic-hangtompitos-legymaszk\/#breadcrumb","itemListElement":[{"@type":"ListItem","position":1,"name":"Home","item":"https:\/\/arak.spicehorse.eu\/sk\/"},{"@type":"ListItem","position":2,"name":"Predaj\u0148a","item":"https:\/\/arak.spicehorse.eu\/sk\/predajna\/"},{"@type":"ListItem","position":3,"name":"Kentucky Classic maska proti much\u00e1m s tlmi\u010dom"}]},{"@type":"WebSite","@id":"https:\/\/arak.spicehorse.eu\/en\/#website","url":"https:\/\/arak.spicehorse.eu\/en\/","name":"Spicehorse","description":"UNDER DEVELOPMENT -","potentialAction":[{"@type":"SearchAction","target":{"@type":"EntryPoint","urlTemplate":"https:\/\/arak.spicehorse.eu\/en\/?s={search_term_string}"},"query-input":"required name=search_term_string"}],"inLanguage":"sk-SK"}]}},"_links":{"self":[{"href":"https:\/\/arak.spicehorse.eu\/sk\/wp-json\/wp\/v2\/product\/199114"}],"collection":[{"href":"https:\/\/arak.spicehorse.eu\/sk\/wp-json\/wp\/v2\/product"}],"about":[{"href":"https:\/\/arak.spicehorse.eu\/sk\/wp-json\/wp\/v2\/types\/product"}],"wp:featuredmedia":[{"embeddable":true,"href":"https:\/\/arak.spicehorse.eu\/sk\/wp-json\/wp\/v2\/media\/199134"}],"wp:attachment":[{"href":"https:\/\/arak.spicehorse.eu\/sk\/wp-json\/wp\/v2\/media?parent=199114"}],"wp:term":[{"taxonomy":"product_cat","embeddable":true,"href":"https:\/\/arak.spicehorse.eu\/sk\/wp-json\/wp\/v2\/product_cat?post=199114"},{"taxonomy":"product_tag","embeddable":true,"href":"https:\/\/arak.spicehorse.eu\/sk\/wp-json\/wp\/v2\/product_tag?post=199114"}],"curies":[{"name":"wp","href":"https:\/\/api.w.org\/{rel}","templated":true}]}}