{"id":199272,"date":"2025-07-26T22:56:02","date_gmt":"2025-07-26T20:56:11","guid":{"rendered":"https:\/\/arak.spicehorse.eu\/?post_type=product&#038;p=199272"},"modified":"2025-08-03T11:31:12","modified_gmt":"2025-08-03T09:31:12","slug":"kentucky-comfort-vode-odolna-deka-proti-mucham","status":"publish","type":"product","link":"https:\/\/arak.spicehorse.eu\/sk\/produkt\/kentucky-comfort-vode-odolna-deka-proti-mucham\/","title":{"rendered":"Kentucky Comfort vode odoln\u00e1 deka proti much\u00e1m"},"content":{"rendered":"<p style=\"font-weight: 400;\">Kentucky Horsewear Comfort vode odoln\u00e1 deka proti much\u00e1m bola preveden\u00e1 tak, aby chr\u00e1nila ko\u0148a pred muchami a\u00a0ne\u010dakan\u00fdm da\u017e\u010fom. Je ide\u00e1lna na teplej\u0161ie da\u017ediv\u00e9 dni od jari do jesene. Deka je maxim\u00e1lne priedu\u0161n\u00e1, pri\u010dom sa v\u00e1\u0161 k\u00f4\u0148 bude c\u00edti\u0165 pohodlne. Jedine\u010dn\u00fd Comfort Closure syst\u00e9m garantuje dokonal\u00e9 dosadanie v\u010faka anatomick\u00e9mu tvaru a\u00a0spone bez tlakov\u00fdch bodov, \u010d\u00edm sa zni\u017euje za\u0165a\u017eenie hrudn\u00edka. Dod\u00e1vame ju s\u00a0odn\u00edmate\u013enou kr\u010dnou \u010das\u0165ou.<\/p>\n<p style=\"font-weight: 400;\">Mo\u017eno ju pra\u0165 v\u00a0pr\u00e1\u010dke na 30 stup\u0148och. Odpor\u00fa\u010dame v\u0161ak, aby sa prala \u010do najzriedkavej\u0161ie, pri pran\u00ed pou\u017e\u00edvajte vreck\u00e1 na pranie pre dlhodob\u00e9 zachovanie kvality. Pre su\u0161enie ju jednoducho naveste von a\u00a0su\u0161te na slnku. Neodpor\u00fa\u010da sa pou\u017e\u00edvanie su\u0161i\u010dky.<\/p>\n","protected":false},"excerpt":{"rendered":"<h3>Dokonal\u00e1 ochrana vo\u010di much\u00e1m a da\u017e\u010fu.<\/h3>\n<ul style=\"font-weight: 400;\">\n<li>Priedu\u0161n\u00fd sie\u0165ovan\u00fd materi\u00e1l po bokoch pre optim\u00e1lne pr\u00fadenie vzduchu<\/li>\n<li>600D vode odoln\u00e1 netrhav\u00e1 pod\u0161\u00edvka na chrbte, aby bol k\u00f4\u0148 udr\u017ean\u00fd v suchu<\/li>\n<li>Odn\u00edmate\u013en\u00e1 kr\u010dn\u00e1 \u010das\u0165 pre mnohostrann\u00fa ochranu<\/li>\n<li>Je \u013eahk\u00e1 a\u00a0mimoriadne priedu\u0161n\u00e1 pre celodenn\u00e9 pohodlie<\/li>\n<li>Zabezpe\u010duje UV ochranu k\u00a0ochrane ko\u0148a pred slnkom<\/li>\n<\/ul>\n","protected":false},"featured_media":199282,"template":"","meta":{"_acf_changed":false},"product_cat":[75,99],"product_tag":[184,499],"acf":[],"yoast_head":"<!-- This site is optimized with the Yoast SEO plugin v21.4 - https:\/\/yoast.com\/wordpress\/plugins\/seo\/ -->\n<title>Kentucky Comfort vode odoln\u00e1 deka proti much\u00e1m - Spicehorse<\/title>\n<meta name=\"description\" content=\"spicehorse.eu | Kentucky Horsewear Comfort vode odoln\u00e1 deka proti much\u00e1m bola preveden\u00e1 tak, aby chr\u00e1nila ko\u0148a pred muchami a\u00a0ne\u010dakan\u00fdm da\u017e\u010fom.\" \/>\n<meta name=\"robots\" content=\"index, follow, max-snippet:-1, max-image-preview:large, max-video-preview:-1\" \/>\n<link rel=\"canonical\" href=\"https:\/\/arak.spicehorse.eu\/termek\/kentucky-comfort-vizallo-legytakaro\/\" \/>\n<meta property=\"og:locale\" content=\"sk_SK\" \/>\n<meta property=\"og:type\" content=\"article\" \/>\n<meta property=\"og:title\" content=\"Kentucky Comfort vode odoln\u00e1 deka proti much\u00e1m - Spicehorse\" \/>\n<meta property=\"og:description\" content=\"spicehorse.eu | Kentucky Horsewear Comfort vode odoln\u00e1 deka proti much\u00e1m bola preveden\u00e1 tak, aby chr\u00e1nila ko\u0148a pred muchami a\u00a0ne\u010dakan\u00fdm da\u017e\u010fom.\" \/>\n<meta property=\"og:url\" content=\"https:\/\/arak.spicehorse.eu\/termek\/kentucky-comfort-vizallo-legytakaro\/\" \/>\n<meta property=\"og:site_name\" content=\"Spicehorse\" \/>\n<meta property=\"article:publisher\" content=\"https:\/\/www.facebook.com\/SPICEHORSE-550385625402457\/\" \/>\n<meta property=\"article:modified_time\" content=\"2025-08-03T09:31:12+00:00\" \/>\n<meta property=\"og:image\" content=\"https:\/\/arak.spicehorse.eu\/wp-content\/uploads\/2025\/07\/ab078009dbd7cc1fa2bfdbbd11e1e7dabdb9c91072a73314c6893e83b0d5ce3a.jpg\" \/>\n\t<meta property=\"og:image:width\" content=\"2048\" \/>\n\t<meta property=\"og:image:height\" content=\"1366\" \/>\n\t<meta property=\"og:image:type\" content=\"image\/jpeg\" \/>\n<meta name=\"twitter:card\" content=\"summary_large_image\" \/>\n<meta name=\"twitter:label1\" content=\"Predpokladan\u00fd \u010das \u010d\u00edtania\" \/>\n\t<meta name=\"twitter:data1\" content=\"1 min\u00fata\" \/>\n<script type=\"application\/ld+json\" class=\"yoast-schema-graph\">{\"@context\":\"https:\/\/schema.org\",\"@graph\":[{\"@type\":\"WebPage\",\"@id\":\"https:\/\/arak.spicehorse.eu\/termek\/kentucky-comfort-vizallo-legytakaro\/\",\"url\":\"https:\/\/arak.spicehorse.eu\/termek\/kentucky-comfort-vizallo-legytakaro\/\",\"name\":\"Kentucky Comfort vode odoln\u00e1 deka proti much\u00e1m - Spicehorse\",\"isPartOf\":{\"@id\":\"https:\/\/arak.spicehorse.eu\/en\/#website\"},\"datePublished\":\"2025-07-26T20:56:11+00:00\",\"dateModified\":\"2025-08-03T09:31:12+00:00\",\"description\":\"spicehorse.eu | Kentucky Horsewear Comfort vode odoln\u00e1 deka proti much\u00e1m bola preveden\u00e1 tak, aby chr\u00e1nila ko\u0148a pred muchami a\u00a0ne\u010dakan\u00fdm da\u017e\u010fom.\",\"breadcrumb\":{\"@id\":\"https:\/\/arak.spicehorse.eu\/termek\/kentucky-comfort-vizallo-legytakaro\/#breadcrumb\"},\"inLanguage\":\"sk-SK\",\"potentialAction\":[{\"@type\":\"ReadAction\",\"target\":[\"https:\/\/arak.spicehorse.eu\/termek\/kentucky-comfort-vizallo-legytakaro\/\"]}]},{\"@type\":\"BreadcrumbList\",\"@id\":\"https:\/\/arak.spicehorse.eu\/termek\/kentucky-comfort-vizallo-legytakaro\/#breadcrumb\",\"itemListElement\":[{\"@type\":\"ListItem\",\"position\":1,\"name\":\"Home\",\"item\":\"https:\/\/arak.spicehorse.eu\/sk\/\"},{\"@type\":\"ListItem\",\"position\":2,\"name\":\"Predaj\u0148a\",\"item\":\"https:\/\/arak.spicehorse.eu\/sk\/predajna\/\"},{\"@type\":\"ListItem\",\"position\":3,\"name\":\"Kentucky Comfort vode odoln\u00e1 deka proti much\u00e1m\"}]},{\"@type\":\"WebSite\",\"@id\":\"https:\/\/arak.spicehorse.eu\/en\/#website\",\"url\":\"https:\/\/arak.spicehorse.eu\/en\/\",\"name\":\"Spicehorse\",\"description\":\"UNDER DEVELOPMENT -\",\"potentialAction\":[{\"@type\":\"SearchAction\",\"target\":{\"@type\":\"EntryPoint\",\"urlTemplate\":\"https:\/\/arak.spicehorse.eu\/en\/?s={search_term_string}\"},\"query-input\":\"required name=search_term_string\"}],\"inLanguage\":\"sk-SK\"}]}<\/script>\n<!-- \/ Yoast SEO plugin. -->","yoast_head_json":{"title":"Kentucky Comfort vode odoln\u00e1 deka proti much\u00e1m - Spicehorse","description":"spicehorse.eu | Kentucky Horsewear Comfort vode odoln\u00e1 deka proti much\u00e1m bola preveden\u00e1 tak, aby chr\u00e1nila ko\u0148a pred muchami a\u00a0ne\u010dakan\u00fdm da\u017e\u010fom.","robots":{"index":"index","follow":"follow","max-snippet":"max-snippet:-1","max-image-preview":"max-image-preview:large","max-video-preview":"max-video-preview:-1"},"canonical":"https:\/\/arak.spicehorse.eu\/termek\/kentucky-comfort-vizallo-legytakaro\/","og_locale":"sk_SK","og_type":"article","og_title":"Kentucky Comfort vode odoln\u00e1 deka proti much\u00e1m - Spicehorse","og_description":"spicehorse.eu | Kentucky Horsewear Comfort vode odoln\u00e1 deka proti much\u00e1m bola preveden\u00e1 tak, aby chr\u00e1nila ko\u0148a pred muchami a\u00a0ne\u010dakan\u00fdm da\u017e\u010fom.","og_url":"https:\/\/arak.spicehorse.eu\/termek\/kentucky-comfort-vizallo-legytakaro\/","og_site_name":"Spicehorse","article_publisher":"https:\/\/www.facebook.com\/SPICEHORSE-550385625402457\/","article_modified_time":"2025-08-03T09:31:12+00:00","og_image":[{"width":2048,"height":1366,"url":"https:\/\/arak.spicehorse.eu\/wp-content\/uploads\/2025\/07\/ab078009dbd7cc1fa2bfdbbd11e1e7dabdb9c91072a73314c6893e83b0d5ce3a.jpg","type":"image\/jpeg"}],"twitter_card":"summary_large_image","twitter_misc":{"Predpokladan\u00fd \u010das \u010d\u00edtania":"1 min\u00fata"},"schema":{"@context":"https:\/\/schema.org","@graph":[{"@type":"WebPage","@id":"https:\/\/arak.spicehorse.eu\/termek\/kentucky-comfort-vizallo-legytakaro\/","url":"https:\/\/arak.spicehorse.eu\/termek\/kentucky-comfort-vizallo-legytakaro\/","name":"Kentucky Comfort vode odoln\u00e1 deka proti much\u00e1m - Spicehorse","isPartOf":{"@id":"https:\/\/arak.spicehorse.eu\/en\/#website"},"datePublished":"2025-07-26T20:56:11+00:00","dateModified":"2025-08-03T09:31:12+00:00","description":"spicehorse.eu | Kentucky Horsewear Comfort vode odoln\u00e1 deka proti much\u00e1m bola preveden\u00e1 tak, aby chr\u00e1nila ko\u0148a pred muchami a\u00a0ne\u010dakan\u00fdm da\u017e\u010fom.","breadcrumb":{"@id":"https:\/\/arak.spicehorse.eu\/termek\/kentucky-comfort-vizallo-legytakaro\/#breadcrumb"},"inLanguage":"sk-SK","potentialAction":[{"@type":"ReadAction","target":["https:\/\/arak.spicehorse.eu\/termek\/kentucky-comfort-vizallo-legytakaro\/"]}]},{"@type":"BreadcrumbList","@id":"https:\/\/arak.spicehorse.eu\/termek\/kentucky-comfort-vizallo-legytakaro\/#breadcrumb","itemListElement":[{"@type":"ListItem","position":1,"name":"Home","item":"https:\/\/arak.spicehorse.eu\/sk\/"},{"@type":"ListItem","position":2,"name":"Predaj\u0148a","item":"https:\/\/arak.spicehorse.eu\/sk\/predajna\/"},{"@type":"ListItem","position":3,"name":"Kentucky Comfort vode odoln\u00e1 deka proti much\u00e1m"}]},{"@type":"WebSite","@id":"https:\/\/arak.spicehorse.eu\/en\/#website","url":"https:\/\/arak.spicehorse.eu\/en\/","name":"Spicehorse","description":"UNDER DEVELOPMENT -","potentialAction":[{"@type":"SearchAction","target":{"@type":"EntryPoint","urlTemplate":"https:\/\/arak.spicehorse.eu\/en\/?s={search_term_string}"},"query-input":"required name=search_term_string"}],"inLanguage":"sk-SK"}]}},"_links":{"self":[{"href":"https:\/\/arak.spicehorse.eu\/sk\/wp-json\/wp\/v2\/product\/199272"}],"collection":[{"href":"https:\/\/arak.spicehorse.eu\/sk\/wp-json\/wp\/v2\/product"}],"about":[{"href":"https:\/\/arak.spicehorse.eu\/sk\/wp-json\/wp\/v2\/types\/product"}],"wp:featuredmedia":[{"embeddable":true,"href":"https:\/\/arak.spicehorse.eu\/sk\/wp-json\/wp\/v2\/media\/199282"}],"wp:attachment":[{"href":"https:\/\/arak.spicehorse.eu\/sk\/wp-json\/wp\/v2\/media?parent=199272"}],"wp:term":[{"taxonomy":"product_cat","embeddable":true,"href":"https:\/\/arak.spicehorse.eu\/sk\/wp-json\/wp\/v2\/product_cat?post=199272"},{"taxonomy":"product_tag","embeddable":true,"href":"https:\/\/arak.spicehorse.eu\/sk\/wp-json\/wp\/v2\/product_tag?post=199272"}],"curies":[{"name":"wp","href":"https:\/\/api.w.org\/{rel}","templated":true}]}}