{"id":19982,"date":"2021-01-16T10:30:51","date_gmt":"2021-01-16T09:30:51","guid":{"rendered":"https:\/\/arak.spicehorse.eu\/product\/kentucky-coral-vizallo-kutyaruha\/"},"modified":"2025-10-04T18:49:15","modified_gmt":"2025-10-04T16:49:15","slug":"kentucky-coral-vode-odolne-oblecenie-pre-psika","status":"publish","type":"product","link":"https:\/\/arak.spicehorse.eu\/sk\/produkt\/kentucky-coral-vode-odolne-oblecenie-pre-psika\/","title":{"rendered":"Kentucky Coral vode odoln\u00e9 oble\u010denie pre ps\u00edka"},"content":{"rendered":"<p>Toto perfektn\u00e9 Kentucky Horsewear vode odoln\u00e9 oble\u010denie pre ps\u00edka zabezpe\u010duje pre ka\u017ed\u00e9ho psa such\u00e9 teplo aj po\u010das zasne\u017een\u00fdch zimn\u00fdch dn\u00ed. 160 gramov\u00e1 v\u00fdpl\u0148, pod\u0161\u00edvka zo syntetickej zaja\u010diny je mimoriadne jemn\u00e1, zabra\u0148uje vy\u0161\u00fachaniu poko\u017eky, nelep\u00ed sa na \u0148u srs\u0165 psov. Pou\u017e\u00edvan\u00edm vznikaj\u00fa drobn\u00e9 vzduchov\u00e9 vaky, ktor\u00e9 uchovaj\u00fa a udr\u017euj\u00fa telesn\u00fa teplotu psa. V\u010faka pod\u0161\u00edvke z\u00a0umelej zaja\u010diny sa srs\u0165 ps\u00edka st\u00e1va lesklej\u0161ou, umel\u00fd baran\u010dek v\u00a0oblasti krku zabezpe\u010duje v\u00e1\u0161mu mil\u00e1\u010dikovi dokonal\u00fd komfort a\u00a0teplo. M\u00e4kk\u00e1 kapuc\u0148a sa d\u00e1 vyhrn\u00fa\u0165 v\u00a0z\u00e1ujme maxim\u00e1lnej ochrany. V\u010faka otvoru nach\u00e1dzaj\u00faceho sa pod kapuc\u0148ou mo\u017eno \u013eahko pripn\u00fa\u0165 v\u00f4dzku.<\/p>\n<p>Vlastnos\u0165ou tohto Kentucky vode odoln\u00e9ho oble\u010denia pre psov je to, \u017ee je pru\u017en\u00e9, dok\u00e1\u017ee sa prisp\u00f4sobi\u0165 tele V\u00e1\u0161ho psa. Vonkaj\u0161\u00ed materi\u00e1l je z\u00a010\u00a0000 mm vode odoln\u00e9ho polyesteru s\u00a0prievzdu\u0161nou membr\u00e1nou.<\/p>\n<p>S\u00a0posilnen\u00fdmi such\u00fdmi zipsami na hrudi a\u00a0bru\u0161ku.<\/p>\n<p>Kentucky Horsewear vode odoln\u00e9 oble\u010denie pre psa mo\u017eno pra\u0165 v\u00a0pr\u00e1\u010dke (nevkladajte do su\u0161i\u010dky).<\/p>\n","protected":false},"excerpt":{"rendered":"<h3><strong>Toto perfektn\u00e9 vode odoln\u00e9 oble\u010denie pre ps\u00edka zabezpe\u010duje pre ka\u017ed\u00e9ho psa such\u00e9 teplo aj po\u010das zasne\u017een\u00fdch zimn\u00fdch dn\u00ed. <\/strong><\/h3>\n<ul>\n<li>160gr v\u00fdpl\u0148<\/li>\n<li>Pod\u0161\u00edvka zo syntetickej zaja\u010diny- je extra tepl\u00e1, jemn\u00e9 a pohodln\u00e1<\/li>\n<li>Ve\u013emi tepl\u00e9, napriek tomu \u013eahk\u00e9<\/li>\n<li>Vode odoln\u00e9, prievzdu\u0161n\u00e1 membr\u00e1na: 10\u00a0000mm<\/li>\n<li>Upev\u0148uje sa such\u00fdm zipsom na hrudi a bru\u0161ku<\/li>\n<li>Syntetick\u00fd baran\u010dek v\u00a0oblasti krku<\/li>\n<li>Mo\u017eno pra\u0165 v\u00a0pr\u00e1\u010dke na 30\u00b0 (nevkladajte do su\u0161i\u010dky)<\/li>\n<\/ul>\n","protected":false},"featured_media":19590,"template":"","meta":{"_acf_changed":false},"product_cat":[78,74,299],"product_tag":[184,181,228],"acf":[],"yoast_head":"<!-- This site is optimized with the Yoast SEO plugin v21.4 - https:\/\/yoast.com\/wordpress\/plugins\/seo\/ -->\n<title>Kentucky Coral vode odoln\u00e9 oble\u010denie pre ps\u00edka - Spicehorse<\/title>\n<meta name=\"description\" content=\"spicehorse.eu | Toto perfektn\u00e9 vode odoln\u00e9 oble\u010denie pre ps\u00edka zabezpe\u010duje pre ka\u017ed\u00e9ho psa such\u00e9 teplo aj po\u010das zasne\u017een\u00fdch zimn\u00fdch dn\u00ed.\" \/>\n<meta name=\"robots\" content=\"index, follow, max-snippet:-1, max-image-preview:large, max-video-preview:-1\" \/>\n<link rel=\"canonical\" href=\"https:\/\/arak.spicehorse.eu\/sk\/produkt\/kentucky-coral-vode-odolne-oblecenie-pre-psika\/\" \/>\n<meta property=\"og:locale\" content=\"sk_SK\" \/>\n<meta property=\"og:type\" content=\"article\" \/>\n<meta property=\"og:title\" content=\"Kentucky Coral vode odoln\u00e9 oble\u010denie pre ps\u00edka - Spicehorse\" \/>\n<meta property=\"og:description\" content=\"spicehorse.eu | Toto perfektn\u00e9 vode odoln\u00e9 oble\u010denie pre ps\u00edka zabezpe\u010duje pre ka\u017ed\u00e9ho psa such\u00e9 teplo aj po\u010das zasne\u017een\u00fdch zimn\u00fdch dn\u00ed.\" \/>\n<meta property=\"og:url\" content=\"https:\/\/arak.spicehorse.eu\/sk\/produkt\/kentucky-coral-vode-odolne-oblecenie-pre-psika\/\" \/>\n<meta property=\"og:site_name\" content=\"Spicehorse\" \/>\n<meta property=\"article:publisher\" content=\"https:\/\/www.facebook.com\/SPICEHORSE-550385625402457\/\" \/>\n<meta property=\"article:modified_time\" content=\"2025-10-04T16:49:15+00:00\" \/>\n<meta property=\"og:image\" content=\"https:\/\/arak.spicehorse.eu\/wp-content\/uploads\/2021\/01\/15052020-485a4407-564c22e810080218547dfa1c1093aa08-article-photobook-l-2.png\" \/>\n\t<meta property=\"og:image:width\" content=\"728\" \/>\n\t<meta property=\"og:image:height\" content=\"728\" \/>\n\t<meta property=\"og:image:type\" content=\"image\/png\" \/>\n<meta name=\"twitter:card\" content=\"summary_large_image\" \/>\n<meta name=\"twitter:label1\" content=\"Predpokladan\u00fd \u010das \u010d\u00edtania\" \/>\n\t<meta name=\"twitter:data1\" content=\"1 min\u00fata\" \/>\n<script type=\"application\/ld+json\" class=\"yoast-schema-graph\">{\"@context\":\"https:\/\/schema.org\",\"@graph\":[{\"@type\":\"WebPage\",\"@id\":\"https:\/\/arak.spicehorse.eu\/sk\/produkt\/kentucky-coral-vode-odolne-oblecenie-pre-psika\/\",\"url\":\"https:\/\/arak.spicehorse.eu\/sk\/produkt\/kentucky-coral-vode-odolne-oblecenie-pre-psika\/\",\"name\":\"Kentucky Coral vode odoln\u00e9 oble\u010denie pre ps\u00edka - Spicehorse\",\"isPartOf\":{\"@id\":\"https:\/\/arak.spicehorse.eu\/en\/#website\"},\"datePublished\":\"2021-01-16T09:30:51+00:00\",\"dateModified\":\"2025-10-04T16:49:15+00:00\",\"description\":\"spicehorse.eu | Toto perfektn\u00e9 vode odoln\u00e9 oble\u010denie pre ps\u00edka zabezpe\u010duje pre ka\u017ed\u00e9ho psa such\u00e9 teplo aj po\u010das zasne\u017een\u00fdch zimn\u00fdch dn\u00ed.\",\"breadcrumb\":{\"@id\":\"https:\/\/arak.spicehorse.eu\/sk\/produkt\/kentucky-coral-vode-odolne-oblecenie-pre-psika\/#breadcrumb\"},\"inLanguage\":\"sk-SK\",\"potentialAction\":[{\"@type\":\"ReadAction\",\"target\":[\"https:\/\/arak.spicehorse.eu\/sk\/produkt\/kentucky-coral-vode-odolne-oblecenie-pre-psika\/\"]}]},{\"@type\":\"BreadcrumbList\",\"@id\":\"https:\/\/arak.spicehorse.eu\/sk\/produkt\/kentucky-coral-vode-odolne-oblecenie-pre-psika\/#breadcrumb\",\"itemListElement\":[{\"@type\":\"ListItem\",\"position\":1,\"name\":\"Home\",\"item\":\"https:\/\/arak.spicehorse.eu\/sk\/\"},{\"@type\":\"ListItem\",\"position\":2,\"name\":\"Predaj\u0148a\",\"item\":\"https:\/\/arak.spicehorse.eu\/sk\/predajna\/\"},{\"@type\":\"ListItem\",\"position\":3,\"name\":\"Kentucky Coral vode odoln\u00e9 oble\u010denie pre ps\u00edka\"}]},{\"@type\":\"WebSite\",\"@id\":\"https:\/\/arak.spicehorse.eu\/en\/#website\",\"url\":\"https:\/\/arak.spicehorse.eu\/en\/\",\"name\":\"Spicehorse\",\"description\":\"UNDER DEVELOPMENT -\",\"potentialAction\":[{\"@type\":\"SearchAction\",\"target\":{\"@type\":\"EntryPoint\",\"urlTemplate\":\"https:\/\/arak.spicehorse.eu\/en\/?s={search_term_string}\"},\"query-input\":\"required name=search_term_string\"}],\"inLanguage\":\"sk-SK\"}]}<\/script>\n<!-- \/ Yoast SEO plugin. -->","yoast_head_json":{"title":"Kentucky Coral vode odoln\u00e9 oble\u010denie pre ps\u00edka - Spicehorse","description":"spicehorse.eu | Toto perfektn\u00e9 vode odoln\u00e9 oble\u010denie pre ps\u00edka zabezpe\u010duje pre ka\u017ed\u00e9ho psa such\u00e9 teplo aj po\u010das zasne\u017een\u00fdch zimn\u00fdch dn\u00ed.","robots":{"index":"index","follow":"follow","max-snippet":"max-snippet:-1","max-image-preview":"max-image-preview:large","max-video-preview":"max-video-preview:-1"},"canonical":"https:\/\/arak.spicehorse.eu\/sk\/produkt\/kentucky-coral-vode-odolne-oblecenie-pre-psika\/","og_locale":"sk_SK","og_type":"article","og_title":"Kentucky Coral vode odoln\u00e9 oble\u010denie pre ps\u00edka - Spicehorse","og_description":"spicehorse.eu | Toto perfektn\u00e9 vode odoln\u00e9 oble\u010denie pre ps\u00edka zabezpe\u010duje pre ka\u017ed\u00e9ho psa such\u00e9 teplo aj po\u010das zasne\u017een\u00fdch zimn\u00fdch dn\u00ed.","og_url":"https:\/\/arak.spicehorse.eu\/sk\/produkt\/kentucky-coral-vode-odolne-oblecenie-pre-psika\/","og_site_name":"Spicehorse","article_publisher":"https:\/\/www.facebook.com\/SPICEHORSE-550385625402457\/","article_modified_time":"2025-10-04T16:49:15+00:00","og_image":[{"width":728,"height":728,"url":"https:\/\/arak.spicehorse.eu\/wp-content\/uploads\/2021\/01\/15052020-485a4407-564c22e810080218547dfa1c1093aa08-article-photobook-l-2.png","type":"image\/png"}],"twitter_card":"summary_large_image","twitter_misc":{"Predpokladan\u00fd \u010das \u010d\u00edtania":"1 min\u00fata"},"schema":{"@context":"https:\/\/schema.org","@graph":[{"@type":"WebPage","@id":"https:\/\/arak.spicehorse.eu\/sk\/produkt\/kentucky-coral-vode-odolne-oblecenie-pre-psika\/","url":"https:\/\/arak.spicehorse.eu\/sk\/produkt\/kentucky-coral-vode-odolne-oblecenie-pre-psika\/","name":"Kentucky Coral vode odoln\u00e9 oble\u010denie pre ps\u00edka - Spicehorse","isPartOf":{"@id":"https:\/\/arak.spicehorse.eu\/en\/#website"},"datePublished":"2021-01-16T09:30:51+00:00","dateModified":"2025-10-04T16:49:15+00:00","description":"spicehorse.eu | Toto perfektn\u00e9 vode odoln\u00e9 oble\u010denie pre ps\u00edka zabezpe\u010duje pre ka\u017ed\u00e9ho psa such\u00e9 teplo aj po\u010das zasne\u017een\u00fdch zimn\u00fdch dn\u00ed.","breadcrumb":{"@id":"https:\/\/arak.spicehorse.eu\/sk\/produkt\/kentucky-coral-vode-odolne-oblecenie-pre-psika\/#breadcrumb"},"inLanguage":"sk-SK","potentialAction":[{"@type":"ReadAction","target":["https:\/\/arak.spicehorse.eu\/sk\/produkt\/kentucky-coral-vode-odolne-oblecenie-pre-psika\/"]}]},{"@type":"BreadcrumbList","@id":"https:\/\/arak.spicehorse.eu\/sk\/produkt\/kentucky-coral-vode-odolne-oblecenie-pre-psika\/#breadcrumb","itemListElement":[{"@type":"ListItem","position":1,"name":"Home","item":"https:\/\/arak.spicehorse.eu\/sk\/"},{"@type":"ListItem","position":2,"name":"Predaj\u0148a","item":"https:\/\/arak.spicehorse.eu\/sk\/predajna\/"},{"@type":"ListItem","position":3,"name":"Kentucky Coral vode odoln\u00e9 oble\u010denie pre ps\u00edka"}]},{"@type":"WebSite","@id":"https:\/\/arak.spicehorse.eu\/en\/#website","url":"https:\/\/arak.spicehorse.eu\/en\/","name":"Spicehorse","description":"UNDER DEVELOPMENT -","potentialAction":[{"@type":"SearchAction","target":{"@type":"EntryPoint","urlTemplate":"https:\/\/arak.spicehorse.eu\/en\/?s={search_term_string}"},"query-input":"required name=search_term_string"}],"inLanguage":"sk-SK"}]}},"_links":{"self":[{"href":"https:\/\/arak.spicehorse.eu\/sk\/wp-json\/wp\/v2\/product\/19982"}],"collection":[{"href":"https:\/\/arak.spicehorse.eu\/sk\/wp-json\/wp\/v2\/product"}],"about":[{"href":"https:\/\/arak.spicehorse.eu\/sk\/wp-json\/wp\/v2\/types\/product"}],"wp:featuredmedia":[{"embeddable":true,"href":"https:\/\/arak.spicehorse.eu\/sk\/wp-json\/wp\/v2\/media\/19590"}],"wp:attachment":[{"href":"https:\/\/arak.spicehorse.eu\/sk\/wp-json\/wp\/v2\/media?parent=19982"}],"wp:term":[{"taxonomy":"product_cat","embeddable":true,"href":"https:\/\/arak.spicehorse.eu\/sk\/wp-json\/wp\/v2\/product_cat?post=19982"},{"taxonomy":"product_tag","embeddable":true,"href":"https:\/\/arak.spicehorse.eu\/sk\/wp-json\/wp\/v2\/product_tag?post=19982"}],"curies":[{"name":"wp","href":"https:\/\/api.w.org\/{rel}","templated":true}]}}