{"id":200119,"date":"2025-07-27T21:44:54","date_gmt":"2025-07-27T19:45:23","guid":{"rendered":"https:\/\/arak.spicehorse.eu\/?post_type=product&#038;p=200119"},"modified":"2025-08-03T11:33:03","modified_gmt":"2025-08-03T09:33:03","slug":"winderen-chin-relief-podlozka-pod-nanosnik","status":"publish","type":"product","link":"https:\/\/arak.spicehorse.eu\/sk\/produkt\/winderen-chin-relief-podlozka-pod-nanosnik\/","title":{"rendered":"Winderen Chin Relief podlo\u017eka pod n\u00e1nosn\u00edk"},"content":{"rendered":"<p style=\"font-weight: 400;\">Winderen Chin Relief je inovat\u00edvna podlo\u017eka pod n\u00e1nosn\u00edk rozpty\u013euj\u00faca tlak, ktor\u00e1 bola vyvinut\u00e1 s\u00a0oh\u013eadom na po\u017eiadavky dostihov\u00fdch jazdcov (d\u017eokejov). Rovnomerne rozpty\u013euje tlak okolo \u010de\u013euste, zabezpe\u010duje mimoriadny komfort pre ko\u0148a po\u010das pr\u00e1ce so zubadlom. Vytv\u00e1ra optim\u00e1lnu rovnov\u00e1hu medzi po\u017eadovanou stabilitou nosa a vo\u013en\u00fdm pohybom \u010de\u013euste, \u010do zlep\u0161uje v\u00fdkon a spolupr\u00e1cu najm\u00e4 u citliv\u00fdch kon\u00ed.<\/p>\n<p style=\"font-weight: 400;\">\u0160peci\u00e1lna v\u00fdpl\u0148 \u2013 ktor\u00e1 sa pou\u017e\u00edva aj v\u00a0pr\u00edpade svetovo uzn\u00e1vanej Winderen podlo\u017eky pod sedlo \u2013 efekt\u00edvne tlm\u00ed bodov\u00fd tlak, \u010dim sa podporuje uvo\u013enenos\u0165 ko\u0148a. \u00a0Umo\u017e\u0148uje prisp\u00f4sobenie sa n\u00e1nosn\u00edka anat\u00f3mii nosa bez nutnosti nap\u00ednania, \u010d\u00edm sa vo ve\u013ekej miere zlep\u0161uje ochota prija\u0165 zubadlo a\u00a0\u010dinnos\u0165 \u00fast ko\u0148a.<\/p>\n<p style=\"font-weight: 400;\">Spr\u00e1vne nastavenie n\u00e1nosn\u00edka je k\u013e\u00fa\u010dov\u00e9 z\u00a0h\u013eadiska spokojnosti ko\u0148a- umo\u017e\u0148uje vo\u013en\u00fd pohyb \u010de\u013euste \u00a0a zabra\u0148uje nadmern\u00e9mu tlaku na citliv\u00e9 nervov\u00e9 body v oblasti hlavy. To je obzvl\u00e1\u0161\u0165 d\u00f4le\u017eit\u00e9 vzh\u013eadom na s\u00fa\u010dasn\u00e9 st\u00e1le pr\u00edsnej\u0161ie smernice t\u00fdkaj\u00face sa dobr\u00fdch \u017eivotn\u00fdch podmienok zvierat, ktor\u00e9 klad\u00fa d\u00f4raz na anatomick\u00e9 prisp\u00f4sobenie sa a pohodlie.<\/p>\n<p style=\"font-weight: 400;\">V\u00a0podlo\u017eke Winderen Chin Relief sa pou\u017e\u00edva technol\u00f3gia Pressure Relief, ktor\u00e1 sa dobre osved\u010dila aj v\u00a0pr\u00edpade podlo\u017eiek pod sedlo a\u00a0popruhov Winderen. Podlo\u017eka m\u00e1 hr\u00fabku 18 mm (pred kompresiou), umo\u017e\u0148uje pohodlnej\u0161ie a m\u00e4k\u0161ie prisp\u00f4sobenie n\u00e1nosn\u00edka bez toho, aby br\u00e1nil prirodzen\u00e9mu pohybu \u010de\u013euste. K\u00f4\u0148 pri \u017euvan\u00ed c\u00edti m\u00e4kk\u00fa, pru\u017en\u00fa oporu namiesto toho, aby narazil na tuh\u00fd odpor.<\/p>\n<p style=\"font-weight: 400;\">Winderen Chin Relief (18 mm) je ide\u00e1lnym doplnkom pre ka\u017ed\u00e9ho tak\u00e9ho jazdca, ktor\u00fd h\u013ead\u00e1 harmonickej\u0161\u00ed vz\u0165ah, presnej\u0161ie ovl\u00e1danie a vy\u0161\u0161iu \u00farove\u0148 spolupr\u00e1ce s ko\u0148om \u2013 najm\u00e4 pri zlo\u017eitej\u0161\u00edch \u00faloh\u00e1ch.<\/p>\n<p style=\"font-weight: 400;\">Dostupn\u00e9 ve\u013ekosti:<br \/>\nStandard: 20 cm \/ 7,9\u201d \u00d7 7 cm \/ 2,8\u201d<br \/>\nLong: 30 cm \/ 11,8\u201d \u00d7 7 cm \/ 2,8\u201d<\/p>\n<p style=\"font-weight: 400;\">Farby: \u010dierna \/ hned\u00e1<\/p>\n<h4><strong>V\u00fdhody poskytovan\u00e9 pre ko\u0148a:<\/strong><\/h4>\n<ul style=\"font-weight: 400;\">\n<li>P\u00e4\u0165vrstvov\u00e1 technol\u00f3gia Pressure Relief, ktor\u00e1 rovnomerne rozde\u013euje tlak na citliv\u00fa oblas\u0165 \u010de\u013euste<\/li>\n<li>Hr\u00fabka 18 mm (pred kompresiou) stabilizuje zubadlo bez nadmern\u00e9ho tlaku \u2013 podporuje prirodzen\u00e9 \u017euvanie a uvo\u013enenie<\/li>\n<li>Zabra\u0148uje zo\u0161mykovaniu n\u00e1nosn\u00edka pri pr\u00e1ci<\/li>\n<\/ul>\n<p style=\"font-weight: 400;\"><strong>V\u00fdhody poskytovan\u00e9 pre jazdca:<\/strong><\/p>\n<ul style=\"font-weight: 400;\">\n<li>Sp\u013a\u0148a modern\u00e9 po\u017eiadavky na welfare zvierat<\/li>\n<li>18 mm hr\u00fabka pred kompresiou<\/li>\n<li>Po\u0165ah sa \u013eahko o\u0161etruje mo\u017eno pra\u0165 v pr\u00e1\u010dke<\/li>\n<\/ul>\n","protected":false},"excerpt":{"rendered":"<ul style=\"font-weight: 400;\">\n<li>Zlep\u0161uje akcept\u00e1ciu zubadla a uvo\u013enenos\u0165<\/li>\n<li>Zni\u017euje sa tlak na citliv\u00e9 tlakov\u00e9 body okolo \u010de\u013euste<\/li>\n<li>Stabiliz\u00e1cia n\u00e1nosn\u00edka bez obmedzovania vo\u013enosti pri hryzen\u00ed<\/li>\n<\/ul>\n","protected":false},"featured_media":200143,"template":"","meta":{"_acf_changed":false},"product_cat":[75,511,674],"product_tag":[241,2037,1973,529],"acf":[],"yoast_head":"<!-- This site is optimized with the Yoast SEO plugin v21.4 - https:\/\/yoast.com\/wordpress\/plugins\/seo\/ -->\n<title>Winderen Chin Relief podlo\u017eka pod n\u00e1nosn\u00edk - Spicehorse<\/title>\n<meta name=\"description\" content=\"spicehorse.eu | Winderen Chin Relief je inovat\u00edvna podlo\u017eka pod n\u00e1nosn\u00edk rozpty\u013euj\u00faca tlak, ktor\u00e1 bola vyvinut\u00e1 s\u00a0oh\u013eadom na po\u017eiadavky dostihov\u00fdch jazdcov (d\u017eokejov).\" \/>\n<meta name=\"robots\" content=\"index, follow, max-snippet:-1, max-image-preview:large, max-video-preview:-1\" \/>\n<link rel=\"canonical\" href=\"https:\/\/arak.spicehorse.eu\/termek\/winderen-chin-relief-orrszij-alatet\/\" \/>\n<meta property=\"og:locale\" content=\"sk_SK\" \/>\n<meta property=\"og:type\" content=\"article\" \/>\n<meta property=\"og:title\" content=\"Winderen Chin Relief podlo\u017eka pod n\u00e1nosn\u00edk - Spicehorse\" \/>\n<meta property=\"og:description\" content=\"spicehorse.eu | Winderen Chin Relief je inovat\u00edvna podlo\u017eka pod n\u00e1nosn\u00edk rozpty\u013euj\u00faca tlak, ktor\u00e1 bola vyvinut\u00e1 s\u00a0oh\u013eadom na po\u017eiadavky dostihov\u00fdch jazdcov (d\u017eokejov).\" \/>\n<meta property=\"og:url\" content=\"https:\/\/arak.spicehorse.eu\/termek\/winderen-chin-relief-orrszij-alatet\/\" \/>\n<meta property=\"og:site_name\" content=\"Spicehorse\" \/>\n<meta property=\"article:publisher\" content=\"https:\/\/www.facebook.com\/SPICEHORSE-550385625402457\/\" \/>\n<meta property=\"article:modified_time\" content=\"2025-08-03T09:33:03+00:00\" \/>\n<meta property=\"og:image\" content=\"https:\/\/arak.spicehorse.eu\/wp-content\/uploads\/2025\/07\/5045b.jpg\" \/>\n\t<meta property=\"og:image:width\" content=\"900\" \/>\n\t<meta property=\"og:image:height\" content=\"900\" \/>\n\t<meta property=\"og:image:type\" content=\"image\/jpeg\" \/>\n<meta name=\"twitter:card\" content=\"summary_large_image\" \/>\n<meta name=\"twitter:label1\" content=\"Predpokladan\u00fd \u010das \u010d\u00edtania\" \/>\n\t<meta name=\"twitter:data1\" content=\"2 min\u00faty\" \/>\n<script type=\"application\/ld+json\" class=\"yoast-schema-graph\">{\"@context\":\"https:\/\/schema.org\",\"@graph\":[{\"@type\":\"WebPage\",\"@id\":\"https:\/\/arak.spicehorse.eu\/termek\/winderen-chin-relief-orrszij-alatet\/\",\"url\":\"https:\/\/arak.spicehorse.eu\/termek\/winderen-chin-relief-orrszij-alatet\/\",\"name\":\"Winderen Chin Relief podlo\u017eka pod n\u00e1nosn\u00edk - Spicehorse\",\"isPartOf\":{\"@id\":\"https:\/\/arak.spicehorse.eu\/en\/#website\"},\"datePublished\":\"2025-07-27T19:45:23+00:00\",\"dateModified\":\"2025-08-03T09:33:03+00:00\",\"description\":\"spicehorse.eu | Winderen Chin Relief je inovat\u00edvna podlo\u017eka pod n\u00e1nosn\u00edk rozpty\u013euj\u00faca tlak, ktor\u00e1 bola vyvinut\u00e1 s\u00a0oh\u013eadom na po\u017eiadavky dostihov\u00fdch jazdcov (d\u017eokejov).\",\"breadcrumb\":{\"@id\":\"https:\/\/arak.spicehorse.eu\/termek\/winderen-chin-relief-orrszij-alatet\/#breadcrumb\"},\"inLanguage\":\"sk-SK\",\"potentialAction\":[{\"@type\":\"ReadAction\",\"target\":[\"https:\/\/arak.spicehorse.eu\/termek\/winderen-chin-relief-orrszij-alatet\/\"]}]},{\"@type\":\"BreadcrumbList\",\"@id\":\"https:\/\/arak.spicehorse.eu\/termek\/winderen-chin-relief-orrszij-alatet\/#breadcrumb\",\"itemListElement\":[{\"@type\":\"ListItem\",\"position\":1,\"name\":\"Home\",\"item\":\"https:\/\/arak.spicehorse.eu\/sk\/\"},{\"@type\":\"ListItem\",\"position\":2,\"name\":\"Predaj\u0148a\",\"item\":\"https:\/\/arak.spicehorse.eu\/sk\/predajna\/\"},{\"@type\":\"ListItem\",\"position\":3,\"name\":\"Winderen Chin Relief podlo\u017eka pod n\u00e1nosn\u00edk\"}]},{\"@type\":\"WebSite\",\"@id\":\"https:\/\/arak.spicehorse.eu\/en\/#website\",\"url\":\"https:\/\/arak.spicehorse.eu\/en\/\",\"name\":\"Spicehorse\",\"description\":\"UNDER DEVELOPMENT -\",\"potentialAction\":[{\"@type\":\"SearchAction\",\"target\":{\"@type\":\"EntryPoint\",\"urlTemplate\":\"https:\/\/arak.spicehorse.eu\/en\/?s={search_term_string}\"},\"query-input\":\"required name=search_term_string\"}],\"inLanguage\":\"sk-SK\"}]}<\/script>\n<!-- \/ Yoast SEO plugin. -->","yoast_head_json":{"title":"Winderen Chin Relief podlo\u017eka pod n\u00e1nosn\u00edk - Spicehorse","description":"spicehorse.eu | Winderen Chin Relief je inovat\u00edvna podlo\u017eka pod n\u00e1nosn\u00edk rozpty\u013euj\u00faca tlak, ktor\u00e1 bola vyvinut\u00e1 s\u00a0oh\u013eadom na po\u017eiadavky dostihov\u00fdch jazdcov (d\u017eokejov).","robots":{"index":"index","follow":"follow","max-snippet":"max-snippet:-1","max-image-preview":"max-image-preview:large","max-video-preview":"max-video-preview:-1"},"canonical":"https:\/\/arak.spicehorse.eu\/termek\/winderen-chin-relief-orrszij-alatet\/","og_locale":"sk_SK","og_type":"article","og_title":"Winderen Chin Relief podlo\u017eka pod n\u00e1nosn\u00edk - Spicehorse","og_description":"spicehorse.eu | Winderen Chin Relief je inovat\u00edvna podlo\u017eka pod n\u00e1nosn\u00edk rozpty\u013euj\u00faca tlak, ktor\u00e1 bola vyvinut\u00e1 s\u00a0oh\u013eadom na po\u017eiadavky dostihov\u00fdch jazdcov (d\u017eokejov).","og_url":"https:\/\/arak.spicehorse.eu\/termek\/winderen-chin-relief-orrszij-alatet\/","og_site_name":"Spicehorse","article_publisher":"https:\/\/www.facebook.com\/SPICEHORSE-550385625402457\/","article_modified_time":"2025-08-03T09:33:03+00:00","og_image":[{"width":900,"height":900,"url":"https:\/\/arak.spicehorse.eu\/wp-content\/uploads\/2025\/07\/5045b.jpg","type":"image\/jpeg"}],"twitter_card":"summary_large_image","twitter_misc":{"Predpokladan\u00fd \u010das \u010d\u00edtania":"2 min\u00faty"},"schema":{"@context":"https:\/\/schema.org","@graph":[{"@type":"WebPage","@id":"https:\/\/arak.spicehorse.eu\/termek\/winderen-chin-relief-orrszij-alatet\/","url":"https:\/\/arak.spicehorse.eu\/termek\/winderen-chin-relief-orrszij-alatet\/","name":"Winderen Chin Relief podlo\u017eka pod n\u00e1nosn\u00edk - Spicehorse","isPartOf":{"@id":"https:\/\/arak.spicehorse.eu\/en\/#website"},"datePublished":"2025-07-27T19:45:23+00:00","dateModified":"2025-08-03T09:33:03+00:00","description":"spicehorse.eu | Winderen Chin Relief je inovat\u00edvna podlo\u017eka pod n\u00e1nosn\u00edk rozpty\u013euj\u00faca tlak, ktor\u00e1 bola vyvinut\u00e1 s\u00a0oh\u013eadom na po\u017eiadavky dostihov\u00fdch jazdcov (d\u017eokejov).","breadcrumb":{"@id":"https:\/\/arak.spicehorse.eu\/termek\/winderen-chin-relief-orrszij-alatet\/#breadcrumb"},"inLanguage":"sk-SK","potentialAction":[{"@type":"ReadAction","target":["https:\/\/arak.spicehorse.eu\/termek\/winderen-chin-relief-orrszij-alatet\/"]}]},{"@type":"BreadcrumbList","@id":"https:\/\/arak.spicehorse.eu\/termek\/winderen-chin-relief-orrszij-alatet\/#breadcrumb","itemListElement":[{"@type":"ListItem","position":1,"name":"Home","item":"https:\/\/arak.spicehorse.eu\/sk\/"},{"@type":"ListItem","position":2,"name":"Predaj\u0148a","item":"https:\/\/arak.spicehorse.eu\/sk\/predajna\/"},{"@type":"ListItem","position":3,"name":"Winderen Chin Relief podlo\u017eka pod n\u00e1nosn\u00edk"}]},{"@type":"WebSite","@id":"https:\/\/arak.spicehorse.eu\/en\/#website","url":"https:\/\/arak.spicehorse.eu\/en\/","name":"Spicehorse","description":"UNDER DEVELOPMENT -","potentialAction":[{"@type":"SearchAction","target":{"@type":"EntryPoint","urlTemplate":"https:\/\/arak.spicehorse.eu\/en\/?s={search_term_string}"},"query-input":"required name=search_term_string"}],"inLanguage":"sk-SK"}]}},"_links":{"self":[{"href":"https:\/\/arak.spicehorse.eu\/sk\/wp-json\/wp\/v2\/product\/200119"}],"collection":[{"href":"https:\/\/arak.spicehorse.eu\/sk\/wp-json\/wp\/v2\/product"}],"about":[{"href":"https:\/\/arak.spicehorse.eu\/sk\/wp-json\/wp\/v2\/types\/product"}],"wp:featuredmedia":[{"embeddable":true,"href":"https:\/\/arak.spicehorse.eu\/sk\/wp-json\/wp\/v2\/media\/200143"}],"wp:attachment":[{"href":"https:\/\/arak.spicehorse.eu\/sk\/wp-json\/wp\/v2\/media?parent=200119"}],"wp:term":[{"taxonomy":"product_cat","embeddable":true,"href":"https:\/\/arak.spicehorse.eu\/sk\/wp-json\/wp\/v2\/product_cat?post=200119"},{"taxonomy":"product_tag","embeddable":true,"href":"https:\/\/arak.spicehorse.eu\/sk\/wp-json\/wp\/v2\/product_tag?post=200119"}],"curies":[{"name":"wp","href":"https:\/\/api.w.org\/{rel}","templated":true}]}}