{"id":200343,"date":"2025-07-30T12:13:58","date_gmt":"2025-07-30T10:13:59","guid":{"rendered":"https:\/\/arak.spicehorse.eu\/?post_type=product&#038;p=200343"},"modified":"2025-07-30T12:23:44","modified_gmt":"2025-07-30T10:23:44","slug":"kentucky-sammy-unicorn-glitter-chranic-sliach","status":"publish","type":"product","link":"https:\/\/arak.spicehorse.eu\/sk\/produkt\/kentucky-sammy-unicorn-glitter-chranic-sliach\/","title":{"rendered":"Kentucky Sammy Unicorn Glitter chr\u00e1ni\u010d \u0161liach"},"content":{"rendered":"<p style=\"font-weight: 400;\">Kentucky Horsewear Sammy Collection chr\u00e1ni\u010d \u0161liach bol navrhnut\u00fd vyslovene pre pon\u00edky a\u00a0shetlandsk\u00e9 pon\u00edky. Poskytuje maxim\u00e1lnu ochranu a\u00a0nev\u0161edn\u00fd dizajn aj pre tie najmen\u0161ie kone. Je praktick\u00fd, \u0161t\u00fdlov\u00fd, vesel\u00fd, je ob\u013e\u00faben\u00fdm k\u00faskom mlad\u0161\u00edch jazdcov.<\/p>\n<ul style=\"font-weight: 400;\">\n<li>Z\u00a0odoln\u00e9ho materi\u00e1lu, \u013eahko sa o\u0161etruje<\/li>\n<li>Bezpe\u010dnostn\u00e9 such\u00e9 zipsy pre dokonal\u00e9 dosadanie<\/li>\n<li>S\u00a0vesel\u00fdm vzorom, deti si ho zamiluj\u00fa<\/li>\n<li>Vhodn\u00fd na ka\u017edodenn\u00e9 pou\u017e\u00edvanie<\/li>\n<li>Anatomick\u00e9 tvarovanie, ur\u010den\u00fd pre pon\u00edky a shetlandsk\u00e9 pon\u00edky<\/li>\n<\/ul>\n<p style=\"font-weight: 400;\">Kentucky Horsewear chr\u00e1ni\u010de n\u00f4h boli vyroben\u00e9 vyslovene pre pon\u00edky a\u00a0shetlandsk\u00e9 pon\u00edky. Hrav\u00fd dizajn si ur\u010dite podman\u00ed ka\u017ed\u00e9 detsk\u00e9 srdce. \u00a0S\u00fa ide\u00e1lnou kombin\u00e1ciou odolnosti, pohodlia a\u00a0z\u00e1bavy.<\/p>\n<p style=\"font-weight: 400;\">Chr\u00e1ni\u010de s\u00fa vyroben\u00e9 z\u00a0pevn\u00e9ho materi\u00e1lu, odoln\u00e9 a\u00a0nen\u00e1ro\u010dn\u00e9 na \u00fadr\u017ebu. Maj\u00fa dlh\u00fa \u017eivotnos\u0165, s\u00fa ve\u013emi pohodln\u00e9 na nosenie. S\u00fa pru\u017en\u00e9 a\u00a0dokonale dosadaj\u00fa v\u010faka nastavite\u013en\u00fdm remienkom na such\u00fd zips.<\/p>\n<p><span style=\"font-weight: 400;\">Mo\u017eno ich pra\u0165 v\u00a0pr\u00e1\u010dke na 30\u00b0C. V\u00a0z\u00e1ujme udr\u017eania kvality po dlh\u00fa dobu ich v\u0161ak perte pod\u013ea mo\u017enosti \u010do najmenej, odpor\u00fa\u010dame pou\u017e\u00edvanie vrecka na pranie. Nevkladajte do su\u0161i\u010dky. <\/span><\/p>\n","protected":false},"excerpt":{"rendered":"<p>Kentucky Horsewear Sammy Collection chr\u00e1ni\u010d \u0161liach bol navrhnut\u00fd vyslovene pre pon\u00edky a\u00a0shetlandsk\u00e9 pon\u00edky. Poskytuje maxim\u00e1lnu ochranu a\u00a0nev\u0161edn\u00fd dizajn aj pre tie najmen\u0161ie kone. Je praktick\u00fd, \u0161t\u00fdlov\u00fd, vesel\u00fd, je ob\u013e\u00faben\u00fdm k\u00faskom mlad\u0161\u00edch jazdcov. Z\u00a0odoln\u00e9ho materi\u00e1lu, \u013eahko sa o\u0161etruje Bezpe\u010dnostn\u00e9 such\u00e9 zipsy pre dokonal\u00e9 dosadanie S\u00a0vesel\u00fdm vzorom, deti si ho zamiluj\u00fa Vhodn\u00fd na ka\u017edodenn\u00e9 pou\u017e\u00edvanie Anatomick\u00e9 tvarovanie, [&hellip;]<\/p>\n","protected":false},"featured_media":200346,"template":"","meta":{"_acf_changed":false},"product_cat":[75,104],"product_tag":[200,566,3283,184,2589,422,504,3301],"acf":[],"yoast_head":"<!-- This site is optimized with the Yoast SEO plugin v21.4 - https:\/\/yoast.com\/wordpress\/plugins\/seo\/ -->\n<title>Kentucky Sammy Unicorn Glitter chr\u00e1ni\u010d \u0161liach - Spicehorse<\/title>\n<meta name=\"description\" content=\"spicehorse.eu | Kentucky Horsewear Sammy Collection chr\u00e1ni\u010d \u0161liach bol navrhnut\u00fd vyslovene pre pon\u00edky a\u00a0shetlandsk\u00e9 pon\u00edky.\" \/>\n<meta name=\"robots\" content=\"index, follow, max-snippet:-1, max-image-preview:large, max-video-preview:-1\" \/>\n<link rel=\"canonical\" href=\"https:\/\/arak.spicehorse.eu\/termek\/kentucky-sammy-unicorn-glitter-invedo\/\" \/>\n<meta property=\"og:locale\" content=\"sk_SK\" \/>\n<meta property=\"og:type\" content=\"article\" \/>\n<meta property=\"og:title\" content=\"Kentucky Sammy Unicorn Glitter chr\u00e1ni\u010d \u0161liach - Spicehorse\" \/>\n<meta property=\"og:description\" content=\"spicehorse.eu | Kentucky Horsewear Sammy Collection chr\u00e1ni\u010d \u0161liach bol navrhnut\u00fd vyslovene pre pon\u00edky a\u00a0shetlandsk\u00e9 pon\u00edky.\" \/>\n<meta property=\"og:url\" content=\"https:\/\/arak.spicehorse.eu\/termek\/kentucky-sammy-unicorn-glitter-invedo\/\" \/>\n<meta property=\"og:site_name\" content=\"Spicehorse\" \/>\n<meta property=\"article:publisher\" content=\"https:\/\/www.facebook.com\/SPICEHORSE-550385625402457\/\" \/>\n<meta property=\"article:modified_time\" content=\"2025-07-30T10:23:44+00:00\" \/>\n<meta property=\"og:image\" content=\"https:\/\/arak.spicehorse.eu\/wp-content\/uploads\/2025\/07\/6f52e784e6ef3c48236a1a596495eaa790d7f10fded4193aafec718a247e1da3.jpg\" \/>\n\t<meta property=\"og:image:width\" content=\"2048\" \/>\n\t<meta property=\"og:image:height\" content=\"2048\" \/>\n\t<meta property=\"og:image:type\" content=\"image\/jpeg\" \/>\n<meta name=\"twitter:card\" content=\"summary_large_image\" \/>\n<meta name=\"twitter:label1\" content=\"Predpokladan\u00fd \u010das \u010d\u00edtania\" \/>\n\t<meta name=\"twitter:data1\" content=\"1 min\u00fata\" \/>\n<script type=\"application\/ld+json\" class=\"yoast-schema-graph\">{\"@context\":\"https:\/\/schema.org\",\"@graph\":[{\"@type\":\"WebPage\",\"@id\":\"https:\/\/arak.spicehorse.eu\/termek\/kentucky-sammy-unicorn-glitter-invedo\/\",\"url\":\"https:\/\/arak.spicehorse.eu\/termek\/kentucky-sammy-unicorn-glitter-invedo\/\",\"name\":\"Kentucky Sammy Unicorn Glitter chr\u00e1ni\u010d \u0161liach - Spicehorse\",\"isPartOf\":{\"@id\":\"https:\/\/arak.spicehorse.eu\/en\/#website\"},\"datePublished\":\"2025-07-30T10:13:59+00:00\",\"dateModified\":\"2025-07-30T10:23:44+00:00\",\"description\":\"spicehorse.eu | Kentucky Horsewear Sammy Collection chr\u00e1ni\u010d \u0161liach bol navrhnut\u00fd vyslovene pre pon\u00edky a\u00a0shetlandsk\u00e9 pon\u00edky.\",\"breadcrumb\":{\"@id\":\"https:\/\/arak.spicehorse.eu\/termek\/kentucky-sammy-unicorn-glitter-invedo\/#breadcrumb\"},\"inLanguage\":\"sk-SK\",\"potentialAction\":[{\"@type\":\"ReadAction\",\"target\":[\"https:\/\/arak.spicehorse.eu\/termek\/kentucky-sammy-unicorn-glitter-invedo\/\"]}]},{\"@type\":\"BreadcrumbList\",\"@id\":\"https:\/\/arak.spicehorse.eu\/termek\/kentucky-sammy-unicorn-glitter-invedo\/#breadcrumb\",\"itemListElement\":[{\"@type\":\"ListItem\",\"position\":1,\"name\":\"Home\",\"item\":\"https:\/\/arak.spicehorse.eu\/sk\/\"},{\"@type\":\"ListItem\",\"position\":2,\"name\":\"Predaj\u0148a\",\"item\":\"https:\/\/arak.spicehorse.eu\/sk\/predajna\/\"},{\"@type\":\"ListItem\",\"position\":3,\"name\":\"Kentucky Sammy Unicorn Glitter chr\u00e1ni\u010d \u0161liach\"}]},{\"@type\":\"WebSite\",\"@id\":\"https:\/\/arak.spicehorse.eu\/en\/#website\",\"url\":\"https:\/\/arak.spicehorse.eu\/en\/\",\"name\":\"Spicehorse\",\"description\":\"UNDER DEVELOPMENT -\",\"potentialAction\":[{\"@type\":\"SearchAction\",\"target\":{\"@type\":\"EntryPoint\",\"urlTemplate\":\"https:\/\/arak.spicehorse.eu\/en\/?s={search_term_string}\"},\"query-input\":\"required name=search_term_string\"}],\"inLanguage\":\"sk-SK\"}]}<\/script>\n<!-- \/ Yoast SEO plugin. -->","yoast_head_json":{"title":"Kentucky Sammy Unicorn Glitter chr\u00e1ni\u010d \u0161liach - Spicehorse","description":"spicehorse.eu | Kentucky Horsewear Sammy Collection chr\u00e1ni\u010d \u0161liach bol navrhnut\u00fd vyslovene pre pon\u00edky a\u00a0shetlandsk\u00e9 pon\u00edky.","robots":{"index":"index","follow":"follow","max-snippet":"max-snippet:-1","max-image-preview":"max-image-preview:large","max-video-preview":"max-video-preview:-1"},"canonical":"https:\/\/arak.spicehorse.eu\/termek\/kentucky-sammy-unicorn-glitter-invedo\/","og_locale":"sk_SK","og_type":"article","og_title":"Kentucky Sammy Unicorn Glitter chr\u00e1ni\u010d \u0161liach - Spicehorse","og_description":"spicehorse.eu | Kentucky Horsewear Sammy Collection chr\u00e1ni\u010d \u0161liach bol navrhnut\u00fd vyslovene pre pon\u00edky a\u00a0shetlandsk\u00e9 pon\u00edky.","og_url":"https:\/\/arak.spicehorse.eu\/termek\/kentucky-sammy-unicorn-glitter-invedo\/","og_site_name":"Spicehorse","article_publisher":"https:\/\/www.facebook.com\/SPICEHORSE-550385625402457\/","article_modified_time":"2025-07-30T10:23:44+00:00","og_image":[{"width":2048,"height":2048,"url":"https:\/\/arak.spicehorse.eu\/wp-content\/uploads\/2025\/07\/6f52e784e6ef3c48236a1a596495eaa790d7f10fded4193aafec718a247e1da3.jpg","type":"image\/jpeg"}],"twitter_card":"summary_large_image","twitter_misc":{"Predpokladan\u00fd \u010das \u010d\u00edtania":"1 min\u00fata"},"schema":{"@context":"https:\/\/schema.org","@graph":[{"@type":"WebPage","@id":"https:\/\/arak.spicehorse.eu\/termek\/kentucky-sammy-unicorn-glitter-invedo\/","url":"https:\/\/arak.spicehorse.eu\/termek\/kentucky-sammy-unicorn-glitter-invedo\/","name":"Kentucky Sammy Unicorn Glitter chr\u00e1ni\u010d \u0161liach - Spicehorse","isPartOf":{"@id":"https:\/\/arak.spicehorse.eu\/en\/#website"},"datePublished":"2025-07-30T10:13:59+00:00","dateModified":"2025-07-30T10:23:44+00:00","description":"spicehorse.eu | Kentucky Horsewear Sammy Collection chr\u00e1ni\u010d \u0161liach bol navrhnut\u00fd vyslovene pre pon\u00edky a\u00a0shetlandsk\u00e9 pon\u00edky.","breadcrumb":{"@id":"https:\/\/arak.spicehorse.eu\/termek\/kentucky-sammy-unicorn-glitter-invedo\/#breadcrumb"},"inLanguage":"sk-SK","potentialAction":[{"@type":"ReadAction","target":["https:\/\/arak.spicehorse.eu\/termek\/kentucky-sammy-unicorn-glitter-invedo\/"]}]},{"@type":"BreadcrumbList","@id":"https:\/\/arak.spicehorse.eu\/termek\/kentucky-sammy-unicorn-glitter-invedo\/#breadcrumb","itemListElement":[{"@type":"ListItem","position":1,"name":"Home","item":"https:\/\/arak.spicehorse.eu\/sk\/"},{"@type":"ListItem","position":2,"name":"Predaj\u0148a","item":"https:\/\/arak.spicehorse.eu\/sk\/predajna\/"},{"@type":"ListItem","position":3,"name":"Kentucky Sammy Unicorn Glitter chr\u00e1ni\u010d \u0161liach"}]},{"@type":"WebSite","@id":"https:\/\/arak.spicehorse.eu\/en\/#website","url":"https:\/\/arak.spicehorse.eu\/en\/","name":"Spicehorse","description":"UNDER DEVELOPMENT -","potentialAction":[{"@type":"SearchAction","target":{"@type":"EntryPoint","urlTemplate":"https:\/\/arak.spicehorse.eu\/en\/?s={search_term_string}"},"query-input":"required name=search_term_string"}],"inLanguage":"sk-SK"}]}},"_links":{"self":[{"href":"https:\/\/arak.spicehorse.eu\/sk\/wp-json\/wp\/v2\/product\/200343"}],"collection":[{"href":"https:\/\/arak.spicehorse.eu\/sk\/wp-json\/wp\/v2\/product"}],"about":[{"href":"https:\/\/arak.spicehorse.eu\/sk\/wp-json\/wp\/v2\/types\/product"}],"wp:featuredmedia":[{"embeddable":true,"href":"https:\/\/arak.spicehorse.eu\/sk\/wp-json\/wp\/v2\/media\/200346"}],"wp:attachment":[{"href":"https:\/\/arak.spicehorse.eu\/sk\/wp-json\/wp\/v2\/media?parent=200343"}],"wp:term":[{"taxonomy":"product_cat","embeddable":true,"href":"https:\/\/arak.spicehorse.eu\/sk\/wp-json\/wp\/v2\/product_cat?post=200343"},{"taxonomy":"product_tag","embeddable":true,"href":"https:\/\/arak.spicehorse.eu\/sk\/wp-json\/wp\/v2\/product_tag?post=200343"}],"curies":[{"name":"wp","href":"https:\/\/api.w.org\/{rel}","templated":true}]}}