{"id":200861,"date":"2025-08-01T16:59:36","date_gmt":"2025-08-01T14:59:40","guid":{"rendered":"https:\/\/arak.spicehorse.eu\/?post_type=product&#038;p=200861"},"modified":"2025-08-01T20:10:46","modified_gmt":"2025-08-01T18:10:46","slug":"winderen-transportni-deka-pro-kone","status":"publish","type":"product","link":"https:\/\/arak.spicehorse.eu\/sk\/produkt\/winderen-transportni-deka-pro-kone\/","title":{"rendered":"Winderen Transportn\u00ed deka pro kon\u011b"},"content":{"rendered":"<p>Transportn\u00ed deka Winderen je modern\u00edm \u0159e\u0161en\u00edm, kter\u00e9 je navr\u017eeno s ohledem na pot\u0159eby kon\u00ed a jejich majitel\u016f, zejm\u00e9na b\u011bhem p\u0159epravy. Jej\u00ed inovativn\u00ed design chr\u00e1n\u00ed z\u00e1da kon\u011b p\u0159ed v\u011btrem a z\u00e1rove\u0148 zaji\u0161\u0165uje optim\u00e1ln\u00ed ventilaci, aby nedo\u0161lo k p\u0159eh\u0159\u00e1t\u00ed. Je ide\u00e1ln\u00ed pro cestov\u00e1n\u00ed a z\u00e1rove\u0148 poskytuje pohodl\u00ed i ve st\u00e1j\u00edch b\u011bhem chladn\u011bj\u0161\u00edch letn\u00edch dn\u016f.<\/p>\n<p>V\u00fdjime\u010dn\u00e9 vlastnosti transportn\u00ed deky Winderen zaji\u0161\u0165uj\u00ed kon\u00edm maxim\u00e1ln\u00ed pohodl\u00ed b\u011bhem cestov\u00e1n\u00ed. Vrchn\u00ed softshellov\u00e1 vrstva dokonale chr\u00e1n\u00ed p\u0159ed v\u011btrem a poskytuje vynikaj\u00edc\u00ed tepelnou izolaci.<\/p>\n<p>Boky deky jsou vybaveny extr\u00e9mn\u011b odolnou s\u00ed\u0165ovinou, kter\u00e1 zabra\u0148uje p\u0159eh\u0159\u00e1t\u00ed va\u0161eho kon\u011b b\u011bhem p\u0159epravy. Vl\u00e1kna jsou vysoce odoln\u00e1 v\u016f\u010di mechanick\u00e9mu po\u0161kozen\u00ed.<\/p>\n<p>To nen\u00ed v\u0161e \u2013 celou oblast kohoutku jsme pod\u0161ili m\u011bkkou a pohodlnou ko\u017ee\u0161inou, kter\u00e1 v\u00fdznamn\u011b zabra\u0148uje od\u00edr\u00e1n\u00ed.<\/p>\n<p>Softshellov\u00e1 vrstva transportn\u00ed deky Winderen je navr\u017eena tak, aby se k jej\u00ed povrchu nelepily piliny a sl\u00e1ma, co\u017e v\u00fdrazn\u011b usnad\u0148uje jej\u00ed \u00fadr\u017ebu.<\/p>\n<p>Deka je tak\u00e9 vybavena nastaviteln\u00fdmi popruhy pod b\u0159ichem, zakon\u010den\u00fdmi praktick\u00fdmi p\u0159ezkami. Je mimo\u0159\u00e1dn\u011b lehk\u00e1 a po slo\u017een\u00ed zab\u00edr\u00e1 velmi m\u00e1lo m\u00edsta.<\/p>\n<p>St\u0159ih transportn\u00ed deky Winderen je navr\u017een tak, aby se snadno p\u0159izp\u016fsobil p\u0159irozen\u00fdm k\u0159ivk\u00e1m zad kon\u011b, co\u017e zaji\u0161\u0165uje pohodln\u00e9 a snadn\u00e9 no\u0161en\u00ed.<\/p>\n<p>N\u00e1\u0161 vlastn\u00ed syst\u00e9m zap\u00edn\u00e1n\u00ed na hrudi umo\u017e\u0148uje velmi jednoduch\u00e9 nastaven\u00ed deky pro kon\u011b s r\u016fzn\u00fdmi t\u011blesn\u00fdmi stavbami. Toto \u0159e\u0161en\u00ed poskytuje maxim\u00e1ln\u00ed pohodl\u00ed pro kon\u011b s r\u016fznou tlou\u0161\u0165kou krku a \u0161\u00ed\u0159kou hrudn\u00edku.<\/p>\n<p>Deka Winderen kombinuje pohodl\u00ed s jednoduchou \u00fadr\u017ebou. Lze ji pr\u00e1t v pra\u010dce na 30\u00b0C s pou\u017eit\u00edm detergent\u016f ur\u010den\u00fdch pro nepromokav\u00e9 tkaniny s membr\u00e1nou.<\/p>\n<p>Praktick\u00fd, odn\u00edmateln\u00fd ocasn\u00ed popruh se silikonov\u00fdm krytem zaji\u0161\u0165uje pohodl\u00ed a snadnou \u00fadr\u017ebu.<\/p>\n","protected":false},"excerpt":{"rendered":"<ul>\n<li>Perfektn\u00ed pro p\u0159epravu kon\u00ed<\/li>\n<li>Chr\u00e1n\u00ed z\u00e1da kon\u011b p\u0159ed v\u011btrem<\/li>\n<li>Prody\u0161n\u00e1 s\u00ed\u0165ovina zabra\u0148uje p\u0159eh\u0159\u00e1t\u00ed<\/li>\n<\/ul>\n","protected":false},"featured_media":200867,"template":"","meta":{"_acf_changed":false},"product_cat":[75,99],"product_tag":[499,338,1591],"acf":[],"yoast_head":"<!-- This site is optimized with the Yoast SEO plugin v21.4 - https:\/\/yoast.com\/wordpress\/plugins\/seo\/ -->\n<title>Winderen Transportn\u00ed deka pro kon\u011b - Spicehorse<\/title>\n<meta name=\"description\" content=\"spicehorse.eu | Transportn\u00ed deka Winderen je modern\u00edm \u0159e\u0161en\u00edm, kter\u00e9 je navr\u017eeno s ohledem na pot\u0159eby kon\u00ed a jejich majitel\u016f, zejm\u00e9na b\u011bhem p\u0159epravy.\" \/>\n<meta name=\"robots\" content=\"index, follow, max-snippet:-1, max-image-preview:large, max-video-preview:-1\" \/>\n<link rel=\"canonical\" href=\"https:\/\/arak.spicehorse.eu\/sk\/produkt\/winderen-transportni-deka-pro-kone\/\" \/>\n<meta property=\"og:locale\" content=\"sk_SK\" \/>\n<meta property=\"og:type\" content=\"article\" \/>\n<meta property=\"og:title\" content=\"Winderen Transportn\u00ed deka pro kon\u011b - Spicehorse\" \/>\n<meta property=\"og:description\" content=\"spicehorse.eu | Transportn\u00ed deka Winderen je modern\u00edm \u0159e\u0161en\u00edm, kter\u00e9 je navr\u017eeno s ohledem na pot\u0159eby kon\u00ed a jejich majitel\u016f, zejm\u00e9na b\u011bhem p\u0159epravy.\" \/>\n<meta property=\"og:url\" content=\"https:\/\/arak.spicehorse.eu\/sk\/produkt\/winderen-transportni-deka-pro-kone\/\" \/>\n<meta property=\"og:site_name\" content=\"Spicehorse\" \/>\n<meta property=\"article:publisher\" content=\"https:\/\/www.facebook.com\/SPICEHORSE-550385625402457\/\" \/>\n<meta property=\"article:modified_time\" content=\"2025-08-01T18:10:46+00:00\" \/>\n<meta property=\"og:image\" content=\"https:\/\/arak.spicehorse.eu\/wp-content\/uploads\/2025\/08\/2876b.jpg\" \/>\n\t<meta property=\"og:image:width\" content=\"900\" \/>\n\t<meta property=\"og:image:height\" content=\"900\" \/>\n\t<meta property=\"og:image:type\" content=\"image\/jpeg\" \/>\n<meta name=\"twitter:card\" content=\"summary_large_image\" \/>\n<meta name=\"twitter:label1\" content=\"Predpokladan\u00fd \u010das \u010d\u00edtania\" \/>\n\t<meta name=\"twitter:data1\" content=\"2 min\u00faty\" \/>\n<script type=\"application\/ld+json\" class=\"yoast-schema-graph\">{\"@context\":\"https:\/\/schema.org\",\"@graph\":[{\"@type\":\"WebPage\",\"@id\":\"https:\/\/arak.spicehorse.eu\/sk\/produkt\/winderen-transportni-deka-pro-kone\/\",\"url\":\"https:\/\/arak.spicehorse.eu\/sk\/produkt\/winderen-transportni-deka-pro-kone\/\",\"name\":\"Winderen Transportn\u00ed deka pro kon\u011b - Spicehorse\",\"isPartOf\":{\"@id\":\"https:\/\/arak.spicehorse.eu\/en\/#website\"},\"datePublished\":\"2025-08-01T14:59:40+00:00\",\"dateModified\":\"2025-08-01T18:10:46+00:00\",\"description\":\"spicehorse.eu | Transportn\u00ed deka Winderen je modern\u00edm \u0159e\u0161en\u00edm, kter\u00e9 je navr\u017eeno s ohledem na pot\u0159eby kon\u00ed a jejich majitel\u016f, zejm\u00e9na b\u011bhem p\u0159epravy.\",\"breadcrumb\":{\"@id\":\"https:\/\/arak.spicehorse.eu\/sk\/produkt\/winderen-transportni-deka-pro-kone\/#breadcrumb\"},\"inLanguage\":\"sk-SK\",\"potentialAction\":[{\"@type\":\"ReadAction\",\"target\":[\"https:\/\/arak.spicehorse.eu\/sk\/produkt\/winderen-transportni-deka-pro-kone\/\"]}]},{\"@type\":\"BreadcrumbList\",\"@id\":\"https:\/\/arak.spicehorse.eu\/sk\/produkt\/winderen-transportni-deka-pro-kone\/#breadcrumb\",\"itemListElement\":[{\"@type\":\"ListItem\",\"position\":1,\"name\":\"Home\",\"item\":\"https:\/\/arak.spicehorse.eu\/sk\/\"},{\"@type\":\"ListItem\",\"position\":2,\"name\":\"Predaj\u0148a\",\"item\":\"https:\/\/arak.spicehorse.eu\/sk\/predajna\/\"},{\"@type\":\"ListItem\",\"position\":3,\"name\":\"Winderen Transportn\u00ed deka pro kon\u011b\"}]},{\"@type\":\"WebSite\",\"@id\":\"https:\/\/arak.spicehorse.eu\/en\/#website\",\"url\":\"https:\/\/arak.spicehorse.eu\/en\/\",\"name\":\"Spicehorse\",\"description\":\"UNDER DEVELOPMENT -\",\"potentialAction\":[{\"@type\":\"SearchAction\",\"target\":{\"@type\":\"EntryPoint\",\"urlTemplate\":\"https:\/\/arak.spicehorse.eu\/en\/?s={search_term_string}\"},\"query-input\":\"required name=search_term_string\"}],\"inLanguage\":\"sk-SK\"}]}<\/script>\n<!-- \/ Yoast SEO plugin. -->","yoast_head_json":{"title":"Winderen Transportn\u00ed deka pro kon\u011b - Spicehorse","description":"spicehorse.eu | Transportn\u00ed deka Winderen je modern\u00edm \u0159e\u0161en\u00edm, kter\u00e9 je navr\u017eeno s ohledem na pot\u0159eby kon\u00ed a jejich majitel\u016f, zejm\u00e9na b\u011bhem p\u0159epravy.","robots":{"index":"index","follow":"follow","max-snippet":"max-snippet:-1","max-image-preview":"max-image-preview:large","max-video-preview":"max-video-preview:-1"},"canonical":"https:\/\/arak.spicehorse.eu\/sk\/produkt\/winderen-transportni-deka-pro-kone\/","og_locale":"sk_SK","og_type":"article","og_title":"Winderen Transportn\u00ed deka pro kon\u011b - Spicehorse","og_description":"spicehorse.eu | Transportn\u00ed deka Winderen je modern\u00edm \u0159e\u0161en\u00edm, kter\u00e9 je navr\u017eeno s ohledem na pot\u0159eby kon\u00ed a jejich majitel\u016f, zejm\u00e9na b\u011bhem p\u0159epravy.","og_url":"https:\/\/arak.spicehorse.eu\/sk\/produkt\/winderen-transportni-deka-pro-kone\/","og_site_name":"Spicehorse","article_publisher":"https:\/\/www.facebook.com\/SPICEHORSE-550385625402457\/","article_modified_time":"2025-08-01T18:10:46+00:00","og_image":[{"width":900,"height":900,"url":"https:\/\/arak.spicehorse.eu\/wp-content\/uploads\/2025\/08\/2876b.jpg","type":"image\/jpeg"}],"twitter_card":"summary_large_image","twitter_misc":{"Predpokladan\u00fd \u010das \u010d\u00edtania":"2 min\u00faty"},"schema":{"@context":"https:\/\/schema.org","@graph":[{"@type":"WebPage","@id":"https:\/\/arak.spicehorse.eu\/sk\/produkt\/winderen-transportni-deka-pro-kone\/","url":"https:\/\/arak.spicehorse.eu\/sk\/produkt\/winderen-transportni-deka-pro-kone\/","name":"Winderen Transportn\u00ed deka pro kon\u011b - Spicehorse","isPartOf":{"@id":"https:\/\/arak.spicehorse.eu\/en\/#website"},"datePublished":"2025-08-01T14:59:40+00:00","dateModified":"2025-08-01T18:10:46+00:00","description":"spicehorse.eu | Transportn\u00ed deka Winderen je modern\u00edm \u0159e\u0161en\u00edm, kter\u00e9 je navr\u017eeno s ohledem na pot\u0159eby kon\u00ed a jejich majitel\u016f, zejm\u00e9na b\u011bhem p\u0159epravy.","breadcrumb":{"@id":"https:\/\/arak.spicehorse.eu\/sk\/produkt\/winderen-transportni-deka-pro-kone\/#breadcrumb"},"inLanguage":"sk-SK","potentialAction":[{"@type":"ReadAction","target":["https:\/\/arak.spicehorse.eu\/sk\/produkt\/winderen-transportni-deka-pro-kone\/"]}]},{"@type":"BreadcrumbList","@id":"https:\/\/arak.spicehorse.eu\/sk\/produkt\/winderen-transportni-deka-pro-kone\/#breadcrumb","itemListElement":[{"@type":"ListItem","position":1,"name":"Home","item":"https:\/\/arak.spicehorse.eu\/sk\/"},{"@type":"ListItem","position":2,"name":"Predaj\u0148a","item":"https:\/\/arak.spicehorse.eu\/sk\/predajna\/"},{"@type":"ListItem","position":3,"name":"Winderen Transportn\u00ed deka pro kon\u011b"}]},{"@type":"WebSite","@id":"https:\/\/arak.spicehorse.eu\/en\/#website","url":"https:\/\/arak.spicehorse.eu\/en\/","name":"Spicehorse","description":"UNDER DEVELOPMENT -","potentialAction":[{"@type":"SearchAction","target":{"@type":"EntryPoint","urlTemplate":"https:\/\/arak.spicehorse.eu\/en\/?s={search_term_string}"},"query-input":"required name=search_term_string"}],"inLanguage":"sk-SK"}]}},"_links":{"self":[{"href":"https:\/\/arak.spicehorse.eu\/sk\/wp-json\/wp\/v2\/product\/200861"}],"collection":[{"href":"https:\/\/arak.spicehorse.eu\/sk\/wp-json\/wp\/v2\/product"}],"about":[{"href":"https:\/\/arak.spicehorse.eu\/sk\/wp-json\/wp\/v2\/types\/product"}],"wp:featuredmedia":[{"embeddable":true,"href":"https:\/\/arak.spicehorse.eu\/sk\/wp-json\/wp\/v2\/media\/200867"}],"wp:attachment":[{"href":"https:\/\/arak.spicehorse.eu\/sk\/wp-json\/wp\/v2\/media?parent=200861"}],"wp:term":[{"taxonomy":"product_cat","embeddable":true,"href":"https:\/\/arak.spicehorse.eu\/sk\/wp-json\/wp\/v2\/product_cat?post=200861"},{"taxonomy":"product_tag","embeddable":true,"href":"https:\/\/arak.spicehorse.eu\/sk\/wp-json\/wp\/v2\/product_tag?post=200861"}],"curies":[{"name":"wp","href":"https:\/\/api.w.org\/{rel}","templated":true}]}}