{"id":201039,"date":"2025-08-02T11:18:02","date_gmt":"2025-08-02T09:18:03","guid":{"rendered":"https:\/\/arak.spicehorse.eu\/?post_type=product&#038;p=201039"},"modified":"2025-08-02T11:47:47","modified_gmt":"2025-08-02T09:47:47","slug":"winderen-softshell-thermo-clear-odnimatelny-krk-pro-deku-pro-kone","status":"publish","type":"product","link":"https:\/\/arak.spicehorse.eu\/sk\/produkt\/winderen-softshell-thermo-clear-odnimatelny-krk-pro-deku-pro-kone\/","title":{"rendered":"Winderen softshell Thermo Clear odn\u00edmateln\u00fd krk pro deku pro kon\u011b"},"content":{"rendered":"<p>Softshellov\u00e1 deka Winderen je dopln\u011bna anatomick\u00fdm, vod\u011bodoln\u00fdm a v\u011btruodoln\u00fdm krkem, kter\u00fd se zap\u00edn\u00e1 na zip.<\/p>\n<p>Jeho design byl pe\u010dliv\u011b navr\u017een \u2013 spodn\u00ed \u010d\u00e1st je velmi \u0161irok\u00e1 a sah\u00e1 a\u017e k ramen\u016fm kon\u011b, zat\u00edmco horn\u00ed \u010d\u00e1st m\u00e1 gumu pod\u0161itou m\u011bkkou ko\u017ee\u0161inou, aby se p\u0159i pohybu nesesouvala. Krk je pod\u00e9l h\u0159\u00edvy pod\u0161it\u00fd ko\u017ee\u0161inou, kter\u00e1 minimalizuje riziko od\u00edr\u00e1n\u00ed.<\/p>\n<div class=\"col-6 col-12-sm pull-6\">\n<p>Pro zaji\u0161t\u011bn\u00ed maxim\u00e1ln\u00ed stability jsme p\u0159idali zap\u00edn\u00e1n\u00ed na such\u00fd zip, kter\u00e9 lze p\u0159ipevnit k uzde\u010dce nebo ohl\u00e1vce, co\u017e umo\u017e\u0148uje pou\u017eit\u00ed krku i b\u011bhem j\u00edzdy.<\/p>\n<p>Tento set poskytne va\u0161emu koni optim\u00e1ln\u00ed ochranu p\u0159ed v\u011btrem a de\u0161t\u011bm.<\/p>\n<\/div>\n","protected":false},"excerpt":{"rendered":"<p>Softshellov\u00e1 deka Winderen je dopln\u011bna anatomick\u00fdm, vod\u011bodoln\u00fdm a v\u011btruodoln\u00fdm krkem, kter\u00fd se zap\u00edn\u00e1 na zip. Jeho design byl pe\u010dliv\u011b navr\u017een \u2013 spodn\u00ed \u010d\u00e1st je velmi \u0161irok\u00e1 a sah\u00e1 a\u017e k ramen\u016fm kon\u011b, zat\u00edmco horn\u00ed \u010d\u00e1st m\u00e1 gumu pod\u0161itou m\u011bkkou ko\u017ee\u0161inou, aby se p\u0159i pohybu nesesouvala. Krk je pod\u00e9l h\u0159\u00edvy pod\u0161it\u00fd ko\u017ee\u0161inou, kter\u00e1 minimalizuje riziko od\u00edr\u00e1n\u00ed. [&hellip;]<\/p>\n","protected":false},"featured_media":201042,"template":"","meta":{"_acf_changed":false},"product_cat":[75,99],"product_tag":[135,3310,1591],"acf":[],"yoast_head":"<!-- This site is optimized with the Yoast SEO plugin v21.4 - https:\/\/yoast.com\/wordpress\/plugins\/seo\/ -->\n<title>Winderen softshell Thermo Clear odn\u00edmateln\u00fd krk pro deku pro kon\u011b - Spicehorse<\/title>\n<meta name=\"description\" content=\"spicehorse.eu | Softshellov\u00e1 deka Winderen je dopln\u011bna anatomick\u00fdm, vod\u011bodoln\u00fdm a v\u011btruodoln\u00fdm krkem, kter\u00fd se zap\u00edn\u00e1 na zip.\" \/>\n<meta name=\"robots\" content=\"index, follow, max-snippet:-1, max-image-preview:large, max-video-preview:-1\" \/>\n<link rel=\"canonical\" href=\"https:\/\/arak.spicehorse.eu\/termek\/winderen-softshell-thermo-clear-nyakresz\/\" \/>\n<meta property=\"og:locale\" content=\"sk_SK\" \/>\n<meta property=\"og:type\" content=\"article\" \/>\n<meta property=\"og:title\" content=\"Winderen softshell Thermo Clear odn\u00edmateln\u00fd krk pro deku pro kon\u011b - Spicehorse\" \/>\n<meta property=\"og:description\" content=\"spicehorse.eu | Softshellov\u00e1 deka Winderen je dopln\u011bna anatomick\u00fdm, vod\u011bodoln\u00fdm a v\u011btruodoln\u00fdm krkem, kter\u00fd se zap\u00edn\u00e1 na zip.\" \/>\n<meta property=\"og:url\" content=\"https:\/\/arak.spicehorse.eu\/termek\/winderen-softshell-thermo-clear-nyakresz\/\" \/>\n<meta property=\"og:site_name\" content=\"Spicehorse\" \/>\n<meta property=\"article:publisher\" content=\"https:\/\/www.facebook.com\/SPICEHORSE-550385625402457\/\" \/>\n<meta property=\"article:modified_time\" content=\"2025-08-02T09:47:47+00:00\" \/>\n<meta property=\"og:image\" content=\"https:\/\/arak.spicehorse.eu\/wp-content\/uploads\/2025\/08\/3057b.jpg\" \/>\n\t<meta property=\"og:image:width\" content=\"900\" \/>\n\t<meta property=\"og:image:height\" content=\"900\" \/>\n\t<meta property=\"og:image:type\" content=\"image\/jpeg\" \/>\n<meta name=\"twitter:card\" content=\"summary_large_image\" \/>\n<meta name=\"twitter:label1\" content=\"Predpokladan\u00fd \u010das \u010d\u00edtania\" \/>\n\t<meta name=\"twitter:data1\" content=\"1 min\u00fata\" \/>\n<script type=\"application\/ld+json\" class=\"yoast-schema-graph\">{\"@context\":\"https:\/\/schema.org\",\"@graph\":[{\"@type\":\"WebPage\",\"@id\":\"https:\/\/arak.spicehorse.eu\/termek\/winderen-softshell-thermo-clear-nyakresz\/\",\"url\":\"https:\/\/arak.spicehorse.eu\/termek\/winderen-softshell-thermo-clear-nyakresz\/\",\"name\":\"Winderen softshell Thermo Clear odn\u00edmateln\u00fd krk pro deku pro kon\u011b - Spicehorse\",\"isPartOf\":{\"@id\":\"https:\/\/arak.spicehorse.eu\/en\/#website\"},\"datePublished\":\"2025-08-02T09:18:03+00:00\",\"dateModified\":\"2025-08-02T09:47:47+00:00\",\"description\":\"spicehorse.eu | Softshellov\u00e1 deka Winderen je dopln\u011bna anatomick\u00fdm, vod\u011bodoln\u00fdm a v\u011btruodoln\u00fdm krkem, kter\u00fd se zap\u00edn\u00e1 na zip.\",\"breadcrumb\":{\"@id\":\"https:\/\/arak.spicehorse.eu\/termek\/winderen-softshell-thermo-clear-nyakresz\/#breadcrumb\"},\"inLanguage\":\"sk-SK\",\"potentialAction\":[{\"@type\":\"ReadAction\",\"target\":[\"https:\/\/arak.spicehorse.eu\/termek\/winderen-softshell-thermo-clear-nyakresz\/\"]}]},{\"@type\":\"BreadcrumbList\",\"@id\":\"https:\/\/arak.spicehorse.eu\/termek\/winderen-softshell-thermo-clear-nyakresz\/#breadcrumb\",\"itemListElement\":[{\"@type\":\"ListItem\",\"position\":1,\"name\":\"Home\",\"item\":\"https:\/\/arak.spicehorse.eu\/sk\/\"},{\"@type\":\"ListItem\",\"position\":2,\"name\":\"Predaj\u0148a\",\"item\":\"https:\/\/arak.spicehorse.eu\/sk\/predajna\/\"},{\"@type\":\"ListItem\",\"position\":3,\"name\":\"Winderen softshell Thermo Clear odn\u00edmateln\u00fd krk pro deku pro kon\u011b\"}]},{\"@type\":\"WebSite\",\"@id\":\"https:\/\/arak.spicehorse.eu\/en\/#website\",\"url\":\"https:\/\/arak.spicehorse.eu\/en\/\",\"name\":\"Spicehorse\",\"description\":\"UNDER DEVELOPMENT -\",\"potentialAction\":[{\"@type\":\"SearchAction\",\"target\":{\"@type\":\"EntryPoint\",\"urlTemplate\":\"https:\/\/arak.spicehorse.eu\/en\/?s={search_term_string}\"},\"query-input\":\"required name=search_term_string\"}],\"inLanguage\":\"sk-SK\"}]}<\/script>\n<!-- \/ Yoast SEO plugin. -->","yoast_head_json":{"title":"Winderen softshell Thermo Clear odn\u00edmateln\u00fd krk pro deku pro kon\u011b - Spicehorse","description":"spicehorse.eu | Softshellov\u00e1 deka Winderen je dopln\u011bna anatomick\u00fdm, vod\u011bodoln\u00fdm a v\u011btruodoln\u00fdm krkem, kter\u00fd se zap\u00edn\u00e1 na zip.","robots":{"index":"index","follow":"follow","max-snippet":"max-snippet:-1","max-image-preview":"max-image-preview:large","max-video-preview":"max-video-preview:-1"},"canonical":"https:\/\/arak.spicehorse.eu\/termek\/winderen-softshell-thermo-clear-nyakresz\/","og_locale":"sk_SK","og_type":"article","og_title":"Winderen softshell Thermo Clear odn\u00edmateln\u00fd krk pro deku pro kon\u011b - Spicehorse","og_description":"spicehorse.eu | Softshellov\u00e1 deka Winderen je dopln\u011bna anatomick\u00fdm, vod\u011bodoln\u00fdm a v\u011btruodoln\u00fdm krkem, kter\u00fd se zap\u00edn\u00e1 na zip.","og_url":"https:\/\/arak.spicehorse.eu\/termek\/winderen-softshell-thermo-clear-nyakresz\/","og_site_name":"Spicehorse","article_publisher":"https:\/\/www.facebook.com\/SPICEHORSE-550385625402457\/","article_modified_time":"2025-08-02T09:47:47+00:00","og_image":[{"width":900,"height":900,"url":"https:\/\/arak.spicehorse.eu\/wp-content\/uploads\/2025\/08\/3057b.jpg","type":"image\/jpeg"}],"twitter_card":"summary_large_image","twitter_misc":{"Predpokladan\u00fd \u010das \u010d\u00edtania":"1 min\u00fata"},"schema":{"@context":"https:\/\/schema.org","@graph":[{"@type":"WebPage","@id":"https:\/\/arak.spicehorse.eu\/termek\/winderen-softshell-thermo-clear-nyakresz\/","url":"https:\/\/arak.spicehorse.eu\/termek\/winderen-softshell-thermo-clear-nyakresz\/","name":"Winderen softshell Thermo Clear odn\u00edmateln\u00fd krk pro deku pro kon\u011b - Spicehorse","isPartOf":{"@id":"https:\/\/arak.spicehorse.eu\/en\/#website"},"datePublished":"2025-08-02T09:18:03+00:00","dateModified":"2025-08-02T09:47:47+00:00","description":"spicehorse.eu | Softshellov\u00e1 deka Winderen je dopln\u011bna anatomick\u00fdm, vod\u011bodoln\u00fdm a v\u011btruodoln\u00fdm krkem, kter\u00fd se zap\u00edn\u00e1 na zip.","breadcrumb":{"@id":"https:\/\/arak.spicehorse.eu\/termek\/winderen-softshell-thermo-clear-nyakresz\/#breadcrumb"},"inLanguage":"sk-SK","potentialAction":[{"@type":"ReadAction","target":["https:\/\/arak.spicehorse.eu\/termek\/winderen-softshell-thermo-clear-nyakresz\/"]}]},{"@type":"BreadcrumbList","@id":"https:\/\/arak.spicehorse.eu\/termek\/winderen-softshell-thermo-clear-nyakresz\/#breadcrumb","itemListElement":[{"@type":"ListItem","position":1,"name":"Home","item":"https:\/\/arak.spicehorse.eu\/sk\/"},{"@type":"ListItem","position":2,"name":"Predaj\u0148a","item":"https:\/\/arak.spicehorse.eu\/sk\/predajna\/"},{"@type":"ListItem","position":3,"name":"Winderen softshell Thermo Clear odn\u00edmateln\u00fd krk pro deku pro kon\u011b"}]},{"@type":"WebSite","@id":"https:\/\/arak.spicehorse.eu\/en\/#website","url":"https:\/\/arak.spicehorse.eu\/en\/","name":"Spicehorse","description":"UNDER DEVELOPMENT -","potentialAction":[{"@type":"SearchAction","target":{"@type":"EntryPoint","urlTemplate":"https:\/\/arak.spicehorse.eu\/en\/?s={search_term_string}"},"query-input":"required name=search_term_string"}],"inLanguage":"sk-SK"}]}},"_links":{"self":[{"href":"https:\/\/arak.spicehorse.eu\/sk\/wp-json\/wp\/v2\/product\/201039"}],"collection":[{"href":"https:\/\/arak.spicehorse.eu\/sk\/wp-json\/wp\/v2\/product"}],"about":[{"href":"https:\/\/arak.spicehorse.eu\/sk\/wp-json\/wp\/v2\/types\/product"}],"wp:featuredmedia":[{"embeddable":true,"href":"https:\/\/arak.spicehorse.eu\/sk\/wp-json\/wp\/v2\/media\/201042"}],"wp:attachment":[{"href":"https:\/\/arak.spicehorse.eu\/sk\/wp-json\/wp\/v2\/media?parent=201039"}],"wp:term":[{"taxonomy":"product_cat","embeddable":true,"href":"https:\/\/arak.spicehorse.eu\/sk\/wp-json\/wp\/v2\/product_cat?post=201039"},{"taxonomy":"product_tag","embeddable":true,"href":"https:\/\/arak.spicehorse.eu\/sk\/wp-json\/wp\/v2\/product_tag?post=201039"}],"curies":[{"name":"wp","href":"https:\/\/api.w.org\/{rel}","templated":true}]}}