{"id":201571,"date":"2025-08-09T09:20:47","date_gmt":"2025-08-09T07:20:51","guid":{"rendered":"https:\/\/arak.spicehorse.eu\/?post_type=product&#038;p=201571"},"modified":"2025-08-23T22:13:44","modified_gmt":"2025-08-23T20:13:44","slug":"grooming-deluxe-recovering-chladivy-gel","status":"publish","type":"product","link":"https:\/\/arak.spicehorse.eu\/sk\/produkt\/grooming-deluxe-recovering-chladivy-gel\/","title":{"rendered":"Grooming Deluxe Recovering chladiv\u00fd g\u00e9l"},"content":{"rendered":"<div>\n<p><span lang=\"SK\">Tento Grooming Deluxe chladiv\u00fd g\u00e9l je mnohostrann\u00fd g\u00e9l na o\u0161etrovanie, ktor\u00fd bol navrhnut\u00fd za \u00fa\u010delom cielene upokojova\u0165 a\u00a0podporova\u0165 svaly a\u00a0\u0161\u013eachy po fyzickej aktivite. Je vhodn\u00fd aj pre kone, tento g\u00e9l obsahuje jedine\u010dn\u00fa formulu s\u00a0dvojit\u00fdm\u00a0 \u00fa\u010dinkom: najsk\u00f4r chlad\u00ed, aby sa zn\u00ed\u017eili nepr\u00edjemnosti, n\u00e1sledne hreje, aby uvo\u013enil a\u00a0upokojil unaven\u00e9 svaly.<\/span><\/p>\n<\/div>\n<div>\n<p><span lang=\"SK\">Popri o\u0161etrovan\u00ed svalov je g\u00e9l mimoriadne \u00fa\u010dinn\u00fd aj v\u00a0pr\u00edpade u\u0161tipnutia hmyzom, o\u0161etruje a\u00a0upokojuje poko\u017eku.\u00a0 <\/span><\/p>\n<\/div>\n<div>\n<p><span lang=\"SK\">Formula obsahuj\u00faca pr\u00edrodn\u00e9 zlo\u017eky ako napr\u00edklad m\u00e4tu, paga\u0161tan a\u00a0arniku podporuje krvn\u00fd obeh a\u00a0relax\u00e1ciu, ako aj v\u0161eobecn\u00fa regener\u00e1ciu, preto je nepostr\u00e1date\u013enou s\u00fa\u010das\u0165ou ka\u017ed\u00e9ho bal\u00ed\u010dka na o\u0161etrovanie alebo prv\u00fa pomoc.\u00a0 \u00a0<\/span><\/p>\n<\/div>\n<div>\n<p><span lang=\"SK\">Naneste hrub\u00fa vrstvu g\u00e9lu Grooming Deluxe Recovering na nohu ko\u0148a, alebo na povrch, ktor\u00fd je potrebn\u00e9 o\u0161etri\u0165. V\u00a0z\u00e1ujme zv\u00fd\u0161enia \u00fa\u010dinku zakryte miesto obv\u00e4zom pre spomalenie schnutia a\u00a0zv\u00fd\u0161enie absorpcie g\u00e9lu. G\u00e9l nenan\u00e1\u0161ajte na otvoren\u00e9 rany alebo po\u0161koden\u00fa poko\u017eku.<\/span><\/p>\n<\/div>\n<div>\n<p><span lang=\"SK\">V\u00a0z\u00e1ujme dlhodob\u00e9ho uchovania \u00fa\u010dinku skladujte na suchom mieste mimo dosahu priamych slne\u010dn\u00fdch l\u00fa\u010dov. Je nepotr\u00e1date\u013en\u00fdm doplnkom pre regener\u00e1ciu po tr\u00e9ningu, na uvo\u013enenie svalov a\u00a0o\u0161etrenie poko\u017eky- zabezpe\u010duj\u00fac t\u00fdm pohodlie a\u00a0dobr\u00fd pocit v\u00e1\u0161ho ko\u0148a. <\/span><\/p>\n<\/div>\n","protected":false},"excerpt":{"rendered":"<ul style=\"font-weight: 400;\">\n<li>S chladiv\u00fdm, upokojuj\u00facim a\u00a0n\u00e1sledne hrejiv\u00fdm \u00fa\u010dinkom na svaly a\u00a0\u0161\u013eachy.<\/li>\n<li>Ur\u00fdch\u013euje regener\u00e1ciu po fyzickej aktivite.<\/li>\n<li>O\u0161etruje a\u00a0upokojuje poko\u017eku po u\u0161tipnut\u00ed hmyzom alebo med\u00fazou.<\/li>\n<li>Obohaten\u00fd m\u00e4tou (chladiv\u00fd \u00fa\u010dinok), paga\u0161tanom (podporuje krvn\u00fd obeh) a arnikou (hrejiv\u00fd a\u00a0uvo\u013e\u0148uj\u00faci \u00fa\u010dinok).<\/li>\n<li>Mo\u017eno ho kombinova\u0165 s\u00a0band\u00e1\u017eami pre dlh\u0161ie trvaj\u00faci \u00fa\u010dinok.<\/li>\n<\/ul>\n","protected":false},"featured_media":201606,"template":"","meta":{"_acf_changed":false},"product_cat":[75,106,118],"product_tag":[486,401,444],"acf":[],"yoast_head":"<!-- This site is optimized with the Yoast SEO plugin v21.4 - https:\/\/yoast.com\/wordpress\/plugins\/seo\/ -->\n<title>Grooming Deluxe Recovering chladiv\u00fd g\u00e9l - Spicehorse<\/title>\n<meta name=\"description\" content=\"spicehorse.eu | Tento Grooming Deluxe chladiv\u00fd g\u00e9l je mnohostrann\u00fd g\u00e9l na o\u0161etrovanie, ktor\u00fd bol navrhnut\u00fd za \u00fa\u010delom cielene upokojova\u0165 a\u00a0podporova\u0165 svaly a\u00a0\u0161\u013eachy po fyzickej aktivite.\" \/>\n<meta name=\"robots\" content=\"index, follow, max-snippet:-1, max-image-preview:large, max-video-preview:-1\" \/>\n<link rel=\"canonical\" href=\"https:\/\/arak.spicehorse.eu\/termek\/grooming-deluxe-recovering-hutozsele\/\" \/>\n<meta property=\"og:locale\" content=\"sk_SK\" \/>\n<meta property=\"og:type\" content=\"article\" \/>\n<meta property=\"og:title\" content=\"Grooming Deluxe Recovering chladiv\u00fd g\u00e9l - Spicehorse\" \/>\n<meta property=\"og:description\" content=\"spicehorse.eu | Tento Grooming Deluxe chladiv\u00fd g\u00e9l je mnohostrann\u00fd g\u00e9l na o\u0161etrovanie, ktor\u00fd bol navrhnut\u00fd za \u00fa\u010delom cielene upokojova\u0165 a\u00a0podporova\u0165 svaly a\u00a0\u0161\u013eachy po fyzickej aktivite.\" \/>\n<meta property=\"og:url\" content=\"https:\/\/arak.spicehorse.eu\/termek\/grooming-deluxe-recovering-hutozsele\/\" \/>\n<meta property=\"og:site_name\" content=\"Spicehorse\" \/>\n<meta property=\"article:publisher\" content=\"https:\/\/www.facebook.com\/SPICEHORSE-550385625402457\/\" \/>\n<meta property=\"article:modified_time\" content=\"2025-08-23T20:13:44+00:00\" \/>\n<meta property=\"og:image\" content=\"https:\/\/arak.spicehorse.eu\/wp-content\/uploads\/2025\/08\/8bb3743c83b246a6197d10ee6e81c1961c970548932336c67623bd28a351eb87.jpg\" \/>\n\t<meta property=\"og:image:width\" content=\"2048\" \/>\n\t<meta property=\"og:image:height\" content=\"2048\" \/>\n\t<meta property=\"og:image:type\" content=\"image\/jpeg\" \/>\n<meta name=\"twitter:card\" content=\"summary_large_image\" \/>\n<meta name=\"twitter:label1\" content=\"Predpokladan\u00fd \u010das \u010d\u00edtania\" \/>\n\t<meta name=\"twitter:data1\" content=\"1 min\u00fata\" \/>\n<script type=\"application\/ld+json\" class=\"yoast-schema-graph\">{\"@context\":\"https:\/\/schema.org\",\"@graph\":[{\"@type\":\"WebPage\",\"@id\":\"https:\/\/arak.spicehorse.eu\/termek\/grooming-deluxe-recovering-hutozsele\/\",\"url\":\"https:\/\/arak.spicehorse.eu\/termek\/grooming-deluxe-recovering-hutozsele\/\",\"name\":\"Grooming Deluxe Recovering chladiv\u00fd g\u00e9l - Spicehorse\",\"isPartOf\":{\"@id\":\"https:\/\/arak.spicehorse.eu\/en\/#website\"},\"datePublished\":\"2025-08-09T07:20:51+00:00\",\"dateModified\":\"2025-08-23T20:13:44+00:00\",\"description\":\"spicehorse.eu | Tento Grooming Deluxe chladiv\u00fd g\u00e9l je mnohostrann\u00fd g\u00e9l na o\u0161etrovanie, ktor\u00fd bol navrhnut\u00fd za \u00fa\u010delom cielene upokojova\u0165 a\u00a0podporova\u0165 svaly a\u00a0\u0161\u013eachy po fyzickej aktivite.\",\"breadcrumb\":{\"@id\":\"https:\/\/arak.spicehorse.eu\/termek\/grooming-deluxe-recovering-hutozsele\/#breadcrumb\"},\"inLanguage\":\"sk-SK\",\"potentialAction\":[{\"@type\":\"ReadAction\",\"target\":[\"https:\/\/arak.spicehorse.eu\/termek\/grooming-deluxe-recovering-hutozsele\/\"]}]},{\"@type\":\"BreadcrumbList\",\"@id\":\"https:\/\/arak.spicehorse.eu\/termek\/grooming-deluxe-recovering-hutozsele\/#breadcrumb\",\"itemListElement\":[{\"@type\":\"ListItem\",\"position\":1,\"name\":\"Home\",\"item\":\"https:\/\/arak.spicehorse.eu\/sk\/\"},{\"@type\":\"ListItem\",\"position\":2,\"name\":\"Predaj\u0148a\",\"item\":\"https:\/\/arak.spicehorse.eu\/sk\/predajna\/\"},{\"@type\":\"ListItem\",\"position\":3,\"name\":\"Grooming Deluxe Recovering chladiv\u00fd g\u00e9l\"}]},{\"@type\":\"WebSite\",\"@id\":\"https:\/\/arak.spicehorse.eu\/en\/#website\",\"url\":\"https:\/\/arak.spicehorse.eu\/en\/\",\"name\":\"Spicehorse\",\"description\":\"UNDER DEVELOPMENT -\",\"potentialAction\":[{\"@type\":\"SearchAction\",\"target\":{\"@type\":\"EntryPoint\",\"urlTemplate\":\"https:\/\/arak.spicehorse.eu\/en\/?s={search_term_string}\"},\"query-input\":\"required name=search_term_string\"}],\"inLanguage\":\"sk-SK\"}]}<\/script>\n<!-- \/ Yoast SEO plugin. -->","yoast_head_json":{"title":"Grooming Deluxe Recovering chladiv\u00fd g\u00e9l - Spicehorse","description":"spicehorse.eu | Tento Grooming Deluxe chladiv\u00fd g\u00e9l je mnohostrann\u00fd g\u00e9l na o\u0161etrovanie, ktor\u00fd bol navrhnut\u00fd za \u00fa\u010delom cielene upokojova\u0165 a\u00a0podporova\u0165 svaly a\u00a0\u0161\u013eachy po fyzickej aktivite.","robots":{"index":"index","follow":"follow","max-snippet":"max-snippet:-1","max-image-preview":"max-image-preview:large","max-video-preview":"max-video-preview:-1"},"canonical":"https:\/\/arak.spicehorse.eu\/termek\/grooming-deluxe-recovering-hutozsele\/","og_locale":"sk_SK","og_type":"article","og_title":"Grooming Deluxe Recovering chladiv\u00fd g\u00e9l - Spicehorse","og_description":"spicehorse.eu | Tento Grooming Deluxe chladiv\u00fd g\u00e9l je mnohostrann\u00fd g\u00e9l na o\u0161etrovanie, ktor\u00fd bol navrhnut\u00fd za \u00fa\u010delom cielene upokojova\u0165 a\u00a0podporova\u0165 svaly a\u00a0\u0161\u013eachy po fyzickej aktivite.","og_url":"https:\/\/arak.spicehorse.eu\/termek\/grooming-deluxe-recovering-hutozsele\/","og_site_name":"Spicehorse","article_publisher":"https:\/\/www.facebook.com\/SPICEHORSE-550385625402457\/","article_modified_time":"2025-08-23T20:13:44+00:00","og_image":[{"width":2048,"height":2048,"url":"https:\/\/arak.spicehorse.eu\/wp-content\/uploads\/2025\/08\/8bb3743c83b246a6197d10ee6e81c1961c970548932336c67623bd28a351eb87.jpg","type":"image\/jpeg"}],"twitter_card":"summary_large_image","twitter_misc":{"Predpokladan\u00fd \u010das \u010d\u00edtania":"1 min\u00fata"},"schema":{"@context":"https:\/\/schema.org","@graph":[{"@type":"WebPage","@id":"https:\/\/arak.spicehorse.eu\/termek\/grooming-deluxe-recovering-hutozsele\/","url":"https:\/\/arak.spicehorse.eu\/termek\/grooming-deluxe-recovering-hutozsele\/","name":"Grooming Deluxe Recovering chladiv\u00fd g\u00e9l - Spicehorse","isPartOf":{"@id":"https:\/\/arak.spicehorse.eu\/en\/#website"},"datePublished":"2025-08-09T07:20:51+00:00","dateModified":"2025-08-23T20:13:44+00:00","description":"spicehorse.eu | Tento Grooming Deluxe chladiv\u00fd g\u00e9l je mnohostrann\u00fd g\u00e9l na o\u0161etrovanie, ktor\u00fd bol navrhnut\u00fd za \u00fa\u010delom cielene upokojova\u0165 a\u00a0podporova\u0165 svaly a\u00a0\u0161\u013eachy po fyzickej aktivite.","breadcrumb":{"@id":"https:\/\/arak.spicehorse.eu\/termek\/grooming-deluxe-recovering-hutozsele\/#breadcrumb"},"inLanguage":"sk-SK","potentialAction":[{"@type":"ReadAction","target":["https:\/\/arak.spicehorse.eu\/termek\/grooming-deluxe-recovering-hutozsele\/"]}]},{"@type":"BreadcrumbList","@id":"https:\/\/arak.spicehorse.eu\/termek\/grooming-deluxe-recovering-hutozsele\/#breadcrumb","itemListElement":[{"@type":"ListItem","position":1,"name":"Home","item":"https:\/\/arak.spicehorse.eu\/sk\/"},{"@type":"ListItem","position":2,"name":"Predaj\u0148a","item":"https:\/\/arak.spicehorse.eu\/sk\/predajna\/"},{"@type":"ListItem","position":3,"name":"Grooming Deluxe Recovering chladiv\u00fd g\u00e9l"}]},{"@type":"WebSite","@id":"https:\/\/arak.spicehorse.eu\/en\/#website","url":"https:\/\/arak.spicehorse.eu\/en\/","name":"Spicehorse","description":"UNDER DEVELOPMENT -","potentialAction":[{"@type":"SearchAction","target":{"@type":"EntryPoint","urlTemplate":"https:\/\/arak.spicehorse.eu\/en\/?s={search_term_string}"},"query-input":"required name=search_term_string"}],"inLanguage":"sk-SK"}]}},"_links":{"self":[{"href":"https:\/\/arak.spicehorse.eu\/sk\/wp-json\/wp\/v2\/product\/201571"}],"collection":[{"href":"https:\/\/arak.spicehorse.eu\/sk\/wp-json\/wp\/v2\/product"}],"about":[{"href":"https:\/\/arak.spicehorse.eu\/sk\/wp-json\/wp\/v2\/types\/product"}],"wp:featuredmedia":[{"embeddable":true,"href":"https:\/\/arak.spicehorse.eu\/sk\/wp-json\/wp\/v2\/media\/201606"}],"wp:attachment":[{"href":"https:\/\/arak.spicehorse.eu\/sk\/wp-json\/wp\/v2\/media?parent=201571"}],"wp:term":[{"taxonomy":"product_cat","embeddable":true,"href":"https:\/\/arak.spicehorse.eu\/sk\/wp-json\/wp\/v2\/product_cat?post=201571"},{"taxonomy":"product_tag","embeddable":true,"href":"https:\/\/arak.spicehorse.eu\/sk\/wp-json\/wp\/v2\/product_tag?post=201571"}],"curies":[{"name":"wp","href":"https:\/\/api.w.org\/{rel}","templated":true}]}}