{"id":202047,"date":"2025-08-13T13:03:55","date_gmt":"2025-08-13T11:04:03","guid":{"rendered":"https:\/\/arak.spicehorse.eu\/?post_type=product&#038;p=202047"},"modified":"2025-08-25T19:08:35","modified_gmt":"2025-08-25T17:08:35","slug":"kentucky-melange-skokova-podsedlova-decka","status":"publish","type":"product","link":"https:\/\/arak.spicehorse.eu\/sk\/produkt\/kentucky-melange-skokova-podsedlova-decka\/","title":{"rendered":"Kentucky Melange skokov\u00e1 podsedlov\u00e1 de\u010dka"},"content":{"rendered":"<p style=\"font-weight: 400;\">Objavte dokonal\u00fa zmes pohodlia, \u0161t\u00fdlu a\u00a0odolnosti touto Kentucky Horsewear Melange podsedlovou de\u010dkou. Podsedlov\u00e1 de\u010dka navrhnut\u00e1 pre modern\u00fdch jazdcov sp\u00e1ja v\u00fdnimo\u010dn\u00fa kvalitu, priedu\u0161nos\u0165 a\u00a0stabilitu pre ko\u0148a aj pre jazdca. \u010ci sa z\u00fa\u010dast\u0148ujete tr\u00e9ningu alebo s\u00fa\u0165a\u017ee, t\u00e1to podsedlov\u00e1 de\u010dka umo\u017e\u0148uje optim\u00e1lny v\u00fdkon a\u00a0dod\u00e1va elegantn\u00fd vzh\u013ead.<\/p>\n<p style=\"font-weight: 400;\">Kentucky Melange podsedlov\u00e1 de\u010dka sa vyn\u00edma sofistikovanou melange text\u00farou, ktor\u00e1 dod\u00e1va podsedlovej de\u010dke\u00a0 elegantn\u00fd vzh\u013ead. Priedu\u0161n\u00fd materi\u00e1l zabezpe\u010duje, aby k\u00f4\u0148 zostal v\u00a0chlade a\u00a0pohodl\u00ed, k\u00fdm postrovanie zabezpe\u010duje potrebn\u00fd komfort pri dlh\u0161om jazden\u00ed. Je ide\u00e1lna na ka\u017edodenn\u00fd tr\u00e9ning aj na mimoriadne udalosti. Sp\u00e1ja funk\u010dnos\u0165 so \u0161t\u00fdlov\u00fdm dizajnom.<\/p>\n<p style=\"font-weight: 400;\">Dostupn\u00e1 v\u00a0skokovej aj drez\u00farnej faz\u00f3ne.<\/p>\n<p style=\"font-weight: 400;\">Mo\u017eno ju pra\u0165 v\u00a0pr\u00e1\u010dke na 30\u00b0(nevkladajte do su\u0161i\u010dky).<\/p>\n","protected":false},"excerpt":{"rendered":"<ul style=\"font-weight: 400;\">\n<li>Bavlnen\u00e1 tkanina pr\u00e9miovej kvality pre maxim\u00e1lne pohodlie<\/li>\n<li>Priedu\u0161n\u00e9 tvarovanie pre maxim\u00e1lne pr\u00fadenie vzduchu<\/li>\n<li>Melange text\u00fara pre jedine\u010dn\u00fd a \u0161t\u00fdlov\u00fd vzh\u013ead<\/li>\n<li>Klasick\u00fd tvar, ktor\u00fd sa hod\u00ed k\u00a0v\u00e4\u010d\u0161ine sediel<\/li>\n<li>Nen\u00e1ro\u010dn\u00e1 na o\u0161etrovanie, mo\u017eno ju pohodlne pra\u0165 v\u00a0pr\u00e1\u010dke<\/li>\n<\/ul>\n","protected":false},"featured_media":202056,"template":"","meta":{"_acf_changed":false},"product_cat":[75,367],"product_tag":[184,3316,219],"acf":[],"yoast_head":"<!-- This site is optimized with the Yoast SEO plugin v21.4 - https:\/\/yoast.com\/wordpress\/plugins\/seo\/ -->\n<title>Kentucky Melange skokov\u00e1 podsedlov\u00e1 de\u010dka - Spicehorse<\/title>\n<meta name=\"description\" content=\"spicehorse.eu | Objavte dokonal\u00fa zmes pohodlia, \u0161t\u00fdlu a\u00a0odolnosti touto Kentucky Horsewear Melange podsedlovou de\u010dkou.\" \/>\n<meta name=\"robots\" content=\"index, follow, max-snippet:-1, max-image-preview:large, max-video-preview:-1\" \/>\n<link rel=\"canonical\" href=\"https:\/\/arak.spicehorse.eu\/termek\/kentucky-melange-ugro-nyeregalatet\/\" \/>\n<meta property=\"og:locale\" content=\"sk_SK\" \/>\n<meta property=\"og:type\" content=\"article\" \/>\n<meta property=\"og:title\" content=\"Kentucky Melange skokov\u00e1 podsedlov\u00e1 de\u010dka - Spicehorse\" \/>\n<meta property=\"og:description\" content=\"spicehorse.eu | Objavte dokonal\u00fa zmes pohodlia, \u0161t\u00fdlu a\u00a0odolnosti touto Kentucky Horsewear Melange podsedlovou de\u010dkou.\" \/>\n<meta property=\"og:url\" content=\"https:\/\/arak.spicehorse.eu\/termek\/kentucky-melange-ugro-nyeregalatet\/\" \/>\n<meta property=\"og:site_name\" content=\"Spicehorse\" \/>\n<meta property=\"article:publisher\" content=\"https:\/\/www.facebook.com\/SPICEHORSE-550385625402457\/\" \/>\n<meta property=\"article:modified_time\" content=\"2025-08-25T17:08:35+00:00\" \/>\n<meta property=\"og:image\" content=\"https:\/\/arak.spicehorse.eu\/wp-content\/uploads\/2025\/08\/38868a919c2f9999aecd6ceb7500e9ce30f5f9c9501eebf8d37b150c1aaf72d2.jpg\" \/>\n\t<meta property=\"og:image:width\" content=\"2048\" \/>\n\t<meta property=\"og:image:height\" content=\"2048\" \/>\n\t<meta property=\"og:image:type\" content=\"image\/jpeg\" \/>\n<meta name=\"twitter:card\" content=\"summary_large_image\" \/>\n<meta name=\"twitter:label1\" content=\"Predpokladan\u00fd \u010das \u010d\u00edtania\" \/>\n\t<meta name=\"twitter:data1\" content=\"1 min\u00fata\" \/>\n<script type=\"application\/ld+json\" class=\"yoast-schema-graph\">{\"@context\":\"https:\/\/schema.org\",\"@graph\":[{\"@type\":\"WebPage\",\"@id\":\"https:\/\/arak.spicehorse.eu\/termek\/kentucky-melange-ugro-nyeregalatet\/\",\"url\":\"https:\/\/arak.spicehorse.eu\/termek\/kentucky-melange-ugro-nyeregalatet\/\",\"name\":\"Kentucky Melange skokov\u00e1 podsedlov\u00e1 de\u010dka - Spicehorse\",\"isPartOf\":{\"@id\":\"https:\/\/arak.spicehorse.eu\/en\/#website\"},\"datePublished\":\"2025-08-13T11:04:03+00:00\",\"dateModified\":\"2025-08-25T17:08:35+00:00\",\"description\":\"spicehorse.eu | Objavte dokonal\u00fa zmes pohodlia, \u0161t\u00fdlu a\u00a0odolnosti touto Kentucky Horsewear Melange podsedlovou de\u010dkou.\",\"breadcrumb\":{\"@id\":\"https:\/\/arak.spicehorse.eu\/termek\/kentucky-melange-ugro-nyeregalatet\/#breadcrumb\"},\"inLanguage\":\"sk-SK\",\"potentialAction\":[{\"@type\":\"ReadAction\",\"target\":[\"https:\/\/arak.spicehorse.eu\/termek\/kentucky-melange-ugro-nyeregalatet\/\"]}]},{\"@type\":\"BreadcrumbList\",\"@id\":\"https:\/\/arak.spicehorse.eu\/termek\/kentucky-melange-ugro-nyeregalatet\/#breadcrumb\",\"itemListElement\":[{\"@type\":\"ListItem\",\"position\":1,\"name\":\"Home\",\"item\":\"https:\/\/arak.spicehorse.eu\/sk\/\"},{\"@type\":\"ListItem\",\"position\":2,\"name\":\"Predaj\u0148a\",\"item\":\"https:\/\/arak.spicehorse.eu\/sk\/predajna\/\"},{\"@type\":\"ListItem\",\"position\":3,\"name\":\"Kentucky Melange skokov\u00e1 podsedlov\u00e1 de\u010dka\"}]},{\"@type\":\"WebSite\",\"@id\":\"https:\/\/arak.spicehorse.eu\/en\/#website\",\"url\":\"https:\/\/arak.spicehorse.eu\/en\/\",\"name\":\"Spicehorse\",\"description\":\"UNDER DEVELOPMENT -\",\"potentialAction\":[{\"@type\":\"SearchAction\",\"target\":{\"@type\":\"EntryPoint\",\"urlTemplate\":\"https:\/\/arak.spicehorse.eu\/en\/?s={search_term_string}\"},\"query-input\":\"required name=search_term_string\"}],\"inLanguage\":\"sk-SK\"}]}<\/script>\n<!-- \/ Yoast SEO plugin. -->","yoast_head_json":{"title":"Kentucky Melange skokov\u00e1 podsedlov\u00e1 de\u010dka - Spicehorse","description":"spicehorse.eu | Objavte dokonal\u00fa zmes pohodlia, \u0161t\u00fdlu a\u00a0odolnosti touto Kentucky Horsewear Melange podsedlovou de\u010dkou.","robots":{"index":"index","follow":"follow","max-snippet":"max-snippet:-1","max-image-preview":"max-image-preview:large","max-video-preview":"max-video-preview:-1"},"canonical":"https:\/\/arak.spicehorse.eu\/termek\/kentucky-melange-ugro-nyeregalatet\/","og_locale":"sk_SK","og_type":"article","og_title":"Kentucky Melange skokov\u00e1 podsedlov\u00e1 de\u010dka - Spicehorse","og_description":"spicehorse.eu | Objavte dokonal\u00fa zmes pohodlia, \u0161t\u00fdlu a\u00a0odolnosti touto Kentucky Horsewear Melange podsedlovou de\u010dkou.","og_url":"https:\/\/arak.spicehorse.eu\/termek\/kentucky-melange-ugro-nyeregalatet\/","og_site_name":"Spicehorse","article_publisher":"https:\/\/www.facebook.com\/SPICEHORSE-550385625402457\/","article_modified_time":"2025-08-25T17:08:35+00:00","og_image":[{"width":2048,"height":2048,"url":"https:\/\/arak.spicehorse.eu\/wp-content\/uploads\/2025\/08\/38868a919c2f9999aecd6ceb7500e9ce30f5f9c9501eebf8d37b150c1aaf72d2.jpg","type":"image\/jpeg"}],"twitter_card":"summary_large_image","twitter_misc":{"Predpokladan\u00fd \u010das \u010d\u00edtania":"1 min\u00fata"},"schema":{"@context":"https:\/\/schema.org","@graph":[{"@type":"WebPage","@id":"https:\/\/arak.spicehorse.eu\/termek\/kentucky-melange-ugro-nyeregalatet\/","url":"https:\/\/arak.spicehorse.eu\/termek\/kentucky-melange-ugro-nyeregalatet\/","name":"Kentucky Melange skokov\u00e1 podsedlov\u00e1 de\u010dka - Spicehorse","isPartOf":{"@id":"https:\/\/arak.spicehorse.eu\/en\/#website"},"datePublished":"2025-08-13T11:04:03+00:00","dateModified":"2025-08-25T17:08:35+00:00","description":"spicehorse.eu | Objavte dokonal\u00fa zmes pohodlia, \u0161t\u00fdlu a\u00a0odolnosti touto Kentucky Horsewear Melange podsedlovou de\u010dkou.","breadcrumb":{"@id":"https:\/\/arak.spicehorse.eu\/termek\/kentucky-melange-ugro-nyeregalatet\/#breadcrumb"},"inLanguage":"sk-SK","potentialAction":[{"@type":"ReadAction","target":["https:\/\/arak.spicehorse.eu\/termek\/kentucky-melange-ugro-nyeregalatet\/"]}]},{"@type":"BreadcrumbList","@id":"https:\/\/arak.spicehorse.eu\/termek\/kentucky-melange-ugro-nyeregalatet\/#breadcrumb","itemListElement":[{"@type":"ListItem","position":1,"name":"Home","item":"https:\/\/arak.spicehorse.eu\/sk\/"},{"@type":"ListItem","position":2,"name":"Predaj\u0148a","item":"https:\/\/arak.spicehorse.eu\/sk\/predajna\/"},{"@type":"ListItem","position":3,"name":"Kentucky Melange skokov\u00e1 podsedlov\u00e1 de\u010dka"}]},{"@type":"WebSite","@id":"https:\/\/arak.spicehorse.eu\/en\/#website","url":"https:\/\/arak.spicehorse.eu\/en\/","name":"Spicehorse","description":"UNDER DEVELOPMENT -","potentialAction":[{"@type":"SearchAction","target":{"@type":"EntryPoint","urlTemplate":"https:\/\/arak.spicehorse.eu\/en\/?s={search_term_string}"},"query-input":"required name=search_term_string"}],"inLanguage":"sk-SK"}]}},"_links":{"self":[{"href":"https:\/\/arak.spicehorse.eu\/sk\/wp-json\/wp\/v2\/product\/202047"}],"collection":[{"href":"https:\/\/arak.spicehorse.eu\/sk\/wp-json\/wp\/v2\/product"}],"about":[{"href":"https:\/\/arak.spicehorse.eu\/sk\/wp-json\/wp\/v2\/types\/product"}],"wp:featuredmedia":[{"embeddable":true,"href":"https:\/\/arak.spicehorse.eu\/sk\/wp-json\/wp\/v2\/media\/202056"}],"wp:attachment":[{"href":"https:\/\/arak.spicehorse.eu\/sk\/wp-json\/wp\/v2\/media?parent=202047"}],"wp:term":[{"taxonomy":"product_cat","embeddable":true,"href":"https:\/\/arak.spicehorse.eu\/sk\/wp-json\/wp\/v2\/product_cat?post=202047"},{"taxonomy":"product_tag","embeddable":true,"href":"https:\/\/arak.spicehorse.eu\/sk\/wp-json\/wp\/v2\/product_tag?post=202047"}],"curies":[{"name":"wp","href":"https:\/\/api.w.org\/{rel}","templated":true}]}}