{"id":202300,"date":"2025-08-13T19:13:49","date_gmt":"2025-08-13T17:13:56","guid":{"rendered":"https:\/\/arak.spicehorse.eu\/?post_type=product&#038;p=202300"},"modified":"2025-08-25T19:13:59","modified_gmt":"2025-08-25T17:13:59","slug":"kentucky-diamond-rope-drezurna-podsedlova-decka","status":"publish","type":"product","link":"https:\/\/arak.spicehorse.eu\/sk\/produkt\/kentucky-diamond-rope-drezurna-podsedlova-decka\/","title":{"rendered":"Kentucky Diamond Rope drez\u00farna podsedlov\u00e1 de\u010dka"},"content":{"rendered":"<p style=\"font-weight: 400;\">S\u00a0kontrastn\u00fdm lemom a\u00a0klasick\u00fdm \u0161t\u00fdlom dod\u00e1 Kentucky Horsewear Diamond Rope podsedlov\u00e1 de\u010dka v\u00e1\u0161mu ko\u0148ovi patri\u010dn\u00fa eleganciu. Exkluz\u00edvny dizajn pri\u0165ahuje pozornos\u0165, \u010di u\u017e ide o\u00a0tr\u00e9ning alebo o\u00a0s\u00fa\u0165a\u017e. Dokonale lad\u00ed s Kentucky band\u00e1\u017eami a\u00a0\u010dabrakami pre sofistikovan\u00fd vzh\u013ead. Poskytuje mo\u017enos\u0165 pre jedine\u010dn\u00fa v\u00fd\u0161ivku, logo, ktor\u00e9 dodaj\u00fa podsedlovej de\u010dke osobitn\u00fd vzh\u013ead.<\/p>\n<p style=\"font-weight: 400;\">Je vyroben\u00e1 zo zmesi bavlny a\u00a0polyesteru, ktor\u00e1 m\u00e1 schopnos\u0165 odv\u00e1dza\u0165 vlhkos\u0165 a\u00a0r\u00fdchlo schne, \u010di zabezpe\u010duje, \u017ee V\u00e1\u0161 k\u00f4\u0148 sa bude c\u00edti\u0165 pohodlne aj pri intenz\u00edvnom tr\u00e9ningu. Vn\u00fatorn\u00e9 polstrovanie je priedu\u0161n\u00e9, zabezpe\u010duje dokonal\u00e9 polstrovanie medzi sedlom a\u00a0chrbtom ko\u0148a. \u0160it\u00e9 Kentucky logo vyroben\u00e9 z\u00a0pr\u00e9miovej gumy u\u017e z\u010faleka vyzdvihuje kvalitu Kentucky podsedlovej de\u010dky.<\/p>\n<p style=\"font-weight: 400;\">Podsedlov\u00e1 de\u010dka je anatomicky tvarovan\u00e1 a\u00a0dokonale sa prisp\u00f4sobuje chrbtu ko\u0148a, zni\u017euje tlak na chrb\u00e1t ko\u0148a a\u00a0umo\u017e\u0148uje, aby nezo\u0161mykovala, netla\u010dila a\u00a0nedr\u00e1\u017edila.\u00a0 Vyberte si zo \u0161iestich modern\u00fdch farieb, je dostupn\u00e1 v\u00a0drez\u00farnej alebo skokovej faz\u00f3ne.<\/p>\n<p style=\"font-weight: 400;\">Mo\u017eno ju pra\u0165 v\u00a0pr\u00e1\u010dke na 30\u00b0(nevkladajte do su\u0161i\u010dky).<\/p>\n","protected":false},"excerpt":{"rendered":"<h3>Kentucky Diamond podsedlov\u00e1 de\u010dka v jedine\u010dnom dizajne. Sofistikovan\u00fd dizajn a neskuto\u010dn\u00fd komfort.<\/h3>\n<ul style=\"font-weight: 400;\">\n<li>Up\u00fatajte pozornos\u0165 n\u00e1padn\u00fdm, elegantn\u00fdm lemom, ktor\u00fd pritiahne pozornos\u0165 ka\u017ed\u00e9ho.<\/li>\n<li>Vychutnajte si r\u00fdchle a bezprobl\u00e9mov\u00e9 osedlanie bez ru\u0161iv\u00fdch p\u00fatok.<\/li>\n<li>Zabra\u0148uje prehrievaniu, v\u010faka r\u00fdchlo schn\u00facemu a priedu\u0161n\u00e9mu materi\u00e1lu.<\/li>\n<li>Jazdite sebaisto v\u010faka anatomick\u00e9mu tvarovaniu, ktor\u00e9 zaru\u010duje, \u017ee sa de\u010dka nebude zo\u0161mykova\u0165.<\/li>\n<li>Vyjadrite svoju osobnos\u0165 jedine\u010dnou v\u00fd\u0161ivkou, ktor\u00e9 dod\u00e1vaj\u00fa podsedlovej de\u010dke jedine\u010dn\u00fd \u0161t\u00fdl.<\/li>\n<\/ul>\n","protected":false},"featured_media":202309,"template":"","meta":{"_acf_changed":false},"product_cat":[75,367],"product_tag":[2963,217,184],"acf":[],"yoast_head":"<!-- This site is optimized with the Yoast SEO plugin v21.4 - https:\/\/yoast.com\/wordpress\/plugins\/seo\/ -->\n<title>Kentucky Diamond Rope drez\u00farna podsedlov\u00e1 de\u010dka - Spicehorse<\/title>\n<meta name=\"description\" content=\"spicehorse.eu | S\u00a0kontrastn\u00fdm lemom a\u00a0klasick\u00fdm \u0161t\u00fdlom dod\u00e1 Kentucky Horsewear Diamond Rope podsedlov\u00e1 de\u010dka v\u00e1\u0161mu ko\u0148ovi patri\u010dn\u00fa eleganciu.\" \/>\n<meta name=\"robots\" content=\"index, follow, max-snippet:-1, max-image-preview:large, max-video-preview:-1\" \/>\n<link rel=\"canonical\" href=\"https:\/\/arak.spicehorse.eu\/termek\/kentucky-diamond-rope-dijlovas-nyeregalatet\/\" \/>\n<meta property=\"og:locale\" content=\"sk_SK\" \/>\n<meta property=\"og:type\" content=\"article\" \/>\n<meta property=\"og:title\" content=\"Kentucky Diamond Rope drez\u00farna podsedlov\u00e1 de\u010dka - Spicehorse\" \/>\n<meta property=\"og:description\" content=\"spicehorse.eu | S\u00a0kontrastn\u00fdm lemom a\u00a0klasick\u00fdm \u0161t\u00fdlom dod\u00e1 Kentucky Horsewear Diamond Rope podsedlov\u00e1 de\u010dka v\u00e1\u0161mu ko\u0148ovi patri\u010dn\u00fa eleganciu.\" \/>\n<meta property=\"og:url\" content=\"https:\/\/arak.spicehorse.eu\/termek\/kentucky-diamond-rope-dijlovas-nyeregalatet\/\" \/>\n<meta property=\"og:site_name\" content=\"Spicehorse\" \/>\n<meta property=\"article:publisher\" content=\"https:\/\/www.facebook.com\/SPICEHORSE-550385625402457\/\" \/>\n<meta property=\"article:modified_time\" content=\"2025-08-25T17:13:59+00:00\" \/>\n<meta property=\"og:image\" content=\"https:\/\/arak.spicehorse.eu\/wp-content\/uploads\/2025\/08\/54c4d7e7ac9a1df1b712391de31a6e3ea4eadff067f5329e20be701e70ffc87a.jpg\" \/>\n\t<meta property=\"og:image:width\" content=\"2048\" \/>\n\t<meta property=\"og:image:height\" content=\"2048\" \/>\n\t<meta property=\"og:image:type\" content=\"image\/jpeg\" \/>\n<meta name=\"twitter:card\" content=\"summary_large_image\" \/>\n<meta name=\"twitter:label1\" content=\"Predpokladan\u00fd \u010das \u010d\u00edtania\" \/>\n\t<meta name=\"twitter:data1\" content=\"1 min\u00fata\" \/>\n<script type=\"application\/ld+json\" class=\"yoast-schema-graph\">{\"@context\":\"https:\/\/schema.org\",\"@graph\":[{\"@type\":\"WebPage\",\"@id\":\"https:\/\/arak.spicehorse.eu\/termek\/kentucky-diamond-rope-dijlovas-nyeregalatet\/\",\"url\":\"https:\/\/arak.spicehorse.eu\/termek\/kentucky-diamond-rope-dijlovas-nyeregalatet\/\",\"name\":\"Kentucky Diamond Rope drez\u00farna podsedlov\u00e1 de\u010dka - Spicehorse\",\"isPartOf\":{\"@id\":\"https:\/\/arak.spicehorse.eu\/en\/#website\"},\"datePublished\":\"2025-08-13T17:13:56+00:00\",\"dateModified\":\"2025-08-25T17:13:59+00:00\",\"description\":\"spicehorse.eu | S\u00a0kontrastn\u00fdm lemom a\u00a0klasick\u00fdm \u0161t\u00fdlom dod\u00e1 Kentucky Horsewear Diamond Rope podsedlov\u00e1 de\u010dka v\u00e1\u0161mu ko\u0148ovi patri\u010dn\u00fa eleganciu.\",\"breadcrumb\":{\"@id\":\"https:\/\/arak.spicehorse.eu\/termek\/kentucky-diamond-rope-dijlovas-nyeregalatet\/#breadcrumb\"},\"inLanguage\":\"sk-SK\",\"potentialAction\":[{\"@type\":\"ReadAction\",\"target\":[\"https:\/\/arak.spicehorse.eu\/termek\/kentucky-diamond-rope-dijlovas-nyeregalatet\/\"]}]},{\"@type\":\"BreadcrumbList\",\"@id\":\"https:\/\/arak.spicehorse.eu\/termek\/kentucky-diamond-rope-dijlovas-nyeregalatet\/#breadcrumb\",\"itemListElement\":[{\"@type\":\"ListItem\",\"position\":1,\"name\":\"Home\",\"item\":\"https:\/\/arak.spicehorse.eu\/sk\/\"},{\"@type\":\"ListItem\",\"position\":2,\"name\":\"Predaj\u0148a\",\"item\":\"https:\/\/arak.spicehorse.eu\/sk\/predajna\/\"},{\"@type\":\"ListItem\",\"position\":3,\"name\":\"Kentucky Diamond Rope drez\u00farna podsedlov\u00e1 de\u010dka\"}]},{\"@type\":\"WebSite\",\"@id\":\"https:\/\/arak.spicehorse.eu\/en\/#website\",\"url\":\"https:\/\/arak.spicehorse.eu\/en\/\",\"name\":\"Spicehorse\",\"description\":\"UNDER DEVELOPMENT -\",\"potentialAction\":[{\"@type\":\"SearchAction\",\"target\":{\"@type\":\"EntryPoint\",\"urlTemplate\":\"https:\/\/arak.spicehorse.eu\/en\/?s={search_term_string}\"},\"query-input\":\"required name=search_term_string\"}],\"inLanguage\":\"sk-SK\"}]}<\/script>\n<!-- \/ Yoast SEO plugin. -->","yoast_head_json":{"title":"Kentucky Diamond Rope drez\u00farna podsedlov\u00e1 de\u010dka - Spicehorse","description":"spicehorse.eu | S\u00a0kontrastn\u00fdm lemom a\u00a0klasick\u00fdm \u0161t\u00fdlom dod\u00e1 Kentucky Horsewear Diamond Rope podsedlov\u00e1 de\u010dka v\u00e1\u0161mu ko\u0148ovi patri\u010dn\u00fa eleganciu.","robots":{"index":"index","follow":"follow","max-snippet":"max-snippet:-1","max-image-preview":"max-image-preview:large","max-video-preview":"max-video-preview:-1"},"canonical":"https:\/\/arak.spicehorse.eu\/termek\/kentucky-diamond-rope-dijlovas-nyeregalatet\/","og_locale":"sk_SK","og_type":"article","og_title":"Kentucky Diamond Rope drez\u00farna podsedlov\u00e1 de\u010dka - Spicehorse","og_description":"spicehorse.eu | S\u00a0kontrastn\u00fdm lemom a\u00a0klasick\u00fdm \u0161t\u00fdlom dod\u00e1 Kentucky Horsewear Diamond Rope podsedlov\u00e1 de\u010dka v\u00e1\u0161mu ko\u0148ovi patri\u010dn\u00fa eleganciu.","og_url":"https:\/\/arak.spicehorse.eu\/termek\/kentucky-diamond-rope-dijlovas-nyeregalatet\/","og_site_name":"Spicehorse","article_publisher":"https:\/\/www.facebook.com\/SPICEHORSE-550385625402457\/","article_modified_time":"2025-08-25T17:13:59+00:00","og_image":[{"width":2048,"height":2048,"url":"https:\/\/arak.spicehorse.eu\/wp-content\/uploads\/2025\/08\/54c4d7e7ac9a1df1b712391de31a6e3ea4eadff067f5329e20be701e70ffc87a.jpg","type":"image\/jpeg"}],"twitter_card":"summary_large_image","twitter_misc":{"Predpokladan\u00fd \u010das \u010d\u00edtania":"1 min\u00fata"},"schema":{"@context":"https:\/\/schema.org","@graph":[{"@type":"WebPage","@id":"https:\/\/arak.spicehorse.eu\/termek\/kentucky-diamond-rope-dijlovas-nyeregalatet\/","url":"https:\/\/arak.spicehorse.eu\/termek\/kentucky-diamond-rope-dijlovas-nyeregalatet\/","name":"Kentucky Diamond Rope drez\u00farna podsedlov\u00e1 de\u010dka - Spicehorse","isPartOf":{"@id":"https:\/\/arak.spicehorse.eu\/en\/#website"},"datePublished":"2025-08-13T17:13:56+00:00","dateModified":"2025-08-25T17:13:59+00:00","description":"spicehorse.eu | S\u00a0kontrastn\u00fdm lemom a\u00a0klasick\u00fdm \u0161t\u00fdlom dod\u00e1 Kentucky Horsewear Diamond Rope podsedlov\u00e1 de\u010dka v\u00e1\u0161mu ko\u0148ovi patri\u010dn\u00fa eleganciu.","breadcrumb":{"@id":"https:\/\/arak.spicehorse.eu\/termek\/kentucky-diamond-rope-dijlovas-nyeregalatet\/#breadcrumb"},"inLanguage":"sk-SK","potentialAction":[{"@type":"ReadAction","target":["https:\/\/arak.spicehorse.eu\/termek\/kentucky-diamond-rope-dijlovas-nyeregalatet\/"]}]},{"@type":"BreadcrumbList","@id":"https:\/\/arak.spicehorse.eu\/termek\/kentucky-diamond-rope-dijlovas-nyeregalatet\/#breadcrumb","itemListElement":[{"@type":"ListItem","position":1,"name":"Home","item":"https:\/\/arak.spicehorse.eu\/sk\/"},{"@type":"ListItem","position":2,"name":"Predaj\u0148a","item":"https:\/\/arak.spicehorse.eu\/sk\/predajna\/"},{"@type":"ListItem","position":3,"name":"Kentucky Diamond Rope drez\u00farna podsedlov\u00e1 de\u010dka"}]},{"@type":"WebSite","@id":"https:\/\/arak.spicehorse.eu\/en\/#website","url":"https:\/\/arak.spicehorse.eu\/en\/","name":"Spicehorse","description":"UNDER DEVELOPMENT -","potentialAction":[{"@type":"SearchAction","target":{"@type":"EntryPoint","urlTemplate":"https:\/\/arak.spicehorse.eu\/en\/?s={search_term_string}"},"query-input":"required name=search_term_string"}],"inLanguage":"sk-SK"}]}},"_links":{"self":[{"href":"https:\/\/arak.spicehorse.eu\/sk\/wp-json\/wp\/v2\/product\/202300"}],"collection":[{"href":"https:\/\/arak.spicehorse.eu\/sk\/wp-json\/wp\/v2\/product"}],"about":[{"href":"https:\/\/arak.spicehorse.eu\/sk\/wp-json\/wp\/v2\/types\/product"}],"wp:featuredmedia":[{"embeddable":true,"href":"https:\/\/arak.spicehorse.eu\/sk\/wp-json\/wp\/v2\/media\/202309"}],"wp:attachment":[{"href":"https:\/\/arak.spicehorse.eu\/sk\/wp-json\/wp\/v2\/media?parent=202300"}],"wp:term":[{"taxonomy":"product_cat","embeddable":true,"href":"https:\/\/arak.spicehorse.eu\/sk\/wp-json\/wp\/v2\/product_cat?post=202300"},{"taxonomy":"product_tag","embeddable":true,"href":"https:\/\/arak.spicehorse.eu\/sk\/wp-json\/wp\/v2\/product_tag?post=202300"}],"curies":[{"name":"wp","href":"https:\/\/api.w.org\/{rel}","templated":true}]}}