{"id":202410,"date":"2025-08-14T11:08:22","date_gmt":"2025-08-14T09:08:25","guid":{"rendered":"https:\/\/arak.spicehorse.eu\/?post_type=product&#038;p=202410"},"modified":"2025-08-25T19:15:32","modified_gmt":"2025-08-25T17:15:32","slug":"dyon-pelham-remen-dlhy","status":"publish","type":"product","link":"https:\/\/arak.spicehorse.eu\/sk\/produkt\/dyon-pelham-remen-dlhy\/","title":{"rendered":"Dy\u2019on pelham reme\u0148 dlh\u00fd"},"content":{"rendered":"<p style=\"font-weight: 400;\">Dy\u2019on Pelham reme\u0148 sp\u00e1ja Pelham zubadlo s\u00a0o\u0165a\u017eami. Je to \u013eahk\u00fd reme\u0148, ktor\u00fd zjem\u0148uje p\u00f4sobenie o\u0165a\u017e\u00ed a\u00a0zubadla na \u00fasta ko\u0148a. Pelham reme\u0148 umo\u017e\u0148uje, aby sme jazdili s\u00a0pelham zubadlom iba s\u00a0jedn\u00fdm p\u00e1rom o\u0165a\u017e\u00ed namiesto dvoch p\u00e1rov.<\/p>\n<p style=\"font-weight: 400;\">Pelham reme\u0148 m\u00e1 tenk\u00e9 lan\u00e1, preto je vhodn\u00fd pre mnoh\u00e9 ve\u013ekosti zubadla. Na remeni sa nach\u00e1dzaj\u00fa ko\u017een\u00e9 slu\u010dky.<\/p>\n<p style=\"font-weight: 400;\">Reme\u0148 m\u00e1 \u0161itie a\u00a0spony z\u00a0nehrdzavej\u00facej ocele. Je dostupn\u00fd v\u00a0hnedej a\u00a0\u010diernej farbe.<\/p>\n<p style=\"font-weight: 400;\">Je vyroben\u00fd z\u00a0byvolej ko\u017ee s\u00a0chr\u00f3mov\u00fdmi detailmi, \u010do zabezpe\u010duje kvalitu a\u00a0odolnos\u0165 v\u00fdrobku. O\u0161etrujte ho paraf\u00ednom a \u010distite glycer\u00ednov\u00fdm mydlom.<\/p>\n","protected":false},"excerpt":{"rendered":"<div>\n<h3><span lang=\"SK\">Dlh\u00fd Dy\u2019on Pelham reme\u0148, aby sa musel pou\u017ei\u0165 iba jeden p\u00e1r o\u0165a\u017e\u00ed s Pelham zubadlom.<\/span><\/h3>\n<\/div>\n<ul style=\"font-weight: 400;\">\n<li>Doplnkov\u00fd reme\u0148 pre spojenie zubadla a o\u0165a\u017e\u00ed<\/li>\n<li>Zni\u017euje p\u00f4sobenie \u00fastnej \u010dasti o\u0165a\u017e\u00ed na \u00fasta ko\u0148a<\/li>\n<li>Dostupn\u00fd v p\u00e1re<\/li>\n<li>D\u013a\u017eka 16 cm<\/li>\n<\/ul>\n","protected":false},"featured_media":202415,"template":"","meta":{"_acf_changed":false},"product_cat":[75,674],"product_tag":[2886,3318],"acf":[],"yoast_head":"<!-- This site is optimized with the Yoast SEO plugin v21.4 - https:\/\/yoast.com\/wordpress\/plugins\/seo\/ -->\n<title>Dy\u2019on pelham reme\u0148 dlh\u00fd - Spicehorse<\/title>\n<meta name=\"description\" content=\"spicehorse.eu | Dy\u2019on Pelham reme\u0148 sp\u00e1ja Pelham zubadlo s\u00a0o\u0165a\u017eami. Je to \u013eahk\u00fd reme\u0148, ktor\u00fd zjem\u0148uje p\u00f4sobenie o\u0165a\u017e\u00ed a\u00a0zubadla na \u00fasta ko\u0148a.\" \/>\n<meta name=\"robots\" content=\"index, follow, max-snippet:-1, max-image-preview:large, max-video-preview:-1\" \/>\n<link rel=\"canonical\" href=\"https:\/\/arak.spicehorse.eu\/termek\/dyon-pelham-szij-hosszu\/\" \/>\n<meta property=\"og:locale\" content=\"sk_SK\" \/>\n<meta property=\"og:type\" content=\"article\" \/>\n<meta property=\"og:title\" content=\"Dy\u2019on pelham reme\u0148 dlh\u00fd - Spicehorse\" \/>\n<meta property=\"og:description\" content=\"spicehorse.eu | Dy\u2019on Pelham reme\u0148 sp\u00e1ja Pelham zubadlo s\u00a0o\u0165a\u017eami. Je to \u013eahk\u00fd reme\u0148, ktor\u00fd zjem\u0148uje p\u00f4sobenie o\u0165a\u017e\u00ed a\u00a0zubadla na \u00fasta ko\u0148a.\" \/>\n<meta property=\"og:url\" content=\"https:\/\/arak.spicehorse.eu\/termek\/dyon-pelham-szij-hosszu\/\" \/>\n<meta property=\"og:site_name\" content=\"Spicehorse\" \/>\n<meta property=\"article:publisher\" content=\"https:\/\/www.facebook.com\/SPICEHORSE-550385625402457\/\" \/>\n<meta property=\"article:modified_time\" content=\"2025-08-25T17:15:32+00:00\" \/>\n<meta property=\"og:image\" content=\"https:\/\/arak.spicehorse.eu\/wp-content\/uploads\/2025\/08\/813c42825addbf233d41ab1190364fe19ac491624f0eb7f7833c3b0d7ce1ae53.jpg\" \/>\n\t<meta property=\"og:image:width\" content=\"2048\" \/>\n\t<meta property=\"og:image:height\" content=\"2048\" \/>\n\t<meta property=\"og:image:type\" content=\"image\/jpeg\" \/>\n<meta name=\"twitter:card\" content=\"summary_large_image\" \/>\n<meta name=\"twitter:label1\" content=\"Predpokladan\u00fd \u010das \u010d\u00edtania\" \/>\n\t<meta name=\"twitter:data1\" content=\"1 min\u00fata\" \/>\n<script type=\"application\/ld+json\" class=\"yoast-schema-graph\">{\"@context\":\"https:\/\/schema.org\",\"@graph\":[{\"@type\":\"WebPage\",\"@id\":\"https:\/\/arak.spicehorse.eu\/termek\/dyon-pelham-szij-hosszu\/\",\"url\":\"https:\/\/arak.spicehorse.eu\/termek\/dyon-pelham-szij-hosszu\/\",\"name\":\"Dy\u2019on pelham reme\u0148 dlh\u00fd - Spicehorse\",\"isPartOf\":{\"@id\":\"https:\/\/arak.spicehorse.eu\/en\/#website\"},\"datePublished\":\"2025-08-14T09:08:25+00:00\",\"dateModified\":\"2025-08-25T17:15:32+00:00\",\"description\":\"spicehorse.eu | Dy\u2019on Pelham reme\u0148 sp\u00e1ja Pelham zubadlo s\u00a0o\u0165a\u017eami. Je to \u013eahk\u00fd reme\u0148, ktor\u00fd zjem\u0148uje p\u00f4sobenie o\u0165a\u017e\u00ed a\u00a0zubadla na \u00fasta ko\u0148a.\",\"breadcrumb\":{\"@id\":\"https:\/\/arak.spicehorse.eu\/termek\/dyon-pelham-szij-hosszu\/#breadcrumb\"},\"inLanguage\":\"sk-SK\",\"potentialAction\":[{\"@type\":\"ReadAction\",\"target\":[\"https:\/\/arak.spicehorse.eu\/termek\/dyon-pelham-szij-hosszu\/\"]}]},{\"@type\":\"BreadcrumbList\",\"@id\":\"https:\/\/arak.spicehorse.eu\/termek\/dyon-pelham-szij-hosszu\/#breadcrumb\",\"itemListElement\":[{\"@type\":\"ListItem\",\"position\":1,\"name\":\"Home\",\"item\":\"https:\/\/arak.spicehorse.eu\/sk\/\"},{\"@type\":\"ListItem\",\"position\":2,\"name\":\"Predaj\u0148a\",\"item\":\"https:\/\/arak.spicehorse.eu\/sk\/predajna\/\"},{\"@type\":\"ListItem\",\"position\":3,\"name\":\"Dy\u2019on pelham reme\u0148 dlh\u00fd\"}]},{\"@type\":\"WebSite\",\"@id\":\"https:\/\/arak.spicehorse.eu\/en\/#website\",\"url\":\"https:\/\/arak.spicehorse.eu\/en\/\",\"name\":\"Spicehorse\",\"description\":\"UNDER DEVELOPMENT -\",\"potentialAction\":[{\"@type\":\"SearchAction\",\"target\":{\"@type\":\"EntryPoint\",\"urlTemplate\":\"https:\/\/arak.spicehorse.eu\/en\/?s={search_term_string}\"},\"query-input\":\"required name=search_term_string\"}],\"inLanguage\":\"sk-SK\"}]}<\/script>\n<!-- \/ Yoast SEO plugin. -->","yoast_head_json":{"title":"Dy\u2019on pelham reme\u0148 dlh\u00fd - Spicehorse","description":"spicehorse.eu | Dy\u2019on Pelham reme\u0148 sp\u00e1ja Pelham zubadlo s\u00a0o\u0165a\u017eami. Je to \u013eahk\u00fd reme\u0148, ktor\u00fd zjem\u0148uje p\u00f4sobenie o\u0165a\u017e\u00ed a\u00a0zubadla na \u00fasta ko\u0148a.","robots":{"index":"index","follow":"follow","max-snippet":"max-snippet:-1","max-image-preview":"max-image-preview:large","max-video-preview":"max-video-preview:-1"},"canonical":"https:\/\/arak.spicehorse.eu\/termek\/dyon-pelham-szij-hosszu\/","og_locale":"sk_SK","og_type":"article","og_title":"Dy\u2019on pelham reme\u0148 dlh\u00fd - Spicehorse","og_description":"spicehorse.eu | Dy\u2019on Pelham reme\u0148 sp\u00e1ja Pelham zubadlo s\u00a0o\u0165a\u017eami. Je to \u013eahk\u00fd reme\u0148, ktor\u00fd zjem\u0148uje p\u00f4sobenie o\u0165a\u017e\u00ed a\u00a0zubadla na \u00fasta ko\u0148a.","og_url":"https:\/\/arak.spicehorse.eu\/termek\/dyon-pelham-szij-hosszu\/","og_site_name":"Spicehorse","article_publisher":"https:\/\/www.facebook.com\/SPICEHORSE-550385625402457\/","article_modified_time":"2025-08-25T17:15:32+00:00","og_image":[{"width":2048,"height":2048,"url":"https:\/\/arak.spicehorse.eu\/wp-content\/uploads\/2025\/08\/813c42825addbf233d41ab1190364fe19ac491624f0eb7f7833c3b0d7ce1ae53.jpg","type":"image\/jpeg"}],"twitter_card":"summary_large_image","twitter_misc":{"Predpokladan\u00fd \u010das \u010d\u00edtania":"1 min\u00fata"},"schema":{"@context":"https:\/\/schema.org","@graph":[{"@type":"WebPage","@id":"https:\/\/arak.spicehorse.eu\/termek\/dyon-pelham-szij-hosszu\/","url":"https:\/\/arak.spicehorse.eu\/termek\/dyon-pelham-szij-hosszu\/","name":"Dy\u2019on pelham reme\u0148 dlh\u00fd - Spicehorse","isPartOf":{"@id":"https:\/\/arak.spicehorse.eu\/en\/#website"},"datePublished":"2025-08-14T09:08:25+00:00","dateModified":"2025-08-25T17:15:32+00:00","description":"spicehorse.eu | Dy\u2019on Pelham reme\u0148 sp\u00e1ja Pelham zubadlo s\u00a0o\u0165a\u017eami. Je to \u013eahk\u00fd reme\u0148, ktor\u00fd zjem\u0148uje p\u00f4sobenie o\u0165a\u017e\u00ed a\u00a0zubadla na \u00fasta ko\u0148a.","breadcrumb":{"@id":"https:\/\/arak.spicehorse.eu\/termek\/dyon-pelham-szij-hosszu\/#breadcrumb"},"inLanguage":"sk-SK","potentialAction":[{"@type":"ReadAction","target":["https:\/\/arak.spicehorse.eu\/termek\/dyon-pelham-szij-hosszu\/"]}]},{"@type":"BreadcrumbList","@id":"https:\/\/arak.spicehorse.eu\/termek\/dyon-pelham-szij-hosszu\/#breadcrumb","itemListElement":[{"@type":"ListItem","position":1,"name":"Home","item":"https:\/\/arak.spicehorse.eu\/sk\/"},{"@type":"ListItem","position":2,"name":"Predaj\u0148a","item":"https:\/\/arak.spicehorse.eu\/sk\/predajna\/"},{"@type":"ListItem","position":3,"name":"Dy\u2019on pelham reme\u0148 dlh\u00fd"}]},{"@type":"WebSite","@id":"https:\/\/arak.spicehorse.eu\/en\/#website","url":"https:\/\/arak.spicehorse.eu\/en\/","name":"Spicehorse","description":"UNDER DEVELOPMENT -","potentialAction":[{"@type":"SearchAction","target":{"@type":"EntryPoint","urlTemplate":"https:\/\/arak.spicehorse.eu\/en\/?s={search_term_string}"},"query-input":"required name=search_term_string"}],"inLanguage":"sk-SK"}]}},"_links":{"self":[{"href":"https:\/\/arak.spicehorse.eu\/sk\/wp-json\/wp\/v2\/product\/202410"}],"collection":[{"href":"https:\/\/arak.spicehorse.eu\/sk\/wp-json\/wp\/v2\/product"}],"about":[{"href":"https:\/\/arak.spicehorse.eu\/sk\/wp-json\/wp\/v2\/types\/product"}],"wp:featuredmedia":[{"embeddable":true,"href":"https:\/\/arak.spicehorse.eu\/sk\/wp-json\/wp\/v2\/media\/202415"}],"wp:attachment":[{"href":"https:\/\/arak.spicehorse.eu\/sk\/wp-json\/wp\/v2\/media?parent=202410"}],"wp:term":[{"taxonomy":"product_cat","embeddable":true,"href":"https:\/\/arak.spicehorse.eu\/sk\/wp-json\/wp\/v2\/product_cat?post=202410"},{"taxonomy":"product_tag","embeddable":true,"href":"https:\/\/arak.spicehorse.eu\/sk\/wp-json\/wp\/v2\/product_tag?post=202410"}],"curies":[{"name":"wp","href":"https:\/\/api.w.org\/{rel}","templated":true}]}}