{"id":203189,"date":"2025-08-20T11:09:00","date_gmt":"2025-08-20T09:09:10","guid":{"rendered":"https:\/\/arak.spicehorse.eu\/?post_type=product&#038;p=203189"},"modified":"2025-08-25T19:39:56","modified_gmt":"2025-08-25T17:39:56","slug":"qhp-liora-potah-na-ochrannu-vestu-huzat-black","status":"publish","type":"product","link":"https:\/\/arak.spicehorse.eu\/sk\/produkt\/qhp-liora-potah-na-ochrannu-vestu-huzat-black\/","title":{"rendered":"QHP Liora po\u0165ah na ochrann\u00fa vestu huzat Black"},"content":{"rendered":"<div>\n<p><span lang=\"SK\">Elastick\u00fd po\u0165ah na QHP ochrann\u00fa vestu dokonale dosad\u00e1 na QHP ochrann\u00e9 vesty a\u00a0je mo\u017en\u00e9 ho kombinova\u0165 s\u00a0ladiacim po\u0165ahom na prilbu.<\/span><\/p>\n<\/div>\n<div>\n<p><span lang=\"SK\">Po\u0165ah na ochrann\u00fa vestu je vhodn\u00fd na QHP ochrann\u00e9 vesty a\u00a0je dostupn\u00fd vo viacer\u00fdch farb\u00e1ch a\u00a0ve\u013ekostiach. <\/span><\/p>\n<\/div>\n","protected":false},"excerpt":{"rendered":"<ul style=\"font-weight: 400;\">\n<li>Materi\u00e1lov\u00e9 zlo\u017eenie: 92% polyester, 8% elastan<\/li>\n<li>Po\u0165ah na ochrann\u00fa vestu, ktor\u00fd mo\u017eno pou\u017ei\u0165 na ochrann\u00e9 vesty QHP<\/li>\n<li>Elastick\u00fd materi\u00e1l<\/li>\n<li>S ladiacim po\u0165ahom na prilbu<\/li>\n<li>Ve\u013ekosti:<br \/>\n\u2013 S1 ve\u013ekos\u0165: na XS \u2013 M na juniorsk\u00e9 ochrann\u00e9 vesty<br \/>\n\u2013 S2 ve\u013ekos\u0165: na L \u2013 XL juniorsk\u00e9 ochrann\u00e9 vesty a S ochrann\u00e9 vesty pre dospel\u00fdch<br \/>\n\u2013 ve\u013ekos\u0165 3: na M \u2013 XL ochrann\u00e9 vesty pre dospel\u00fdch<\/li>\n<\/ul>\n","protected":false},"featured_media":203195,"template":"","meta":{"_acf_changed":false},"product_cat":[3322,76],"product_tag":[3334,1973,396,328],"acf":[],"yoast_head":"<!-- This site is optimized with the Yoast SEO plugin v21.4 - https:\/\/yoast.com\/wordpress\/plugins\/seo\/ -->\n<title>QHP Liora po\u0165ah na ochrann\u00fa vestu huzat Black - Spicehorse<\/title>\n<meta name=\"description\" content=\"spicehorse.eu |\u00a0Elastick\u00fd po\u0165ah na QHP ochrann\u00fa vestu dokonale dosad\u00e1 na QHP ochrann\u00e9 vesty a\u00a0je mo\u017en\u00e9 ho kombinova\u0165 s\u00a0ladiacim po\u0165ahom na prilbu.\" \/>\n<meta name=\"robots\" content=\"index, follow, max-snippet:-1, max-image-preview:large, max-video-preview:-1\" \/>\n<link rel=\"canonical\" href=\"https:\/\/arak.spicehorse.eu\/termek\/qhp-liora-vedomelleny-huzat-black\/\" \/>\n<meta property=\"og:locale\" content=\"sk_SK\" \/>\n<meta property=\"og:type\" content=\"article\" \/>\n<meta property=\"og:title\" content=\"QHP Liora po\u0165ah na ochrann\u00fa vestu huzat Black - Spicehorse\" \/>\n<meta property=\"og:description\" content=\"spicehorse.eu |\u00a0Elastick\u00fd po\u0165ah na QHP ochrann\u00fa vestu dokonale dosad\u00e1 na QHP ochrann\u00e9 vesty a\u00a0je mo\u017en\u00e9 ho kombinova\u0165 s\u00a0ladiacim po\u0165ahom na prilbu.\" \/>\n<meta property=\"og:url\" content=\"https:\/\/arak.spicehorse.eu\/termek\/qhp-liora-vedomelleny-huzat-black\/\" \/>\n<meta property=\"og:site_name\" content=\"Spicehorse\" \/>\n<meta property=\"article:publisher\" content=\"https:\/\/www.facebook.com\/SPICEHORSE-550385625402457\/\" \/>\n<meta property=\"article:modified_time\" content=\"2025-08-25T17:39:56+00:00\" \/>\n<meta property=\"og:image\" content=\"https:\/\/arak.spicehorse.eu\/wp-content\/uploads\/2025\/08\/8901zw-26.jpg\" \/>\n\t<meta property=\"og:image:width\" content=\"1280\" \/>\n\t<meta property=\"og:image:height\" content=\"1280\" \/>\n\t<meta property=\"og:image:type\" content=\"image\/jpeg\" \/>\n<meta name=\"twitter:card\" content=\"summary_large_image\" \/>\n<script type=\"application\/ld+json\" class=\"yoast-schema-graph\">{\"@context\":\"https:\/\/schema.org\",\"@graph\":[{\"@type\":\"WebPage\",\"@id\":\"https:\/\/arak.spicehorse.eu\/termek\/qhp-liora-vedomelleny-huzat-black\/\",\"url\":\"https:\/\/arak.spicehorse.eu\/termek\/qhp-liora-vedomelleny-huzat-black\/\",\"name\":\"QHP Liora po\u0165ah na ochrann\u00fa vestu huzat Black - Spicehorse\",\"isPartOf\":{\"@id\":\"https:\/\/arak.spicehorse.eu\/en\/#website\"},\"datePublished\":\"2025-08-20T09:09:10+00:00\",\"dateModified\":\"2025-08-25T17:39:56+00:00\",\"description\":\"spicehorse.eu |\u00a0Elastick\u00fd po\u0165ah na QHP ochrann\u00fa vestu dokonale dosad\u00e1 na QHP ochrann\u00e9 vesty a\u00a0je mo\u017en\u00e9 ho kombinova\u0165 s\u00a0ladiacim po\u0165ahom na prilbu.\",\"breadcrumb\":{\"@id\":\"https:\/\/arak.spicehorse.eu\/termek\/qhp-liora-vedomelleny-huzat-black\/#breadcrumb\"},\"inLanguage\":\"sk-SK\",\"potentialAction\":[{\"@type\":\"ReadAction\",\"target\":[\"https:\/\/arak.spicehorse.eu\/termek\/qhp-liora-vedomelleny-huzat-black\/\"]}]},{\"@type\":\"BreadcrumbList\",\"@id\":\"https:\/\/arak.spicehorse.eu\/termek\/qhp-liora-vedomelleny-huzat-black\/#breadcrumb\",\"itemListElement\":[{\"@type\":\"ListItem\",\"position\":1,\"name\":\"Home\",\"item\":\"https:\/\/arak.spicehorse.eu\/sk\/\"},{\"@type\":\"ListItem\",\"position\":2,\"name\":\"Predaj\u0148a\",\"item\":\"https:\/\/arak.spicehorse.eu\/sk\/predajna\/\"},{\"@type\":\"ListItem\",\"position\":3,\"name\":\"QHP Liora po\u0165ah na ochrann\u00fa vestu huzat Black\"}]},{\"@type\":\"WebSite\",\"@id\":\"https:\/\/arak.spicehorse.eu\/en\/#website\",\"url\":\"https:\/\/arak.spicehorse.eu\/en\/\",\"name\":\"Spicehorse\",\"description\":\"UNDER DEVELOPMENT -\",\"potentialAction\":[{\"@type\":\"SearchAction\",\"target\":{\"@type\":\"EntryPoint\",\"urlTemplate\":\"https:\/\/arak.spicehorse.eu\/en\/?s={search_term_string}\"},\"query-input\":\"required name=search_term_string\"}],\"inLanguage\":\"sk-SK\"}]}<\/script>\n<!-- \/ Yoast SEO plugin. -->","yoast_head_json":{"title":"QHP Liora po\u0165ah na ochrann\u00fa vestu huzat Black - Spicehorse","description":"spicehorse.eu |\u00a0Elastick\u00fd po\u0165ah na QHP ochrann\u00fa vestu dokonale dosad\u00e1 na QHP ochrann\u00e9 vesty a\u00a0je mo\u017en\u00e9 ho kombinova\u0165 s\u00a0ladiacim po\u0165ahom na prilbu.","robots":{"index":"index","follow":"follow","max-snippet":"max-snippet:-1","max-image-preview":"max-image-preview:large","max-video-preview":"max-video-preview:-1"},"canonical":"https:\/\/arak.spicehorse.eu\/termek\/qhp-liora-vedomelleny-huzat-black\/","og_locale":"sk_SK","og_type":"article","og_title":"QHP Liora po\u0165ah na ochrann\u00fa vestu huzat Black - Spicehorse","og_description":"spicehorse.eu |\u00a0Elastick\u00fd po\u0165ah na QHP ochrann\u00fa vestu dokonale dosad\u00e1 na QHP ochrann\u00e9 vesty a\u00a0je mo\u017en\u00e9 ho kombinova\u0165 s\u00a0ladiacim po\u0165ahom na prilbu.","og_url":"https:\/\/arak.spicehorse.eu\/termek\/qhp-liora-vedomelleny-huzat-black\/","og_site_name":"Spicehorse","article_publisher":"https:\/\/www.facebook.com\/SPICEHORSE-550385625402457\/","article_modified_time":"2025-08-25T17:39:56+00:00","og_image":[{"width":1280,"height":1280,"url":"https:\/\/arak.spicehorse.eu\/wp-content\/uploads\/2025\/08\/8901zw-26.jpg","type":"image\/jpeg"}],"twitter_card":"summary_large_image","schema":{"@context":"https:\/\/schema.org","@graph":[{"@type":"WebPage","@id":"https:\/\/arak.spicehorse.eu\/termek\/qhp-liora-vedomelleny-huzat-black\/","url":"https:\/\/arak.spicehorse.eu\/termek\/qhp-liora-vedomelleny-huzat-black\/","name":"QHP Liora po\u0165ah na ochrann\u00fa vestu huzat Black - Spicehorse","isPartOf":{"@id":"https:\/\/arak.spicehorse.eu\/en\/#website"},"datePublished":"2025-08-20T09:09:10+00:00","dateModified":"2025-08-25T17:39:56+00:00","description":"spicehorse.eu |\u00a0Elastick\u00fd po\u0165ah na QHP ochrann\u00fa vestu dokonale dosad\u00e1 na QHP ochrann\u00e9 vesty a\u00a0je mo\u017en\u00e9 ho kombinova\u0165 s\u00a0ladiacim po\u0165ahom na prilbu.","breadcrumb":{"@id":"https:\/\/arak.spicehorse.eu\/termek\/qhp-liora-vedomelleny-huzat-black\/#breadcrumb"},"inLanguage":"sk-SK","potentialAction":[{"@type":"ReadAction","target":["https:\/\/arak.spicehorse.eu\/termek\/qhp-liora-vedomelleny-huzat-black\/"]}]},{"@type":"BreadcrumbList","@id":"https:\/\/arak.spicehorse.eu\/termek\/qhp-liora-vedomelleny-huzat-black\/#breadcrumb","itemListElement":[{"@type":"ListItem","position":1,"name":"Home","item":"https:\/\/arak.spicehorse.eu\/sk\/"},{"@type":"ListItem","position":2,"name":"Predaj\u0148a","item":"https:\/\/arak.spicehorse.eu\/sk\/predajna\/"},{"@type":"ListItem","position":3,"name":"QHP Liora po\u0165ah na ochrann\u00fa vestu huzat Black"}]},{"@type":"WebSite","@id":"https:\/\/arak.spicehorse.eu\/en\/#website","url":"https:\/\/arak.spicehorse.eu\/en\/","name":"Spicehorse","description":"UNDER DEVELOPMENT -","potentialAction":[{"@type":"SearchAction","target":{"@type":"EntryPoint","urlTemplate":"https:\/\/arak.spicehorse.eu\/en\/?s={search_term_string}"},"query-input":"required name=search_term_string"}],"inLanguage":"sk-SK"}]}},"_links":{"self":[{"href":"https:\/\/arak.spicehorse.eu\/sk\/wp-json\/wp\/v2\/product\/203189"}],"collection":[{"href":"https:\/\/arak.spicehorse.eu\/sk\/wp-json\/wp\/v2\/product"}],"about":[{"href":"https:\/\/arak.spicehorse.eu\/sk\/wp-json\/wp\/v2\/types\/product"}],"wp:featuredmedia":[{"embeddable":true,"href":"https:\/\/arak.spicehorse.eu\/sk\/wp-json\/wp\/v2\/media\/203195"}],"wp:attachment":[{"href":"https:\/\/arak.spicehorse.eu\/sk\/wp-json\/wp\/v2\/media?parent=203189"}],"wp:term":[{"taxonomy":"product_cat","embeddable":true,"href":"https:\/\/arak.spicehorse.eu\/sk\/wp-json\/wp\/v2\/product_cat?post=203189"},{"taxonomy":"product_tag","embeddable":true,"href":"https:\/\/arak.spicehorse.eu\/sk\/wp-json\/wp\/v2\/product_tag?post=203189"}],"curies":[{"name":"wp","href":"https:\/\/api.w.org\/{rel}","templated":true}]}}