{"id":203237,"date":"2025-08-20T11:26:36","date_gmt":"2025-08-20T09:26:37","guid":{"rendered":"https:\/\/arak.spicehorse.eu\/?post_type=product&#038;p=203237"},"modified":"2025-09-03T18:17:22","modified_gmt":"2025-09-03T16:17:22","slug":"qhp-potah-na-prilbu-liora-navy","status":"publish","type":"product","link":"https:\/\/arak.spicehorse.eu\/sk\/produkt\/qhp-potah-na-prilbu-liora-navy\/","title":{"rendered":"QHP po\u0165ah na prilbu Liora Navy"},"content":{"rendered":"<div>\n<p><span lang=\"SK\">Tento QHP po\u0165ah na prilbu so vzorom strme\u0148ov a\u00a0m\u00e4kk\u00fdm brmbolcom je vybaven\u00fd slne\u010dnou clonou, ktor\u00e1 poskytuje \u00fa\u010dinn\u00fa ochranu pred slnkom a\u00a0n\u00edzko visiacimi kon\u00e1rmi pri ter\u00e9nnej jazde. Slne\u010dn\u00e1 clona ani pri p\u00e1de nebr\u00e1ni v\u00a0pohybe. <\/span><\/p>\n<\/div>\n<div>\n<p><span lang=\"SK\">Okrem toho je po\u0165ah vhodn\u00fd na prilbu so \u0161iltom aj bez \u0161iltu, v\u010faka univerz\u00e1lnej ve\u013ekosti ho mo\u017eno pou\u017ei\u0165 na ak\u00fako\u013evek prilbu. <\/span><\/p>\n<\/div>\n","protected":false},"excerpt":{"rendered":"<ul style=\"font-weight: 400;\">\n<li>Materi\u00e1lov\u00e9 zlo\u017eenie: 92% polyester, 8% elastan<\/li>\n<li>Po\u0165ah na prilbu so vzorom strme\u0148ov<\/li>\n<li>S\u00a0m\u00e4kk\u00fdm brmbolcom<\/li>\n<li>So slne\u010dnou clonou pre ochranu pred slnkom a\u00a0n\u00edzko visiacimi kon\u00e1rmi pri ter\u00e9nnej jazde<\/li>\n<li>Mo\u017eno ho pou\u017ei\u0165 na prilbu so \u0161iltom aj bez \u0161iltu<\/li>\n<li>\u0160ilt nebr\u00e1ni v\u00a0pohybe pri p\u00e1de<\/li>\n<li>Univerz\u00e1lna ve\u013ekos\u0165, po\u0165ah je vhodn\u00fd na ak\u00fako\u013evek prilbu<\/li>\n<li>Zvo\u013ete si k\u00a0nej ladiaci po\u0165ah na ochrann\u00fa vestu<\/li>\n<li>Mo\u017eno pra\u0165 v\u00a0pr\u00e1\u010dke na 30 stup\u0148och. Pod\u013ea mo\u017enosti nepou\u017e\u00edvajte aviv\u00e1\u017e a\u00a0nesu\u0161te v\u00a0su\u0161i\u010dke.<\/li>\n<\/ul>\n","protected":false},"featured_media":203264,"template":"","meta":{"_acf_changed":false},"product_cat":[3231,76,312],"product_tag":[3234,3334,1973,328],"acf":[],"yoast_head":"<!-- This site is optimized with the Yoast SEO plugin v21.4 - https:\/\/yoast.com\/wordpress\/plugins\/seo\/ -->\n<title>QHP po\u0165ah na prilbu Liora Navy - Spicehorse<\/title>\n<meta name=\"description\" content=\"spicehorse.eu | Tento QHP po\u0165ah na prilbu so vzorom strme\u0148ov a\u00a0m\u00e4kk\u00fdm brmbolcom je vybaven\u00fd slne\u010dnou clonou, ktor\u00e1 poskytuje \u00fa\u010dinn\u00fa ochranu pred slnkom a\u00a0n\u00edzko visiacimi kon\u00e1rmi pri ter\u00e9nnej jazde.\" \/>\n<meta name=\"robots\" content=\"index, follow, max-snippet:-1, max-image-preview:large, max-video-preview:-1\" \/>\n<link rel=\"canonical\" href=\"https:\/\/arak.spicehorse.eu\/termek\/qhp-kobakhuzat-liora-navy\/\" \/>\n<meta property=\"og:locale\" content=\"sk_SK\" \/>\n<meta property=\"og:type\" content=\"article\" \/>\n<meta property=\"og:title\" content=\"QHP po\u0165ah na prilbu Liora Navy - Spicehorse\" \/>\n<meta property=\"og:description\" content=\"spicehorse.eu | Tento QHP po\u0165ah na prilbu so vzorom strme\u0148ov a\u00a0m\u00e4kk\u00fdm brmbolcom je vybaven\u00fd slne\u010dnou clonou, ktor\u00e1 poskytuje \u00fa\u010dinn\u00fa ochranu pred slnkom a\u00a0n\u00edzko visiacimi kon\u00e1rmi pri ter\u00e9nnej jazde.\" \/>\n<meta property=\"og:url\" content=\"https:\/\/arak.spicehorse.eu\/termek\/qhp-kobakhuzat-liora-navy\/\" \/>\n<meta property=\"og:site_name\" content=\"Spicehorse\" \/>\n<meta property=\"article:publisher\" content=\"https:\/\/www.facebook.com\/SPICEHORSE-550385625402457\/\" \/>\n<meta property=\"article:modified_time\" content=\"2025-09-03T16:17:22+00:00\" \/>\n<meta property=\"og:image\" content=\"https:\/\/arak.spicehorse.eu\/wp-content\/uploads\/2025\/08\/8905na-5.jpg\" \/>\n\t<meta property=\"og:image:width\" content=\"1280\" \/>\n\t<meta property=\"og:image:height\" content=\"1280\" \/>\n\t<meta property=\"og:image:type\" content=\"image\/jpeg\" \/>\n<meta name=\"twitter:card\" content=\"summary_large_image\" \/>\n<script type=\"application\/ld+json\" class=\"yoast-schema-graph\">{\"@context\":\"https:\/\/schema.org\",\"@graph\":[{\"@type\":\"WebPage\",\"@id\":\"https:\/\/arak.spicehorse.eu\/termek\/qhp-kobakhuzat-liora-navy\/\",\"url\":\"https:\/\/arak.spicehorse.eu\/termek\/qhp-kobakhuzat-liora-navy\/\",\"name\":\"QHP po\u0165ah na prilbu Liora Navy - Spicehorse\",\"isPartOf\":{\"@id\":\"https:\/\/arak.spicehorse.eu\/en\/#website\"},\"datePublished\":\"2025-08-20T09:26:37+00:00\",\"dateModified\":\"2025-09-03T16:17:22+00:00\",\"description\":\"spicehorse.eu | Tento QHP po\u0165ah na prilbu so vzorom strme\u0148ov a\u00a0m\u00e4kk\u00fdm brmbolcom je vybaven\u00fd slne\u010dnou clonou, ktor\u00e1 poskytuje \u00fa\u010dinn\u00fa ochranu pred slnkom a\u00a0n\u00edzko visiacimi kon\u00e1rmi pri ter\u00e9nnej jazde.\",\"breadcrumb\":{\"@id\":\"https:\/\/arak.spicehorse.eu\/termek\/qhp-kobakhuzat-liora-navy\/#breadcrumb\"},\"inLanguage\":\"sk-SK\",\"potentialAction\":[{\"@type\":\"ReadAction\",\"target\":[\"https:\/\/arak.spicehorse.eu\/termek\/qhp-kobakhuzat-liora-navy\/\"]}]},{\"@type\":\"BreadcrumbList\",\"@id\":\"https:\/\/arak.spicehorse.eu\/termek\/qhp-kobakhuzat-liora-navy\/#breadcrumb\",\"itemListElement\":[{\"@type\":\"ListItem\",\"position\":1,\"name\":\"Home\",\"item\":\"https:\/\/arak.spicehorse.eu\/sk\/\"},{\"@type\":\"ListItem\",\"position\":2,\"name\":\"Predaj\u0148a\",\"item\":\"https:\/\/arak.spicehorse.eu\/sk\/predajna\/\"},{\"@type\":\"ListItem\",\"position\":3,\"name\":\"QHP po\u0165ah na prilbu Liora Navy\"}]},{\"@type\":\"WebSite\",\"@id\":\"https:\/\/arak.spicehorse.eu\/en\/#website\",\"url\":\"https:\/\/arak.spicehorse.eu\/en\/\",\"name\":\"Spicehorse\",\"description\":\"UNDER DEVELOPMENT -\",\"potentialAction\":[{\"@type\":\"SearchAction\",\"target\":{\"@type\":\"EntryPoint\",\"urlTemplate\":\"https:\/\/arak.spicehorse.eu\/en\/?s={search_term_string}\"},\"query-input\":\"required name=search_term_string\"}],\"inLanguage\":\"sk-SK\"}]}<\/script>\n<!-- \/ Yoast SEO plugin. -->","yoast_head_json":{"title":"QHP po\u0165ah na prilbu Liora Navy - Spicehorse","description":"spicehorse.eu | Tento QHP po\u0165ah na prilbu so vzorom strme\u0148ov a\u00a0m\u00e4kk\u00fdm brmbolcom je vybaven\u00fd slne\u010dnou clonou, ktor\u00e1 poskytuje \u00fa\u010dinn\u00fa ochranu pred slnkom a\u00a0n\u00edzko visiacimi kon\u00e1rmi pri ter\u00e9nnej jazde.","robots":{"index":"index","follow":"follow","max-snippet":"max-snippet:-1","max-image-preview":"max-image-preview:large","max-video-preview":"max-video-preview:-1"},"canonical":"https:\/\/arak.spicehorse.eu\/termek\/qhp-kobakhuzat-liora-navy\/","og_locale":"sk_SK","og_type":"article","og_title":"QHP po\u0165ah na prilbu Liora Navy - Spicehorse","og_description":"spicehorse.eu | Tento QHP po\u0165ah na prilbu so vzorom strme\u0148ov a\u00a0m\u00e4kk\u00fdm brmbolcom je vybaven\u00fd slne\u010dnou clonou, ktor\u00e1 poskytuje \u00fa\u010dinn\u00fa ochranu pred slnkom a\u00a0n\u00edzko visiacimi kon\u00e1rmi pri ter\u00e9nnej jazde.","og_url":"https:\/\/arak.spicehorse.eu\/termek\/qhp-kobakhuzat-liora-navy\/","og_site_name":"Spicehorse","article_publisher":"https:\/\/www.facebook.com\/SPICEHORSE-550385625402457\/","article_modified_time":"2025-09-03T16:17:22+00:00","og_image":[{"width":1280,"height":1280,"url":"https:\/\/arak.spicehorse.eu\/wp-content\/uploads\/2025\/08\/8905na-5.jpg","type":"image\/jpeg"}],"twitter_card":"summary_large_image","schema":{"@context":"https:\/\/schema.org","@graph":[{"@type":"WebPage","@id":"https:\/\/arak.spicehorse.eu\/termek\/qhp-kobakhuzat-liora-navy\/","url":"https:\/\/arak.spicehorse.eu\/termek\/qhp-kobakhuzat-liora-navy\/","name":"QHP po\u0165ah na prilbu Liora Navy - Spicehorse","isPartOf":{"@id":"https:\/\/arak.spicehorse.eu\/en\/#website"},"datePublished":"2025-08-20T09:26:37+00:00","dateModified":"2025-09-03T16:17:22+00:00","description":"spicehorse.eu | Tento QHP po\u0165ah na prilbu so vzorom strme\u0148ov a\u00a0m\u00e4kk\u00fdm brmbolcom je vybaven\u00fd slne\u010dnou clonou, ktor\u00e1 poskytuje \u00fa\u010dinn\u00fa ochranu pred slnkom a\u00a0n\u00edzko visiacimi kon\u00e1rmi pri ter\u00e9nnej jazde.","breadcrumb":{"@id":"https:\/\/arak.spicehorse.eu\/termek\/qhp-kobakhuzat-liora-navy\/#breadcrumb"},"inLanguage":"sk-SK","potentialAction":[{"@type":"ReadAction","target":["https:\/\/arak.spicehorse.eu\/termek\/qhp-kobakhuzat-liora-navy\/"]}]},{"@type":"BreadcrumbList","@id":"https:\/\/arak.spicehorse.eu\/termek\/qhp-kobakhuzat-liora-navy\/#breadcrumb","itemListElement":[{"@type":"ListItem","position":1,"name":"Home","item":"https:\/\/arak.spicehorse.eu\/sk\/"},{"@type":"ListItem","position":2,"name":"Predaj\u0148a","item":"https:\/\/arak.spicehorse.eu\/sk\/predajna\/"},{"@type":"ListItem","position":3,"name":"QHP po\u0165ah na prilbu Liora Navy"}]},{"@type":"WebSite","@id":"https:\/\/arak.spicehorse.eu\/en\/#website","url":"https:\/\/arak.spicehorse.eu\/en\/","name":"Spicehorse","description":"UNDER DEVELOPMENT -","potentialAction":[{"@type":"SearchAction","target":{"@type":"EntryPoint","urlTemplate":"https:\/\/arak.spicehorse.eu\/en\/?s={search_term_string}"},"query-input":"required name=search_term_string"}],"inLanguage":"sk-SK"}]}},"_links":{"self":[{"href":"https:\/\/arak.spicehorse.eu\/sk\/wp-json\/wp\/v2\/product\/203237"}],"collection":[{"href":"https:\/\/arak.spicehorse.eu\/sk\/wp-json\/wp\/v2\/product"}],"about":[{"href":"https:\/\/arak.spicehorse.eu\/sk\/wp-json\/wp\/v2\/types\/product"}],"wp:featuredmedia":[{"embeddable":true,"href":"https:\/\/arak.spicehorse.eu\/sk\/wp-json\/wp\/v2\/media\/203264"}],"wp:attachment":[{"href":"https:\/\/arak.spicehorse.eu\/sk\/wp-json\/wp\/v2\/media?parent=203237"}],"wp:term":[{"taxonomy":"product_cat","embeddable":true,"href":"https:\/\/arak.spicehorse.eu\/sk\/wp-json\/wp\/v2\/product_cat?post=203237"},{"taxonomy":"product_tag","embeddable":true,"href":"https:\/\/arak.spicehorse.eu\/sk\/wp-json\/wp\/v2\/product_tag?post=203237"}],"curies":[{"name":"wp","href":"https:\/\/api.w.org\/{rel}","templated":true}]}}