{"id":20332,"date":"2021-02-02T17:17:49","date_gmt":"2021-02-02T16:17:49","guid":{"rendered":"https:\/\/arak.spicehorse.eu\/?post_type=product&#038;p=20332"},"modified":"2024-01-27T11:41:58","modified_gmt":"2024-01-27T10:41:58","slug":"kentucky-hracka-pre-psa-kost","status":"publish","type":"product","link":"https:\/\/arak.spicehorse.eu\/sk\/produkt\/kentucky-hracka-pre-psa-kost\/","title":{"rendered":"Kentucky hra\u010dka pre psa kos\u0165"},"content":{"rendered":"<p style=\"text-align: justify; margin: 0cm 0cm 7.5pt 0cm;\"><span lang=\"SK\" style=\"font-family: 'Arial',sans-serif; color: #777777;\">Kentucky Dogwear silik\u00f3nov\u00e1 kos\u0165 je dokonalou hra\u010dkou pre v\u00e1\u0161ho psieho mil\u00e1\u010dika. Je jemn\u00e1 a\u00a0pr\u00edjemn\u00e1 na dotyk, \u0161etrn\u00e1 k\u00a0zubom. Je dokonalou vo\u013ebou aj pre \u0161te\u0148at\u00e1 pri v\u00fdmene zubov.<\/span><\/p>\n<p style=\"text-align: justify; margin: 0cm 0cm 7.5pt 0cm;\"><span lang=\"SK\" style=\"font-family: 'Arial',sans-serif; color: #777777;\">Hra\u010dka je vyroben\u00e1 z\u00a0potravin\u00e1rskeho silik\u00f3nu, ktor\u00fd nie je jedovat\u00fd a\u00a0je \u0161etrn\u00fd k\u00a0prostrediu (bez BPA a ftal\u00e1tov). Materi\u00e1l bezpe\u010dn\u00fd pre dom\u00e1ce zvierat\u00e1 nem\u00e1 \u017eiaden pach, je extra pevn\u00fd a\u00a0odoln\u00fd. \u013dahko ho vy\u010dist\u00edme vodou. Hra\u010dka je vyroben\u00e1 v\u00a0dvoch ve\u013ekostiach, aby si z\u00e1bavu u\u017eili men\u0161ie aj v\u00e4\u010d\u0161ie psy.<\/span><\/p>\n","protected":false},"excerpt":{"rendered":"<ul>\n<li>Jemne vy\u010dist\u00ed zuby v\u00e1\u0161ho ps\u00edka<\/li>\n<li>Je pevn\u00e1, odoln\u00e1, bez pachu<\/li>\n<li>Bez BPA a ftal\u00e1tov<\/li>\n<li>\u013dahko sa \u010dist\u00ed<\/li>\n<\/ul>\n","protected":false},"featured_media":20344,"template":"","meta":{"_acf_changed":false},"product_cat":[2505,78,302],"product_tag":[227,184,228],"acf":[],"yoast_head":"<!-- This site is optimized with the Yoast SEO plugin v21.4 - https:\/\/yoast.com\/wordpress\/plugins\/seo\/ -->\n<title>Kentucky hra\u010dka pre psa kos\u0165 - Spicehorse<\/title>\n<meta name=\"description\" content=\"spicehorse.eu | Kentucky Dogwear silik\u00f3nov\u00e1 kos\u0165 je dokonalou hra\u010dkou pre v\u00e1\u0161ho psieho mil\u00e1\u010dika. Je jemn\u00e1 a\u00a0pr\u00edjemn\u00e1 na dotyk, \u0161etrn\u00e1 k\u00a0zubom.\" \/>\n<meta name=\"robots\" content=\"index, follow, max-snippet:-1, max-image-preview:large, max-video-preview:-1\" \/>\n<link rel=\"canonical\" href=\"https:\/\/arak.spicehorse.eu\/sk\/produkt\/kentucky-hracka-pre-psa-kost\/\" \/>\n<meta property=\"og:locale\" content=\"sk_SK\" \/>\n<meta property=\"og:type\" content=\"article\" \/>\n<meta property=\"og:title\" content=\"Kentucky hra\u010dka pre psa kos\u0165 - Spicehorse\" \/>\n<meta property=\"og:description\" content=\"spicehorse.eu | Kentucky Dogwear silik\u00f3nov\u00e1 kos\u0165 je dokonalou hra\u010dkou pre v\u00e1\u0161ho psieho mil\u00e1\u010dika. Je jemn\u00e1 a\u00a0pr\u00edjemn\u00e1 na dotyk, \u0161etrn\u00e1 k\u00a0zubom.\" \/>\n<meta property=\"og:url\" content=\"https:\/\/arak.spicehorse.eu\/sk\/produkt\/kentucky-hracka-pre-psa-kost\/\" \/>\n<meta property=\"og:site_name\" content=\"Spicehorse\" \/>\n<meta property=\"article:publisher\" content=\"https:\/\/www.facebook.com\/SPICEHORSE-550385625402457\/\" \/>\n<meta property=\"article:modified_time\" content=\"2024-01-27T10:41:58+00:00\" \/>\n<meta property=\"og:image\" content=\"https:\/\/arak.spicehorse.eu\/wp-content\/uploads\/2021\/02\/88697c1f348a9cac6f4914691e10db11631054f407e0fac723f1e7e6b09af63b.jpg\" \/>\n\t<meta property=\"og:image:width\" content=\"2048\" \/>\n\t<meta property=\"og:image:height\" content=\"2048\" \/>\n\t<meta property=\"og:image:type\" content=\"image\/jpeg\" \/>\n<meta name=\"twitter:card\" content=\"summary_large_image\" \/>\n<meta name=\"twitter:label1\" content=\"Predpokladan\u00fd \u010das \u010d\u00edtania\" \/>\n\t<meta name=\"twitter:data1\" content=\"1 min\u00fata\" \/>\n<script type=\"application\/ld+json\" class=\"yoast-schema-graph\">{\"@context\":\"https:\/\/schema.org\",\"@graph\":[{\"@type\":\"WebPage\",\"@id\":\"https:\/\/arak.spicehorse.eu\/sk\/produkt\/kentucky-hracka-pre-psa-kost\/\",\"url\":\"https:\/\/arak.spicehorse.eu\/sk\/produkt\/kentucky-hracka-pre-psa-kost\/\",\"name\":\"Kentucky hra\u010dka pre psa kos\u0165 - Spicehorse\",\"isPartOf\":{\"@id\":\"https:\/\/arak.spicehorse.eu\/en\/#website\"},\"datePublished\":\"2021-02-02T16:17:49+00:00\",\"dateModified\":\"2024-01-27T10:41:58+00:00\",\"description\":\"spicehorse.eu | Kentucky Dogwear silik\u00f3nov\u00e1 kos\u0165 je dokonalou hra\u010dkou pre v\u00e1\u0161ho psieho mil\u00e1\u010dika. Je jemn\u00e1 a\u00a0pr\u00edjemn\u00e1 na dotyk, \u0161etrn\u00e1 k\u00a0zubom.\",\"breadcrumb\":{\"@id\":\"https:\/\/arak.spicehorse.eu\/sk\/produkt\/kentucky-hracka-pre-psa-kost\/#breadcrumb\"},\"inLanguage\":\"sk-SK\",\"potentialAction\":[{\"@type\":\"ReadAction\",\"target\":[\"https:\/\/arak.spicehorse.eu\/sk\/produkt\/kentucky-hracka-pre-psa-kost\/\"]}]},{\"@type\":\"BreadcrumbList\",\"@id\":\"https:\/\/arak.spicehorse.eu\/sk\/produkt\/kentucky-hracka-pre-psa-kost\/#breadcrumb\",\"itemListElement\":[{\"@type\":\"ListItem\",\"position\":1,\"name\":\"Home\",\"item\":\"https:\/\/arak.spicehorse.eu\/sk\/\"},{\"@type\":\"ListItem\",\"position\":2,\"name\":\"Predaj\u0148a\",\"item\":\"https:\/\/arak.spicehorse.eu\/sk\/predajna\/\"},{\"@type\":\"ListItem\",\"position\":3,\"name\":\"Kentucky hra\u010dka pre psa kos\u0165\"}]},{\"@type\":\"WebSite\",\"@id\":\"https:\/\/arak.spicehorse.eu\/en\/#website\",\"url\":\"https:\/\/arak.spicehorse.eu\/en\/\",\"name\":\"Spicehorse\",\"description\":\"UNDER DEVELOPMENT -\",\"potentialAction\":[{\"@type\":\"SearchAction\",\"target\":{\"@type\":\"EntryPoint\",\"urlTemplate\":\"https:\/\/arak.spicehorse.eu\/en\/?s={search_term_string}\"},\"query-input\":\"required name=search_term_string\"}],\"inLanguage\":\"sk-SK\"}]}<\/script>\n<!-- \/ Yoast SEO plugin. -->","yoast_head_json":{"title":"Kentucky hra\u010dka pre psa kos\u0165 - Spicehorse","description":"spicehorse.eu | Kentucky Dogwear silik\u00f3nov\u00e1 kos\u0165 je dokonalou hra\u010dkou pre v\u00e1\u0161ho psieho mil\u00e1\u010dika. Je jemn\u00e1 a\u00a0pr\u00edjemn\u00e1 na dotyk, \u0161etrn\u00e1 k\u00a0zubom.","robots":{"index":"index","follow":"follow","max-snippet":"max-snippet:-1","max-image-preview":"max-image-preview:large","max-video-preview":"max-video-preview:-1"},"canonical":"https:\/\/arak.spicehorse.eu\/sk\/produkt\/kentucky-hracka-pre-psa-kost\/","og_locale":"sk_SK","og_type":"article","og_title":"Kentucky hra\u010dka pre psa kos\u0165 - Spicehorse","og_description":"spicehorse.eu | Kentucky Dogwear silik\u00f3nov\u00e1 kos\u0165 je dokonalou hra\u010dkou pre v\u00e1\u0161ho psieho mil\u00e1\u010dika. Je jemn\u00e1 a\u00a0pr\u00edjemn\u00e1 na dotyk, \u0161etrn\u00e1 k\u00a0zubom.","og_url":"https:\/\/arak.spicehorse.eu\/sk\/produkt\/kentucky-hracka-pre-psa-kost\/","og_site_name":"Spicehorse","article_publisher":"https:\/\/www.facebook.com\/SPICEHORSE-550385625402457\/","article_modified_time":"2024-01-27T10:41:58+00:00","og_image":[{"width":2048,"height":2048,"url":"https:\/\/arak.spicehorse.eu\/wp-content\/uploads\/2021\/02\/88697c1f348a9cac6f4914691e10db11631054f407e0fac723f1e7e6b09af63b.jpg","type":"image\/jpeg"}],"twitter_card":"summary_large_image","twitter_misc":{"Predpokladan\u00fd \u010das \u010d\u00edtania":"1 min\u00fata"},"schema":{"@context":"https:\/\/schema.org","@graph":[{"@type":"WebPage","@id":"https:\/\/arak.spicehorse.eu\/sk\/produkt\/kentucky-hracka-pre-psa-kost\/","url":"https:\/\/arak.spicehorse.eu\/sk\/produkt\/kentucky-hracka-pre-psa-kost\/","name":"Kentucky hra\u010dka pre psa kos\u0165 - Spicehorse","isPartOf":{"@id":"https:\/\/arak.spicehorse.eu\/en\/#website"},"datePublished":"2021-02-02T16:17:49+00:00","dateModified":"2024-01-27T10:41:58+00:00","description":"spicehorse.eu | Kentucky Dogwear silik\u00f3nov\u00e1 kos\u0165 je dokonalou hra\u010dkou pre v\u00e1\u0161ho psieho mil\u00e1\u010dika. Je jemn\u00e1 a\u00a0pr\u00edjemn\u00e1 na dotyk, \u0161etrn\u00e1 k\u00a0zubom.","breadcrumb":{"@id":"https:\/\/arak.spicehorse.eu\/sk\/produkt\/kentucky-hracka-pre-psa-kost\/#breadcrumb"},"inLanguage":"sk-SK","potentialAction":[{"@type":"ReadAction","target":["https:\/\/arak.spicehorse.eu\/sk\/produkt\/kentucky-hracka-pre-psa-kost\/"]}]},{"@type":"BreadcrumbList","@id":"https:\/\/arak.spicehorse.eu\/sk\/produkt\/kentucky-hracka-pre-psa-kost\/#breadcrumb","itemListElement":[{"@type":"ListItem","position":1,"name":"Home","item":"https:\/\/arak.spicehorse.eu\/sk\/"},{"@type":"ListItem","position":2,"name":"Predaj\u0148a","item":"https:\/\/arak.spicehorse.eu\/sk\/predajna\/"},{"@type":"ListItem","position":3,"name":"Kentucky hra\u010dka pre psa kos\u0165"}]},{"@type":"WebSite","@id":"https:\/\/arak.spicehorse.eu\/en\/#website","url":"https:\/\/arak.spicehorse.eu\/en\/","name":"Spicehorse","description":"UNDER DEVELOPMENT -","potentialAction":[{"@type":"SearchAction","target":{"@type":"EntryPoint","urlTemplate":"https:\/\/arak.spicehorse.eu\/en\/?s={search_term_string}"},"query-input":"required name=search_term_string"}],"inLanguage":"sk-SK"}]}},"_links":{"self":[{"href":"https:\/\/arak.spicehorse.eu\/sk\/wp-json\/wp\/v2\/product\/20332"}],"collection":[{"href":"https:\/\/arak.spicehorse.eu\/sk\/wp-json\/wp\/v2\/product"}],"about":[{"href":"https:\/\/arak.spicehorse.eu\/sk\/wp-json\/wp\/v2\/types\/product"}],"wp:featuredmedia":[{"embeddable":true,"href":"https:\/\/arak.spicehorse.eu\/sk\/wp-json\/wp\/v2\/media\/20344"}],"wp:attachment":[{"href":"https:\/\/arak.spicehorse.eu\/sk\/wp-json\/wp\/v2\/media?parent=20332"}],"wp:term":[{"taxonomy":"product_cat","embeddable":true,"href":"https:\/\/arak.spicehorse.eu\/sk\/wp-json\/wp\/v2\/product_cat?post=20332"},{"taxonomy":"product_tag","embeddable":true,"href":"https:\/\/arak.spicehorse.eu\/sk\/wp-json\/wp\/v2\/product_tag?post=20332"}],"curies":[{"name":"wp","href":"https:\/\/api.w.org\/{rel}","templated":true}]}}