{"id":203333,"date":"2025-08-20T13:19:10","date_gmt":"2025-08-20T11:19:13","guid":{"rendered":"https:\/\/arak.spicehorse.eu\/?post_type=product&#038;p=203333"},"modified":"2025-08-25T20:02:35","modified_gmt":"2025-08-25T18:02:35","slug":"qhp-potah-na-prilbu-glitter","status":"publish","type":"product","link":"https:\/\/arak.spicehorse.eu\/sk\/produkt\/qhp-potah-na-prilbu-glitter\/","title":{"rendered":"QHP po\u0165ah na prilbu Glitter"},"content":{"rendered":"<div>\n<p><span lang=\"SK\">Tento glitrovan\u00fd leskl\u00fd QHP po\u0165ah na prilbu s\u00a0chlpat\u00fdm brmbolcom disponuje slne\u010dnou clonou, ktor\u00e1 poskytuje ochranu pred slnkom a\u00a0n\u00edzko visiacimi kon\u00e1rmi pri jazde v\u00a0ter\u00e9ne. Slne\u010dn\u00e1 clona nebr\u00e1ni v\u00a0pohybe ani pri p\u00e1de.<\/span><\/p>\n<\/div>\n<div>\n<p><span lang=\"SK\">Okrem toho je po\u0165ah na prilbu vhodn\u00fd na prilbu so \u0161iltom aj bez \u0161iltu, v\u010faka univerz\u00e1lnej ve\u013ekosti sa hod\u00ed prakticky na ka\u017ed\u00fa prilbu. <\/span><\/p>\n<\/div>\n","protected":false},"excerpt":{"rendered":"<ul style=\"font-weight: 400;\">\n<li>Materi\u00e1lov\u00e9 zlo\u017eenie: 92% polyester, 8% elastan<\/li>\n<li>Leskl\u00fd po\u0165ah na prilbu<\/li>\n<li>S m\u00e4kk\u00fdm brmbolcom<\/li>\n<li>So slne\u010dnou clonou pre ochranu pred slne\u010dn\u00fdmi l\u00fa\u010dmi a n\u00edzko visiacimi kon\u00e1rmi pri ter\u00e9nnej jazde.<\/li>\n<li>Vhodn\u00fd pre prilbu so \u0161iltom aj bez \u0161iltu.<\/li>\n<li>Slne\u010dn\u00e1 clona nebr\u00e1ni v pohybe pri p\u00e1de.<\/li>\n<li>Univerz\u00e1lna ve\u013ekos\u0165, vhodn\u00fd na ak\u00fako\u013evek prilbu.<\/li>\n<li>Zvo\u013ete si k nemu aj ladiaci po\u0165ah na ochrann\u00fa vestu.<\/li>\n<li>Mo\u017eno pra\u0165 v pr\u00e1\u010dke na 30\u00b0C. Pod\u013ea mo\u017enosti nepou\u017e\u00edvajte aviv\u00e1\u017e a nevkladajte do su\u0161i\u010dky.<\/li>\n<\/ul>\n","protected":false},"featured_media":203336,"template":"","meta":{"_acf_changed":false},"product_cat":[3231,76,312],"product_tag":[566,3234,1973,328],"acf":[],"yoast_head":"<!-- This site is optimized with the Yoast SEO plugin v21.4 - https:\/\/yoast.com\/wordpress\/plugins\/seo\/ -->\n<title>QHP po\u0165ah na prilbu Glitter - Spicehorse<\/title>\n<meta name=\"description\" content=\"spicehorse.eu | Tento glitrovan\u00fd leskl\u00fd QHP po\u0165ah na prilbu s\u00a0chlpat\u00fdm brmbolcom disponuje slne\u010dnou clonou, ktor\u00e1 poskytuje ochranu pred slnkom a\u00a0n\u00edzko visiacimi kon\u00e1rmi pri jazde v\u00a0ter\u00e9ne.\" \/>\n<meta name=\"robots\" content=\"index, follow, max-snippet:-1, max-image-preview:large, max-video-preview:-1\" \/>\n<link rel=\"canonical\" href=\"https:\/\/arak.spicehorse.eu\/termek\/qhp-kobakhuzat-glitter\/\" \/>\n<meta property=\"og:locale\" content=\"sk_SK\" \/>\n<meta property=\"og:type\" content=\"article\" \/>\n<meta property=\"og:title\" content=\"QHP po\u0165ah na prilbu Glitter - Spicehorse\" \/>\n<meta property=\"og:description\" content=\"spicehorse.eu | Tento glitrovan\u00fd leskl\u00fd QHP po\u0165ah na prilbu s\u00a0chlpat\u00fdm brmbolcom disponuje slne\u010dnou clonou, ktor\u00e1 poskytuje ochranu pred slnkom a\u00a0n\u00edzko visiacimi kon\u00e1rmi pri jazde v\u00a0ter\u00e9ne.\" \/>\n<meta property=\"og:url\" content=\"https:\/\/arak.spicehorse.eu\/termek\/qhp-kobakhuzat-glitter\/\" \/>\n<meta property=\"og:site_name\" content=\"Spicehorse\" \/>\n<meta property=\"article:publisher\" content=\"https:\/\/www.facebook.com\/SPICEHORSE-550385625402457\/\" \/>\n<meta property=\"article:modified_time\" content=\"2025-08-25T18:02:35+00:00\" \/>\n<meta property=\"og:image\" content=\"https:\/\/arak.spicehorse.eu\/wp-content\/uploads\/2025\/08\/8906zw-5.jpg\" \/>\n\t<meta property=\"og:image:width\" content=\"1280\" \/>\n\t<meta property=\"og:image:height\" content=\"1280\" \/>\n\t<meta property=\"og:image:type\" content=\"image\/jpeg\" \/>\n<meta name=\"twitter:card\" content=\"summary_large_image\" \/>\n<script type=\"application\/ld+json\" class=\"yoast-schema-graph\">{\"@context\":\"https:\/\/schema.org\",\"@graph\":[{\"@type\":\"WebPage\",\"@id\":\"https:\/\/arak.spicehorse.eu\/termek\/qhp-kobakhuzat-glitter\/\",\"url\":\"https:\/\/arak.spicehorse.eu\/termek\/qhp-kobakhuzat-glitter\/\",\"name\":\"QHP po\u0165ah na prilbu Glitter - Spicehorse\",\"isPartOf\":{\"@id\":\"https:\/\/arak.spicehorse.eu\/en\/#website\"},\"datePublished\":\"2025-08-20T11:19:13+00:00\",\"dateModified\":\"2025-08-25T18:02:35+00:00\",\"description\":\"spicehorse.eu | Tento glitrovan\u00fd leskl\u00fd QHP po\u0165ah na prilbu s\u00a0chlpat\u00fdm brmbolcom disponuje slne\u010dnou clonou, ktor\u00e1 poskytuje ochranu pred slnkom a\u00a0n\u00edzko visiacimi kon\u00e1rmi pri jazde v\u00a0ter\u00e9ne.\",\"breadcrumb\":{\"@id\":\"https:\/\/arak.spicehorse.eu\/termek\/qhp-kobakhuzat-glitter\/#breadcrumb\"},\"inLanguage\":\"sk-SK\",\"potentialAction\":[{\"@type\":\"ReadAction\",\"target\":[\"https:\/\/arak.spicehorse.eu\/termek\/qhp-kobakhuzat-glitter\/\"]}]},{\"@type\":\"BreadcrumbList\",\"@id\":\"https:\/\/arak.spicehorse.eu\/termek\/qhp-kobakhuzat-glitter\/#breadcrumb\",\"itemListElement\":[{\"@type\":\"ListItem\",\"position\":1,\"name\":\"Home\",\"item\":\"https:\/\/arak.spicehorse.eu\/sk\/\"},{\"@type\":\"ListItem\",\"position\":2,\"name\":\"Predaj\u0148a\",\"item\":\"https:\/\/arak.spicehorse.eu\/sk\/predajna\/\"},{\"@type\":\"ListItem\",\"position\":3,\"name\":\"QHP po\u0165ah na prilbu Glitter\"}]},{\"@type\":\"WebSite\",\"@id\":\"https:\/\/arak.spicehorse.eu\/en\/#website\",\"url\":\"https:\/\/arak.spicehorse.eu\/en\/\",\"name\":\"Spicehorse\",\"description\":\"UNDER DEVELOPMENT -\",\"potentialAction\":[{\"@type\":\"SearchAction\",\"target\":{\"@type\":\"EntryPoint\",\"urlTemplate\":\"https:\/\/arak.spicehorse.eu\/en\/?s={search_term_string}\"},\"query-input\":\"required name=search_term_string\"}],\"inLanguage\":\"sk-SK\"}]}<\/script>\n<!-- \/ Yoast SEO plugin. -->","yoast_head_json":{"title":"QHP po\u0165ah na prilbu Glitter - Spicehorse","description":"spicehorse.eu | Tento glitrovan\u00fd leskl\u00fd QHP po\u0165ah na prilbu s\u00a0chlpat\u00fdm brmbolcom disponuje slne\u010dnou clonou, ktor\u00e1 poskytuje ochranu pred slnkom a\u00a0n\u00edzko visiacimi kon\u00e1rmi pri jazde v\u00a0ter\u00e9ne.","robots":{"index":"index","follow":"follow","max-snippet":"max-snippet:-1","max-image-preview":"max-image-preview:large","max-video-preview":"max-video-preview:-1"},"canonical":"https:\/\/arak.spicehorse.eu\/termek\/qhp-kobakhuzat-glitter\/","og_locale":"sk_SK","og_type":"article","og_title":"QHP po\u0165ah na prilbu Glitter - Spicehorse","og_description":"spicehorse.eu | Tento glitrovan\u00fd leskl\u00fd QHP po\u0165ah na prilbu s\u00a0chlpat\u00fdm brmbolcom disponuje slne\u010dnou clonou, ktor\u00e1 poskytuje ochranu pred slnkom a\u00a0n\u00edzko visiacimi kon\u00e1rmi pri jazde v\u00a0ter\u00e9ne.","og_url":"https:\/\/arak.spicehorse.eu\/termek\/qhp-kobakhuzat-glitter\/","og_site_name":"Spicehorse","article_publisher":"https:\/\/www.facebook.com\/SPICEHORSE-550385625402457\/","article_modified_time":"2025-08-25T18:02:35+00:00","og_image":[{"width":1280,"height":1280,"url":"https:\/\/arak.spicehorse.eu\/wp-content\/uploads\/2025\/08\/8906zw-5.jpg","type":"image\/jpeg"}],"twitter_card":"summary_large_image","schema":{"@context":"https:\/\/schema.org","@graph":[{"@type":"WebPage","@id":"https:\/\/arak.spicehorse.eu\/termek\/qhp-kobakhuzat-glitter\/","url":"https:\/\/arak.spicehorse.eu\/termek\/qhp-kobakhuzat-glitter\/","name":"QHP po\u0165ah na prilbu Glitter - Spicehorse","isPartOf":{"@id":"https:\/\/arak.spicehorse.eu\/en\/#website"},"datePublished":"2025-08-20T11:19:13+00:00","dateModified":"2025-08-25T18:02:35+00:00","description":"spicehorse.eu | Tento glitrovan\u00fd leskl\u00fd QHP po\u0165ah na prilbu s\u00a0chlpat\u00fdm brmbolcom disponuje slne\u010dnou clonou, ktor\u00e1 poskytuje ochranu pred slnkom a\u00a0n\u00edzko visiacimi kon\u00e1rmi pri jazde v\u00a0ter\u00e9ne.","breadcrumb":{"@id":"https:\/\/arak.spicehorse.eu\/termek\/qhp-kobakhuzat-glitter\/#breadcrumb"},"inLanguage":"sk-SK","potentialAction":[{"@type":"ReadAction","target":["https:\/\/arak.spicehorse.eu\/termek\/qhp-kobakhuzat-glitter\/"]}]},{"@type":"BreadcrumbList","@id":"https:\/\/arak.spicehorse.eu\/termek\/qhp-kobakhuzat-glitter\/#breadcrumb","itemListElement":[{"@type":"ListItem","position":1,"name":"Home","item":"https:\/\/arak.spicehorse.eu\/sk\/"},{"@type":"ListItem","position":2,"name":"Predaj\u0148a","item":"https:\/\/arak.spicehorse.eu\/sk\/predajna\/"},{"@type":"ListItem","position":3,"name":"QHP po\u0165ah na prilbu Glitter"}]},{"@type":"WebSite","@id":"https:\/\/arak.spicehorse.eu\/en\/#website","url":"https:\/\/arak.spicehorse.eu\/en\/","name":"Spicehorse","description":"UNDER DEVELOPMENT -","potentialAction":[{"@type":"SearchAction","target":{"@type":"EntryPoint","urlTemplate":"https:\/\/arak.spicehorse.eu\/en\/?s={search_term_string}"},"query-input":"required name=search_term_string"}],"inLanguage":"sk-SK"}]}},"_links":{"self":[{"href":"https:\/\/arak.spicehorse.eu\/sk\/wp-json\/wp\/v2\/product\/203333"}],"collection":[{"href":"https:\/\/arak.spicehorse.eu\/sk\/wp-json\/wp\/v2\/product"}],"about":[{"href":"https:\/\/arak.spicehorse.eu\/sk\/wp-json\/wp\/v2\/types\/product"}],"wp:featuredmedia":[{"embeddable":true,"href":"https:\/\/arak.spicehorse.eu\/sk\/wp-json\/wp\/v2\/media\/203336"}],"wp:attachment":[{"href":"https:\/\/arak.spicehorse.eu\/sk\/wp-json\/wp\/v2\/media?parent=203333"}],"wp:term":[{"taxonomy":"product_cat","embeddable":true,"href":"https:\/\/arak.spicehorse.eu\/sk\/wp-json\/wp\/v2\/product_cat?post=203333"},{"taxonomy":"product_tag","embeddable":true,"href":"https:\/\/arak.spicehorse.eu\/sk\/wp-json\/wp\/v2\/product_tag?post=203333"}],"curies":[{"name":"wp","href":"https:\/\/api.w.org\/{rel}","templated":true}]}}