{"id":203448,"date":"2025-08-22T08:40:22","date_gmt":"2025-08-22T06:40:25","guid":{"rendered":"https:\/\/arak.spicehorse.eu\/?post_type=product&#038;p=203448"},"modified":"2025-11-24T21:50:15","modified_gmt":"2025-11-24T20:50:15","slug":"equestrian-stockholm-modern-white-dark-violet-drezurna-podsedlova-decka","status":"publish","type":"product","link":"https:\/\/arak.spicehorse.eu\/sk\/produkt\/equestrian-stockholm-modern-white-dark-violet-drezurna-podsedlova-decka\/","title":{"rendered":"Equestrian Stockholm Modern White Dark Violet drez\u00farna podsedlov\u00e1 de\u010dka"},"content":{"rendered":"<p style=\"font-weight: 400;\">Elegantn\u00e1 Equestrian Stockholm podsedlov\u00e1 de\u010dka s\u00a0modern\u00fdm \u0161tepovan\u00edm v\u00a0tmavofialovej farbe, so strieborn\u00fdmi detailmi a\u00a0striebornou Equestrian Stockholm kovovou tabu\u013ekou. V\u010faka bambusov\u00e9mu materi\u00e1lu je kv\u00f4li termoregul\u00e1cii ide\u00e1lnou vo\u013ebou po\u010das cel\u00e9ho roka \u2013 v\u00a0zime hreje, v\u00a0lete chlad\u00ed. R\u00fdchlo schne, mimoriadne \u00fa\u010dinne absorbuje vlhkos\u0165 a\u00a0m\u00e1 antibakteri\u00e1lne \u00fa\u010dinky.<\/p>\n<p style=\"font-weight: 400;\">Dokonale lad\u00ed s\u00a0ostatn\u00fdmi v\u00fdrobkami kolekcie Equestrian Stockholm.<\/p>\n","protected":false},"excerpt":{"rendered":"<ul style=\"font-weight: 400;\">\n<li>Farba: biela<\/li>\n<li>Lem: tmavofialov\u00fd<\/li>\n<li>\u0160nurovanie: tmavofialov\u00e9 so strieborn\u00fdmi vl\u00e1knami<\/li>\n<li>Kovov\u00e1 tabu\u013eka: strieborn\u00e1<\/li>\n<li>Vn\u00fatorn\u00e1 \u010das\u0165: bambusov\u00e1 pod\u0161\u00edvka (24% bambus + 76% polyester) \/ Vonkaj\u0161ia \u010das\u0165: 100% polyester<\/li>\n<li>Mo\u017eno pra\u0165 v\u00a0pr\u00e1\u010dke na 30 stup\u0148och \/ nepou\u017e\u00edvajte aviv\u00e1\u017e \/ nevkladajte do su\u0161i\u010dky\/ perte z\u00a0rubovej strany pre \u00fa\u010dinnej\u0161ie pranie a\u00a0v\u00a0z\u00e1ujme ochrany kovovej tabu\u013eky \/ such\u00e9 zipsy majte zapnut\u00e9<\/li>\n<\/ul>\n","protected":false},"featured_media":203451,"template":"","meta":{"_acf_changed":false},"product_cat":[75,367],"product_tag":[3337,217,351,2035],"acf":[],"yoast_head":"<!-- This site is optimized with the Yoast SEO plugin v21.4 - https:\/\/yoast.com\/wordpress\/plugins\/seo\/ -->\n<title>Equestrian Stockholm Modern White Dark Violet drez\u00farna podsedlov\u00e1 de\u010dka - Spicehorse<\/title>\n<meta name=\"description\" content=\"spicehorse.eu | Elegantn\u00e1 Equestrian Stockholm podsedlov\u00e1 de\u010dka s\u00a0modern\u00fdm \u0161tepovan\u00edm v\u00a0tmavofialovej farbe, so strieborn\u00fdmi detailmi a\u00a0striebornou Equestrian Stockholm kovovou tabu\u013ekou.\" \/>\n<meta name=\"robots\" content=\"index, follow, max-snippet:-1, max-image-preview:large, max-video-preview:-1\" \/>\n<link rel=\"canonical\" href=\"https:\/\/arak.spicehorse.eu\/sk\/produkt\/equestrian-stockholm-modern-white-dark-violet-drezurna-podsedlova-decka\/\" \/>\n<meta property=\"og:locale\" content=\"sk_SK\" \/>\n<meta property=\"og:type\" content=\"article\" \/>\n<meta property=\"og:title\" content=\"Equestrian Stockholm Modern White Dark Violet drez\u00farna podsedlov\u00e1 de\u010dka - Spicehorse\" \/>\n<meta property=\"og:description\" content=\"spicehorse.eu | Elegantn\u00e1 Equestrian Stockholm podsedlov\u00e1 de\u010dka s\u00a0modern\u00fdm \u0161tepovan\u00edm v\u00a0tmavofialovej farbe, so strieborn\u00fdmi detailmi a\u00a0striebornou Equestrian Stockholm kovovou tabu\u013ekou.\" \/>\n<meta property=\"og:url\" content=\"https:\/\/arak.spicehorse.eu\/sk\/produkt\/equestrian-stockholm-modern-white-dark-violet-drezurna-podsedlova-decka\/\" \/>\n<meta property=\"og:site_name\" content=\"Spicehorse\" \/>\n<meta property=\"article:publisher\" content=\"https:\/\/www.facebook.com\/SPICEHORSE-550385625402457\/\" \/>\n<meta property=\"article:modified_time\" content=\"2025-11-24T20:50:15+00:00\" \/>\n<meta property=\"og:image\" content=\"https:\/\/arak.spicehorse.eu\/wp-content\/uploads\/2025\/08\/purple-modern-saddlepad-dressage-1-1jpg.webp\" \/>\n\t<meta property=\"og:image:width\" content=\"1536\" \/>\n\t<meta property=\"og:image:height\" content=\"2048\" \/>\n\t<meta property=\"og:image:type\" content=\"image\/webp\" \/>\n<meta name=\"twitter:card\" content=\"summary_large_image\" \/>\n<script type=\"application\/ld+json\" class=\"yoast-schema-graph\">{\"@context\":\"https:\/\/schema.org\",\"@graph\":[{\"@type\":\"WebPage\",\"@id\":\"https:\/\/arak.spicehorse.eu\/sk\/produkt\/equestrian-stockholm-modern-white-dark-violet-drezurna-podsedlova-decka\/\",\"url\":\"https:\/\/arak.spicehorse.eu\/sk\/produkt\/equestrian-stockholm-modern-white-dark-violet-drezurna-podsedlova-decka\/\",\"name\":\"Equestrian Stockholm Modern White Dark Violet drez\u00farna podsedlov\u00e1 de\u010dka - Spicehorse\",\"isPartOf\":{\"@id\":\"https:\/\/arak.spicehorse.eu\/en\/#website\"},\"datePublished\":\"2025-08-22T06:40:25+00:00\",\"dateModified\":\"2025-11-24T20:50:15+00:00\",\"description\":\"spicehorse.eu | Elegantn\u00e1 Equestrian Stockholm podsedlov\u00e1 de\u010dka s\u00a0modern\u00fdm \u0161tepovan\u00edm v\u00a0tmavofialovej farbe, so strieborn\u00fdmi detailmi a\u00a0striebornou Equestrian Stockholm kovovou tabu\u013ekou.\",\"breadcrumb\":{\"@id\":\"https:\/\/arak.spicehorse.eu\/sk\/produkt\/equestrian-stockholm-modern-white-dark-violet-drezurna-podsedlova-decka\/#breadcrumb\"},\"inLanguage\":\"sk-SK\",\"potentialAction\":[{\"@type\":\"ReadAction\",\"target\":[\"https:\/\/arak.spicehorse.eu\/sk\/produkt\/equestrian-stockholm-modern-white-dark-violet-drezurna-podsedlova-decka\/\"]}]},{\"@type\":\"BreadcrumbList\",\"@id\":\"https:\/\/arak.spicehorse.eu\/sk\/produkt\/equestrian-stockholm-modern-white-dark-violet-drezurna-podsedlova-decka\/#breadcrumb\",\"itemListElement\":[{\"@type\":\"ListItem\",\"position\":1,\"name\":\"Home\",\"item\":\"https:\/\/arak.spicehorse.eu\/sk\/\"},{\"@type\":\"ListItem\",\"position\":2,\"name\":\"Predaj\u0148a\",\"item\":\"https:\/\/arak.spicehorse.eu\/sk\/predajna\/\"},{\"@type\":\"ListItem\",\"position\":3,\"name\":\"Equestrian Stockholm Modern White Dark Violet drez\u00farna podsedlov\u00e1 de\u010dka\"}]},{\"@type\":\"WebSite\",\"@id\":\"https:\/\/arak.spicehorse.eu\/en\/#website\",\"url\":\"https:\/\/arak.spicehorse.eu\/en\/\",\"name\":\"Spicehorse\",\"description\":\"UNDER DEVELOPMENT -\",\"potentialAction\":[{\"@type\":\"SearchAction\",\"target\":{\"@type\":\"EntryPoint\",\"urlTemplate\":\"https:\/\/arak.spicehorse.eu\/en\/?s={search_term_string}\"},\"query-input\":\"required name=search_term_string\"}],\"inLanguage\":\"sk-SK\"}]}<\/script>\n<!-- \/ Yoast SEO plugin. -->","yoast_head_json":{"title":"Equestrian Stockholm Modern White Dark Violet drez\u00farna podsedlov\u00e1 de\u010dka - Spicehorse","description":"spicehorse.eu | Elegantn\u00e1 Equestrian Stockholm podsedlov\u00e1 de\u010dka s\u00a0modern\u00fdm \u0161tepovan\u00edm v\u00a0tmavofialovej farbe, so strieborn\u00fdmi detailmi a\u00a0striebornou Equestrian Stockholm kovovou tabu\u013ekou.","robots":{"index":"index","follow":"follow","max-snippet":"max-snippet:-1","max-image-preview":"max-image-preview:large","max-video-preview":"max-video-preview:-1"},"canonical":"https:\/\/arak.spicehorse.eu\/sk\/produkt\/equestrian-stockholm-modern-white-dark-violet-drezurna-podsedlova-decka\/","og_locale":"sk_SK","og_type":"article","og_title":"Equestrian Stockholm Modern White Dark Violet drez\u00farna podsedlov\u00e1 de\u010dka - Spicehorse","og_description":"spicehorse.eu | Elegantn\u00e1 Equestrian Stockholm podsedlov\u00e1 de\u010dka s\u00a0modern\u00fdm \u0161tepovan\u00edm v\u00a0tmavofialovej farbe, so strieborn\u00fdmi detailmi a\u00a0striebornou Equestrian Stockholm kovovou tabu\u013ekou.","og_url":"https:\/\/arak.spicehorse.eu\/sk\/produkt\/equestrian-stockholm-modern-white-dark-violet-drezurna-podsedlova-decka\/","og_site_name":"Spicehorse","article_publisher":"https:\/\/www.facebook.com\/SPICEHORSE-550385625402457\/","article_modified_time":"2025-11-24T20:50:15+00:00","og_image":[{"width":1536,"height":2048,"url":"https:\/\/arak.spicehorse.eu\/wp-content\/uploads\/2025\/08\/purple-modern-saddlepad-dressage-1-1jpg.webp","type":"image\/webp"}],"twitter_card":"summary_large_image","schema":{"@context":"https:\/\/schema.org","@graph":[{"@type":"WebPage","@id":"https:\/\/arak.spicehorse.eu\/sk\/produkt\/equestrian-stockholm-modern-white-dark-violet-drezurna-podsedlova-decka\/","url":"https:\/\/arak.spicehorse.eu\/sk\/produkt\/equestrian-stockholm-modern-white-dark-violet-drezurna-podsedlova-decka\/","name":"Equestrian Stockholm Modern White Dark Violet drez\u00farna podsedlov\u00e1 de\u010dka - Spicehorse","isPartOf":{"@id":"https:\/\/arak.spicehorse.eu\/en\/#website"},"datePublished":"2025-08-22T06:40:25+00:00","dateModified":"2025-11-24T20:50:15+00:00","description":"spicehorse.eu | Elegantn\u00e1 Equestrian Stockholm podsedlov\u00e1 de\u010dka s\u00a0modern\u00fdm \u0161tepovan\u00edm v\u00a0tmavofialovej farbe, so strieborn\u00fdmi detailmi a\u00a0striebornou Equestrian Stockholm kovovou tabu\u013ekou.","breadcrumb":{"@id":"https:\/\/arak.spicehorse.eu\/sk\/produkt\/equestrian-stockholm-modern-white-dark-violet-drezurna-podsedlova-decka\/#breadcrumb"},"inLanguage":"sk-SK","potentialAction":[{"@type":"ReadAction","target":["https:\/\/arak.spicehorse.eu\/sk\/produkt\/equestrian-stockholm-modern-white-dark-violet-drezurna-podsedlova-decka\/"]}]},{"@type":"BreadcrumbList","@id":"https:\/\/arak.spicehorse.eu\/sk\/produkt\/equestrian-stockholm-modern-white-dark-violet-drezurna-podsedlova-decka\/#breadcrumb","itemListElement":[{"@type":"ListItem","position":1,"name":"Home","item":"https:\/\/arak.spicehorse.eu\/sk\/"},{"@type":"ListItem","position":2,"name":"Predaj\u0148a","item":"https:\/\/arak.spicehorse.eu\/sk\/predajna\/"},{"@type":"ListItem","position":3,"name":"Equestrian Stockholm Modern White Dark Violet drez\u00farna podsedlov\u00e1 de\u010dka"}]},{"@type":"WebSite","@id":"https:\/\/arak.spicehorse.eu\/en\/#website","url":"https:\/\/arak.spicehorse.eu\/en\/","name":"Spicehorse","description":"UNDER DEVELOPMENT -","potentialAction":[{"@type":"SearchAction","target":{"@type":"EntryPoint","urlTemplate":"https:\/\/arak.spicehorse.eu\/en\/?s={search_term_string}"},"query-input":"required name=search_term_string"}],"inLanguage":"sk-SK"}]}},"_links":{"self":[{"href":"https:\/\/arak.spicehorse.eu\/sk\/wp-json\/wp\/v2\/product\/203448"}],"collection":[{"href":"https:\/\/arak.spicehorse.eu\/sk\/wp-json\/wp\/v2\/product"}],"about":[{"href":"https:\/\/arak.spicehorse.eu\/sk\/wp-json\/wp\/v2\/types\/product"}],"wp:featuredmedia":[{"embeddable":true,"href":"https:\/\/arak.spicehorse.eu\/sk\/wp-json\/wp\/v2\/media\/203451"}],"wp:attachment":[{"href":"https:\/\/arak.spicehorse.eu\/sk\/wp-json\/wp\/v2\/media?parent=203448"}],"wp:term":[{"taxonomy":"product_cat","embeddable":true,"href":"https:\/\/arak.spicehorse.eu\/sk\/wp-json\/wp\/v2\/product_cat?post=203448"},{"taxonomy":"product_tag","embeddable":true,"href":"https:\/\/arak.spicehorse.eu\/sk\/wp-json\/wp\/v2\/product_tag?post=203448"}],"curies":[{"name":"wp","href":"https:\/\/api.w.org\/{rel}","templated":true}]}}