{"id":203684,"date":"2025-08-22T21:09:24","date_gmt":"2025-08-22T19:09:29","guid":{"rendered":"https:\/\/arak.spicehorse.eu\/?post_type=product&#038;p=203684"},"modified":"2025-11-24T21:37:31","modified_gmt":"2025-11-24T20:37:31","slug":"equestrian-stockholm-modern-teal-blue-cabraka","status":"publish","type":"product","link":"https:\/\/arak.spicehorse.eu\/sk\/produkt\/equestrian-stockholm-modern-teal-blue-cabraka\/","title":{"rendered":"Equestrian Stockholm Modern Teal Blue \u010dabraka"},"content":{"rendered":"<p style=\"font-weight: 400;\">Elegantn\u00e1 Equestrian Stockholm \u010dabraka v\u00a0tmavej zelenomodrej farbe, so zelemodr\u00fdm \u0161nurovan\u00edm a\u00a0striebornou kovovou tabu\u013ekou. \u010cabraka chr\u00e1ni u\u0161i ko\u0148a pred hmyzom a\u00a0ru\u0161iv\u00fdmi zvukmi. So \u0161trikovanou elastickou u\u0161nou \u010das\u0165ou. \u013dahko sa upev\u0148uje, nezo\u0161mykuje sa.<\/p>\n<p style=\"font-weight: 400;\">Dokonale lad\u00ed s\u00a0ostatn\u00fdmi v\u00fdrobkami kolekcie Equestrian Stockholm.<\/p>\n","protected":false},"excerpt":{"rendered":"<ul style=\"font-weight: 400;\">\n<li>Farba: zelenomodr\u00e1<\/li>\n<li>Detaily: zelenomodr\u00e9<\/li>\n<li>\u0160nurovanie: zelenomodr\u00e9<\/li>\n<li>Kovov\u00e1 tabu\u013eka: strieborn\u00e1<\/li>\n<li>Pranie: mo\u017eno pra\u0165 v\u00a0pr\u00e1\u010dke na 30 stup\u0148och \/ odpor\u00fa\u010da sa pou\u017e\u00edvanie vrecka na pranie \/ su\u0161te vodorovne<\/li>\n<li>Materi\u00e1l:\u00a0\u0161trikovan\u00e1 \u010das\u0165 100% bavlna, leskl\u00e1 materi\u00e1l 100% polyester<\/li>\n<\/ul>\n","protected":false},"featured_media":203689,"template":"","meta":{"_acf_changed":false},"product_cat":[75,108],"product_tag":[265,351,3340],"acf":[],"yoast_head":"<!-- This site is optimized with the Yoast SEO plugin v21.4 - https:\/\/yoast.com\/wordpress\/plugins\/seo\/ -->\n<title>Equestrian Stockholm Modern Teal Blue \u010dabraka - Spicehorse<\/title>\n<meta name=\"description\" content=\"spicehorse.eu | Elegantn\u00e1 Equestrian Stockholm \u010dabraka v\u00a0tmavej zelenomodrej farbe, so zelemodr\u00fdm \u0161nurovan\u00edm a\u00a0striebornou kovovou tabu\u013ekou.\" \/>\n<meta name=\"robots\" content=\"index, follow, max-snippet:-1, max-image-preview:large, max-video-preview:-1\" \/>\n<link rel=\"canonical\" href=\"https:\/\/arak.spicehorse.eu\/sk\/produkt\/equestrian-stockholm-modern-teal-blue-cabraka\/\" \/>\n<meta property=\"og:locale\" content=\"sk_SK\" \/>\n<meta property=\"og:type\" content=\"article\" \/>\n<meta property=\"og:title\" content=\"Equestrian Stockholm Modern Teal Blue \u010dabraka - Spicehorse\" \/>\n<meta property=\"og:description\" content=\"spicehorse.eu | Elegantn\u00e1 Equestrian Stockholm \u010dabraka v\u00a0tmavej zelenomodrej farbe, so zelemodr\u00fdm \u0161nurovan\u00edm a\u00a0striebornou kovovou tabu\u013ekou.\" \/>\n<meta property=\"og:url\" content=\"https:\/\/arak.spicehorse.eu\/sk\/produkt\/equestrian-stockholm-modern-teal-blue-cabraka\/\" \/>\n<meta property=\"og:site_name\" content=\"Spicehorse\" \/>\n<meta property=\"article:publisher\" content=\"https:\/\/www.facebook.com\/SPICEHORSE-550385625402457\/\" \/>\n<meta property=\"article:modified_time\" content=\"2025-11-24T20:37:31+00:00\" \/>\n<meta property=\"og:image\" content=\"https:\/\/arak.spicehorse.eu\/wp-content\/uploads\/2025\/08\/earbonnet-tealblue-e.jpg\" \/>\n\t<meta property=\"og:image:width\" content=\"1536\" \/>\n\t<meta property=\"og:image:height\" content=\"2048\" \/>\n\t<meta property=\"og:image:type\" content=\"image\/jpeg\" \/>\n<meta name=\"twitter:card\" content=\"summary_large_image\" \/>\n<script type=\"application\/ld+json\" class=\"yoast-schema-graph\">{\"@context\":\"https:\/\/schema.org\",\"@graph\":[{\"@type\":\"WebPage\",\"@id\":\"https:\/\/arak.spicehorse.eu\/sk\/produkt\/equestrian-stockholm-modern-teal-blue-cabraka\/\",\"url\":\"https:\/\/arak.spicehorse.eu\/sk\/produkt\/equestrian-stockholm-modern-teal-blue-cabraka\/\",\"name\":\"Equestrian Stockholm Modern Teal Blue \u010dabraka - Spicehorse\",\"isPartOf\":{\"@id\":\"https:\/\/arak.spicehorse.eu\/en\/#website\"},\"datePublished\":\"2025-08-22T19:09:29+00:00\",\"dateModified\":\"2025-11-24T20:37:31+00:00\",\"description\":\"spicehorse.eu | Elegantn\u00e1 Equestrian Stockholm \u010dabraka v\u00a0tmavej zelenomodrej farbe, so zelemodr\u00fdm \u0161nurovan\u00edm a\u00a0striebornou kovovou tabu\u013ekou.\",\"breadcrumb\":{\"@id\":\"https:\/\/arak.spicehorse.eu\/sk\/produkt\/equestrian-stockholm-modern-teal-blue-cabraka\/#breadcrumb\"},\"inLanguage\":\"sk-SK\",\"potentialAction\":[{\"@type\":\"ReadAction\",\"target\":[\"https:\/\/arak.spicehorse.eu\/sk\/produkt\/equestrian-stockholm-modern-teal-blue-cabraka\/\"]}]},{\"@type\":\"BreadcrumbList\",\"@id\":\"https:\/\/arak.spicehorse.eu\/sk\/produkt\/equestrian-stockholm-modern-teal-blue-cabraka\/#breadcrumb\",\"itemListElement\":[{\"@type\":\"ListItem\",\"position\":1,\"name\":\"Home\",\"item\":\"https:\/\/arak.spicehorse.eu\/sk\/\"},{\"@type\":\"ListItem\",\"position\":2,\"name\":\"Predaj\u0148a\",\"item\":\"https:\/\/arak.spicehorse.eu\/sk\/predajna\/\"},{\"@type\":\"ListItem\",\"position\":3,\"name\":\"Equestrian Stockholm Modern Teal Blue \u010dabraka\"}]},{\"@type\":\"WebSite\",\"@id\":\"https:\/\/arak.spicehorse.eu\/en\/#website\",\"url\":\"https:\/\/arak.spicehorse.eu\/en\/\",\"name\":\"Spicehorse\",\"description\":\"UNDER DEVELOPMENT -\",\"potentialAction\":[{\"@type\":\"SearchAction\",\"target\":{\"@type\":\"EntryPoint\",\"urlTemplate\":\"https:\/\/arak.spicehorse.eu\/en\/?s={search_term_string}\"},\"query-input\":\"required name=search_term_string\"}],\"inLanguage\":\"sk-SK\"}]}<\/script>\n<!-- \/ Yoast SEO plugin. -->","yoast_head_json":{"title":"Equestrian Stockholm Modern Teal Blue \u010dabraka - Spicehorse","description":"spicehorse.eu | Elegantn\u00e1 Equestrian Stockholm \u010dabraka v\u00a0tmavej zelenomodrej farbe, so zelemodr\u00fdm \u0161nurovan\u00edm a\u00a0striebornou kovovou tabu\u013ekou.","robots":{"index":"index","follow":"follow","max-snippet":"max-snippet:-1","max-image-preview":"max-image-preview:large","max-video-preview":"max-video-preview:-1"},"canonical":"https:\/\/arak.spicehorse.eu\/sk\/produkt\/equestrian-stockholm-modern-teal-blue-cabraka\/","og_locale":"sk_SK","og_type":"article","og_title":"Equestrian Stockholm Modern Teal Blue \u010dabraka - Spicehorse","og_description":"spicehorse.eu | Elegantn\u00e1 Equestrian Stockholm \u010dabraka v\u00a0tmavej zelenomodrej farbe, so zelemodr\u00fdm \u0161nurovan\u00edm a\u00a0striebornou kovovou tabu\u013ekou.","og_url":"https:\/\/arak.spicehorse.eu\/sk\/produkt\/equestrian-stockholm-modern-teal-blue-cabraka\/","og_site_name":"Spicehorse","article_publisher":"https:\/\/www.facebook.com\/SPICEHORSE-550385625402457\/","article_modified_time":"2025-11-24T20:37:31+00:00","og_image":[{"width":1536,"height":2048,"url":"https:\/\/arak.spicehorse.eu\/wp-content\/uploads\/2025\/08\/earbonnet-tealblue-e.jpg","type":"image\/jpeg"}],"twitter_card":"summary_large_image","schema":{"@context":"https:\/\/schema.org","@graph":[{"@type":"WebPage","@id":"https:\/\/arak.spicehorse.eu\/sk\/produkt\/equestrian-stockholm-modern-teal-blue-cabraka\/","url":"https:\/\/arak.spicehorse.eu\/sk\/produkt\/equestrian-stockholm-modern-teal-blue-cabraka\/","name":"Equestrian Stockholm Modern Teal Blue \u010dabraka - Spicehorse","isPartOf":{"@id":"https:\/\/arak.spicehorse.eu\/en\/#website"},"datePublished":"2025-08-22T19:09:29+00:00","dateModified":"2025-11-24T20:37:31+00:00","description":"spicehorse.eu | Elegantn\u00e1 Equestrian Stockholm \u010dabraka v\u00a0tmavej zelenomodrej farbe, so zelemodr\u00fdm \u0161nurovan\u00edm a\u00a0striebornou kovovou tabu\u013ekou.","breadcrumb":{"@id":"https:\/\/arak.spicehorse.eu\/sk\/produkt\/equestrian-stockholm-modern-teal-blue-cabraka\/#breadcrumb"},"inLanguage":"sk-SK","potentialAction":[{"@type":"ReadAction","target":["https:\/\/arak.spicehorse.eu\/sk\/produkt\/equestrian-stockholm-modern-teal-blue-cabraka\/"]}]},{"@type":"BreadcrumbList","@id":"https:\/\/arak.spicehorse.eu\/sk\/produkt\/equestrian-stockholm-modern-teal-blue-cabraka\/#breadcrumb","itemListElement":[{"@type":"ListItem","position":1,"name":"Home","item":"https:\/\/arak.spicehorse.eu\/sk\/"},{"@type":"ListItem","position":2,"name":"Predaj\u0148a","item":"https:\/\/arak.spicehorse.eu\/sk\/predajna\/"},{"@type":"ListItem","position":3,"name":"Equestrian Stockholm Modern Teal Blue \u010dabraka"}]},{"@type":"WebSite","@id":"https:\/\/arak.spicehorse.eu\/en\/#website","url":"https:\/\/arak.spicehorse.eu\/en\/","name":"Spicehorse","description":"UNDER DEVELOPMENT -","potentialAction":[{"@type":"SearchAction","target":{"@type":"EntryPoint","urlTemplate":"https:\/\/arak.spicehorse.eu\/en\/?s={search_term_string}"},"query-input":"required name=search_term_string"}],"inLanguage":"sk-SK"}]}},"_links":{"self":[{"href":"https:\/\/arak.spicehorse.eu\/sk\/wp-json\/wp\/v2\/product\/203684"}],"collection":[{"href":"https:\/\/arak.spicehorse.eu\/sk\/wp-json\/wp\/v2\/product"}],"about":[{"href":"https:\/\/arak.spicehorse.eu\/sk\/wp-json\/wp\/v2\/types\/product"}],"wp:featuredmedia":[{"embeddable":true,"href":"https:\/\/arak.spicehorse.eu\/sk\/wp-json\/wp\/v2\/media\/203689"}],"wp:attachment":[{"href":"https:\/\/arak.spicehorse.eu\/sk\/wp-json\/wp\/v2\/media?parent=203684"}],"wp:term":[{"taxonomy":"product_cat","embeddable":true,"href":"https:\/\/arak.spicehorse.eu\/sk\/wp-json\/wp\/v2\/product_cat?post=203684"},{"taxonomy":"product_tag","embeddable":true,"href":"https:\/\/arak.spicehorse.eu\/sk\/wp-json\/wp\/v2\/product_tag?post=203684"}],"curies":[{"name":"wp","href":"https:\/\/api.w.org\/{rel}","templated":true}]}}