{"id":204276,"date":"2025-09-03T12:36:00","date_gmt":"2025-09-03T10:36:05","guid":{"rendered":"https:\/\/arak.spicehorse.eu\/?post_type=product&#038;p=204276"},"modified":"2025-09-21T13:47:35","modified_gmt":"2025-09-21T11:47:35","slug":"kentucky-protect-long-stajnove-gamase-zadne","status":"publish","type":"product","link":"https:\/\/arak.spicehorse.eu\/sk\/produkt\/kentucky-protect-long-stajnove-gamase-zadne\/","title":{"rendered":"Kentucky PROtect Long staj\u0148ov\u00e9 gama\u0161e zadn\u00e9"},"content":{"rendered":"<div>\n<p><span lang=\"SK\">Dokonal\u00e1 kombin\u00e1cia ochrany a\u00a0pohodlia, Kentucky Horsewear PROtect Long staj\u0148ov\u00e9 gama\u0161e s\u00a0ochranou k\u013abov. Gama\u0161e s\u00fa rovnako vhodn\u00e9 pri transporte aj v\u00a0stajni, s\u00fa navrhnut\u00e9 tak, aby poskytovali maxim\u00e1lnu ochranu a\u00a0v\u010faka svojmu ergonomick\u00e9mu tvarovaniu a\u00a0v\u00fdrezmi zabezpe\u010duj\u00fa optim\u00e1lnu vo\u013enos\u0165 pohybu. Chr\u00e1nia predn\u00e9 nohy pred poraneniami po\u010das transportu aj v\u00a0stajni. \u00a0\u00a0<\/span><\/p>\n<\/div>\n<div>\n<p><span lang=\"SK\">Vyroben\u00e9 s\u00fa z pevn\u00e9ho 1200D polyesteru, boli navrhnut\u00e9 so zrete\u013eom na pohodlie a\u00a0funk\u010dnos\u0165. Vn\u00fatorn\u00fd materi\u00e1l je z\u00a0pam\u00e4\u0165ovej peny, ktor\u00e1 m\u00e1 nespo\u010detn\u00e9 mno\u017estvo v\u00fdhod: tlm\u00ed n\u00e1razy, je m\u00e4kk\u00e1 a\u00a0mimoriadne priedu\u0161n\u00e1 \u010d\u00edm zabezpe\u010duje maxim\u00e1lnu ochranu a\u00a0pohodlie pre nohy ko\u0148a. Okrem toho je materi\u00e1l vode odoln\u00fd, v\u010faka \u010domu s\u00fa gama\u0161e ide\u00e1lne na pou\u017e\u00edvanie v\u00a0ter\u00e9ne aj vo v\u00fdbehu bez toho, aby sme sa museli ob\u00e1va\u0165 nas\u00e1vania vody.<\/span><\/p>\n<\/div>\n<div>\n<p><span lang=\"SK\">Ve\u013emi \u013eahko sa o\u0161etruj\u00fa v\u010faka \u0161irok\u00fdm uchyteniam so such\u00fdmi zipsami, ktor\u00e9 zabezpe\u010duj\u00fa dokonal\u00e9 dosadanie, pri\u010dom sa ve\u013emi r\u00fdchlo zap\u00ednaj\u00fa a\u00a0odop\u00ednaj\u00fa, zabezpe\u010duj\u00fac pohodlie a\u00a0\u00fa\u010dinnos\u0165 pri pou\u017e\u00edvan\u00ed.\u00a0 <\/span><\/p>\n<\/div>\n<div>\n<p><span lang=\"SK\">Vysok\u00e9 staj\u0148ov\u00e9 gama\u0161e s\u00fa obzvl\u00e1\u0161\u0165 vhodn\u00e9 pre nepokojn\u00e9 kone v\u00a0z\u00e1ujme predch\u00e1dzania poraneniam.\u00a0\u00daplne obop\u00ednaj\u00fa nohy ko\u0148a a\u00a0maj\u00fa ergonomick\u00e9 tvarovanie. V\u010faka tomu dokonale dosadaj\u00fa, obzvl\u00e1\u0161\u0165 v\u00a0okol\u00ed \u010dlenkov, s\u00fa bezpe\u010dn\u00e9 a\u00a0udr\u017eia sa bez zo\u0161mykovania.\u00a0 <\/span><\/p>\n<\/div>\n<div>\n<p><span lang=\"SK\">Kentucky PROtect Long staj\u0148ov\u00e9 band\u00e1\u017ee sa \u010distia neuverite\u013ene \u013eahko. Jednoducho z\u00a0nich kefou odstr\u00e1\u0148te hrub\u00e9 zne\u010distenie, n\u00e1sledne ich vyperte v\u00a0pr\u00e1\u010dke na 30\u00b0C. V\u00a0z\u00e1ujme zachovania dlhej \u017eivotnosti\u00a0 odpor\u00fa\u010dame pou\u017e\u00edvanie vrecka na pranie. Pre su\u0161enie ich vyveste na vzduch za slne\u010dn\u00e9ho d\u0148a, pros\u00edme, aby ste nepou\u017e\u00edvali su\u0161i\u010dku, aby si gama\u0161e dlho udr\u017eali svoj tvar.\u00a0<\/span><\/p>\n<\/div>\n","protected":false},"excerpt":{"rendered":"<ul>\n<li style=\"font-weight: 400;\">Vn\u00fatorn\u00fd materi\u00e1l je z\u00a0vysoko priedu\u0161nej pam\u00e4\u0165ovej peny tlmiacej n\u00e1razy<\/li>\n<li>Optim\u00e1lna vo\u013enos\u0165 pohybu pre maxim\u00e1lne pohodlie<\/li>\n<li>Kompresn\u00fd \u00fa\u010dinok pre lep\u0161\u00ed krvn\u00fd obeh bez obmedzenia lymfatick\u00e9ho obehu<\/li>\n<li>Odpudzuj\u00fa vodu v\u010faka vonkaj\u0161iemu 1200D polyesterov\u00e9mu materi\u00e1lu<\/li>\n<li>Nen\u00e1ro\u010dn\u00e9 na o\u0161etrovanie v\u010faka trom \u0161irok\u00fdm such\u00fdm zipsom s\u00a0mo\u017enos\u0165ou individu\u00e1lneho nastavenia<\/li>\n<\/ul>\n","protected":false},"featured_media":204223,"template":"","meta":{"_acf_changed":false},"product_cat":[75,102,120],"product_tag":[184,467,338],"acf":[],"yoast_head":"<!-- This site is optimized with the Yoast SEO plugin v21.4 - https:\/\/yoast.com\/wordpress\/plugins\/seo\/ -->\n<title>Kentucky PROtect Long staj\u0148ov\u00e9 gama\u0161e zadn\u00e9 - Spicehorse<\/title>\n<meta name=\"description\" content=\"spicehorse.eu | Dokonal\u00e1 kombin\u00e1cia ochrany a\u00a0pohodlia, Kentucky Horsewear PROtect Long staj\u0148ov\u00e9 gama\u0161e s\u00a0ochranou k\u013abov.\" \/>\n<meta name=\"robots\" content=\"index, follow, max-snippet:-1, max-image-preview:large, max-video-preview:-1\" \/>\n<link rel=\"canonical\" href=\"https:\/\/arak.spicehorse.eu\/termek\/kentucky-protect-long-istallofasli-hatso\/\" \/>\n<meta property=\"og:locale\" content=\"sk_SK\" \/>\n<meta property=\"og:type\" content=\"article\" \/>\n<meta property=\"og:title\" content=\"Kentucky PROtect Long staj\u0148ov\u00e9 gama\u0161e zadn\u00e9 - Spicehorse\" \/>\n<meta property=\"og:description\" content=\"spicehorse.eu | Dokonal\u00e1 kombin\u00e1cia ochrany a\u00a0pohodlia, Kentucky Horsewear PROtect Long staj\u0148ov\u00e9 gama\u0161e s\u00a0ochranou k\u013abov.\" \/>\n<meta property=\"og:url\" content=\"https:\/\/arak.spicehorse.eu\/termek\/kentucky-protect-long-istallofasli-hatso\/\" \/>\n<meta property=\"og:site_name\" content=\"Spicehorse\" \/>\n<meta property=\"article:publisher\" content=\"https:\/\/www.facebook.com\/SPICEHORSE-550385625402457\/\" \/>\n<meta property=\"article:modified_time\" content=\"2025-09-21T11:47:35+00:00\" \/>\n<meta property=\"og:image\" content=\"https:\/\/arak.spicehorse.eu\/wp-content\/uploads\/2025\/09\/49d704f50d30ad3f77aa2ea8f1348ce03c1fcca93fe6fed4f58aeb1fcf494f8b.jpg\" \/>\n\t<meta property=\"og:image:width\" content=\"2048\" \/>\n\t<meta property=\"og:image:height\" content=\"2048\" \/>\n\t<meta property=\"og:image:type\" content=\"image\/jpeg\" \/>\n<meta name=\"twitter:card\" content=\"summary_large_image\" \/>\n<meta name=\"twitter:label1\" content=\"Predpokladan\u00fd \u010das \u010d\u00edtania\" \/>\n\t<meta name=\"twitter:data1\" content=\"2 min\u00faty\" \/>\n<script type=\"application\/ld+json\" class=\"yoast-schema-graph\">{\"@context\":\"https:\/\/schema.org\",\"@graph\":[{\"@type\":\"WebPage\",\"@id\":\"https:\/\/arak.spicehorse.eu\/termek\/kentucky-protect-long-istallofasli-hatso\/\",\"url\":\"https:\/\/arak.spicehorse.eu\/termek\/kentucky-protect-long-istallofasli-hatso\/\",\"name\":\"Kentucky PROtect Long staj\u0148ov\u00e9 gama\u0161e zadn\u00e9 - Spicehorse\",\"isPartOf\":{\"@id\":\"https:\/\/arak.spicehorse.eu\/en\/#website\"},\"datePublished\":\"2025-09-03T10:36:05+00:00\",\"dateModified\":\"2025-09-21T11:47:35+00:00\",\"description\":\"spicehorse.eu | Dokonal\u00e1 kombin\u00e1cia ochrany a\u00a0pohodlia, Kentucky Horsewear PROtect Long staj\u0148ov\u00e9 gama\u0161e s\u00a0ochranou k\u013abov.\",\"breadcrumb\":{\"@id\":\"https:\/\/arak.spicehorse.eu\/termek\/kentucky-protect-long-istallofasli-hatso\/#breadcrumb\"},\"inLanguage\":\"sk-SK\",\"potentialAction\":[{\"@type\":\"ReadAction\",\"target\":[\"https:\/\/arak.spicehorse.eu\/termek\/kentucky-protect-long-istallofasli-hatso\/\"]}]},{\"@type\":\"BreadcrumbList\",\"@id\":\"https:\/\/arak.spicehorse.eu\/termek\/kentucky-protect-long-istallofasli-hatso\/#breadcrumb\",\"itemListElement\":[{\"@type\":\"ListItem\",\"position\":1,\"name\":\"Home\",\"item\":\"https:\/\/arak.spicehorse.eu\/sk\/\"},{\"@type\":\"ListItem\",\"position\":2,\"name\":\"Predaj\u0148a\",\"item\":\"https:\/\/arak.spicehorse.eu\/sk\/predajna\/\"},{\"@type\":\"ListItem\",\"position\":3,\"name\":\"Kentucky PROtect Long staj\u0148ov\u00e9 gama\u0161e zadn\u00e9\"}]},{\"@type\":\"WebSite\",\"@id\":\"https:\/\/arak.spicehorse.eu\/en\/#website\",\"url\":\"https:\/\/arak.spicehorse.eu\/en\/\",\"name\":\"Spicehorse\",\"description\":\"UNDER DEVELOPMENT -\",\"potentialAction\":[{\"@type\":\"SearchAction\",\"target\":{\"@type\":\"EntryPoint\",\"urlTemplate\":\"https:\/\/arak.spicehorse.eu\/en\/?s={search_term_string}\"},\"query-input\":\"required name=search_term_string\"}],\"inLanguage\":\"sk-SK\"}]}<\/script>\n<!-- \/ Yoast SEO plugin. -->","yoast_head_json":{"title":"Kentucky PROtect Long staj\u0148ov\u00e9 gama\u0161e zadn\u00e9 - Spicehorse","description":"spicehorse.eu | Dokonal\u00e1 kombin\u00e1cia ochrany a\u00a0pohodlia, Kentucky Horsewear PROtect Long staj\u0148ov\u00e9 gama\u0161e s\u00a0ochranou k\u013abov.","robots":{"index":"index","follow":"follow","max-snippet":"max-snippet:-1","max-image-preview":"max-image-preview:large","max-video-preview":"max-video-preview:-1"},"canonical":"https:\/\/arak.spicehorse.eu\/termek\/kentucky-protect-long-istallofasli-hatso\/","og_locale":"sk_SK","og_type":"article","og_title":"Kentucky PROtect Long staj\u0148ov\u00e9 gama\u0161e zadn\u00e9 - Spicehorse","og_description":"spicehorse.eu | Dokonal\u00e1 kombin\u00e1cia ochrany a\u00a0pohodlia, Kentucky Horsewear PROtect Long staj\u0148ov\u00e9 gama\u0161e s\u00a0ochranou k\u013abov.","og_url":"https:\/\/arak.spicehorse.eu\/termek\/kentucky-protect-long-istallofasli-hatso\/","og_site_name":"Spicehorse","article_publisher":"https:\/\/www.facebook.com\/SPICEHORSE-550385625402457\/","article_modified_time":"2025-09-21T11:47:35+00:00","og_image":[{"width":2048,"height":2048,"url":"https:\/\/arak.spicehorse.eu\/wp-content\/uploads\/2025\/09\/49d704f50d30ad3f77aa2ea8f1348ce03c1fcca93fe6fed4f58aeb1fcf494f8b.jpg","type":"image\/jpeg"}],"twitter_card":"summary_large_image","twitter_misc":{"Predpokladan\u00fd \u010das \u010d\u00edtania":"2 min\u00faty"},"schema":{"@context":"https:\/\/schema.org","@graph":[{"@type":"WebPage","@id":"https:\/\/arak.spicehorse.eu\/termek\/kentucky-protect-long-istallofasli-hatso\/","url":"https:\/\/arak.spicehorse.eu\/termek\/kentucky-protect-long-istallofasli-hatso\/","name":"Kentucky PROtect Long staj\u0148ov\u00e9 gama\u0161e zadn\u00e9 - Spicehorse","isPartOf":{"@id":"https:\/\/arak.spicehorse.eu\/en\/#website"},"datePublished":"2025-09-03T10:36:05+00:00","dateModified":"2025-09-21T11:47:35+00:00","description":"spicehorse.eu | Dokonal\u00e1 kombin\u00e1cia ochrany a\u00a0pohodlia, Kentucky Horsewear PROtect Long staj\u0148ov\u00e9 gama\u0161e s\u00a0ochranou k\u013abov.","breadcrumb":{"@id":"https:\/\/arak.spicehorse.eu\/termek\/kentucky-protect-long-istallofasli-hatso\/#breadcrumb"},"inLanguage":"sk-SK","potentialAction":[{"@type":"ReadAction","target":["https:\/\/arak.spicehorse.eu\/termek\/kentucky-protect-long-istallofasli-hatso\/"]}]},{"@type":"BreadcrumbList","@id":"https:\/\/arak.spicehorse.eu\/termek\/kentucky-protect-long-istallofasli-hatso\/#breadcrumb","itemListElement":[{"@type":"ListItem","position":1,"name":"Home","item":"https:\/\/arak.spicehorse.eu\/sk\/"},{"@type":"ListItem","position":2,"name":"Predaj\u0148a","item":"https:\/\/arak.spicehorse.eu\/sk\/predajna\/"},{"@type":"ListItem","position":3,"name":"Kentucky PROtect Long staj\u0148ov\u00e9 gama\u0161e zadn\u00e9"}]},{"@type":"WebSite","@id":"https:\/\/arak.spicehorse.eu\/en\/#website","url":"https:\/\/arak.spicehorse.eu\/en\/","name":"Spicehorse","description":"UNDER DEVELOPMENT -","potentialAction":[{"@type":"SearchAction","target":{"@type":"EntryPoint","urlTemplate":"https:\/\/arak.spicehorse.eu\/en\/?s={search_term_string}"},"query-input":"required name=search_term_string"}],"inLanguage":"sk-SK"}]}},"_links":{"self":[{"href":"https:\/\/arak.spicehorse.eu\/sk\/wp-json\/wp\/v2\/product\/204276"}],"collection":[{"href":"https:\/\/arak.spicehorse.eu\/sk\/wp-json\/wp\/v2\/product"}],"about":[{"href":"https:\/\/arak.spicehorse.eu\/sk\/wp-json\/wp\/v2\/types\/product"}],"wp:featuredmedia":[{"embeddable":true,"href":"https:\/\/arak.spicehorse.eu\/sk\/wp-json\/wp\/v2\/media\/204223"}],"wp:attachment":[{"href":"https:\/\/arak.spicehorse.eu\/sk\/wp-json\/wp\/v2\/media?parent=204276"}],"wp:term":[{"taxonomy":"product_cat","embeddable":true,"href":"https:\/\/arak.spicehorse.eu\/sk\/wp-json\/wp\/v2\/product_cat?post=204276"},{"taxonomy":"product_tag","embeddable":true,"href":"https:\/\/arak.spicehorse.eu\/sk\/wp-json\/wp\/v2\/product_tag?post=204276"}],"curies":[{"name":"wp","href":"https:\/\/api.w.org\/{rel}","templated":true}]}}