{"id":204374,"date":"2025-09-03T16:01:18","date_gmt":"2025-09-03T14:01:20","guid":{"rendered":"https:\/\/arak.spicehorse.eu\/?post_type=product&#038;p=204374"},"modified":"2025-09-21T13:52:55","modified_gmt":"2025-09-21T11:52:55","slug":"qhp-hobby-horse-luxury-uzdecka","status":"publish","type":"product","link":"https:\/\/arak.spicehorse.eu\/sk\/produkt\/qhp-hobby-horse-luxury-uzdecka\/","title":{"rendered":"QHP Hobby Horse Luxury uzde\u010dka"},"content":{"rendered":"<p style=\"font-weight: 400;\">Dodajte \u0161t\u00fdlov\u00fd vzh\u013ead v\u00e1\u0161mu QHP hobby kon\u00edkovi touto uzde\u010dkou zdobenou klasick\u00fdm \u0161it\u00edm! S\u00fa\u010das\u0165ou setu je aj zubadlo a o\u0165a\u017ee, v\u010faka \u010domu je set dokonal\u00fd na v\u00fdcvik hobby kon\u00edka.<\/p>\n","protected":false},"excerpt":{"rendered":"<ul style=\"font-weight: 400;\">\n<li>Materi\u00e1l: syntetick\u00e1 ko\u017ea: PVC<\/li>\n<li>Doplnkov\u00fd materi\u00e1l: zinok<\/li>\n<li>Uzde\u010dka so zubadlom ku QHP hobby kon\u00edkovi<\/li>\n<li>Zdoben\u00e1 bielym \u0161it\u00edm pre klasick\u00fd vzh\u013ead<\/li>\n<li>Spolu s o\u0165a\u017eami<\/li>\n<li>Obsahuje hobby horse cestovn\u00fd pas<\/li>\n<li>\u010eal\u0161ie hobby horse v\u00fdrobky n\u00e1jdete tu:\u00a0<a href=\"https:\/\/arak.spicehorse.eu\/sk\/znacka-produktu\/hobby-horse-sk\/\">Hobby Horse<\/a><\/li>\n<\/ul>\n","protected":false},"featured_media":204377,"template":"","meta":{"_acf_changed":false},"product_cat":[2534,3228,76,312],"product_tag":[2868,227,2589,422,1973,2389,529],"acf":[],"yoast_head":"<!-- This site is optimized with the Yoast SEO plugin v21.4 - https:\/\/yoast.com\/wordpress\/plugins\/seo\/ -->\n<title>QHP Hobby Horse Luxury uzde\u010dka - Spicehorse<\/title>\n<meta name=\"description\" content=\"spicehorse.eu | Dodajte \u0161t\u00fdlov\u00fd vzh\u013ead v\u00e1\u0161mu QHP hobby kon\u00edkovi touto uzde\u010dkou zdobenou klasick\u00fdm \u0161it\u00edm!\" \/>\n<meta name=\"robots\" content=\"index, follow, max-snippet:-1, max-image-preview:large, max-video-preview:-1\" \/>\n<link rel=\"canonical\" href=\"https:\/\/arak.spicehorse.eu\/sk\/produkt\/qhp-hobby-horse-luxury-uzdecka\/\" \/>\n<meta property=\"og:locale\" content=\"sk_SK\" \/>\n<meta property=\"og:type\" content=\"article\" \/>\n<meta property=\"og:title\" content=\"QHP Hobby Horse Luxury uzde\u010dka - Spicehorse\" \/>\n<meta property=\"og:description\" content=\"spicehorse.eu | Dodajte \u0161t\u00fdlov\u00fd vzh\u013ead v\u00e1\u0161mu QHP hobby kon\u00edkovi touto uzde\u010dkou zdobenou klasick\u00fdm \u0161it\u00edm!\" \/>\n<meta property=\"og:url\" content=\"https:\/\/arak.spicehorse.eu\/sk\/produkt\/qhp-hobby-horse-luxury-uzdecka\/\" \/>\n<meta property=\"og:site_name\" content=\"Spicehorse\" \/>\n<meta property=\"article:publisher\" content=\"https:\/\/www.facebook.com\/SPICEHORSE-550385625402457\/\" \/>\n<meta property=\"article:modified_time\" content=\"2025-09-21T11:52:55+00:00\" \/>\n<meta property=\"og:image\" content=\"https:\/\/arak.spicehorse.eu\/wp-content\/uploads\/2025\/09\/5616dbr-5.jpg\" \/>\n\t<meta property=\"og:image:width\" content=\"1280\" \/>\n\t<meta property=\"og:image:height\" content=\"1280\" \/>\n\t<meta property=\"og:image:type\" content=\"image\/jpeg\" \/>\n<meta name=\"twitter:card\" content=\"summary_large_image\" \/>\n<script type=\"application\/ld+json\" class=\"yoast-schema-graph\">{\"@context\":\"https:\/\/schema.org\",\"@graph\":[{\"@type\":\"WebPage\",\"@id\":\"https:\/\/arak.spicehorse.eu\/sk\/produkt\/qhp-hobby-horse-luxury-uzdecka\/\",\"url\":\"https:\/\/arak.spicehorse.eu\/sk\/produkt\/qhp-hobby-horse-luxury-uzdecka\/\",\"name\":\"QHP Hobby Horse Luxury uzde\u010dka - Spicehorse\",\"isPartOf\":{\"@id\":\"https:\/\/arak.spicehorse.eu\/en\/#website\"},\"datePublished\":\"2025-09-03T14:01:20+00:00\",\"dateModified\":\"2025-09-21T11:52:55+00:00\",\"description\":\"spicehorse.eu | Dodajte \u0161t\u00fdlov\u00fd vzh\u013ead v\u00e1\u0161mu QHP hobby kon\u00edkovi touto uzde\u010dkou zdobenou klasick\u00fdm \u0161it\u00edm!\",\"breadcrumb\":{\"@id\":\"https:\/\/arak.spicehorse.eu\/sk\/produkt\/qhp-hobby-horse-luxury-uzdecka\/#breadcrumb\"},\"inLanguage\":\"sk-SK\",\"potentialAction\":[{\"@type\":\"ReadAction\",\"target\":[\"https:\/\/arak.spicehorse.eu\/sk\/produkt\/qhp-hobby-horse-luxury-uzdecka\/\"]}]},{\"@type\":\"BreadcrumbList\",\"@id\":\"https:\/\/arak.spicehorse.eu\/sk\/produkt\/qhp-hobby-horse-luxury-uzdecka\/#breadcrumb\",\"itemListElement\":[{\"@type\":\"ListItem\",\"position\":1,\"name\":\"Home\",\"item\":\"https:\/\/arak.spicehorse.eu\/sk\/\"},{\"@type\":\"ListItem\",\"position\":2,\"name\":\"Predaj\u0148a\",\"item\":\"https:\/\/arak.spicehorse.eu\/sk\/predajna\/\"},{\"@type\":\"ListItem\",\"position\":3,\"name\":\"QHP Hobby Horse Luxury uzde\u010dka\"}]},{\"@type\":\"WebSite\",\"@id\":\"https:\/\/arak.spicehorse.eu\/en\/#website\",\"url\":\"https:\/\/arak.spicehorse.eu\/en\/\",\"name\":\"Spicehorse\",\"description\":\"UNDER DEVELOPMENT -\",\"potentialAction\":[{\"@type\":\"SearchAction\",\"target\":{\"@type\":\"EntryPoint\",\"urlTemplate\":\"https:\/\/arak.spicehorse.eu\/en\/?s={search_term_string}\"},\"query-input\":\"required name=search_term_string\"}],\"inLanguage\":\"sk-SK\"}]}<\/script>\n<!-- \/ Yoast SEO plugin. -->","yoast_head_json":{"title":"QHP Hobby Horse Luxury uzde\u010dka - Spicehorse","description":"spicehorse.eu | Dodajte \u0161t\u00fdlov\u00fd vzh\u013ead v\u00e1\u0161mu QHP hobby kon\u00edkovi touto uzde\u010dkou zdobenou klasick\u00fdm \u0161it\u00edm!","robots":{"index":"index","follow":"follow","max-snippet":"max-snippet:-1","max-image-preview":"max-image-preview:large","max-video-preview":"max-video-preview:-1"},"canonical":"https:\/\/arak.spicehorse.eu\/sk\/produkt\/qhp-hobby-horse-luxury-uzdecka\/","og_locale":"sk_SK","og_type":"article","og_title":"QHP Hobby Horse Luxury uzde\u010dka - Spicehorse","og_description":"spicehorse.eu | Dodajte \u0161t\u00fdlov\u00fd vzh\u013ead v\u00e1\u0161mu QHP hobby kon\u00edkovi touto uzde\u010dkou zdobenou klasick\u00fdm \u0161it\u00edm!","og_url":"https:\/\/arak.spicehorse.eu\/sk\/produkt\/qhp-hobby-horse-luxury-uzdecka\/","og_site_name":"Spicehorse","article_publisher":"https:\/\/www.facebook.com\/SPICEHORSE-550385625402457\/","article_modified_time":"2025-09-21T11:52:55+00:00","og_image":[{"width":1280,"height":1280,"url":"https:\/\/arak.spicehorse.eu\/wp-content\/uploads\/2025\/09\/5616dbr-5.jpg","type":"image\/jpeg"}],"twitter_card":"summary_large_image","schema":{"@context":"https:\/\/schema.org","@graph":[{"@type":"WebPage","@id":"https:\/\/arak.spicehorse.eu\/sk\/produkt\/qhp-hobby-horse-luxury-uzdecka\/","url":"https:\/\/arak.spicehorse.eu\/sk\/produkt\/qhp-hobby-horse-luxury-uzdecka\/","name":"QHP Hobby Horse Luxury uzde\u010dka - Spicehorse","isPartOf":{"@id":"https:\/\/arak.spicehorse.eu\/en\/#website"},"datePublished":"2025-09-03T14:01:20+00:00","dateModified":"2025-09-21T11:52:55+00:00","description":"spicehorse.eu | Dodajte \u0161t\u00fdlov\u00fd vzh\u013ead v\u00e1\u0161mu QHP hobby kon\u00edkovi touto uzde\u010dkou zdobenou klasick\u00fdm \u0161it\u00edm!","breadcrumb":{"@id":"https:\/\/arak.spicehorse.eu\/sk\/produkt\/qhp-hobby-horse-luxury-uzdecka\/#breadcrumb"},"inLanguage":"sk-SK","potentialAction":[{"@type":"ReadAction","target":["https:\/\/arak.spicehorse.eu\/sk\/produkt\/qhp-hobby-horse-luxury-uzdecka\/"]}]},{"@type":"BreadcrumbList","@id":"https:\/\/arak.spicehorse.eu\/sk\/produkt\/qhp-hobby-horse-luxury-uzdecka\/#breadcrumb","itemListElement":[{"@type":"ListItem","position":1,"name":"Home","item":"https:\/\/arak.spicehorse.eu\/sk\/"},{"@type":"ListItem","position":2,"name":"Predaj\u0148a","item":"https:\/\/arak.spicehorse.eu\/sk\/predajna\/"},{"@type":"ListItem","position":3,"name":"QHP Hobby Horse Luxury uzde\u010dka"}]},{"@type":"WebSite","@id":"https:\/\/arak.spicehorse.eu\/en\/#website","url":"https:\/\/arak.spicehorse.eu\/en\/","name":"Spicehorse","description":"UNDER DEVELOPMENT -","potentialAction":[{"@type":"SearchAction","target":{"@type":"EntryPoint","urlTemplate":"https:\/\/arak.spicehorse.eu\/en\/?s={search_term_string}"},"query-input":"required name=search_term_string"}],"inLanguage":"sk-SK"}]}},"_links":{"self":[{"href":"https:\/\/arak.spicehorse.eu\/sk\/wp-json\/wp\/v2\/product\/204374"}],"collection":[{"href":"https:\/\/arak.spicehorse.eu\/sk\/wp-json\/wp\/v2\/product"}],"about":[{"href":"https:\/\/arak.spicehorse.eu\/sk\/wp-json\/wp\/v2\/types\/product"}],"wp:featuredmedia":[{"embeddable":true,"href":"https:\/\/arak.spicehorse.eu\/sk\/wp-json\/wp\/v2\/media\/204377"}],"wp:attachment":[{"href":"https:\/\/arak.spicehorse.eu\/sk\/wp-json\/wp\/v2\/media?parent=204374"}],"wp:term":[{"taxonomy":"product_cat","embeddable":true,"href":"https:\/\/arak.spicehorse.eu\/sk\/wp-json\/wp\/v2\/product_cat?post=204374"},{"taxonomy":"product_tag","embeddable":true,"href":"https:\/\/arak.spicehorse.eu\/sk\/wp-json\/wp\/v2\/product_tag?post=204374"}],"curies":[{"name":"wp","href":"https:\/\/api.w.org\/{rel}","templated":true}]}}