{"id":204561,"date":"2025-09-09T08:41:53","date_gmt":"2025-09-09T06:42:01","guid":{"rendered":"https:\/\/arak.spicehorse.eu\/?post_type=product&#038;p=204561"},"modified":"2025-09-21T14:04:51","modified_gmt":"2025-09-21T12:04:51","slug":"equestrian-stockholm-zvony-na-kopyta-all-black","status":"publish","type":"product","link":"https:\/\/arak.spicehorse.eu\/sk\/produkt\/equestrian-stockholm-zvony-na-kopyta-all-black\/","title":{"rendered":"Equestrian Stockholm zvony na kopyt\u00e1 All Black"},"content":{"rendered":"<p>Vylep\u0161ite si svoj \u0161t\u00fdl t\u00fdmito vysoko kvalitn\u00fdmi Equestrian Stockholm zvonmi na kopyt\u00e1 zo syntetickej ko\u017ee s matn\u00fdm povrchom. Vn\u00fatorn\u00e1 \u010das\u0165 je extra m\u00e4kk\u00e1, fl\u00edsov\u00e1 pre maxim\u00e1lne pohodlie. 6 mm hrub\u00e1 neopr\u00e9nov\u00e1 pod\u0161\u00edvka, ktor\u00e1 dokonale zabra\u0148uje vzniku poranen\u00ed. Zap\u00ednaj\u00fa sa pomocou \u0161irok\u00fdch such\u00fdch zipsov, ktor\u00e9 zdob\u00ed n\u00e1pis \u00a0Equestrian Stockholm<\/p>\n","protected":false},"excerpt":{"rendered":"<ul>\n<li>Farba: \u010dierna<\/li>\n<li>Srs\u0165: \u010dierna<\/li>\n<li>Detaily: \u010dierne Equestrian Stockholm logo<\/li>\n<li>Materi\u00e1l: 100% syntetick\u00e1 ko\u017ea, 100% jemn\u00fd teddy polyester<\/li>\n<li>Pranie: mo\u017eno pra\u0165 v\u00a0pr\u00e1\u010dke na 30 stup\u0148och\/ nevkladajte do su\u0161i\u010dky<\/li>\n<\/ul>\n","protected":false},"featured_media":204576,"template":"","meta":{"_acf_changed":false},"product_cat":[75,116],"product_tag":[3346,549,592,351,255],"acf":[],"yoast_head":"<!-- This site is optimized with the Yoast SEO plugin v21.4 - https:\/\/yoast.com\/wordpress\/plugins\/seo\/ -->\n<title>Equestrian Stockholm zvony na kopyt\u00e1 All Black - Spicehorse<\/title>\n<meta name=\"description\" content=\"spicehorse.eu | Vylep\u0161ite si svoj \u0161t\u00fdl t\u00fdmito vysoko kvalitn\u00fdmi Equestrian Stockholm zvonmi na kopyt\u00e1 zo syntetickej ko\u017ee s matn\u00fdm povrchom.\" \/>\n<meta name=\"robots\" content=\"index, follow, max-snippet:-1, max-image-preview:large, max-video-preview:-1\" \/>\n<link rel=\"canonical\" href=\"https:\/\/arak.spicehorse.eu\/sk\/produkt\/equestrian-stockholm-zvony-na-kopyta-all-black\/\" \/>\n<meta property=\"og:locale\" content=\"sk_SK\" \/>\n<meta property=\"og:type\" content=\"article\" \/>\n<meta property=\"og:title\" content=\"Equestrian Stockholm zvony na kopyt\u00e1 All Black - Spicehorse\" \/>\n<meta property=\"og:description\" content=\"spicehorse.eu | Vylep\u0161ite si svoj \u0161t\u00fdl t\u00fdmito vysoko kvalitn\u00fdmi Equestrian Stockholm zvonmi na kopyt\u00e1 zo syntetickej ko\u017ee s matn\u00fdm povrchom.\" \/>\n<meta property=\"og:url\" content=\"https:\/\/arak.spicehorse.eu\/sk\/produkt\/equestrian-stockholm-zvony-na-kopyta-all-black\/\" \/>\n<meta property=\"og:site_name\" content=\"Spicehorse\" \/>\n<meta property=\"article:publisher\" content=\"https:\/\/www.facebook.com\/SPICEHORSE-550385625402457\/\" \/>\n<meta property=\"article:modified_time\" content=\"2025-09-21T12:04:51+00:00\" \/>\n<meta property=\"og:image\" content=\"https:\/\/arak.spicehorse.eu\/wp-content\/uploads\/2025\/09\/bell-boots-all-black-1.jpg\" \/>\n\t<meta property=\"og:image:width\" content=\"700\" \/>\n\t<meta property=\"og:image:height\" content=\"700\" \/>\n\t<meta property=\"og:image:type\" content=\"image\/jpeg\" \/>\n<meta name=\"twitter:card\" content=\"summary_large_image\" \/>\n<meta name=\"twitter:label1\" content=\"Predpokladan\u00fd \u010das \u010d\u00edtania\" \/>\n\t<meta name=\"twitter:data1\" content=\"1 min\u00fata\" \/>\n<script type=\"application\/ld+json\" class=\"yoast-schema-graph\">{\"@context\":\"https:\/\/schema.org\",\"@graph\":[{\"@type\":\"WebPage\",\"@id\":\"https:\/\/arak.spicehorse.eu\/sk\/produkt\/equestrian-stockholm-zvony-na-kopyta-all-black\/\",\"url\":\"https:\/\/arak.spicehorse.eu\/sk\/produkt\/equestrian-stockholm-zvony-na-kopyta-all-black\/\",\"name\":\"Equestrian Stockholm zvony na kopyt\u00e1 All Black - Spicehorse\",\"isPartOf\":{\"@id\":\"https:\/\/arak.spicehorse.eu\/en\/#website\"},\"datePublished\":\"2025-09-09T06:42:01+00:00\",\"dateModified\":\"2025-09-21T12:04:51+00:00\",\"description\":\"spicehorse.eu | Vylep\u0161ite si svoj \u0161t\u00fdl t\u00fdmito vysoko kvalitn\u00fdmi Equestrian Stockholm zvonmi na kopyt\u00e1 zo syntetickej ko\u017ee s matn\u00fdm povrchom.\",\"breadcrumb\":{\"@id\":\"https:\/\/arak.spicehorse.eu\/sk\/produkt\/equestrian-stockholm-zvony-na-kopyta-all-black\/#breadcrumb\"},\"inLanguage\":\"sk-SK\",\"potentialAction\":[{\"@type\":\"ReadAction\",\"target\":[\"https:\/\/arak.spicehorse.eu\/sk\/produkt\/equestrian-stockholm-zvony-na-kopyta-all-black\/\"]}]},{\"@type\":\"BreadcrumbList\",\"@id\":\"https:\/\/arak.spicehorse.eu\/sk\/produkt\/equestrian-stockholm-zvony-na-kopyta-all-black\/#breadcrumb\",\"itemListElement\":[{\"@type\":\"ListItem\",\"position\":1,\"name\":\"Home\",\"item\":\"https:\/\/arak.spicehorse.eu\/sk\/\"},{\"@type\":\"ListItem\",\"position\":2,\"name\":\"Predaj\u0148a\",\"item\":\"https:\/\/arak.spicehorse.eu\/sk\/predajna\/\"},{\"@type\":\"ListItem\",\"position\":3,\"name\":\"Equestrian Stockholm zvony na kopyt\u00e1 All Black\"}]},{\"@type\":\"WebSite\",\"@id\":\"https:\/\/arak.spicehorse.eu\/en\/#website\",\"url\":\"https:\/\/arak.spicehorse.eu\/en\/\",\"name\":\"Spicehorse\",\"description\":\"UNDER DEVELOPMENT -\",\"potentialAction\":[{\"@type\":\"SearchAction\",\"target\":{\"@type\":\"EntryPoint\",\"urlTemplate\":\"https:\/\/arak.spicehorse.eu\/en\/?s={search_term_string}\"},\"query-input\":\"required name=search_term_string\"}],\"inLanguage\":\"sk-SK\"}]}<\/script>\n<!-- \/ Yoast SEO plugin. -->","yoast_head_json":{"title":"Equestrian Stockholm zvony na kopyt\u00e1 All Black - Spicehorse","description":"spicehorse.eu | Vylep\u0161ite si svoj \u0161t\u00fdl t\u00fdmito vysoko kvalitn\u00fdmi Equestrian Stockholm zvonmi na kopyt\u00e1 zo syntetickej ko\u017ee s matn\u00fdm povrchom.","robots":{"index":"index","follow":"follow","max-snippet":"max-snippet:-1","max-image-preview":"max-image-preview:large","max-video-preview":"max-video-preview:-1"},"canonical":"https:\/\/arak.spicehorse.eu\/sk\/produkt\/equestrian-stockholm-zvony-na-kopyta-all-black\/","og_locale":"sk_SK","og_type":"article","og_title":"Equestrian Stockholm zvony na kopyt\u00e1 All Black - Spicehorse","og_description":"spicehorse.eu | Vylep\u0161ite si svoj \u0161t\u00fdl t\u00fdmito vysoko kvalitn\u00fdmi Equestrian Stockholm zvonmi na kopyt\u00e1 zo syntetickej ko\u017ee s matn\u00fdm povrchom.","og_url":"https:\/\/arak.spicehorse.eu\/sk\/produkt\/equestrian-stockholm-zvony-na-kopyta-all-black\/","og_site_name":"Spicehorse","article_publisher":"https:\/\/www.facebook.com\/SPICEHORSE-550385625402457\/","article_modified_time":"2025-09-21T12:04:51+00:00","og_image":[{"width":700,"height":700,"url":"https:\/\/arak.spicehorse.eu\/wp-content\/uploads\/2025\/09\/bell-boots-all-black-1.jpg","type":"image\/jpeg"}],"twitter_card":"summary_large_image","twitter_misc":{"Predpokladan\u00fd \u010das \u010d\u00edtania":"1 min\u00fata"},"schema":{"@context":"https:\/\/schema.org","@graph":[{"@type":"WebPage","@id":"https:\/\/arak.spicehorse.eu\/sk\/produkt\/equestrian-stockholm-zvony-na-kopyta-all-black\/","url":"https:\/\/arak.spicehorse.eu\/sk\/produkt\/equestrian-stockholm-zvony-na-kopyta-all-black\/","name":"Equestrian Stockholm zvony na kopyt\u00e1 All Black - Spicehorse","isPartOf":{"@id":"https:\/\/arak.spicehorse.eu\/en\/#website"},"datePublished":"2025-09-09T06:42:01+00:00","dateModified":"2025-09-21T12:04:51+00:00","description":"spicehorse.eu | Vylep\u0161ite si svoj \u0161t\u00fdl t\u00fdmito vysoko kvalitn\u00fdmi Equestrian Stockholm zvonmi na kopyt\u00e1 zo syntetickej ko\u017ee s matn\u00fdm povrchom.","breadcrumb":{"@id":"https:\/\/arak.spicehorse.eu\/sk\/produkt\/equestrian-stockholm-zvony-na-kopyta-all-black\/#breadcrumb"},"inLanguage":"sk-SK","potentialAction":[{"@type":"ReadAction","target":["https:\/\/arak.spicehorse.eu\/sk\/produkt\/equestrian-stockholm-zvony-na-kopyta-all-black\/"]}]},{"@type":"BreadcrumbList","@id":"https:\/\/arak.spicehorse.eu\/sk\/produkt\/equestrian-stockholm-zvony-na-kopyta-all-black\/#breadcrumb","itemListElement":[{"@type":"ListItem","position":1,"name":"Home","item":"https:\/\/arak.spicehorse.eu\/sk\/"},{"@type":"ListItem","position":2,"name":"Predaj\u0148a","item":"https:\/\/arak.spicehorse.eu\/sk\/predajna\/"},{"@type":"ListItem","position":3,"name":"Equestrian Stockholm zvony na kopyt\u00e1 All Black"}]},{"@type":"WebSite","@id":"https:\/\/arak.spicehorse.eu\/en\/#website","url":"https:\/\/arak.spicehorse.eu\/en\/","name":"Spicehorse","description":"UNDER DEVELOPMENT -","potentialAction":[{"@type":"SearchAction","target":{"@type":"EntryPoint","urlTemplate":"https:\/\/arak.spicehorse.eu\/en\/?s={search_term_string}"},"query-input":"required name=search_term_string"}],"inLanguage":"sk-SK"}]}},"_links":{"self":[{"href":"https:\/\/arak.spicehorse.eu\/sk\/wp-json\/wp\/v2\/product\/204561"}],"collection":[{"href":"https:\/\/arak.spicehorse.eu\/sk\/wp-json\/wp\/v2\/product"}],"about":[{"href":"https:\/\/arak.spicehorse.eu\/sk\/wp-json\/wp\/v2\/types\/product"}],"wp:featuredmedia":[{"embeddable":true,"href":"https:\/\/arak.spicehorse.eu\/sk\/wp-json\/wp\/v2\/media\/204576"}],"wp:attachment":[{"href":"https:\/\/arak.spicehorse.eu\/sk\/wp-json\/wp\/v2\/media?parent=204561"}],"wp:term":[{"taxonomy":"product_cat","embeddable":true,"href":"https:\/\/arak.spicehorse.eu\/sk\/wp-json\/wp\/v2\/product_cat?post=204561"},{"taxonomy":"product_tag","embeddable":true,"href":"https:\/\/arak.spicehorse.eu\/sk\/wp-json\/wp\/v2\/product_tag?post=204561"}],"curies":[{"name":"wp","href":"https:\/\/api.w.org\/{rel}","templated":true}]}}