{"id":204611,"date":"2025-09-10T12:10:42","date_gmt":"2025-09-10T10:10:44","guid":{"rendered":"https:\/\/arak.spicehorse.eu\/?post_type=product&#038;p=204611"},"modified":"2025-10-09T12:06:30","modified_gmt":"2025-10-09T10:06:30","slug":"p-l-a-y-howl-o-ween-plysova-hracka","status":"publish","type":"product","link":"https:\/\/arak.spicehorse.eu\/sk\/produkt\/p-l-a-y-howl-o-ween-plysova-hracka\/","title":{"rendered":"P.L.A.Y. Howl-o-ween ply\u0161ov\u00e1 hra\u010dka"},"content":{"rendered":"<p>Z\u00e1ludn\u00e9 mal\u00e9 dobroty v ko\u0161\u00edku s ply\u0161ov\u00fdmi hra\u010dkami P.L.A.Y. Howl-o-ween Halloween! Prekvapte svojho psa sl\u00e1vnostn\u00fdm ko\u0161\u00edkom s ma\u0161krtami Howl-o-Ween, ktor\u00fd je pln\u00fd stra\u0161ideln\u00fdch sladkost\u00ed a desiv\u00fdch p\u00edskac\u00edch hra\u010diek, ktor\u00e9 v\u00e1\u0161ho psa zaru\u010dene zabavia na cel\u00e9 hodiny! Ko\u0161\u00edk je ide\u00e1lny pre psov, krot\u00ed maj\u00fa radi sladk\u00e9!<\/p>\n<p>Ru\u010dne vyroben\u00e9, dvojvrstvov\u00e1 vonkaj\u0161ia \u010das\u0165 a posilnen\u00e9 \u0161itie v z\u00e1ujme extra odolnosti.<\/p>\n<p>Ekologick\u00e1 PlanetFill\u00ae v\u00fdpl\u0148 je vyroben\u00e1 zo 100% recyklovan\u00fdch, certifikovan\u00fdch PET flia\u0161.<\/p>\n<p>Mo\u017eno pra\u0165 v pr\u00e1\u010dke a su\u0161i\u0165 v su\u0161i\u010dke.<\/p>\n<p>Obsahuje farbiv\u00e1 bez AZO.<\/p>\n<p>V\u0161etky Pet P.L.A.Y. hra\u010dky sp\u013a\u0148aj\u00fa pr\u00edsne predpisy na kvalitu t\u00fdkaj\u00face sa v\u00fdroby doj\u010densk\u00fdch a detsk\u00fdch hra\u010diek. Sp\u013a\u0148aj\u00fa normu EN71 \u2013 1., 2., 3. a 9. \u010das\u0165 (EU), normu ASTM F963 (USA) t\u00fdkaj\u00facu sa bezpe\u010dnosti hra\u010diek a po\u017eiadavky REACH \u2013 SVHC.<\/p>\n<p>MADE IN USA<\/p>\n","protected":false},"excerpt":{"rendered":"<p>Z\u00e1ludn\u00e9 mal\u00e9 dobroty v ko\u0161\u00edku s ply\u0161ov\u00fdmi hra\u010dkami P.L.A.Y. Howl-o-ween Halloween! Prekvapte svojho psa sl\u00e1vnostn\u00fdm ko\u0161\u00edkom s ma\u0161krtami Howl-o-Ween, ktor\u00fd je pln\u00fd stra\u0161ideln\u00fdch sladkost\u00ed a desiv\u00fdch p\u00edskac\u00edch hra\u010diek, ktor\u00e9 v\u00e1\u0161ho psa zaru\u010dene zabavia na cel\u00e9 hodiny! Ko\u0161\u00edk je ide\u00e1lny pre psov, krot\u00ed maj\u00fa radi sladk\u00e9! Ru\u010dne vyroben\u00e9, dvojvrstvov\u00e1 vonkaj\u0161ia \u010das\u0165 a posilnen\u00e9 \u0161itie v z\u00e1ujme [&hellip;]<\/p>\n","protected":false},"featured_media":204640,"template":"","meta":{"_acf_changed":false},"product_cat":[74,302],"product_tag":[2098,227,1438],"acf":[],"yoast_head":"<!-- This site is optimized with the Yoast SEO plugin v21.4 - https:\/\/yoast.com\/wordpress\/plugins\/seo\/ -->\n<title>P.L.A.Y. Howl-o-ween ply\u0161ov\u00e1 hra\u010dka - Spicehorse<\/title>\n<meta name=\"description\" content=\"spicehorse.eu | Z\u00e1ludn\u00e9 mal\u00e9 dobroty v ko\u0161\u00edku s ply\u0161ov\u00fdmi hra\u010dkami P.L.A.Y. Howl-o-ween Halloween!\" \/>\n<meta name=\"robots\" content=\"index, follow, max-snippet:-1, max-image-preview:large, max-video-preview:-1\" \/>\n<link rel=\"canonical\" href=\"https:\/\/arak.spicehorse.eu\/sk\/produkt\/p-l-a-y-howl-o-ween-plysova-hracka\/\" \/>\n<meta property=\"og:locale\" content=\"sk_SK\" \/>\n<meta property=\"og:type\" content=\"article\" \/>\n<meta property=\"og:title\" content=\"P.L.A.Y. Howl-o-ween ply\u0161ov\u00e1 hra\u010dka - Spicehorse\" \/>\n<meta property=\"og:description\" content=\"spicehorse.eu | Z\u00e1ludn\u00e9 mal\u00e9 dobroty v ko\u0161\u00edku s ply\u0161ov\u00fdmi hra\u010dkami P.L.A.Y. Howl-o-ween Halloween!\" \/>\n<meta property=\"og:url\" content=\"https:\/\/arak.spicehorse.eu\/sk\/produkt\/p-l-a-y-howl-o-ween-plysova-hracka\/\" \/>\n<meta property=\"og:site_name\" content=\"Spicehorse\" \/>\n<meta property=\"article:publisher\" content=\"https:\/\/www.facebook.com\/SPICEHORSE-550385625402457\/\" \/>\n<meta property=\"article:modified_time\" content=\"2025-10-09T10:06:30+00:00\" \/>\n<meta property=\"og:image\" content=\"https:\/\/arak.spicehorse.eu\/wp-content\/uploads\/2025\/09\/play-pumpkin-basket-w-candiesjpg.jpg\" \/>\n\t<meta property=\"og:image:width\" content=\"640\" \/>\n\t<meta property=\"og:image:height\" content=\"640\" \/>\n\t<meta property=\"og:image:type\" content=\"image\/jpeg\" \/>\n<meta name=\"twitter:card\" content=\"summary_large_image\" \/>\n<meta name=\"twitter:label1\" content=\"Predpokladan\u00fd \u010das \u010d\u00edtania\" \/>\n\t<meta name=\"twitter:data1\" content=\"1 min\u00fata\" \/>\n<script type=\"application\/ld+json\" class=\"yoast-schema-graph\">{\"@context\":\"https:\/\/schema.org\",\"@graph\":[{\"@type\":\"WebPage\",\"@id\":\"https:\/\/arak.spicehorse.eu\/sk\/produkt\/p-l-a-y-howl-o-ween-plysova-hracka\/\",\"url\":\"https:\/\/arak.spicehorse.eu\/sk\/produkt\/p-l-a-y-howl-o-ween-plysova-hracka\/\",\"name\":\"P.L.A.Y. Howl-o-ween ply\u0161ov\u00e1 hra\u010dka - Spicehorse\",\"isPartOf\":{\"@id\":\"https:\/\/arak.spicehorse.eu\/en\/#website\"},\"datePublished\":\"2025-09-10T10:10:44+00:00\",\"dateModified\":\"2025-10-09T10:06:30+00:00\",\"description\":\"spicehorse.eu | Z\u00e1ludn\u00e9 mal\u00e9 dobroty v ko\u0161\u00edku s ply\u0161ov\u00fdmi hra\u010dkami P.L.A.Y. Howl-o-ween Halloween!\",\"breadcrumb\":{\"@id\":\"https:\/\/arak.spicehorse.eu\/sk\/produkt\/p-l-a-y-howl-o-ween-plysova-hracka\/#breadcrumb\"},\"inLanguage\":\"sk-SK\",\"potentialAction\":[{\"@type\":\"ReadAction\",\"target\":[\"https:\/\/arak.spicehorse.eu\/sk\/produkt\/p-l-a-y-howl-o-ween-plysova-hracka\/\"]}]},{\"@type\":\"BreadcrumbList\",\"@id\":\"https:\/\/arak.spicehorse.eu\/sk\/produkt\/p-l-a-y-howl-o-ween-plysova-hracka\/#breadcrumb\",\"itemListElement\":[{\"@type\":\"ListItem\",\"position\":1,\"name\":\"Home\",\"item\":\"https:\/\/arak.spicehorse.eu\/sk\/\"},{\"@type\":\"ListItem\",\"position\":2,\"name\":\"Predaj\u0148a\",\"item\":\"https:\/\/arak.spicehorse.eu\/sk\/predajna\/\"},{\"@type\":\"ListItem\",\"position\":3,\"name\":\"P.L.A.Y. Howl-o-ween ply\u0161ov\u00e1 hra\u010dka\"}]},{\"@type\":\"WebSite\",\"@id\":\"https:\/\/arak.spicehorse.eu\/en\/#website\",\"url\":\"https:\/\/arak.spicehorse.eu\/en\/\",\"name\":\"Spicehorse\",\"description\":\"UNDER DEVELOPMENT -\",\"potentialAction\":[{\"@type\":\"SearchAction\",\"target\":{\"@type\":\"EntryPoint\",\"urlTemplate\":\"https:\/\/arak.spicehorse.eu\/en\/?s={search_term_string}\"},\"query-input\":\"required name=search_term_string\"}],\"inLanguage\":\"sk-SK\"}]}<\/script>\n<!-- \/ Yoast SEO plugin. -->","yoast_head_json":{"title":"P.L.A.Y. Howl-o-ween ply\u0161ov\u00e1 hra\u010dka - Spicehorse","description":"spicehorse.eu | Z\u00e1ludn\u00e9 mal\u00e9 dobroty v ko\u0161\u00edku s ply\u0161ov\u00fdmi hra\u010dkami P.L.A.Y. Howl-o-ween Halloween!","robots":{"index":"index","follow":"follow","max-snippet":"max-snippet:-1","max-image-preview":"max-image-preview:large","max-video-preview":"max-video-preview:-1"},"canonical":"https:\/\/arak.spicehorse.eu\/sk\/produkt\/p-l-a-y-howl-o-ween-plysova-hracka\/","og_locale":"sk_SK","og_type":"article","og_title":"P.L.A.Y. Howl-o-ween ply\u0161ov\u00e1 hra\u010dka - Spicehorse","og_description":"spicehorse.eu | Z\u00e1ludn\u00e9 mal\u00e9 dobroty v ko\u0161\u00edku s ply\u0161ov\u00fdmi hra\u010dkami P.L.A.Y. Howl-o-ween Halloween!","og_url":"https:\/\/arak.spicehorse.eu\/sk\/produkt\/p-l-a-y-howl-o-ween-plysova-hracka\/","og_site_name":"Spicehorse","article_publisher":"https:\/\/www.facebook.com\/SPICEHORSE-550385625402457\/","article_modified_time":"2025-10-09T10:06:30+00:00","og_image":[{"width":640,"height":640,"url":"https:\/\/arak.spicehorse.eu\/wp-content\/uploads\/2025\/09\/play-pumpkin-basket-w-candiesjpg.jpg","type":"image\/jpeg"}],"twitter_card":"summary_large_image","twitter_misc":{"Predpokladan\u00fd \u010das \u010d\u00edtania":"1 min\u00fata"},"schema":{"@context":"https:\/\/schema.org","@graph":[{"@type":"WebPage","@id":"https:\/\/arak.spicehorse.eu\/sk\/produkt\/p-l-a-y-howl-o-ween-plysova-hracka\/","url":"https:\/\/arak.spicehorse.eu\/sk\/produkt\/p-l-a-y-howl-o-ween-plysova-hracka\/","name":"P.L.A.Y. Howl-o-ween ply\u0161ov\u00e1 hra\u010dka - Spicehorse","isPartOf":{"@id":"https:\/\/arak.spicehorse.eu\/en\/#website"},"datePublished":"2025-09-10T10:10:44+00:00","dateModified":"2025-10-09T10:06:30+00:00","description":"spicehorse.eu | Z\u00e1ludn\u00e9 mal\u00e9 dobroty v ko\u0161\u00edku s ply\u0161ov\u00fdmi hra\u010dkami P.L.A.Y. Howl-o-ween Halloween!","breadcrumb":{"@id":"https:\/\/arak.spicehorse.eu\/sk\/produkt\/p-l-a-y-howl-o-ween-plysova-hracka\/#breadcrumb"},"inLanguage":"sk-SK","potentialAction":[{"@type":"ReadAction","target":["https:\/\/arak.spicehorse.eu\/sk\/produkt\/p-l-a-y-howl-o-ween-plysova-hracka\/"]}]},{"@type":"BreadcrumbList","@id":"https:\/\/arak.spicehorse.eu\/sk\/produkt\/p-l-a-y-howl-o-ween-plysova-hracka\/#breadcrumb","itemListElement":[{"@type":"ListItem","position":1,"name":"Home","item":"https:\/\/arak.spicehorse.eu\/sk\/"},{"@type":"ListItem","position":2,"name":"Predaj\u0148a","item":"https:\/\/arak.spicehorse.eu\/sk\/predajna\/"},{"@type":"ListItem","position":3,"name":"P.L.A.Y. Howl-o-ween ply\u0161ov\u00e1 hra\u010dka"}]},{"@type":"WebSite","@id":"https:\/\/arak.spicehorse.eu\/en\/#website","url":"https:\/\/arak.spicehorse.eu\/en\/","name":"Spicehorse","description":"UNDER DEVELOPMENT -","potentialAction":[{"@type":"SearchAction","target":{"@type":"EntryPoint","urlTemplate":"https:\/\/arak.spicehorse.eu\/en\/?s={search_term_string}"},"query-input":"required name=search_term_string"}],"inLanguage":"sk-SK"}]}},"_links":{"self":[{"href":"https:\/\/arak.spicehorse.eu\/sk\/wp-json\/wp\/v2\/product\/204611"}],"collection":[{"href":"https:\/\/arak.spicehorse.eu\/sk\/wp-json\/wp\/v2\/product"}],"about":[{"href":"https:\/\/arak.spicehorse.eu\/sk\/wp-json\/wp\/v2\/types\/product"}],"wp:featuredmedia":[{"embeddable":true,"href":"https:\/\/arak.spicehorse.eu\/sk\/wp-json\/wp\/v2\/media\/204640"}],"wp:attachment":[{"href":"https:\/\/arak.spicehorse.eu\/sk\/wp-json\/wp\/v2\/media?parent=204611"}],"wp:term":[{"taxonomy":"product_cat","embeddable":true,"href":"https:\/\/arak.spicehorse.eu\/sk\/wp-json\/wp\/v2\/product_cat?post=204611"},{"taxonomy":"product_tag","embeddable":true,"href":"https:\/\/arak.spicehorse.eu\/sk\/wp-json\/wp\/v2\/product_tag?post=204611"}],"curies":[{"name":"wp","href":"https:\/\/api.w.org\/{rel}","templated":true}]}}