{"id":20495,"date":"2021-02-08T19:22:48","date_gmt":"2021-02-08T18:22:48","guid":{"rendered":"https:\/\/arak.spicehorse.eu\/product\/kentucky-terrazzo-kutyatal-nagy\/"},"modified":"2023-11-23T11:32:29","modified_gmt":"2023-11-23T10:32:29","slug":"kentucky-terrazzo-miska-pre-psa-velka","status":"publish","type":"product","link":"https:\/\/arak.spicehorse.eu\/sk\/produkt\/kentucky-terrazzo-miska-pre-psa-velka\/","title":{"rendered":"Kentucky Terrazzo miska pre psa ve\u013ek\u00e1"},"content":{"rendered":"<p>Kentucky Dogwear Terrazzo design dod\u00e1 V\u00e1\u0161mu domovu vesel\u00fd a\u00a0nevtierav\u00fd dizajn.<\/p>\n<p>Terrazzo design diskr\u00e9tne pripom\u00edna pr\u00edrodn\u00fd kame\u0148 v\u00a0jeho prirodzenom tvare a\u00a0vzoroch.<\/p>\n<p>Miska pre psa je vyroben\u00e1 z bambusu. Je odoln\u00e1 a\u00a0trv\u00e1cna, \u010do je mimoriadne v\u00fdhodn\u00e9, ak sa n\u00e1\u0161 mil\u00e1\u010dik r\u00e1d prem\u00e1va hore- dole po byte s\u00a0miskou v\u00a0papu\u013eke. \u00a0Neobsahuje chemick\u00e9 l\u00e1tky a\u00a0plasty s pr\u00edmesou oleja. Kentucky Dogwear misky pre psov s\u00fa bezpe\u010dn\u00e9 a\u00a0antibakteri\u00e1lne.<\/p>\n<p>V\u010faka silik\u00f3novej spodnej \u010dasti sa miska pri pou\u017e\u00edvan\u00ed ne\u0161m\u00fdka. Mo\u017eno ju pou\u017e\u00edva\u0165 na vodu aj na psie \u017er\u00e1dlo z\u00e1rove\u0148.<\/p>\n<p>Kentucky Terrazzo miska pre psa je vhodn\u00e1 do um\u00fdva\u010dky riadu.<\/p>\n","protected":false},"excerpt":{"rendered":"<ul>\n<li>Vyroben\u00e1 z bambusu<\/li>\n<li>Odoln\u00e1 a trv\u00e1cna<\/li>\n<li>Ne\u0161m\u00fdka sa<\/li>\n<li>Antibakteri\u00e1lna<\/li>\n<li>Vhodn\u00e1 do um\u00fdva\u010dky riadu<\/li>\n<\/ul>\n","protected":false},"featured_media":20428,"template":"","meta":{"_acf_changed":false},"product_cat":[74,301],"product_tag":[184,632,228],"acf":[],"yoast_head":"<!-- This site is optimized with the Yoast SEO plugin v21.4 - https:\/\/yoast.com\/wordpress\/plugins\/seo\/ -->\n<title>Kentucky Terrazzo miska pre psa ve\u013ek\u00e1 - Spicehorse<\/title>\n<meta name=\"description\" content=\"spicehorse.eu | Miska pre psa je vyroben\u00e1 z bambusu. Neobsahuje chemick\u00e9 l\u00e1tky a plasty s pr\u00edmesou oleja. Kentucky Dogwear misky pre psov s\u00fa bezpe\u010dn\u00e9 a antibakteri\u00e1lne.\" \/>\n<meta name=\"robots\" content=\"index, follow, max-snippet:-1, max-image-preview:large, max-video-preview:-1\" \/>\n<link rel=\"canonical\" href=\"https:\/\/arak.spicehorse.eu\/sk\/produkt\/kentucky-terrazzo-miska-pre-psa-velka\/\" \/>\n<meta property=\"og:locale\" content=\"sk_SK\" \/>\n<meta property=\"og:type\" content=\"article\" \/>\n<meta property=\"og:title\" content=\"Kentucky Terrazzo miska pre psa ve\u013ek\u00e1 - Spicehorse\" \/>\n<meta property=\"og:description\" content=\"spicehorse.eu | Miska pre psa je vyroben\u00e1 z bambusu. Neobsahuje chemick\u00e9 l\u00e1tky a plasty s pr\u00edmesou oleja. Kentucky Dogwear misky pre psov s\u00fa bezpe\u010dn\u00e9 a antibakteri\u00e1lne.\" \/>\n<meta property=\"og:url\" content=\"https:\/\/arak.spicehorse.eu\/sk\/produkt\/kentucky-terrazzo-miska-pre-psa-velka\/\" \/>\n<meta property=\"og:site_name\" content=\"Spicehorse\" \/>\n<meta property=\"article:publisher\" content=\"https:\/\/www.facebook.com\/SPICEHORSE-550385625402457\/\" \/>\n<meta property=\"article:modified_time\" content=\"2023-11-23T10:32:29+00:00\" \/>\n<meta property=\"og:image\" content=\"https:\/\/arak.spicehorse.eu\/wp-content\/uploads\/2021\/02\/dog-bowl-02-l-564c22e810080218547dfa1c1093aa08-article-photobook-l.png\" \/>\n\t<meta property=\"og:image:width\" content=\"728\" \/>\n\t<meta property=\"og:image:height\" content=\"728\" \/>\n\t<meta property=\"og:image:type\" content=\"image\/png\" \/>\n<meta name=\"twitter:card\" content=\"summary_large_image\" \/>\n<meta name=\"twitter:label1\" content=\"Predpokladan\u00fd \u010das \u010d\u00edtania\" \/>\n\t<meta name=\"twitter:data1\" content=\"1 min\u00fata\" \/>\n<script type=\"application\/ld+json\" class=\"yoast-schema-graph\">{\"@context\":\"https:\/\/schema.org\",\"@graph\":[{\"@type\":\"WebPage\",\"@id\":\"https:\/\/arak.spicehorse.eu\/sk\/produkt\/kentucky-terrazzo-miska-pre-psa-velka\/\",\"url\":\"https:\/\/arak.spicehorse.eu\/sk\/produkt\/kentucky-terrazzo-miska-pre-psa-velka\/\",\"name\":\"Kentucky Terrazzo miska pre psa ve\u013ek\u00e1 - Spicehorse\",\"isPartOf\":{\"@id\":\"https:\/\/arak.spicehorse.eu\/en\/#website\"},\"datePublished\":\"2021-02-08T18:22:48+00:00\",\"dateModified\":\"2023-11-23T10:32:29+00:00\",\"description\":\"spicehorse.eu | Miska pre psa je vyroben\u00e1 z bambusu. Neobsahuje chemick\u00e9 l\u00e1tky a plasty s pr\u00edmesou oleja. Kentucky Dogwear misky pre psov s\u00fa bezpe\u010dn\u00e9 a antibakteri\u00e1lne.\",\"breadcrumb\":{\"@id\":\"https:\/\/arak.spicehorse.eu\/sk\/produkt\/kentucky-terrazzo-miska-pre-psa-velka\/#breadcrumb\"},\"inLanguage\":\"sk-SK\",\"potentialAction\":[{\"@type\":\"ReadAction\",\"target\":[\"https:\/\/arak.spicehorse.eu\/sk\/produkt\/kentucky-terrazzo-miska-pre-psa-velka\/\"]}]},{\"@type\":\"BreadcrumbList\",\"@id\":\"https:\/\/arak.spicehorse.eu\/sk\/produkt\/kentucky-terrazzo-miska-pre-psa-velka\/#breadcrumb\",\"itemListElement\":[{\"@type\":\"ListItem\",\"position\":1,\"name\":\"Home\",\"item\":\"https:\/\/arak.spicehorse.eu\/sk\/\"},{\"@type\":\"ListItem\",\"position\":2,\"name\":\"Predaj\u0148a\",\"item\":\"https:\/\/arak.spicehorse.eu\/sk\/predajna\/\"},{\"@type\":\"ListItem\",\"position\":3,\"name\":\"Kentucky Terrazzo miska pre psa ve\u013ek\u00e1\"}]},{\"@type\":\"WebSite\",\"@id\":\"https:\/\/arak.spicehorse.eu\/en\/#website\",\"url\":\"https:\/\/arak.spicehorse.eu\/en\/\",\"name\":\"Spicehorse\",\"description\":\"UNDER DEVELOPMENT -\",\"potentialAction\":[{\"@type\":\"SearchAction\",\"target\":{\"@type\":\"EntryPoint\",\"urlTemplate\":\"https:\/\/arak.spicehorse.eu\/en\/?s={search_term_string}\"},\"query-input\":\"required name=search_term_string\"}],\"inLanguage\":\"sk-SK\"}]}<\/script>\n<!-- \/ Yoast SEO plugin. -->","yoast_head_json":{"title":"Kentucky Terrazzo miska pre psa ve\u013ek\u00e1 - Spicehorse","description":"spicehorse.eu | Miska pre psa je vyroben\u00e1 z bambusu. Neobsahuje chemick\u00e9 l\u00e1tky a plasty s pr\u00edmesou oleja. Kentucky Dogwear misky pre psov s\u00fa bezpe\u010dn\u00e9 a antibakteri\u00e1lne.","robots":{"index":"index","follow":"follow","max-snippet":"max-snippet:-1","max-image-preview":"max-image-preview:large","max-video-preview":"max-video-preview:-1"},"canonical":"https:\/\/arak.spicehorse.eu\/sk\/produkt\/kentucky-terrazzo-miska-pre-psa-velka\/","og_locale":"sk_SK","og_type":"article","og_title":"Kentucky Terrazzo miska pre psa ve\u013ek\u00e1 - Spicehorse","og_description":"spicehorse.eu | Miska pre psa je vyroben\u00e1 z bambusu. Neobsahuje chemick\u00e9 l\u00e1tky a plasty s pr\u00edmesou oleja. Kentucky Dogwear misky pre psov s\u00fa bezpe\u010dn\u00e9 a antibakteri\u00e1lne.","og_url":"https:\/\/arak.spicehorse.eu\/sk\/produkt\/kentucky-terrazzo-miska-pre-psa-velka\/","og_site_name":"Spicehorse","article_publisher":"https:\/\/www.facebook.com\/SPICEHORSE-550385625402457\/","article_modified_time":"2023-11-23T10:32:29+00:00","og_image":[{"width":728,"height":728,"url":"https:\/\/arak.spicehorse.eu\/wp-content\/uploads\/2021\/02\/dog-bowl-02-l-564c22e810080218547dfa1c1093aa08-article-photobook-l.png","type":"image\/png"}],"twitter_card":"summary_large_image","twitter_misc":{"Predpokladan\u00fd \u010das \u010d\u00edtania":"1 min\u00fata"},"schema":{"@context":"https:\/\/schema.org","@graph":[{"@type":"WebPage","@id":"https:\/\/arak.spicehorse.eu\/sk\/produkt\/kentucky-terrazzo-miska-pre-psa-velka\/","url":"https:\/\/arak.spicehorse.eu\/sk\/produkt\/kentucky-terrazzo-miska-pre-psa-velka\/","name":"Kentucky Terrazzo miska pre psa ve\u013ek\u00e1 - Spicehorse","isPartOf":{"@id":"https:\/\/arak.spicehorse.eu\/en\/#website"},"datePublished":"2021-02-08T18:22:48+00:00","dateModified":"2023-11-23T10:32:29+00:00","description":"spicehorse.eu | Miska pre psa je vyroben\u00e1 z bambusu. Neobsahuje chemick\u00e9 l\u00e1tky a plasty s pr\u00edmesou oleja. Kentucky Dogwear misky pre psov s\u00fa bezpe\u010dn\u00e9 a antibakteri\u00e1lne.","breadcrumb":{"@id":"https:\/\/arak.spicehorse.eu\/sk\/produkt\/kentucky-terrazzo-miska-pre-psa-velka\/#breadcrumb"},"inLanguage":"sk-SK","potentialAction":[{"@type":"ReadAction","target":["https:\/\/arak.spicehorse.eu\/sk\/produkt\/kentucky-terrazzo-miska-pre-psa-velka\/"]}]},{"@type":"BreadcrumbList","@id":"https:\/\/arak.spicehorse.eu\/sk\/produkt\/kentucky-terrazzo-miska-pre-psa-velka\/#breadcrumb","itemListElement":[{"@type":"ListItem","position":1,"name":"Home","item":"https:\/\/arak.spicehorse.eu\/sk\/"},{"@type":"ListItem","position":2,"name":"Predaj\u0148a","item":"https:\/\/arak.spicehorse.eu\/sk\/predajna\/"},{"@type":"ListItem","position":3,"name":"Kentucky Terrazzo miska pre psa ve\u013ek\u00e1"}]},{"@type":"WebSite","@id":"https:\/\/arak.spicehorse.eu\/en\/#website","url":"https:\/\/arak.spicehorse.eu\/en\/","name":"Spicehorse","description":"UNDER DEVELOPMENT -","potentialAction":[{"@type":"SearchAction","target":{"@type":"EntryPoint","urlTemplate":"https:\/\/arak.spicehorse.eu\/en\/?s={search_term_string}"},"query-input":"required name=search_term_string"}],"inLanguage":"sk-SK"}]}},"_links":{"self":[{"href":"https:\/\/arak.spicehorse.eu\/sk\/wp-json\/wp\/v2\/product\/20495"}],"collection":[{"href":"https:\/\/arak.spicehorse.eu\/sk\/wp-json\/wp\/v2\/product"}],"about":[{"href":"https:\/\/arak.spicehorse.eu\/sk\/wp-json\/wp\/v2\/types\/product"}],"wp:featuredmedia":[{"embeddable":true,"href":"https:\/\/arak.spicehorse.eu\/sk\/wp-json\/wp\/v2\/media\/20428"}],"wp:attachment":[{"href":"https:\/\/arak.spicehorse.eu\/sk\/wp-json\/wp\/v2\/media?parent=20495"}],"wp:term":[{"taxonomy":"product_cat","embeddable":true,"href":"https:\/\/arak.spicehorse.eu\/sk\/wp-json\/wp\/v2\/product_cat?post=20495"},{"taxonomy":"product_tag","embeddable":true,"href":"https:\/\/arak.spicehorse.eu\/sk\/wp-json\/wp\/v2\/product_tag?post=20495"}],"curies":[{"name":"wp","href":"https:\/\/api.w.org\/{rel}","templated":true}]}}