{"id":204952,"date":"2025-09-23T22:44:07","date_gmt":"2025-09-23T20:44:08","guid":{"rendered":"https:\/\/arak.spicehorse.eu\/?post_type=product&#038;p=204952"},"modified":"2025-09-23T23:05:43","modified_gmt":"2025-09-23T21:05:43","slug":"lemieux-hobby-horse-earl","status":"publish","type":"product","link":"https:\/\/arak.spicehorse.eu\/sk\/produkt\/lemieux-hobby-horse-earl\/","title":{"rendered":"LeMieux Hobby Horse Earl"},"content":{"rendered":"<div>\n<p><span lang=\"SK\">Pripravte svoje die\u0165a na jazdu na koni v\u010faka tomuto n\u00e1dhern\u00e9mu a nev\u0161edn\u00e9mu siv\u00e9mu LeMieux hobby kon\u00edkovi.<\/span><\/p>\n<\/div>\n<div>\n<p><span lang=\"SK\">LeMieux Earl hobby kon\u00edk je kr\u00e1sny siv\u00fd k\u00f4\u0148 s hrivou, ktor\u00fa mo\u017eno zapleta\u0165. Srs\u0165 je mimoriadne hebk\u00e1, je dokonal\u00e1 na \u010desanie a o\u0161etrovanie.<\/span><\/p>\n<\/div>\n<div>\n<p class=\"mb-30\"><span lang=\"SK\">Je pripevnen\u00fd k\u00a0pevnej drevenej r\u00fa\u010dke. Hlava je realistick\u00e1, hrivu mo\u017eno zapleta\u0165 a\u00a0po\u013eahky na \u0148u mo\u017eno nave\u0161a\u0165 r\u00f4zne ozdoby. Mal\u00ed jazdci si kon\u00edka ur\u010dite zamiluj\u00fa a\u00a0bud\u00fa m\u00f4c\u0165 str\u00e1vi\u0165 dlh\u00e9 hodiny hrou so svoj\u00edm mini kon\u00edkom. Je vyr\u00e1ban\u00fd ru\u010dne, ka\u017ed\u00fd kus je jedine\u010dn\u00fd.<\/span><\/p>\n<\/div>\n<div>\n<p><span lang=\"SK\">Vhodn\u00e9 doplnky a\u00a0v\u00fdbavu si m\u00f4\u017eete zak\u00fapi\u0165 samostatne. <\/span><\/p>\n<\/div>\n<div>\n<p><span lang=\"SK\">\u010cistite vlhkou handrou.<\/span><\/p>\n<\/div>\n<div>\n<p><span lang=\"SK\">81 cm d\u013a\u017eka<\/span><\/p>\n<\/div>\n<div>\n<p><span lang=\"SK\">Od 3 rokov<\/span><\/p>\n<\/div>\n","protected":false},"excerpt":{"rendered":"<p>Pripravte svoje die\u0165a na jazdu na koni v\u010faka tomuto n\u00e1dhern\u00e9mu a nev\u0161edn\u00e9mu siv\u00e9mu LeMieux hobby kon\u00edkovi. LeMieux Earl hobby kon\u00edk je kr\u00e1sny siv\u00fd k\u00f4\u0148 s hrivou, ktor\u00fa mo\u017eno zapleta\u0165. Srs\u0165 je mimoriadne hebk\u00e1, je dokonal\u00e1 na \u010desanie a o\u0161etrovanie. Je pripevnen\u00fd k\u00a0pevnej drevenej r\u00fa\u010dke. Hlava je realistick\u00e1, hrivu mo\u017eno zapleta\u0165 a\u00a0po\u013eahky na \u0148u mo\u017eno nave\u0161a\u0165 [&hellip;]<\/p>\n","protected":false},"featured_media":204964,"template":"","meta":{"_acf_changed":false},"product_cat":[2534,3228,76,312],"product_tag":[2868,227,2369,2589,422,2389],"acf":[],"yoast_head":"<!-- This site is optimized with the Yoast SEO plugin v21.4 - https:\/\/yoast.com\/wordpress\/plugins\/seo\/ -->\n<title>LeMieux Hobby Horse Earl - Spicehorse<\/title>\n<meta name=\"description\" content=\"spicehorse.eu | Pripravte svoje die\u0165a na jazdu na koni v\u010faka tomuto n\u00e1dhern\u00e9mu a nev\u0161edn\u00e9mu siv\u00e9mu LeMieux hobby kon\u00edkovi.\u00a0\" \/>\n<meta name=\"robots\" content=\"index, follow, max-snippet:-1, max-image-preview:large, max-video-preview:-1\" \/>\n<link rel=\"canonical\" href=\"https:\/\/arak.spicehorse.eu\/termek\/lemieux-hobby-horse-earl\/\" \/>\n<meta property=\"og:locale\" content=\"sk_SK\" \/>\n<meta property=\"og:type\" content=\"article\" \/>\n<meta property=\"og:title\" content=\"LeMieux Hobby Horse Earl - Spicehorse\" \/>\n<meta property=\"og:description\" content=\"spicehorse.eu | Pripravte svoje die\u0165a na jazdu na koni v\u010faka tomuto n\u00e1dhern\u00e9mu a nev\u0161edn\u00e9mu siv\u00e9mu LeMieux hobby kon\u00edkovi.\u00a0\" \/>\n<meta property=\"og:url\" content=\"https:\/\/arak.spicehorse.eu\/termek\/lemieux-hobby-horse-earl\/\" \/>\n<meta property=\"og:site_name\" content=\"Spicehorse\" \/>\n<meta property=\"article:publisher\" content=\"https:\/\/www.facebook.com\/SPICEHORSE-550385625402457\/\" \/>\n<meta property=\"article:modified_time\" content=\"2025-09-23T21:05:43+00:00\" \/>\n<meta property=\"og:image\" content=\"https:\/\/arak.spicehorse.eu\/wp-content\/uploads\/2025\/09\/it07111-product-hobbyhorse-earl-1.jpg\" \/>\n\t<meta property=\"og:image:width\" content=\"1440\" \/>\n\t<meta property=\"og:image:height\" content=\"1440\" \/>\n\t<meta property=\"og:image:type\" content=\"image\/jpeg\" \/>\n<meta name=\"twitter:card\" content=\"summary_large_image\" \/>\n<meta name=\"twitter:label1\" content=\"Predpokladan\u00fd \u010das \u010d\u00edtania\" \/>\n\t<meta name=\"twitter:data1\" content=\"1 min\u00fata\" \/>\n<script type=\"application\/ld+json\" class=\"yoast-schema-graph\">{\"@context\":\"https:\/\/schema.org\",\"@graph\":[{\"@type\":\"WebPage\",\"@id\":\"https:\/\/arak.spicehorse.eu\/termek\/lemieux-hobby-horse-earl\/\",\"url\":\"https:\/\/arak.spicehorse.eu\/termek\/lemieux-hobby-horse-earl\/\",\"name\":\"LeMieux Hobby Horse Earl - Spicehorse\",\"isPartOf\":{\"@id\":\"https:\/\/arak.spicehorse.eu\/en\/#website\"},\"datePublished\":\"2025-09-23T20:44:08+00:00\",\"dateModified\":\"2025-09-23T21:05:43+00:00\",\"description\":\"spicehorse.eu | Pripravte svoje die\u0165a na jazdu na koni v\u010faka tomuto n\u00e1dhern\u00e9mu a nev\u0161edn\u00e9mu siv\u00e9mu LeMieux hobby kon\u00edkovi.\u00a0\",\"breadcrumb\":{\"@id\":\"https:\/\/arak.spicehorse.eu\/termek\/lemieux-hobby-horse-earl\/#breadcrumb\"},\"inLanguage\":\"sk-SK\",\"potentialAction\":[{\"@type\":\"ReadAction\",\"target\":[\"https:\/\/arak.spicehorse.eu\/termek\/lemieux-hobby-horse-earl\/\"]}]},{\"@type\":\"BreadcrumbList\",\"@id\":\"https:\/\/arak.spicehorse.eu\/termek\/lemieux-hobby-horse-earl\/#breadcrumb\",\"itemListElement\":[{\"@type\":\"ListItem\",\"position\":1,\"name\":\"Home\",\"item\":\"https:\/\/arak.spicehorse.eu\/sk\/\"},{\"@type\":\"ListItem\",\"position\":2,\"name\":\"Predaj\u0148a\",\"item\":\"https:\/\/arak.spicehorse.eu\/sk\/predajna\/\"},{\"@type\":\"ListItem\",\"position\":3,\"name\":\"LeMieux Hobby Horse Earl\"}]},{\"@type\":\"WebSite\",\"@id\":\"https:\/\/arak.spicehorse.eu\/en\/#website\",\"url\":\"https:\/\/arak.spicehorse.eu\/en\/\",\"name\":\"Spicehorse\",\"description\":\"UNDER DEVELOPMENT -\",\"potentialAction\":[{\"@type\":\"SearchAction\",\"target\":{\"@type\":\"EntryPoint\",\"urlTemplate\":\"https:\/\/arak.spicehorse.eu\/en\/?s={search_term_string}\"},\"query-input\":\"required name=search_term_string\"}],\"inLanguage\":\"sk-SK\"}]}<\/script>\n<!-- \/ Yoast SEO plugin. -->","yoast_head_json":{"title":"LeMieux Hobby Horse Earl - Spicehorse","description":"spicehorse.eu | Pripravte svoje die\u0165a na jazdu na koni v\u010faka tomuto n\u00e1dhern\u00e9mu a nev\u0161edn\u00e9mu siv\u00e9mu LeMieux hobby kon\u00edkovi.\u00a0","robots":{"index":"index","follow":"follow","max-snippet":"max-snippet:-1","max-image-preview":"max-image-preview:large","max-video-preview":"max-video-preview:-1"},"canonical":"https:\/\/arak.spicehorse.eu\/termek\/lemieux-hobby-horse-earl\/","og_locale":"sk_SK","og_type":"article","og_title":"LeMieux Hobby Horse Earl - Spicehorse","og_description":"spicehorse.eu | Pripravte svoje die\u0165a na jazdu na koni v\u010faka tomuto n\u00e1dhern\u00e9mu a nev\u0161edn\u00e9mu siv\u00e9mu LeMieux hobby kon\u00edkovi.\u00a0","og_url":"https:\/\/arak.spicehorse.eu\/termek\/lemieux-hobby-horse-earl\/","og_site_name":"Spicehorse","article_publisher":"https:\/\/www.facebook.com\/SPICEHORSE-550385625402457\/","article_modified_time":"2025-09-23T21:05:43+00:00","og_image":[{"width":1440,"height":1440,"url":"https:\/\/arak.spicehorse.eu\/wp-content\/uploads\/2025\/09\/it07111-product-hobbyhorse-earl-1.jpg","type":"image\/jpeg"}],"twitter_card":"summary_large_image","twitter_misc":{"Predpokladan\u00fd \u010das \u010d\u00edtania":"1 min\u00fata"},"schema":{"@context":"https:\/\/schema.org","@graph":[{"@type":"WebPage","@id":"https:\/\/arak.spicehorse.eu\/termek\/lemieux-hobby-horse-earl\/","url":"https:\/\/arak.spicehorse.eu\/termek\/lemieux-hobby-horse-earl\/","name":"LeMieux Hobby Horse Earl - Spicehorse","isPartOf":{"@id":"https:\/\/arak.spicehorse.eu\/en\/#website"},"datePublished":"2025-09-23T20:44:08+00:00","dateModified":"2025-09-23T21:05:43+00:00","description":"spicehorse.eu | Pripravte svoje die\u0165a na jazdu na koni v\u010faka tomuto n\u00e1dhern\u00e9mu a nev\u0161edn\u00e9mu siv\u00e9mu LeMieux hobby kon\u00edkovi.\u00a0","breadcrumb":{"@id":"https:\/\/arak.spicehorse.eu\/termek\/lemieux-hobby-horse-earl\/#breadcrumb"},"inLanguage":"sk-SK","potentialAction":[{"@type":"ReadAction","target":["https:\/\/arak.spicehorse.eu\/termek\/lemieux-hobby-horse-earl\/"]}]},{"@type":"BreadcrumbList","@id":"https:\/\/arak.spicehorse.eu\/termek\/lemieux-hobby-horse-earl\/#breadcrumb","itemListElement":[{"@type":"ListItem","position":1,"name":"Home","item":"https:\/\/arak.spicehorse.eu\/sk\/"},{"@type":"ListItem","position":2,"name":"Predaj\u0148a","item":"https:\/\/arak.spicehorse.eu\/sk\/predajna\/"},{"@type":"ListItem","position":3,"name":"LeMieux Hobby Horse Earl"}]},{"@type":"WebSite","@id":"https:\/\/arak.spicehorse.eu\/en\/#website","url":"https:\/\/arak.spicehorse.eu\/en\/","name":"Spicehorse","description":"UNDER DEVELOPMENT -","potentialAction":[{"@type":"SearchAction","target":{"@type":"EntryPoint","urlTemplate":"https:\/\/arak.spicehorse.eu\/en\/?s={search_term_string}"},"query-input":"required name=search_term_string"}],"inLanguage":"sk-SK"}]}},"_links":{"self":[{"href":"https:\/\/arak.spicehorse.eu\/sk\/wp-json\/wp\/v2\/product\/204952"}],"collection":[{"href":"https:\/\/arak.spicehorse.eu\/sk\/wp-json\/wp\/v2\/product"}],"about":[{"href":"https:\/\/arak.spicehorse.eu\/sk\/wp-json\/wp\/v2\/types\/product"}],"wp:featuredmedia":[{"embeddable":true,"href":"https:\/\/arak.spicehorse.eu\/sk\/wp-json\/wp\/v2\/media\/204964"}],"wp:attachment":[{"href":"https:\/\/arak.spicehorse.eu\/sk\/wp-json\/wp\/v2\/media?parent=204952"}],"wp:term":[{"taxonomy":"product_cat","embeddable":true,"href":"https:\/\/arak.spicehorse.eu\/sk\/wp-json\/wp\/v2\/product_cat?post=204952"},{"taxonomy":"product_tag","embeddable":true,"href":"https:\/\/arak.spicehorse.eu\/sk\/wp-json\/wp\/v2\/product_tag?post=204952"}],"curies":[{"name":"wp","href":"https:\/\/api.w.org\/{rel}","templated":true}]}}