{"id":205092,"date":"2025-10-01T13:17:17","date_gmt":"2025-10-01T11:17:27","guid":{"rendered":"https:\/\/arak.spicehorse.eu\/?post_type=product&#038;p=205092"},"modified":"2025-10-17T11:30:50","modified_gmt":"2025-10-17T09:30:50","slug":"qhp-argentan-anatomicke-zubadlo","status":"publish","type":"product","link":"https:\/\/arak.spicehorse.eu\/sk\/produkt\/qhp-argentan-anatomicke-zubadlo\/","title":{"rendered":"QHP Argentan anatomick\u00e9 zubadlo"},"content":{"rendered":"<p>QHP zubadlo najv\u0161eobecnej\u0161ieho typu, ktor\u00e9 v\u00e4\u010d\u0161ina kon\u00ed akceptuje a ob\u013eubuje. Raz lomen\u00e1 anatomicky tvarovan\u00e1 \u00fastna \u010das\u0165 stabilne zapad\u00e1 do \u00fast ko\u0148a.<\/p>\n<p>Argentan je zubadlo neutr\u00e1lnej alebo mierne sladkastej chuti, nehrdzavie. Zost\u00e1va po dlh\u0161iu dobu hladn\u00e9 a\u00a0je menej pravdepodobn\u00e9, \u017ee sa bude farba alebo text\u00fara meni\u0165. Je vhodn\u00e9 pre tak\u00e9 kone, ktor\u00e9 s\u00fa citliv\u00e9 na oxid\u00e1ciu alebo si vy\u017eaduj\u00fa m\u00e4k\u0161ie zubadlo.<\/p>\n","protected":false},"excerpt":{"rendered":"<ul>\n<li>Materi\u00e1l \u00fastnej \u010dasti: nehrdzavej\u00faca oce\u013e<\/li>\n<li>Materi\u00e1l kr\u00fa\u017eku: nehrdzavej\u00faca oce\u013e<\/li>\n<li>Argentan materi\u00e1l: 66,3% me\u010f a 32,7% zinok<\/li>\n<li>Hr\u00fabka \u00fastnej \u010dasti: 14 mm<\/li>\n<\/ul>\n","protected":false},"featured_media":205101,"template":"","meta":{"_acf_changed":false},"product_cat":[75,674],"product_tag":[3350,1973,694],"acf":[],"yoast_head":"<!-- This site is optimized with the Yoast SEO plugin v21.4 - https:\/\/yoast.com\/wordpress\/plugins\/seo\/ -->\n<title>QHP Argentan anatomick\u00e9 zubadlo - Spicehorse<\/title>\n<meta name=\"description\" content=\"spicehorse.eu | QHP zubadlo najv\u0161eobecnej\u0161ieho typu, ktor\u00e9 v\u00e4\u010d\u0161ina kon\u00ed akceptuje a ob\u013eubuje.\" \/>\n<meta name=\"robots\" content=\"index, follow, max-snippet:-1, max-image-preview:large, max-video-preview:-1\" \/>\n<link rel=\"canonical\" href=\"https:\/\/arak.spicehorse.eu\/termek\/qhp-argentan-anatomiai-zabla\/\" \/>\n<meta property=\"og:locale\" content=\"sk_SK\" \/>\n<meta property=\"og:type\" content=\"article\" \/>\n<meta property=\"og:title\" content=\"QHP Argentan anatomick\u00e9 zubadlo - Spicehorse\" \/>\n<meta property=\"og:description\" content=\"spicehorse.eu | QHP zubadlo najv\u0161eobecnej\u0161ieho typu, ktor\u00e9 v\u00e4\u010d\u0161ina kon\u00ed akceptuje a ob\u013eubuje.\" \/>\n<meta property=\"og:url\" content=\"https:\/\/arak.spicehorse.eu\/termek\/qhp-argentan-anatomiai-zabla\/\" \/>\n<meta property=\"og:site_name\" content=\"Spicehorse\" \/>\n<meta property=\"article:publisher\" content=\"https:\/\/www.facebook.com\/SPICEHORSE-550385625402457\/\" \/>\n<meta property=\"article:modified_time\" content=\"2025-10-17T09:30:50+00:00\" \/>\n<meta property=\"og:image\" content=\"https:\/\/arak.spicehorse.eu\/wp-content\/uploads\/2025\/10\/2246arg-10.jpg\" \/>\n\t<meta property=\"og:image:width\" content=\"1280\" \/>\n\t<meta property=\"og:image:height\" content=\"1280\" \/>\n\t<meta property=\"og:image:type\" content=\"image\/jpeg\" \/>\n<meta name=\"twitter:card\" content=\"summary_large_image\" \/>\n<meta name=\"twitter:label1\" content=\"Predpokladan\u00fd \u010das \u010d\u00edtania\" \/>\n\t<meta name=\"twitter:data1\" content=\"1 min\u00fata\" \/>\n<script type=\"application\/ld+json\" class=\"yoast-schema-graph\">{\"@context\":\"https:\/\/schema.org\",\"@graph\":[{\"@type\":\"WebPage\",\"@id\":\"https:\/\/arak.spicehorse.eu\/termek\/qhp-argentan-anatomiai-zabla\/\",\"url\":\"https:\/\/arak.spicehorse.eu\/termek\/qhp-argentan-anatomiai-zabla\/\",\"name\":\"QHP Argentan anatomick\u00e9 zubadlo - Spicehorse\",\"isPartOf\":{\"@id\":\"https:\/\/arak.spicehorse.eu\/en\/#website\"},\"datePublished\":\"2025-10-01T11:17:27+00:00\",\"dateModified\":\"2025-10-17T09:30:50+00:00\",\"description\":\"spicehorse.eu | QHP zubadlo najv\u0161eobecnej\u0161ieho typu, ktor\u00e9 v\u00e4\u010d\u0161ina kon\u00ed akceptuje a ob\u013eubuje.\",\"breadcrumb\":{\"@id\":\"https:\/\/arak.spicehorse.eu\/termek\/qhp-argentan-anatomiai-zabla\/#breadcrumb\"},\"inLanguage\":\"sk-SK\",\"potentialAction\":[{\"@type\":\"ReadAction\",\"target\":[\"https:\/\/arak.spicehorse.eu\/termek\/qhp-argentan-anatomiai-zabla\/\"]}]},{\"@type\":\"BreadcrumbList\",\"@id\":\"https:\/\/arak.spicehorse.eu\/termek\/qhp-argentan-anatomiai-zabla\/#breadcrumb\",\"itemListElement\":[{\"@type\":\"ListItem\",\"position\":1,\"name\":\"Home\",\"item\":\"https:\/\/arak.spicehorse.eu\/sk\/\"},{\"@type\":\"ListItem\",\"position\":2,\"name\":\"Predaj\u0148a\",\"item\":\"https:\/\/arak.spicehorse.eu\/sk\/predajna\/\"},{\"@type\":\"ListItem\",\"position\":3,\"name\":\"QHP Argentan anatomick\u00e9 zubadlo\"}]},{\"@type\":\"WebSite\",\"@id\":\"https:\/\/arak.spicehorse.eu\/en\/#website\",\"url\":\"https:\/\/arak.spicehorse.eu\/en\/\",\"name\":\"Spicehorse\",\"description\":\"UNDER DEVELOPMENT -\",\"potentialAction\":[{\"@type\":\"SearchAction\",\"target\":{\"@type\":\"EntryPoint\",\"urlTemplate\":\"https:\/\/arak.spicehorse.eu\/en\/?s={search_term_string}\"},\"query-input\":\"required name=search_term_string\"}],\"inLanguage\":\"sk-SK\"}]}<\/script>\n<!-- \/ Yoast SEO plugin. -->","yoast_head_json":{"title":"QHP Argentan anatomick\u00e9 zubadlo - Spicehorse","description":"spicehorse.eu | QHP zubadlo najv\u0161eobecnej\u0161ieho typu, ktor\u00e9 v\u00e4\u010d\u0161ina kon\u00ed akceptuje a ob\u013eubuje.","robots":{"index":"index","follow":"follow","max-snippet":"max-snippet:-1","max-image-preview":"max-image-preview:large","max-video-preview":"max-video-preview:-1"},"canonical":"https:\/\/arak.spicehorse.eu\/termek\/qhp-argentan-anatomiai-zabla\/","og_locale":"sk_SK","og_type":"article","og_title":"QHP Argentan anatomick\u00e9 zubadlo - Spicehorse","og_description":"spicehorse.eu | QHP zubadlo najv\u0161eobecnej\u0161ieho typu, ktor\u00e9 v\u00e4\u010d\u0161ina kon\u00ed akceptuje a ob\u013eubuje.","og_url":"https:\/\/arak.spicehorse.eu\/termek\/qhp-argentan-anatomiai-zabla\/","og_site_name":"Spicehorse","article_publisher":"https:\/\/www.facebook.com\/SPICEHORSE-550385625402457\/","article_modified_time":"2025-10-17T09:30:50+00:00","og_image":[{"width":1280,"height":1280,"url":"https:\/\/arak.spicehorse.eu\/wp-content\/uploads\/2025\/10\/2246arg-10.jpg","type":"image\/jpeg"}],"twitter_card":"summary_large_image","twitter_misc":{"Predpokladan\u00fd \u010das \u010d\u00edtania":"1 min\u00fata"},"schema":{"@context":"https:\/\/schema.org","@graph":[{"@type":"WebPage","@id":"https:\/\/arak.spicehorse.eu\/termek\/qhp-argentan-anatomiai-zabla\/","url":"https:\/\/arak.spicehorse.eu\/termek\/qhp-argentan-anatomiai-zabla\/","name":"QHP Argentan anatomick\u00e9 zubadlo - Spicehorse","isPartOf":{"@id":"https:\/\/arak.spicehorse.eu\/en\/#website"},"datePublished":"2025-10-01T11:17:27+00:00","dateModified":"2025-10-17T09:30:50+00:00","description":"spicehorse.eu | QHP zubadlo najv\u0161eobecnej\u0161ieho typu, ktor\u00e9 v\u00e4\u010d\u0161ina kon\u00ed akceptuje a ob\u013eubuje.","breadcrumb":{"@id":"https:\/\/arak.spicehorse.eu\/termek\/qhp-argentan-anatomiai-zabla\/#breadcrumb"},"inLanguage":"sk-SK","potentialAction":[{"@type":"ReadAction","target":["https:\/\/arak.spicehorse.eu\/termek\/qhp-argentan-anatomiai-zabla\/"]}]},{"@type":"BreadcrumbList","@id":"https:\/\/arak.spicehorse.eu\/termek\/qhp-argentan-anatomiai-zabla\/#breadcrumb","itemListElement":[{"@type":"ListItem","position":1,"name":"Home","item":"https:\/\/arak.spicehorse.eu\/sk\/"},{"@type":"ListItem","position":2,"name":"Predaj\u0148a","item":"https:\/\/arak.spicehorse.eu\/sk\/predajna\/"},{"@type":"ListItem","position":3,"name":"QHP Argentan anatomick\u00e9 zubadlo"}]},{"@type":"WebSite","@id":"https:\/\/arak.spicehorse.eu\/en\/#website","url":"https:\/\/arak.spicehorse.eu\/en\/","name":"Spicehorse","description":"UNDER DEVELOPMENT -","potentialAction":[{"@type":"SearchAction","target":{"@type":"EntryPoint","urlTemplate":"https:\/\/arak.spicehorse.eu\/en\/?s={search_term_string}"},"query-input":"required name=search_term_string"}],"inLanguage":"sk-SK"}]}},"_links":{"self":[{"href":"https:\/\/arak.spicehorse.eu\/sk\/wp-json\/wp\/v2\/product\/205092"}],"collection":[{"href":"https:\/\/arak.spicehorse.eu\/sk\/wp-json\/wp\/v2\/product"}],"about":[{"href":"https:\/\/arak.spicehorse.eu\/sk\/wp-json\/wp\/v2\/types\/product"}],"wp:featuredmedia":[{"embeddable":true,"href":"https:\/\/arak.spicehorse.eu\/sk\/wp-json\/wp\/v2\/media\/205101"}],"wp:attachment":[{"href":"https:\/\/arak.spicehorse.eu\/sk\/wp-json\/wp\/v2\/media?parent=205092"}],"wp:term":[{"taxonomy":"product_cat","embeddable":true,"href":"https:\/\/arak.spicehorse.eu\/sk\/wp-json\/wp\/v2\/product_cat?post=205092"},{"taxonomy":"product_tag","embeddable":true,"href":"https:\/\/arak.spicehorse.eu\/sk\/wp-json\/wp\/v2\/product_tag?post=205092"}],"curies":[{"name":"wp","href":"https:\/\/api.w.org\/{rel}","templated":true}]}}