{"id":205900,"date":"2025-10-05T10:58:59","date_gmt":"2025-10-05T08:59:05","guid":{"rendered":"https:\/\/arak.spicehorse.eu\/?post_type=product&#038;p=205900"},"modified":"2025-10-22T18:24:05","modified_gmt":"2025-10-22T16:24:05","slug":"boss-equestrian-signed-cord-baseballova-ciapka-camel","status":"publish","type":"product","link":"https:\/\/arak.spicehorse.eu\/sk\/produkt\/boss-equestrian-signed-cord-baseballova-ciapka-camel\/","title":{"rendered":"BOSS Equestrian Signed Cord baseballov\u00e1 \u010diapka Camel"},"content":{"rendered":"<p style=\"font-weight: 400;\">\u0160t\u00fdlov\u00e1 BOSS Equestrian baseballov\u00e1 \u010diapka vyroben\u00e1 z\u00a0jemn\u00e9ho men\u010destru, s\u00a0ve\u013ek\u00fdm vy\u0161\u00edvan\u00fdm n\u00e1pisom BOSS. Nastavite\u013en\u00fd remienok z\u00a0m\u00e4kkej ko\u017ee zabezpe\u010duje, \u017ee \u010diapka dokonale dosad\u00e1. Zdoben\u00e1 n\u00e1dhernou v\u00fd\u0161ivkou.<\/p>\n<p style=\"font-weight: 400;\">100% bavlna<\/p>\n","protected":false},"excerpt":{"rendered":"<ul style=\"font-weight: 400;\">\n<li>\u0160t\u00fdlov\u00e1 baseballov\u00e1 \u010diapka<\/li>\n<li>Z\u00a0men\u010destrov\u00e9ho materi\u00e1lu<\/li>\n<li>BOSS logo<\/li>\n<li>Pohodln\u00fd strih<\/li>\n<\/ul>\n","protected":false},"featured_media":205905,"template":"","meta":{"_acf_changed":false},"product_cat":[76,309],"product_tag":[2920,3219],"acf":[],"yoast_head":"<!-- This site is optimized with the Yoast SEO plugin v21.4 - https:\/\/yoast.com\/wordpress\/plugins\/seo\/ -->\n<title>BOSS Equestrian Signed Cord baseballov\u00e1 \u010diapka Camel - Spicehorse<\/title>\n<meta name=\"description\" content=\"spicehorse.eu | \u0160t\u00fdlov\u00e1 BOSS Equestrian baseballov\u00e1 \u010diapka vyroben\u00e1 z\u00a0jemn\u00e9ho men\u010destru, s\u00a0ve\u013ek\u00fdm vy\u0161\u00edvan\u00fdm n\u00e1pisom BOSS.\" \/>\n<meta name=\"robots\" content=\"index, follow, max-snippet:-1, max-image-preview:large, max-video-preview:-1\" \/>\n<link rel=\"canonical\" href=\"https:\/\/arak.spicehorse.eu\/termek\/boss-equestrian-signed-cord-baseball-sapka-camel\/\" \/>\n<meta property=\"og:locale\" content=\"sk_SK\" \/>\n<meta property=\"og:type\" content=\"article\" \/>\n<meta property=\"og:title\" content=\"BOSS Equestrian Signed Cord baseballov\u00e1 \u010diapka Camel - Spicehorse\" \/>\n<meta property=\"og:description\" content=\"spicehorse.eu | \u0160t\u00fdlov\u00e1 BOSS Equestrian baseballov\u00e1 \u010diapka vyroben\u00e1 z\u00a0jemn\u00e9ho men\u010destru, s\u00a0ve\u013ek\u00fdm vy\u0161\u00edvan\u00fdm n\u00e1pisom BOSS.\" \/>\n<meta property=\"og:url\" content=\"https:\/\/arak.spicehorse.eu\/termek\/boss-equestrian-signed-cord-baseball-sapka-camel\/\" \/>\n<meta property=\"og:site_name\" content=\"Spicehorse\" \/>\n<meta property=\"article:publisher\" content=\"https:\/\/www.facebook.com\/SPICEHORSE-550385625402457\/\" \/>\n<meta property=\"article:modified_time\" content=\"2025-10-22T16:24:05+00:00\" \/>\n<meta property=\"og:image\" content=\"https:\/\/arak.spicehorse.eu\/wp-content\/uploads\/2025\/10\/b6u1606-260-flat02jpg-master.jpg\" \/>\n\t<meta property=\"og:image:width\" content=\"700\" \/>\n\t<meta property=\"og:image:height\" content=\"700\" \/>\n\t<meta property=\"og:image:type\" content=\"image\/jpeg\" \/>\n<meta name=\"twitter:card\" content=\"summary_large_image\" \/>\n<script type=\"application\/ld+json\" class=\"yoast-schema-graph\">{\"@context\":\"https:\/\/schema.org\",\"@graph\":[{\"@type\":\"WebPage\",\"@id\":\"https:\/\/arak.spicehorse.eu\/termek\/boss-equestrian-signed-cord-baseball-sapka-camel\/\",\"url\":\"https:\/\/arak.spicehorse.eu\/termek\/boss-equestrian-signed-cord-baseball-sapka-camel\/\",\"name\":\"BOSS Equestrian Signed Cord baseballov\u00e1 \u010diapka Camel - Spicehorse\",\"isPartOf\":{\"@id\":\"https:\/\/arak.spicehorse.eu\/en\/#website\"},\"datePublished\":\"2025-10-05T08:59:05+00:00\",\"dateModified\":\"2025-10-22T16:24:05+00:00\",\"description\":\"spicehorse.eu | \u0160t\u00fdlov\u00e1 BOSS Equestrian baseballov\u00e1 \u010diapka vyroben\u00e1 z\u00a0jemn\u00e9ho men\u010destru, s\u00a0ve\u013ek\u00fdm vy\u0161\u00edvan\u00fdm n\u00e1pisom BOSS.\",\"breadcrumb\":{\"@id\":\"https:\/\/arak.spicehorse.eu\/termek\/boss-equestrian-signed-cord-baseball-sapka-camel\/#breadcrumb\"},\"inLanguage\":\"sk-SK\",\"potentialAction\":[{\"@type\":\"ReadAction\",\"target\":[\"https:\/\/arak.spicehorse.eu\/termek\/boss-equestrian-signed-cord-baseball-sapka-camel\/\"]}]},{\"@type\":\"BreadcrumbList\",\"@id\":\"https:\/\/arak.spicehorse.eu\/termek\/boss-equestrian-signed-cord-baseball-sapka-camel\/#breadcrumb\",\"itemListElement\":[{\"@type\":\"ListItem\",\"position\":1,\"name\":\"Home\",\"item\":\"https:\/\/arak.spicehorse.eu\/sk\/\"},{\"@type\":\"ListItem\",\"position\":2,\"name\":\"Predaj\u0148a\",\"item\":\"https:\/\/arak.spicehorse.eu\/sk\/predajna\/\"},{\"@type\":\"ListItem\",\"position\":3,\"name\":\"BOSS Equestrian Signed Cord baseballov\u00e1 \u010diapka Camel\"}]},{\"@type\":\"WebSite\",\"@id\":\"https:\/\/arak.spicehorse.eu\/en\/#website\",\"url\":\"https:\/\/arak.spicehorse.eu\/en\/\",\"name\":\"Spicehorse\",\"description\":\"UNDER DEVELOPMENT -\",\"potentialAction\":[{\"@type\":\"SearchAction\",\"target\":{\"@type\":\"EntryPoint\",\"urlTemplate\":\"https:\/\/arak.spicehorse.eu\/en\/?s={search_term_string}\"},\"query-input\":\"required name=search_term_string\"}],\"inLanguage\":\"sk-SK\"}]}<\/script>\n<!-- \/ Yoast SEO plugin. -->","yoast_head_json":{"title":"BOSS Equestrian Signed Cord baseballov\u00e1 \u010diapka Camel - Spicehorse","description":"spicehorse.eu | \u0160t\u00fdlov\u00e1 BOSS Equestrian baseballov\u00e1 \u010diapka vyroben\u00e1 z\u00a0jemn\u00e9ho men\u010destru, s\u00a0ve\u013ek\u00fdm vy\u0161\u00edvan\u00fdm n\u00e1pisom BOSS.","robots":{"index":"index","follow":"follow","max-snippet":"max-snippet:-1","max-image-preview":"max-image-preview:large","max-video-preview":"max-video-preview:-1"},"canonical":"https:\/\/arak.spicehorse.eu\/termek\/boss-equestrian-signed-cord-baseball-sapka-camel\/","og_locale":"sk_SK","og_type":"article","og_title":"BOSS Equestrian Signed Cord baseballov\u00e1 \u010diapka Camel - Spicehorse","og_description":"spicehorse.eu | \u0160t\u00fdlov\u00e1 BOSS Equestrian baseballov\u00e1 \u010diapka vyroben\u00e1 z\u00a0jemn\u00e9ho men\u010destru, s\u00a0ve\u013ek\u00fdm vy\u0161\u00edvan\u00fdm n\u00e1pisom BOSS.","og_url":"https:\/\/arak.spicehorse.eu\/termek\/boss-equestrian-signed-cord-baseball-sapka-camel\/","og_site_name":"Spicehorse","article_publisher":"https:\/\/www.facebook.com\/SPICEHORSE-550385625402457\/","article_modified_time":"2025-10-22T16:24:05+00:00","og_image":[{"width":700,"height":700,"url":"https:\/\/arak.spicehorse.eu\/wp-content\/uploads\/2025\/10\/b6u1606-260-flat02jpg-master.jpg","type":"image\/jpeg"}],"twitter_card":"summary_large_image","schema":{"@context":"https:\/\/schema.org","@graph":[{"@type":"WebPage","@id":"https:\/\/arak.spicehorse.eu\/termek\/boss-equestrian-signed-cord-baseball-sapka-camel\/","url":"https:\/\/arak.spicehorse.eu\/termek\/boss-equestrian-signed-cord-baseball-sapka-camel\/","name":"BOSS Equestrian Signed Cord baseballov\u00e1 \u010diapka Camel - Spicehorse","isPartOf":{"@id":"https:\/\/arak.spicehorse.eu\/en\/#website"},"datePublished":"2025-10-05T08:59:05+00:00","dateModified":"2025-10-22T16:24:05+00:00","description":"spicehorse.eu | \u0160t\u00fdlov\u00e1 BOSS Equestrian baseballov\u00e1 \u010diapka vyroben\u00e1 z\u00a0jemn\u00e9ho men\u010destru, s\u00a0ve\u013ek\u00fdm vy\u0161\u00edvan\u00fdm n\u00e1pisom BOSS.","breadcrumb":{"@id":"https:\/\/arak.spicehorse.eu\/termek\/boss-equestrian-signed-cord-baseball-sapka-camel\/#breadcrumb"},"inLanguage":"sk-SK","potentialAction":[{"@type":"ReadAction","target":["https:\/\/arak.spicehorse.eu\/termek\/boss-equestrian-signed-cord-baseball-sapka-camel\/"]}]},{"@type":"BreadcrumbList","@id":"https:\/\/arak.spicehorse.eu\/termek\/boss-equestrian-signed-cord-baseball-sapka-camel\/#breadcrumb","itemListElement":[{"@type":"ListItem","position":1,"name":"Home","item":"https:\/\/arak.spicehorse.eu\/sk\/"},{"@type":"ListItem","position":2,"name":"Predaj\u0148a","item":"https:\/\/arak.spicehorse.eu\/sk\/predajna\/"},{"@type":"ListItem","position":3,"name":"BOSS Equestrian Signed Cord baseballov\u00e1 \u010diapka Camel"}]},{"@type":"WebSite","@id":"https:\/\/arak.spicehorse.eu\/en\/#website","url":"https:\/\/arak.spicehorse.eu\/en\/","name":"Spicehorse","description":"UNDER DEVELOPMENT -","potentialAction":[{"@type":"SearchAction","target":{"@type":"EntryPoint","urlTemplate":"https:\/\/arak.spicehorse.eu\/en\/?s={search_term_string}"},"query-input":"required name=search_term_string"}],"inLanguage":"sk-SK"}]}},"_links":{"self":[{"href":"https:\/\/arak.spicehorse.eu\/sk\/wp-json\/wp\/v2\/product\/205900"}],"collection":[{"href":"https:\/\/arak.spicehorse.eu\/sk\/wp-json\/wp\/v2\/product"}],"about":[{"href":"https:\/\/arak.spicehorse.eu\/sk\/wp-json\/wp\/v2\/types\/product"}],"wp:featuredmedia":[{"embeddable":true,"href":"https:\/\/arak.spicehorse.eu\/sk\/wp-json\/wp\/v2\/media\/205905"}],"wp:attachment":[{"href":"https:\/\/arak.spicehorse.eu\/sk\/wp-json\/wp\/v2\/media?parent=205900"}],"wp:term":[{"taxonomy":"product_cat","embeddable":true,"href":"https:\/\/arak.spicehorse.eu\/sk\/wp-json\/wp\/v2\/product_cat?post=205900"},{"taxonomy":"product_tag","embeddable":true,"href":"https:\/\/arak.spicehorse.eu\/sk\/wp-json\/wp\/v2\/product_tag?post=205900"}],"curies":[{"name":"wp","href":"https:\/\/api.w.org\/{rel}","templated":true}]}}