{"id":206360,"date":"2025-10-06T15:04:58","date_gmt":"2025-10-06T13:05:24","guid":{"rendered":"https:\/\/arak.spicehorse.eu\/?post_type=product&#038;p=206360"},"modified":"2025-10-22T18:36:50","modified_gmt":"2025-10-22T16:36:50","slug":"kentucky-winter-grip-zimne-jazdecke-rukavice","status":"publish","type":"product","link":"https:\/\/arak.spicehorse.eu\/sk\/produkt\/kentucky-winter-grip-zimne-jazdecke-rukavice\/","title":{"rendered":"Kentucky Winter Grip zimn\u00e9 jazdeck\u00e9 rukavice"},"content":{"rendered":"<p style=\"font-weight: 400;\">Dokonal\u00e1 zmes elegancie, priliehania a\u00a0odolnosti! Kentucky Horsewear jazdeck\u00e9 rukavice s\u00fa vyroben\u00e9 pre tak\u00fdch jazdcov, ktor\u00fdm z\u00e1le\u017e\u00ed rovnako na \u0161t\u00fdle ako aj na pohodl\u00ed. V\u010faka vonkaj\u0161ej vrstve so \u0161trukt\u00farovan\u00fdm had\u00edm vzorom zabezpe\u010duj\u00fa dokonal\u00e9 uchopenie opr\u00e1t, pri\u010dom si zachovaj\u00fa svoju pohodlnos\u0165 a\u00a0pru\u017enos\u0165. Kombin\u00e1cia nylonu a\u00a0polyuret\u00e1nu je trv\u00e1cna, priedu\u0161n\u00e1 a\u00a0zabezpe\u010duje v\u00fdnimo\u010dn\u00fa \u0161ikovnos\u0165.<\/p>\n<p style=\"font-weight: 400;\">Vonkaj\u0161\u00ed materi\u00e1l: zabezpe\u010duje pri\u013enutie a\u00a0sofistikovan\u00fd, \u0161t\u00fdlov\u00fd vzh\u013ead, \u010do je nepostr\u00e1date\u013en\u00e9 pre bezpe\u010dn\u00e9 dr\u017eanie opr\u00e1t.<\/p>\n<p style=\"font-weight: 400;\">Odoln\u00fd nylonov\u00fd z\u00e1klad: pevn\u00fd, pru\u017en\u00fd a\u00a0mimoriadne odoln\u00fd vo\u010di opotrebeniu..<\/p>\n<p style=\"font-weight: 400;\">Polyuret\u00e1nov\u00fd po\u0165ah: vynikaj\u00face uchopenie, odoln\u00fd vo\u010di opotrebeniu, je vodeodoln\u00fd,\u00a0 pri\u010dom poskytuje jemn\u00fa podporu.<\/p>\n<p style=\"font-weight: 400;\">Extra zimn\u00e1 vrstva: zabezpe\u010duj\u00fa zv\u00fd\u0161en\u00e9 teplo, pri\u010dom si zachov\u00e1vaj\u00fa pri\u013enavos\u0165 a\u00a0pru\u017enos\u0165.<\/p>\n<p style=\"font-weight: 400;\">Priedu\u0161n\u00fd, odv\u00e1dza vlhkos\u0165: udr\u017euje ruky v\u00a0chlade a\u00a0suchu, a\u00a0to po\u010das intenz\u00edvneho jazdenia.<\/p>\n<p style=\"font-weight: 400;\">Dokonale dosadaj\u00fa: Pru\u017en\u00e9 vlastnosti nylonu umo\u017e\u0148uj\u00fa, aby rukavice dokonale dosadali na ruky pre celodenn\u00e9 pohodlie.<\/p>\n<p style=\"font-weight: 400;\">S\u00fa ur\u010den\u00e9 pre \u017eeny aj pre mu\u017eov, dostupn\u00e9 vo viacer\u00fdch ve\u013ekostiach.<\/p>\n<p style=\"font-weight: 400;\">Mo\u017eno pra\u0165 na 30\u00b0C, nevkladajte do su\u0161i\u010dky.<\/p>\n","protected":false},"excerpt":{"rendered":"<p>Dokonal\u00e1 zmes elegancie, priliehania a\u00a0odolnosti! Kentucky Horsewear jazdeck\u00e9 rukavice s\u00fa vyroben\u00e9 pre tak\u00fdch jazdcov, ktor\u00fdm z\u00e1le\u017e\u00ed rovnako na \u0161t\u00fdle ako aj na pohodl\u00ed. V\u010faka vonkaj\u0161ej vrstve so \u0161trukt\u00farovan\u00fdm had\u00edm vzorom zabezpe\u010duj\u00fa dokonal\u00e9 uchopenie opr\u00e1t, pri\u010dom si zachovaj\u00fa svoju pohodlnos\u0165 a\u00a0pru\u017enos\u0165. Kombin\u00e1cia nylonu a\u00a0polyuret\u00e1nu je trv\u00e1cna, priedu\u0161n\u00e1 a\u00a0zabezpe\u010duje v\u00fdnimo\u010dn\u00fa \u0161ikovnos\u0165. Vonkaj\u0161\u00ed materi\u00e1l: zabezpe\u010duje pri\u013enutie a\u00a0sofistikovan\u00fd, \u0161t\u00fdlov\u00fd [&hellip;]<\/p>\n","protected":false},"featured_media":206385,"template":"","meta":{"_acf_changed":false},"product_cat":[76,2084],"product_tag":[549,184,413,1293],"acf":[],"yoast_head":"<!-- This site is optimized with the Yoast SEO plugin v21.4 - https:\/\/yoast.com\/wordpress\/plugins\/seo\/ -->\n<title>Kentucky Winter Grip zimn\u00e9 jazdeck\u00e9 rukavice - Spicehorse<\/title>\n<meta name=\"description\" content=\"spicehorse.eu | Dokonal\u00e1 zmes elegancie, priliehania a\u00a0odolnosti! Kentucky Horsewear jazdeck\u00e9 rukavice s\u00fa vyroben\u00e9 pre tak\u00fdch jazdcov, ktor\u00fdm z\u00e1le\u017e\u00ed rovnako na \u0161t\u00fdle ako aj na pohodl\u00ed.\" \/>\n<meta name=\"robots\" content=\"index, follow, max-snippet:-1, max-image-preview:large, max-video-preview:-1\" \/>\n<link rel=\"canonical\" href=\"https:\/\/arak.spicehorse.eu\/termek\/kentucky-winter-grip-teli-lovaglokesztyu\/\" \/>\n<meta property=\"og:locale\" content=\"sk_SK\" \/>\n<meta property=\"og:type\" content=\"article\" \/>\n<meta property=\"og:title\" content=\"Kentucky Winter Grip zimn\u00e9 jazdeck\u00e9 rukavice - Spicehorse\" \/>\n<meta property=\"og:description\" content=\"spicehorse.eu | Dokonal\u00e1 zmes elegancie, priliehania a\u00a0odolnosti! Kentucky Horsewear jazdeck\u00e9 rukavice s\u00fa vyroben\u00e9 pre tak\u00fdch jazdcov, ktor\u00fdm z\u00e1le\u017e\u00ed rovnako na \u0161t\u00fdle ako aj na pohodl\u00ed.\" \/>\n<meta property=\"og:url\" content=\"https:\/\/arak.spicehorse.eu\/termek\/kentucky-winter-grip-teli-lovaglokesztyu\/\" \/>\n<meta property=\"og:site_name\" content=\"Spicehorse\" \/>\n<meta property=\"article:publisher\" content=\"https:\/\/www.facebook.com\/SPICEHORSE-550385625402457\/\" \/>\n<meta property=\"article:modified_time\" content=\"2025-10-22T16:36:50+00:00\" \/>\n<meta property=\"og:image\" content=\"https:\/\/arak.spicehorse.eu\/wp-content\/uploads\/2025\/10\/a31146f3aa9da58ae07b5cf9c559a6325d7e7d8fca01fbfcbc6c07ffe5fd6008.jpg\" \/>\n\t<meta property=\"og:image:width\" content=\"2048\" \/>\n\t<meta property=\"og:image:height\" content=\"2048\" \/>\n\t<meta property=\"og:image:type\" content=\"image\/jpeg\" \/>\n<meta name=\"twitter:card\" content=\"summary_large_image\" \/>\n<meta name=\"twitter:label1\" content=\"Predpokladan\u00fd \u010das \u010d\u00edtania\" \/>\n\t<meta name=\"twitter:data1\" content=\"1 min\u00fata\" \/>\n<script type=\"application\/ld+json\" class=\"yoast-schema-graph\">{\"@context\":\"https:\/\/schema.org\",\"@graph\":[{\"@type\":\"WebPage\",\"@id\":\"https:\/\/arak.spicehorse.eu\/termek\/kentucky-winter-grip-teli-lovaglokesztyu\/\",\"url\":\"https:\/\/arak.spicehorse.eu\/termek\/kentucky-winter-grip-teli-lovaglokesztyu\/\",\"name\":\"Kentucky Winter Grip zimn\u00e9 jazdeck\u00e9 rukavice - Spicehorse\",\"isPartOf\":{\"@id\":\"https:\/\/arak.spicehorse.eu\/en\/#website\"},\"datePublished\":\"2025-10-06T13:05:24+00:00\",\"dateModified\":\"2025-10-22T16:36:50+00:00\",\"description\":\"spicehorse.eu | Dokonal\u00e1 zmes elegancie, priliehania a\u00a0odolnosti! Kentucky Horsewear jazdeck\u00e9 rukavice s\u00fa vyroben\u00e9 pre tak\u00fdch jazdcov, ktor\u00fdm z\u00e1le\u017e\u00ed rovnako na \u0161t\u00fdle ako aj na pohodl\u00ed.\",\"breadcrumb\":{\"@id\":\"https:\/\/arak.spicehorse.eu\/termek\/kentucky-winter-grip-teli-lovaglokesztyu\/#breadcrumb\"},\"inLanguage\":\"sk-SK\",\"potentialAction\":[{\"@type\":\"ReadAction\",\"target\":[\"https:\/\/arak.spicehorse.eu\/termek\/kentucky-winter-grip-teli-lovaglokesztyu\/\"]}]},{\"@type\":\"BreadcrumbList\",\"@id\":\"https:\/\/arak.spicehorse.eu\/termek\/kentucky-winter-grip-teli-lovaglokesztyu\/#breadcrumb\",\"itemListElement\":[{\"@type\":\"ListItem\",\"position\":1,\"name\":\"Home\",\"item\":\"https:\/\/arak.spicehorse.eu\/sk\/\"},{\"@type\":\"ListItem\",\"position\":2,\"name\":\"Predaj\u0148a\",\"item\":\"https:\/\/arak.spicehorse.eu\/sk\/predajna\/\"},{\"@type\":\"ListItem\",\"position\":3,\"name\":\"Kentucky Winter Grip zimn\u00e9 jazdeck\u00e9 rukavice\"}]},{\"@type\":\"WebSite\",\"@id\":\"https:\/\/arak.spicehorse.eu\/en\/#website\",\"url\":\"https:\/\/arak.spicehorse.eu\/en\/\",\"name\":\"Spicehorse\",\"description\":\"UNDER DEVELOPMENT -\",\"potentialAction\":[{\"@type\":\"SearchAction\",\"target\":{\"@type\":\"EntryPoint\",\"urlTemplate\":\"https:\/\/arak.spicehorse.eu\/en\/?s={search_term_string}\"},\"query-input\":\"required name=search_term_string\"}],\"inLanguage\":\"sk-SK\"}]}<\/script>\n<!-- \/ Yoast SEO plugin. -->","yoast_head_json":{"title":"Kentucky Winter Grip zimn\u00e9 jazdeck\u00e9 rukavice - Spicehorse","description":"spicehorse.eu | Dokonal\u00e1 zmes elegancie, priliehania a\u00a0odolnosti! Kentucky Horsewear jazdeck\u00e9 rukavice s\u00fa vyroben\u00e9 pre tak\u00fdch jazdcov, ktor\u00fdm z\u00e1le\u017e\u00ed rovnako na \u0161t\u00fdle ako aj na pohodl\u00ed.","robots":{"index":"index","follow":"follow","max-snippet":"max-snippet:-1","max-image-preview":"max-image-preview:large","max-video-preview":"max-video-preview:-1"},"canonical":"https:\/\/arak.spicehorse.eu\/termek\/kentucky-winter-grip-teli-lovaglokesztyu\/","og_locale":"sk_SK","og_type":"article","og_title":"Kentucky Winter Grip zimn\u00e9 jazdeck\u00e9 rukavice - Spicehorse","og_description":"spicehorse.eu | Dokonal\u00e1 zmes elegancie, priliehania a\u00a0odolnosti! Kentucky Horsewear jazdeck\u00e9 rukavice s\u00fa vyroben\u00e9 pre tak\u00fdch jazdcov, ktor\u00fdm z\u00e1le\u017e\u00ed rovnako na \u0161t\u00fdle ako aj na pohodl\u00ed.","og_url":"https:\/\/arak.spicehorse.eu\/termek\/kentucky-winter-grip-teli-lovaglokesztyu\/","og_site_name":"Spicehorse","article_publisher":"https:\/\/www.facebook.com\/SPICEHORSE-550385625402457\/","article_modified_time":"2025-10-22T16:36:50+00:00","og_image":[{"width":2048,"height":2048,"url":"https:\/\/arak.spicehorse.eu\/wp-content\/uploads\/2025\/10\/a31146f3aa9da58ae07b5cf9c559a6325d7e7d8fca01fbfcbc6c07ffe5fd6008.jpg","type":"image\/jpeg"}],"twitter_card":"summary_large_image","twitter_misc":{"Predpokladan\u00fd \u010das \u010d\u00edtania":"1 min\u00fata"},"schema":{"@context":"https:\/\/schema.org","@graph":[{"@type":"WebPage","@id":"https:\/\/arak.spicehorse.eu\/termek\/kentucky-winter-grip-teli-lovaglokesztyu\/","url":"https:\/\/arak.spicehorse.eu\/termek\/kentucky-winter-grip-teli-lovaglokesztyu\/","name":"Kentucky Winter Grip zimn\u00e9 jazdeck\u00e9 rukavice - Spicehorse","isPartOf":{"@id":"https:\/\/arak.spicehorse.eu\/en\/#website"},"datePublished":"2025-10-06T13:05:24+00:00","dateModified":"2025-10-22T16:36:50+00:00","description":"spicehorse.eu | Dokonal\u00e1 zmes elegancie, priliehania a\u00a0odolnosti! Kentucky Horsewear jazdeck\u00e9 rukavice s\u00fa vyroben\u00e9 pre tak\u00fdch jazdcov, ktor\u00fdm z\u00e1le\u017e\u00ed rovnako na \u0161t\u00fdle ako aj na pohodl\u00ed.","breadcrumb":{"@id":"https:\/\/arak.spicehorse.eu\/termek\/kentucky-winter-grip-teli-lovaglokesztyu\/#breadcrumb"},"inLanguage":"sk-SK","potentialAction":[{"@type":"ReadAction","target":["https:\/\/arak.spicehorse.eu\/termek\/kentucky-winter-grip-teli-lovaglokesztyu\/"]}]},{"@type":"BreadcrumbList","@id":"https:\/\/arak.spicehorse.eu\/termek\/kentucky-winter-grip-teli-lovaglokesztyu\/#breadcrumb","itemListElement":[{"@type":"ListItem","position":1,"name":"Home","item":"https:\/\/arak.spicehorse.eu\/sk\/"},{"@type":"ListItem","position":2,"name":"Predaj\u0148a","item":"https:\/\/arak.spicehorse.eu\/sk\/predajna\/"},{"@type":"ListItem","position":3,"name":"Kentucky Winter Grip zimn\u00e9 jazdeck\u00e9 rukavice"}]},{"@type":"WebSite","@id":"https:\/\/arak.spicehorse.eu\/en\/#website","url":"https:\/\/arak.spicehorse.eu\/en\/","name":"Spicehorse","description":"UNDER DEVELOPMENT -","potentialAction":[{"@type":"SearchAction","target":{"@type":"EntryPoint","urlTemplate":"https:\/\/arak.spicehorse.eu\/en\/?s={search_term_string}"},"query-input":"required name=search_term_string"}],"inLanguage":"sk-SK"}]}},"_links":{"self":[{"href":"https:\/\/arak.spicehorse.eu\/sk\/wp-json\/wp\/v2\/product\/206360"}],"collection":[{"href":"https:\/\/arak.spicehorse.eu\/sk\/wp-json\/wp\/v2\/product"}],"about":[{"href":"https:\/\/arak.spicehorse.eu\/sk\/wp-json\/wp\/v2\/types\/product"}],"wp:featuredmedia":[{"embeddable":true,"href":"https:\/\/arak.spicehorse.eu\/sk\/wp-json\/wp\/v2\/media\/206385"}],"wp:attachment":[{"href":"https:\/\/arak.spicehorse.eu\/sk\/wp-json\/wp\/v2\/media?parent=206360"}],"wp:term":[{"taxonomy":"product_cat","embeddable":true,"href":"https:\/\/arak.spicehorse.eu\/sk\/wp-json\/wp\/v2\/product_cat?post=206360"},{"taxonomy":"product_tag","embeddable":true,"href":"https:\/\/arak.spicehorse.eu\/sk\/wp-json\/wp\/v2\/product_tag?post=206360"}],"curies":[{"name":"wp","href":"https:\/\/api.w.org\/{rel}","templated":true}]}}