{"id":207460,"date":"2025-10-29T18:31:52","date_gmt":"2025-10-29T17:31:53","guid":{"rendered":"https:\/\/arak.spicehorse.eu\/?post_type=product&#038;p=207460"},"modified":"2025-11-15T20:34:39","modified_gmt":"2025-11-15T19:34:39","slug":"p-l-a-y-snack-attack-hracka-pre-psa-lollipup","status":"publish","type":"product","link":"https:\/\/arak.spicehorse.eu\/sk\/produkt\/p-l-a-y-snack-attack-hracka-pre-psa-lollipup\/","title":{"rendered":"P.L.A.Y. Snack Attack hra\u010dka pre psa Lollipup"},"content":{"rendered":"<p style=\"font-weight: 400;\">Spoznajte P.L.A.Y. Snack Attack Lollipup hra\u010dku \u2013 l\u00edzatko vo farb\u00e1ch d\u00fahy, ktor\u00e9 m\u00e1 dve zaoblen\u00e9 p\u00edp\u00e1tka pre dvojn\u00e1sobn\u00e9 vzru\u0161enie, k\u00fdm skryt\u00e1 \u0161n\u00farka sl\u00fa\u017ei ako ty\u010dinka k l\u00edzatku. V\u010faka \u017eiariv\u00e9mu dizajnu a\u00a0jedine\u010dn\u00fdm vlastnostiam si t\u00fato hra\u010dku v\u00e1\u0161 pes zaru\u010dene zamiluje a\u00a0m\u00f4\u017ee si bezstarostne pochutn\u00e1va\u0165!<\/p>\n<ul style=\"font-weight: 400;\">\n<li>Ru\u010dn\u00e9 prevedenie, dvojvrstvov\u00e1 vonkaj\u0161ia \u010das\u0165 a\u00a0posilnen\u00e9 \u0161vy pre extra odolnos\u0165<\/li>\n<li>Ekologick\u00e1 PlanetFill\u00ae v\u00fdpl\u0148 je vyroben\u00e1 zo 100% recyklovan\u00fdch, certifikovan\u00fdch platov\u00fdch flia\u0161<\/li>\n<li>Mo\u017eno pra\u0165 v\u00a0pr\u00e1\u010dke a\u00a0su\u0161i\u0165 v su\u0161i\u010dke<\/li>\n<li>Obsahuje farbiv\u00e1 bez AZO<\/li>\n<\/ul>\n<ul>\n<li>Ka\u017ed\u00e1 hra\u010dka sp\u013a\u0148a pr\u00edsne normy kvality platn\u00e9 pre v\u00fdrobu v\u00fdrobkov pre doj\u010dat\u00e1 a deti. Sp\u013a\u0148a EN71 \u2013 \u010dasti 1., 2., 3. a 9. (EU), ASTM F963 (US) bezpe\u010dnostn\u00e9 normy a REACH \u2013 SVHC predpisy.<\/li>\n<\/ul>\n<p style=\"font-weight: 400;\">MADE IN USA<\/p>\n","protected":false},"excerpt":{"rendered":"<p>Spoznajte P.L.A.Y. Snack Attack Lollipup hra\u010dku \u2013 l\u00edzatko vo farb\u00e1ch d\u00fahy, ktor\u00e9 m\u00e1 dve zaoblen\u00e9 p\u00edp\u00e1tka pre dvojn\u00e1sobn\u00e9 vzru\u0161enie, k\u00fdm skryt\u00e1 \u0161n\u00farka sl\u00fa\u017ei ako ty\u010dinka k l\u00edzatku. V\u010faka \u017eiariv\u00e9mu dizajnu a\u00a0jedine\u010dn\u00fdm vlastnostiam si t\u00fato hra\u010dku v\u00e1\u0161 pes zaru\u010dene zamiluje a\u00a0m\u00f4\u017ee si bezstarostne pochutn\u00e1va\u0165! Ru\u010dn\u00e9 prevedenie, dvojvrstvov\u00e1 vonkaj\u0161ia \u010das\u0165 a\u00a0posilnen\u00e9 \u0161vy pre extra odolnos\u0165 Ekologick\u00e1 PlanetFill\u00ae [&hellip;]<\/p>\n","protected":false},"featured_media":207463,"template":"","meta":{"_acf_changed":false},"product_cat":[74,302],"product_tag":[227,1438,3391],"acf":[],"yoast_head":"<!-- This site is optimized with the Yoast SEO plugin v21.4 - https:\/\/yoast.com\/wordpress\/plugins\/seo\/ -->\n<title>P.L.A.Y. Snack Attack hra\u010dka pre psa Lollipup - Spicehorse<\/title>\n<meta name=\"description\" content=\"spicehorse.eu | Spoznajte P.L.A.Y. Snack Attack Lollipup hra\u010dku \u2013 l\u00edzatko vo farb\u00e1ch d\u00fahy, ktor\u00e9 m\u00e1 dve zaoblen\u00e9 p\u00edp\u00e1tka pre dvojn\u00e1sobn\u00e9 vzru\u0161enie, k\u00fdm skryt\u00e1 \u0161n\u00farka sl\u00fa\u017ei ako ty\u010dinka k l\u00edzatku.\" \/>\n<meta name=\"robots\" content=\"index, follow, max-snippet:-1, max-image-preview:large, max-video-preview:-1\" \/>\n<link rel=\"canonical\" href=\"https:\/\/arak.spicehorse.eu\/termek\/p-l-a-y-snack-attack-kutyajatek-lollipup\/\" \/>\n<meta property=\"og:locale\" content=\"sk_SK\" \/>\n<meta property=\"og:type\" content=\"article\" \/>\n<meta property=\"og:title\" content=\"P.L.A.Y. Snack Attack hra\u010dka pre psa Lollipup - Spicehorse\" \/>\n<meta property=\"og:description\" content=\"spicehorse.eu | Spoznajte P.L.A.Y. Snack Attack Lollipup hra\u010dku \u2013 l\u00edzatko vo farb\u00e1ch d\u00fahy, ktor\u00e9 m\u00e1 dve zaoblen\u00e9 p\u00edp\u00e1tka pre dvojn\u00e1sobn\u00e9 vzru\u0161enie, k\u00fdm skryt\u00e1 \u0161n\u00farka sl\u00fa\u017ei ako ty\u010dinka k l\u00edzatku.\" \/>\n<meta property=\"og:url\" content=\"https:\/\/arak.spicehorse.eu\/termek\/p-l-a-y-snack-attack-kutyajatek-lollipup\/\" \/>\n<meta property=\"og:site_name\" content=\"Spicehorse\" \/>\n<meta property=\"article:publisher\" content=\"https:\/\/www.facebook.com\/SPICEHORSE-550385625402457\/\" \/>\n<meta property=\"article:modified_time\" content=\"2025-11-15T19:34:39+00:00\" \/>\n<meta property=\"og:image\" content=\"https:\/\/arak.spicehorse.eu\/wp-content\/uploads\/2025\/10\/playsnackattack-lollipup-2webresjpg.webp\" \/>\n\t<meta property=\"og:image:width\" content=\"560\" \/>\n\t<meta property=\"og:image:height\" content=\"386\" \/>\n\t<meta property=\"og:image:type\" content=\"image\/webp\" \/>\n<meta name=\"twitter:card\" content=\"summary_large_image\" \/>\n<meta name=\"twitter:label1\" content=\"Predpokladan\u00fd \u010das \u010d\u00edtania\" \/>\n\t<meta name=\"twitter:data1\" content=\"1 min\u00fata\" \/>\n<script type=\"application\/ld+json\" class=\"yoast-schema-graph\">{\"@context\":\"https:\/\/schema.org\",\"@graph\":[{\"@type\":\"WebPage\",\"@id\":\"https:\/\/arak.spicehorse.eu\/termek\/p-l-a-y-snack-attack-kutyajatek-lollipup\/\",\"url\":\"https:\/\/arak.spicehorse.eu\/termek\/p-l-a-y-snack-attack-kutyajatek-lollipup\/\",\"name\":\"P.L.A.Y. Snack Attack hra\u010dka pre psa Lollipup - Spicehorse\",\"isPartOf\":{\"@id\":\"https:\/\/arak.spicehorse.eu\/en\/#website\"},\"datePublished\":\"2025-10-29T17:31:53+00:00\",\"dateModified\":\"2025-11-15T19:34:39+00:00\",\"description\":\"spicehorse.eu | Spoznajte P.L.A.Y. Snack Attack Lollipup hra\u010dku \u2013 l\u00edzatko vo farb\u00e1ch d\u00fahy, ktor\u00e9 m\u00e1 dve zaoblen\u00e9 p\u00edp\u00e1tka pre dvojn\u00e1sobn\u00e9 vzru\u0161enie, k\u00fdm skryt\u00e1 \u0161n\u00farka sl\u00fa\u017ei ako ty\u010dinka k l\u00edzatku.\",\"breadcrumb\":{\"@id\":\"https:\/\/arak.spicehorse.eu\/termek\/p-l-a-y-snack-attack-kutyajatek-lollipup\/#breadcrumb\"},\"inLanguage\":\"sk-SK\",\"potentialAction\":[{\"@type\":\"ReadAction\",\"target\":[\"https:\/\/arak.spicehorse.eu\/termek\/p-l-a-y-snack-attack-kutyajatek-lollipup\/\"]}]},{\"@type\":\"BreadcrumbList\",\"@id\":\"https:\/\/arak.spicehorse.eu\/termek\/p-l-a-y-snack-attack-kutyajatek-lollipup\/#breadcrumb\",\"itemListElement\":[{\"@type\":\"ListItem\",\"position\":1,\"name\":\"Home\",\"item\":\"https:\/\/arak.spicehorse.eu\/sk\/\"},{\"@type\":\"ListItem\",\"position\":2,\"name\":\"Predaj\u0148a\",\"item\":\"https:\/\/arak.spicehorse.eu\/sk\/predajna\/\"},{\"@type\":\"ListItem\",\"position\":3,\"name\":\"P.L.A.Y. Snack Attack hra\u010dka pre psa Lollipup\"}]},{\"@type\":\"WebSite\",\"@id\":\"https:\/\/arak.spicehorse.eu\/en\/#website\",\"url\":\"https:\/\/arak.spicehorse.eu\/en\/\",\"name\":\"Spicehorse\",\"description\":\"UNDER DEVELOPMENT -\",\"potentialAction\":[{\"@type\":\"SearchAction\",\"target\":{\"@type\":\"EntryPoint\",\"urlTemplate\":\"https:\/\/arak.spicehorse.eu\/en\/?s={search_term_string}\"},\"query-input\":\"required name=search_term_string\"}],\"inLanguage\":\"sk-SK\"}]}<\/script>\n<!-- \/ Yoast SEO plugin. -->","yoast_head_json":{"title":"P.L.A.Y. Snack Attack hra\u010dka pre psa Lollipup - Spicehorse","description":"spicehorse.eu | Spoznajte P.L.A.Y. Snack Attack Lollipup hra\u010dku \u2013 l\u00edzatko vo farb\u00e1ch d\u00fahy, ktor\u00e9 m\u00e1 dve zaoblen\u00e9 p\u00edp\u00e1tka pre dvojn\u00e1sobn\u00e9 vzru\u0161enie, k\u00fdm skryt\u00e1 \u0161n\u00farka sl\u00fa\u017ei ako ty\u010dinka k l\u00edzatku.","robots":{"index":"index","follow":"follow","max-snippet":"max-snippet:-1","max-image-preview":"max-image-preview:large","max-video-preview":"max-video-preview:-1"},"canonical":"https:\/\/arak.spicehorse.eu\/termek\/p-l-a-y-snack-attack-kutyajatek-lollipup\/","og_locale":"sk_SK","og_type":"article","og_title":"P.L.A.Y. Snack Attack hra\u010dka pre psa Lollipup - Spicehorse","og_description":"spicehorse.eu | Spoznajte P.L.A.Y. Snack Attack Lollipup hra\u010dku \u2013 l\u00edzatko vo farb\u00e1ch d\u00fahy, ktor\u00e9 m\u00e1 dve zaoblen\u00e9 p\u00edp\u00e1tka pre dvojn\u00e1sobn\u00e9 vzru\u0161enie, k\u00fdm skryt\u00e1 \u0161n\u00farka sl\u00fa\u017ei ako ty\u010dinka k l\u00edzatku.","og_url":"https:\/\/arak.spicehorse.eu\/termek\/p-l-a-y-snack-attack-kutyajatek-lollipup\/","og_site_name":"Spicehorse","article_publisher":"https:\/\/www.facebook.com\/SPICEHORSE-550385625402457\/","article_modified_time":"2025-11-15T19:34:39+00:00","og_image":[{"width":560,"height":386,"url":"https:\/\/arak.spicehorse.eu\/wp-content\/uploads\/2025\/10\/playsnackattack-lollipup-2webresjpg.webp","type":"image\/webp"}],"twitter_card":"summary_large_image","twitter_misc":{"Predpokladan\u00fd \u010das \u010d\u00edtania":"1 min\u00fata"},"schema":{"@context":"https:\/\/schema.org","@graph":[{"@type":"WebPage","@id":"https:\/\/arak.spicehorse.eu\/termek\/p-l-a-y-snack-attack-kutyajatek-lollipup\/","url":"https:\/\/arak.spicehorse.eu\/termek\/p-l-a-y-snack-attack-kutyajatek-lollipup\/","name":"P.L.A.Y. Snack Attack hra\u010dka pre psa Lollipup - Spicehorse","isPartOf":{"@id":"https:\/\/arak.spicehorse.eu\/en\/#website"},"datePublished":"2025-10-29T17:31:53+00:00","dateModified":"2025-11-15T19:34:39+00:00","description":"spicehorse.eu | Spoznajte P.L.A.Y. Snack Attack Lollipup hra\u010dku \u2013 l\u00edzatko vo farb\u00e1ch d\u00fahy, ktor\u00e9 m\u00e1 dve zaoblen\u00e9 p\u00edp\u00e1tka pre dvojn\u00e1sobn\u00e9 vzru\u0161enie, k\u00fdm skryt\u00e1 \u0161n\u00farka sl\u00fa\u017ei ako ty\u010dinka k l\u00edzatku.","breadcrumb":{"@id":"https:\/\/arak.spicehorse.eu\/termek\/p-l-a-y-snack-attack-kutyajatek-lollipup\/#breadcrumb"},"inLanguage":"sk-SK","potentialAction":[{"@type":"ReadAction","target":["https:\/\/arak.spicehorse.eu\/termek\/p-l-a-y-snack-attack-kutyajatek-lollipup\/"]}]},{"@type":"BreadcrumbList","@id":"https:\/\/arak.spicehorse.eu\/termek\/p-l-a-y-snack-attack-kutyajatek-lollipup\/#breadcrumb","itemListElement":[{"@type":"ListItem","position":1,"name":"Home","item":"https:\/\/arak.spicehorse.eu\/sk\/"},{"@type":"ListItem","position":2,"name":"Predaj\u0148a","item":"https:\/\/arak.spicehorse.eu\/sk\/predajna\/"},{"@type":"ListItem","position":3,"name":"P.L.A.Y. Snack Attack hra\u010dka pre psa Lollipup"}]},{"@type":"WebSite","@id":"https:\/\/arak.spicehorse.eu\/en\/#website","url":"https:\/\/arak.spicehorse.eu\/en\/","name":"Spicehorse","description":"UNDER DEVELOPMENT -","potentialAction":[{"@type":"SearchAction","target":{"@type":"EntryPoint","urlTemplate":"https:\/\/arak.spicehorse.eu\/en\/?s={search_term_string}"},"query-input":"required name=search_term_string"}],"inLanguage":"sk-SK"}]}},"_links":{"self":[{"href":"https:\/\/arak.spicehorse.eu\/sk\/wp-json\/wp\/v2\/product\/207460"}],"collection":[{"href":"https:\/\/arak.spicehorse.eu\/sk\/wp-json\/wp\/v2\/product"}],"about":[{"href":"https:\/\/arak.spicehorse.eu\/sk\/wp-json\/wp\/v2\/types\/product"}],"wp:featuredmedia":[{"embeddable":true,"href":"https:\/\/arak.spicehorse.eu\/sk\/wp-json\/wp\/v2\/media\/207463"}],"wp:attachment":[{"href":"https:\/\/arak.spicehorse.eu\/sk\/wp-json\/wp\/v2\/media?parent=207460"}],"wp:term":[{"taxonomy":"product_cat","embeddable":true,"href":"https:\/\/arak.spicehorse.eu\/sk\/wp-json\/wp\/v2\/product_cat?post=207460"},{"taxonomy":"product_tag","embeddable":true,"href":"https:\/\/arak.spicehorse.eu\/sk\/wp-json\/wp\/v2\/product_tag?post=207460"}],"curies":[{"name":"wp","href":"https:\/\/api.w.org\/{rel}","templated":true}]}}