{"id":207639,"date":"2025-11-05T12:55:29","date_gmt":"2025-11-05T11:55:30","guid":{"rendered":"https:\/\/arak.spicehorse.eu\/?post_type=product&#038;p=207639"},"modified":"2025-11-15T20:36:33","modified_gmt":"2025-11-15T19:36:33","slug":"sweet-william-jack-russell-odznak","status":"publish","type":"product","link":"https:\/\/arak.spicehorse.eu\/sk\/produkt\/sweet-william-jack-russell-odznak\/","title":{"rendered":"Sweet William Jack Russell odznak"},"content":{"rendered":"<div>\n<p><span lang=\"SK\">Sweet William Design kr\u00e1sny pozl\u00e1ten\u00fd smaltovan\u00fd odznak so psom.<\/span><\/p>\n<\/div>\n<div>\n<p><span lang=\"SK\">V\u00e1\u0161 \u0161tvornoh\u00fd mil\u00e1\u010dik v\u00e1m bude nabl\u00edzku, noste ho so sebou na odznaku kamko\u013evek p\u00f4jdete! V\u010faka pozl\u00e1tenej spone si ho po\u013eahky pripnete na ob\u013e\u00faben\u00fd kab\u00e1t, ta\u0161ku alebo \u0161\u00e1l.<\/span><\/p>\n<\/div>\n<div>\n<p><span lang=\"SK\">Odznak sa dod\u00e1va pripnut\u00fd na pevnej lepenke, na ktorej je vyobrazen\u00fd malebn\u00fd park s roztomil\u00fdm ps\u00edkom na prech\u00e1dzke. Dokonal\u00fd dar\u010dek pre ka\u017ed\u00e9ho ps\u00ed\u010dkara \u00a0k\u00a0narodenin\u00e1m, na Vianoce alebo ak\u00fako\u013evek udalos\u0165! Pozorn\u00fd mil\u00fd dar\u010dek, ktor\u00fd zaru\u010dene pote\u0161\u00ed!<\/span><\/p>\n<\/div>\n<div>\n<p><span lang=\"SK\">Na zadnej strane lepenky je umiestnen\u00e1 mil\u00e1 b\u00e1sni\u010dka: Tu je mal\u00fd odznak, ktor\u00fd ti rozjasn\u00ed de\u0148. Kdeko\u013evek si, nikdy nie si s\u00e1m!<\/span><\/p>\n<\/div>\n","protected":false},"excerpt":{"rendered":"<p>Sweet William Design kr\u00e1sny pozl\u00e1ten\u00fd smaltovan\u00fd odznak so psom. V\u00e1\u0161 \u0161tvornoh\u00fd mil\u00e1\u010dik v\u00e1m bude nabl\u00edzku, noste ho so sebou na odznaku kamko\u013evek p\u00f4jdete! V\u010faka pozl\u00e1tenej spone si ho po\u013eahky pripnete na ob\u013e\u00faben\u00fd kab\u00e1t, ta\u0161ku alebo \u0161\u00e1l. Odznak sa dod\u00e1va pripnut\u00fd na pevnej lepenke, na ktorej je vyobrazen\u00fd malebn\u00fd park s roztomil\u00fdm ps\u00edkom na prech\u00e1dzke. Dokonal\u00fd [&hellip;]<\/p>\n","protected":false},"featured_media":207642,"template":"","meta":{"_acf_changed":false},"product_cat":[74,301],"product_tag":[2150,1608],"acf":[],"yoast_head":"<!-- This site is optimized with the Yoast SEO plugin v21.4 - https:\/\/yoast.com\/wordpress\/plugins\/seo\/ -->\n<title>Sweet William Jack Russell odznak - Spicehorse<\/title>\n<meta name=\"description\" content=\"spicehorse.eu | Sweet William Design kr\u00e1sny pozl\u00e1ten\u00fd smaltovan\u00fd odznak so psom.\" \/>\n<meta name=\"robots\" content=\"index, follow, max-snippet:-1, max-image-preview:large, max-video-preview:-1\" \/>\n<link rel=\"canonical\" href=\"https:\/\/arak.spicehorse.eu\/termek\/sweet-william-jack-russell-kituzo\/\" \/>\n<meta property=\"og:locale\" content=\"sk_SK\" \/>\n<meta property=\"og:type\" content=\"article\" \/>\n<meta property=\"og:title\" content=\"Sweet William Jack Russell odznak - Spicehorse\" \/>\n<meta property=\"og:description\" content=\"spicehorse.eu | Sweet William Design kr\u00e1sny pozl\u00e1ten\u00fd smaltovan\u00fd odznak so psom.\" \/>\n<meta property=\"og:url\" content=\"https:\/\/arak.spicehorse.eu\/termek\/sweet-william-jack-russell-kituzo\/\" \/>\n<meta property=\"og:site_name\" content=\"Spicehorse\" \/>\n<meta property=\"article:publisher\" content=\"https:\/\/www.facebook.com\/SPICEHORSE-550385625402457\/\" \/>\n<meta property=\"article:modified_time\" content=\"2025-11-15T19:36:33+00:00\" \/>\n<meta property=\"og:image\" content=\"https:\/\/arak.spicehorse.eu\/wp-content\/uploads\/2025\/11\/vi0lxgfg.jpeg\" \/>\n\t<meta property=\"og:image:width\" content=\"800\" \/>\n\t<meta property=\"og:image:height\" content=\"800\" \/>\n\t<meta property=\"og:image:type\" content=\"image\/jpeg\" \/>\n<meta name=\"twitter:card\" content=\"summary_large_image\" \/>\n<meta name=\"twitter:label1\" content=\"Predpokladan\u00fd \u010das \u010d\u00edtania\" \/>\n\t<meta name=\"twitter:data1\" content=\"1 min\u00fata\" \/>\n<script type=\"application\/ld+json\" class=\"yoast-schema-graph\">{\"@context\":\"https:\/\/schema.org\",\"@graph\":[{\"@type\":\"WebPage\",\"@id\":\"https:\/\/arak.spicehorse.eu\/termek\/sweet-william-jack-russell-kituzo\/\",\"url\":\"https:\/\/arak.spicehorse.eu\/termek\/sweet-william-jack-russell-kituzo\/\",\"name\":\"Sweet William Jack Russell odznak - Spicehorse\",\"isPartOf\":{\"@id\":\"https:\/\/arak.spicehorse.eu\/en\/#website\"},\"datePublished\":\"2025-11-05T11:55:30+00:00\",\"dateModified\":\"2025-11-15T19:36:33+00:00\",\"description\":\"spicehorse.eu | Sweet William Design kr\u00e1sny pozl\u00e1ten\u00fd smaltovan\u00fd odznak so psom.\",\"breadcrumb\":{\"@id\":\"https:\/\/arak.spicehorse.eu\/termek\/sweet-william-jack-russell-kituzo\/#breadcrumb\"},\"inLanguage\":\"sk-SK\",\"potentialAction\":[{\"@type\":\"ReadAction\",\"target\":[\"https:\/\/arak.spicehorse.eu\/termek\/sweet-william-jack-russell-kituzo\/\"]}]},{\"@type\":\"BreadcrumbList\",\"@id\":\"https:\/\/arak.spicehorse.eu\/termek\/sweet-william-jack-russell-kituzo\/#breadcrumb\",\"itemListElement\":[{\"@type\":\"ListItem\",\"position\":1,\"name\":\"Home\",\"item\":\"https:\/\/arak.spicehorse.eu\/sk\/\"},{\"@type\":\"ListItem\",\"position\":2,\"name\":\"Predaj\u0148a\",\"item\":\"https:\/\/arak.spicehorse.eu\/sk\/predajna\/\"},{\"@type\":\"ListItem\",\"position\":3,\"name\":\"Sweet William Jack Russell odznak\"}]},{\"@type\":\"WebSite\",\"@id\":\"https:\/\/arak.spicehorse.eu\/en\/#website\",\"url\":\"https:\/\/arak.spicehorse.eu\/en\/\",\"name\":\"Spicehorse\",\"description\":\"UNDER DEVELOPMENT -\",\"potentialAction\":[{\"@type\":\"SearchAction\",\"target\":{\"@type\":\"EntryPoint\",\"urlTemplate\":\"https:\/\/arak.spicehorse.eu\/en\/?s={search_term_string}\"},\"query-input\":\"required name=search_term_string\"}],\"inLanguage\":\"sk-SK\"}]}<\/script>\n<!-- \/ Yoast SEO plugin. -->","yoast_head_json":{"title":"Sweet William Jack Russell odznak - Spicehorse","description":"spicehorse.eu | Sweet William Design kr\u00e1sny pozl\u00e1ten\u00fd smaltovan\u00fd odznak so psom.","robots":{"index":"index","follow":"follow","max-snippet":"max-snippet:-1","max-image-preview":"max-image-preview:large","max-video-preview":"max-video-preview:-1"},"canonical":"https:\/\/arak.spicehorse.eu\/termek\/sweet-william-jack-russell-kituzo\/","og_locale":"sk_SK","og_type":"article","og_title":"Sweet William Jack Russell odznak - Spicehorse","og_description":"spicehorse.eu | Sweet William Design kr\u00e1sny pozl\u00e1ten\u00fd smaltovan\u00fd odznak so psom.","og_url":"https:\/\/arak.spicehorse.eu\/termek\/sweet-william-jack-russell-kituzo\/","og_site_name":"Spicehorse","article_publisher":"https:\/\/www.facebook.com\/SPICEHORSE-550385625402457\/","article_modified_time":"2025-11-15T19:36:33+00:00","og_image":[{"width":800,"height":800,"url":"https:\/\/arak.spicehorse.eu\/wp-content\/uploads\/2025\/11\/vi0lxgfg.jpeg","type":"image\/jpeg"}],"twitter_card":"summary_large_image","twitter_misc":{"Predpokladan\u00fd \u010das \u010d\u00edtania":"1 min\u00fata"},"schema":{"@context":"https:\/\/schema.org","@graph":[{"@type":"WebPage","@id":"https:\/\/arak.spicehorse.eu\/termek\/sweet-william-jack-russell-kituzo\/","url":"https:\/\/arak.spicehorse.eu\/termek\/sweet-william-jack-russell-kituzo\/","name":"Sweet William Jack Russell odznak - Spicehorse","isPartOf":{"@id":"https:\/\/arak.spicehorse.eu\/en\/#website"},"datePublished":"2025-11-05T11:55:30+00:00","dateModified":"2025-11-15T19:36:33+00:00","description":"spicehorse.eu | Sweet William Design kr\u00e1sny pozl\u00e1ten\u00fd smaltovan\u00fd odznak so psom.","breadcrumb":{"@id":"https:\/\/arak.spicehorse.eu\/termek\/sweet-william-jack-russell-kituzo\/#breadcrumb"},"inLanguage":"sk-SK","potentialAction":[{"@type":"ReadAction","target":["https:\/\/arak.spicehorse.eu\/termek\/sweet-william-jack-russell-kituzo\/"]}]},{"@type":"BreadcrumbList","@id":"https:\/\/arak.spicehorse.eu\/termek\/sweet-william-jack-russell-kituzo\/#breadcrumb","itemListElement":[{"@type":"ListItem","position":1,"name":"Home","item":"https:\/\/arak.spicehorse.eu\/sk\/"},{"@type":"ListItem","position":2,"name":"Predaj\u0148a","item":"https:\/\/arak.spicehorse.eu\/sk\/predajna\/"},{"@type":"ListItem","position":3,"name":"Sweet William Jack Russell odznak"}]},{"@type":"WebSite","@id":"https:\/\/arak.spicehorse.eu\/en\/#website","url":"https:\/\/arak.spicehorse.eu\/en\/","name":"Spicehorse","description":"UNDER DEVELOPMENT -","potentialAction":[{"@type":"SearchAction","target":{"@type":"EntryPoint","urlTemplate":"https:\/\/arak.spicehorse.eu\/en\/?s={search_term_string}"},"query-input":"required name=search_term_string"}],"inLanguage":"sk-SK"}]}},"_links":{"self":[{"href":"https:\/\/arak.spicehorse.eu\/sk\/wp-json\/wp\/v2\/product\/207639"}],"collection":[{"href":"https:\/\/arak.spicehorse.eu\/sk\/wp-json\/wp\/v2\/product"}],"about":[{"href":"https:\/\/arak.spicehorse.eu\/sk\/wp-json\/wp\/v2\/types\/product"}],"wp:featuredmedia":[{"embeddable":true,"href":"https:\/\/arak.spicehorse.eu\/sk\/wp-json\/wp\/v2\/media\/207642"}],"wp:attachment":[{"href":"https:\/\/arak.spicehorse.eu\/sk\/wp-json\/wp\/v2\/media?parent=207639"}],"wp:term":[{"taxonomy":"product_cat","embeddable":true,"href":"https:\/\/arak.spicehorse.eu\/sk\/wp-json\/wp\/v2\/product_cat?post=207639"},{"taxonomy":"product_tag","embeddable":true,"href":"https:\/\/arak.spicehorse.eu\/sk\/wp-json\/wp\/v2\/product_tag?post=207639"}],"curies":[{"name":"wp","href":"https:\/\/api.w.org\/{rel}","templated":true}]}}