{"id":207731,"date":"2025-11-07T09:54:02","date_gmt":"2025-11-07T08:54:03","guid":{"rendered":"https:\/\/arak.spicehorse.eu\/?post_type=product&#038;p=207731"},"modified":"2025-11-15T20:40:05","modified_gmt":"2025-11-15T19:40:05","slug":"qhp-potah-na-sedlo-s-pamatovou-penou","status":"publish","type":"product","link":"https:\/\/arak.spicehorse.eu\/sk\/produkt\/qhp-potah-na-sedlo-s-pamatovou-penou\/","title":{"rendered":"QHP po\u0165ah na sedlo s pam\u00e4\u0165ovou penou"},"content":{"rendered":"<div>\n<p><span lang=\"SK\">Tento QHP po\u0165ah na sedlo poskytuje extra komfort a\u00a0pri\u013enutie, v\u00fdsledkom \u010doho je k\u013eudnej\u0161ie a\u00a0stabilnej\u0161ie sedenie v\u00a0sedle. Je ide\u00e1lne pre jazdcov, ktor\u00ed trpia boles\u0165ami chrbta, alebo tr\u00e1via v\u00a0sedle dlh\u00e9 hodiny. V\u010faka flexibiln\u00e9mu upevneniu zost\u00e1va po\u0165ah stabilne na svojom mieste, je vhodn\u00e9 pre v\u00e4\u010d\u0161inu sediel ve\u013ekosti od 16 do 18 palcov.<\/span><\/p>\n<\/div>\n","protected":false},"excerpt":{"rendered":"<ul style=\"font-weight: 400;\">\n<li>Po\u0165ah na ochranu sedla na sedaciu \u010das\u0165<\/li>\n<li>Zabezpe\u010duje stabilnej\u0161ie, pohodlnej\u0161ie sedenie a lep\u0161ie pri\u013enutie<\/li>\n<li>Je ide\u00e1lne pre jazdcov, ktor\u00ed trpia boles\u0165ami chrbta, alebo ktor\u00ed tr\u00e1via v sedle dlh\u00fd \u010das<\/li>\n<li>S flexibiln\u00fdm upevnen\u00edm<\/li>\n<li>Je vhodn\u00e9 pre v\u00e4\u010d\u0161inu sediel ve\u013ekosti od 16 do 18 palcov<\/li>\n<\/ul>\n","protected":false},"featured_media":207735,"template":"","meta":{"_acf_changed":false},"product_cat":[3307,110,1577,511],"product_tag":[1973,2460],"acf":[],"yoast_head":"<!-- This site is optimized with the Yoast SEO plugin v21.4 - https:\/\/yoast.com\/wordpress\/plugins\/seo\/ -->\n<title>QHP po\u0165ah na sedlo s pam\u00e4\u0165ovou penou - Spicehorse<\/title>\n<meta name=\"description\" content=\"spicehorse.eu | Tento QHP po\u0165ah na sedlo poskytuje extra komfort a\u00a0pri\u013enutie, v\u00fdsledkom \u010doho je k\u013eudnej\u0161ie a\u00a0stabilnej\u0161ie sedenie v\u00a0sedle.\" \/>\n<meta name=\"robots\" content=\"index, follow, max-snippet:-1, max-image-preview:large, max-video-preview:-1\" \/>\n<link rel=\"canonical\" href=\"https:\/\/arak.spicehorse.eu\/termek\/qhp-memoriahabos-nyereghuzat\/\" \/>\n<meta property=\"og:locale\" content=\"sk_SK\" \/>\n<meta property=\"og:type\" content=\"article\" \/>\n<meta property=\"og:title\" content=\"QHP po\u0165ah na sedlo s pam\u00e4\u0165ovou penou - Spicehorse\" \/>\n<meta property=\"og:description\" content=\"spicehorse.eu | Tento QHP po\u0165ah na sedlo poskytuje extra komfort a\u00a0pri\u013enutie, v\u00fdsledkom \u010doho je k\u013eudnej\u0161ie a\u00a0stabilnej\u0161ie sedenie v\u00a0sedle.\" \/>\n<meta property=\"og:url\" content=\"https:\/\/arak.spicehorse.eu\/termek\/qhp-memoriahabos-nyereghuzat\/\" \/>\n<meta property=\"og:site_name\" content=\"Spicehorse\" \/>\n<meta property=\"article:publisher\" content=\"https:\/\/www.facebook.com\/SPICEHORSE-550385625402457\/\" \/>\n<meta property=\"article:modified_time\" content=\"2025-11-15T19:40:05+00:00\" \/>\n<meta property=\"og:image\" content=\"https:\/\/arak.spicehorse.eu\/wp-content\/uploads\/2025\/11\/3238zw-1.jpg\" \/>\n\t<meta property=\"og:image:width\" content=\"1280\" \/>\n\t<meta property=\"og:image:height\" content=\"1280\" \/>\n\t<meta property=\"og:image:type\" content=\"image\/jpeg\" \/>\n<meta name=\"twitter:card\" content=\"summary_large_image\" \/>\n<script type=\"application\/ld+json\" class=\"yoast-schema-graph\">{\"@context\":\"https:\/\/schema.org\",\"@graph\":[{\"@type\":\"WebPage\",\"@id\":\"https:\/\/arak.spicehorse.eu\/termek\/qhp-memoriahabos-nyereghuzat\/\",\"url\":\"https:\/\/arak.spicehorse.eu\/termek\/qhp-memoriahabos-nyereghuzat\/\",\"name\":\"QHP po\u0165ah na sedlo s pam\u00e4\u0165ovou penou - Spicehorse\",\"isPartOf\":{\"@id\":\"https:\/\/arak.spicehorse.eu\/en\/#website\"},\"datePublished\":\"2025-11-07T08:54:03+00:00\",\"dateModified\":\"2025-11-15T19:40:05+00:00\",\"description\":\"spicehorse.eu | Tento QHP po\u0165ah na sedlo poskytuje extra komfort a\u00a0pri\u013enutie, v\u00fdsledkom \u010doho je k\u013eudnej\u0161ie a\u00a0stabilnej\u0161ie sedenie v\u00a0sedle.\",\"breadcrumb\":{\"@id\":\"https:\/\/arak.spicehorse.eu\/termek\/qhp-memoriahabos-nyereghuzat\/#breadcrumb\"},\"inLanguage\":\"sk-SK\",\"potentialAction\":[{\"@type\":\"ReadAction\",\"target\":[\"https:\/\/arak.spicehorse.eu\/termek\/qhp-memoriahabos-nyereghuzat\/\"]}]},{\"@type\":\"BreadcrumbList\",\"@id\":\"https:\/\/arak.spicehorse.eu\/termek\/qhp-memoriahabos-nyereghuzat\/#breadcrumb\",\"itemListElement\":[{\"@type\":\"ListItem\",\"position\":1,\"name\":\"Home\",\"item\":\"https:\/\/arak.spicehorse.eu\/sk\/\"},{\"@type\":\"ListItem\",\"position\":2,\"name\":\"Predaj\u0148a\",\"item\":\"https:\/\/arak.spicehorse.eu\/sk\/predajna\/\"},{\"@type\":\"ListItem\",\"position\":3,\"name\":\"QHP po\u0165ah na sedlo s pam\u00e4\u0165ovou penou\"}]},{\"@type\":\"WebSite\",\"@id\":\"https:\/\/arak.spicehorse.eu\/en\/#website\",\"url\":\"https:\/\/arak.spicehorse.eu\/en\/\",\"name\":\"Spicehorse\",\"description\":\"UNDER DEVELOPMENT -\",\"potentialAction\":[{\"@type\":\"SearchAction\",\"target\":{\"@type\":\"EntryPoint\",\"urlTemplate\":\"https:\/\/arak.spicehorse.eu\/en\/?s={search_term_string}\"},\"query-input\":\"required name=search_term_string\"}],\"inLanguage\":\"sk-SK\"}]}<\/script>\n<!-- \/ Yoast SEO plugin. -->","yoast_head_json":{"title":"QHP po\u0165ah na sedlo s pam\u00e4\u0165ovou penou - Spicehorse","description":"spicehorse.eu | Tento QHP po\u0165ah na sedlo poskytuje extra komfort a\u00a0pri\u013enutie, v\u00fdsledkom \u010doho je k\u013eudnej\u0161ie a\u00a0stabilnej\u0161ie sedenie v\u00a0sedle.","robots":{"index":"index","follow":"follow","max-snippet":"max-snippet:-1","max-image-preview":"max-image-preview:large","max-video-preview":"max-video-preview:-1"},"canonical":"https:\/\/arak.spicehorse.eu\/termek\/qhp-memoriahabos-nyereghuzat\/","og_locale":"sk_SK","og_type":"article","og_title":"QHP po\u0165ah na sedlo s pam\u00e4\u0165ovou penou - Spicehorse","og_description":"spicehorse.eu | Tento QHP po\u0165ah na sedlo poskytuje extra komfort a\u00a0pri\u013enutie, v\u00fdsledkom \u010doho je k\u013eudnej\u0161ie a\u00a0stabilnej\u0161ie sedenie v\u00a0sedle.","og_url":"https:\/\/arak.spicehorse.eu\/termek\/qhp-memoriahabos-nyereghuzat\/","og_site_name":"Spicehorse","article_publisher":"https:\/\/www.facebook.com\/SPICEHORSE-550385625402457\/","article_modified_time":"2025-11-15T19:40:05+00:00","og_image":[{"width":1280,"height":1280,"url":"https:\/\/arak.spicehorse.eu\/wp-content\/uploads\/2025\/11\/3238zw-1.jpg","type":"image\/jpeg"}],"twitter_card":"summary_large_image","schema":{"@context":"https:\/\/schema.org","@graph":[{"@type":"WebPage","@id":"https:\/\/arak.spicehorse.eu\/termek\/qhp-memoriahabos-nyereghuzat\/","url":"https:\/\/arak.spicehorse.eu\/termek\/qhp-memoriahabos-nyereghuzat\/","name":"QHP po\u0165ah na sedlo s pam\u00e4\u0165ovou penou - Spicehorse","isPartOf":{"@id":"https:\/\/arak.spicehorse.eu\/en\/#website"},"datePublished":"2025-11-07T08:54:03+00:00","dateModified":"2025-11-15T19:40:05+00:00","description":"spicehorse.eu | Tento QHP po\u0165ah na sedlo poskytuje extra komfort a\u00a0pri\u013enutie, v\u00fdsledkom \u010doho je k\u013eudnej\u0161ie a\u00a0stabilnej\u0161ie sedenie v\u00a0sedle.","breadcrumb":{"@id":"https:\/\/arak.spicehorse.eu\/termek\/qhp-memoriahabos-nyereghuzat\/#breadcrumb"},"inLanguage":"sk-SK","potentialAction":[{"@type":"ReadAction","target":["https:\/\/arak.spicehorse.eu\/termek\/qhp-memoriahabos-nyereghuzat\/"]}]},{"@type":"BreadcrumbList","@id":"https:\/\/arak.spicehorse.eu\/termek\/qhp-memoriahabos-nyereghuzat\/#breadcrumb","itemListElement":[{"@type":"ListItem","position":1,"name":"Home","item":"https:\/\/arak.spicehorse.eu\/sk\/"},{"@type":"ListItem","position":2,"name":"Predaj\u0148a","item":"https:\/\/arak.spicehorse.eu\/sk\/predajna\/"},{"@type":"ListItem","position":3,"name":"QHP po\u0165ah na sedlo s pam\u00e4\u0165ovou penou"}]},{"@type":"WebSite","@id":"https:\/\/arak.spicehorse.eu\/en\/#website","url":"https:\/\/arak.spicehorse.eu\/en\/","name":"Spicehorse","description":"UNDER DEVELOPMENT -","potentialAction":[{"@type":"SearchAction","target":{"@type":"EntryPoint","urlTemplate":"https:\/\/arak.spicehorse.eu\/en\/?s={search_term_string}"},"query-input":"required name=search_term_string"}],"inLanguage":"sk-SK"}]}},"_links":{"self":[{"href":"https:\/\/arak.spicehorse.eu\/sk\/wp-json\/wp\/v2\/product\/207731"}],"collection":[{"href":"https:\/\/arak.spicehorse.eu\/sk\/wp-json\/wp\/v2\/product"}],"about":[{"href":"https:\/\/arak.spicehorse.eu\/sk\/wp-json\/wp\/v2\/types\/product"}],"wp:featuredmedia":[{"embeddable":true,"href":"https:\/\/arak.spicehorse.eu\/sk\/wp-json\/wp\/v2\/media\/207735"}],"wp:attachment":[{"href":"https:\/\/arak.spicehorse.eu\/sk\/wp-json\/wp\/v2\/media?parent=207731"}],"wp:term":[{"taxonomy":"product_cat","embeddable":true,"href":"https:\/\/arak.spicehorse.eu\/sk\/wp-json\/wp\/v2\/product_cat?post=207731"},{"taxonomy":"product_tag","embeddable":true,"href":"https:\/\/arak.spicehorse.eu\/sk\/wp-json\/wp\/v2\/product_tag?post=207731"}],"curies":[{"name":"wp","href":"https:\/\/api.w.org\/{rel}","templated":true}]}}