{"id":208210,"date":"2025-11-15T21:17:34","date_gmt":"2025-11-15T20:17:38","guid":{"rendered":"https:\/\/arak.spicehorse.eu\/?post_type=product&#038;p=208210"},"modified":"2025-11-15T21:26:46","modified_gmt":"2025-11-15T20:26:46","slug":"winderen-thermoactive-zoom-100-350-stajnova-deka","status":"publish","type":"product","link":"https:\/\/arak.spicehorse.eu\/sk\/produkt\/winderen-thermoactive-zoom-100-350-stajnova-deka\/","title":{"rendered":"Winderen Thermoactive Zoom 100-350 staj\u0148ov\u00e1 deka"},"content":{"rendered":"<p style=\"font-weight: 400;\">V\u0161ade na svete sa mnoh\u00ed jazdci pot\u00fdkaj\u00fa s probl\u00e9mom, ako si vybra\u0165 vhodn\u00fa deku pre kone, ktor\u00e1 bude vyhovova\u0165 poveternostn\u00fdm podmienkam. Probl\u00e9m spo\u010d\u00edva v tom, \u017ee kone zvy\u010dajne nosia cel\u00fd de\u0148 t\u00fa ist\u00fa deku. Tradi\u010dn\u00e9 deky pre kone sa vyr\u00e1baj\u00fa s fixnou hmotnos\u0165ou v\u00fdplne, tak\u017ee sa nedok\u00e1\u017eu prisp\u00f4sobi\u0165 meniacim sa teplot\u00e1m prostredia. V d\u00f4sledku toho sa k\u00f4\u0148 m\u00f4\u017ee v jednej chv\u00edli prehria\u0165 a v \u010fal\u0161ej vychladn\u00fa\u0165 \u2013 a to aj nieko\u013ekokr\u00e1t za de\u0148.<\/p>\n<p style=\"font-weight: 400;\">Spolo\u010dnos\u0165 Winderen preto vyrobila kolekciu diek pre kone Winderen Thermoactive. \u00a0Deky akt\u00edvne absorbuj\u00fa teplo a\u00a0skladuj\u00fa ho, n\u00e1sledne teplo uvo\u013e\u0148uj\u00fa pr\u00e1ve vtedy, ke\u010f je najviac potrebn\u00e9.<\/p>\n<p style=\"font-weight: 400;\">Deky s\u00fa dostupn\u00e9 v dvoch Zoom verzi\u00e1ch: zimn\u00e1 (pod\u0161\u00edvka zodpoved\u00e1 100\u2013350g v\u00fdplni) a\u00a0prechodn\u00e1 (50\u2013200 g).<\/p>\n<p style=\"font-weight: 400;\"><strong>V\u00fdhody pre ko\u0148a<\/strong><\/p>\n<ul style=\"font-weight: 400;\">\n<li>Kon\u0161tantn\u00e1 telesn\u00e1 teplota nez\u00e1visle od po\u010dasia \u2013 aj pri v\u00fdrazn\u00fdch teplotn\u00fdch v\u00fdkyvoch.<\/li>\n<li>Teplotn\u00fd komfort po\u010das po\u010das aktiv\u00edt \u2013 zabra\u0148uje spoteniu sa aj pri intenz\u00edvnom tr\u00e9ningu alepo po\u010das vodenia ko\u0148a v\u00a0ohrade.<\/li>\n<li>V\u0161eobecn\u00e9 zlep\u0161enie kond\u00edcie \u2013 kon\u0161tatn\u00fd teplotn\u00fd komfort podporuje imunitn\u00e9 funkcie a\u00a0pohodu ko\u0148a.<\/li>\n<li>Zni\u017euje sa riziko vy\u0161\u00fachania ko\u017ee \u2013 v\u010faka veg\u00e1nskym ko\u017eu\u0161inov\u00fdm vlo\u017ek\u00e1m umiestnen\u00fdm v k\u013e\u00fa\u010dov\u00fdch oblastiach, ako s\u00fa ramen\u00e1 a\u00a0koh\u00fatik.<\/li>\n<\/ul>\n<p style=\"font-weight: 400;\"><strong>V\u00fdhody pre jazdca<\/strong><\/p>\n<ul style=\"font-weight: 400;\">\n<li>Jedna deka pre kone, ktor\u00e1 nahrad\u00ed nieko\u013eko \u010fal\u0161\u00edch- odteraz u\u017e nemus\u00edte vymie\u0148a\u0165 deky v\u00a0z\u00e1vislosti od po\u010dasia. Posta\u010d\u00ed jedin\u00e1 deka na cel\u00fa sez\u00f3nu.<\/li>\n<li>Odolnos\u0165 materi\u00e1lu \u2013 kombin\u00e1cia Climashield\u00ae izol\u00e1cie a 1680D Ballistic nylonu zabezpe\u010duje, aby si deka pre kone udr\u017eala svoje jedine\u010dn\u00e9 vlastnosti aj pri intenz\u00edvnom pou\u017e\u00edvan\u00ed a\u00a0opakovan\u00fdch praniach.<\/li>\n<li>Re\u00e1lna \u00faspora \u010dasu a pe\u0148az\u00ed \u2013 nie je potrebn\u00e9 k\u00fapa, pranie a\u00a0skladovanie\u00a0 nieko\u013ek\u00fdch diek s\u00a0r\u00f4znou hr\u00fabkou. Menej v\u00fdbavy na skladovanie a\u00a0transport- viac miesta v\u00a0stajni.<\/li>\n<\/ul>\n<p style=\"font-weight: 400;\">Winderen Thermoactive kolekcia diek pre kone je na svete jedin\u00e1, ktor\u00e1 pou\u017e\u00edva nemeck\u00fa patentovan\u00fa technol\u00f3giu Outlast\u00ae. Toto inovat\u00edvne rie\u0161enie vyu\u017e\u00edva materi\u00e1ly s f\u00e1zovou zmenou \u2013 l\u00e1tky, ktor\u00e9 m\u00f4\u017eu opakovane skladova\u0165 a uvo\u013e\u0148ova\u0165 teplo po\u010das f\u00e1zov\u00fdch prechodov \u2013 na udr\u017eanie optim\u00e1lnej telesnej teploty.<br \/>\nTechnol\u00f3gia Outlast\u00ae bola p\u00f4vodne vyvinut\u00e1 pre NASA, aby oble\u010denie astronautov odolalo extr\u00e9mnym teplotn\u00fdm v\u00fdkyvom vo vesm\u00edre.<\/p>\n<p style=\"font-weight: 400;\">Materi\u00e1ly s f\u00e1zovou zmenou sa prisp\u00f4sobuj\u00fa teplote ko\u017ee ko\u0148a. Ke\u010f teplota st\u00fapa, absorbuj\u00fa prebyto\u010dn\u00e9 teplo a zabra\u0148uj\u00fa prehriatiu. Ke\u010f teplota kles\u00e1, uvo\u013e\u0148uj\u00fa nahromaden\u00e9 teplo a zabra\u0148uj\u00fa podchladeniu.<\/p>\n<p style=\"font-weight: 400;\">Tieto l\u00e1tky s\u00fa trvalo zakomponovan\u00e9 do polym\u00e9rov\u00e9ho povlaku Thermocules\u00ae, ktor\u00fd si zachov\u00e1va svoje vlastnosti aj po opakovanom pran\u00ed.<\/p>\n<p style=\"font-weight: 400;\">Okrem toho deky pre kone Winderen Thermoactive pom\u00e1haj\u00fa udr\u017eiava\u0165 zdrav\u00fa mikrokl\u00edmu poko\u017eky. T\u00e1to technol\u00f3gia reguluje nielen teplotu, ale tie\u017e pom\u00e1ha zabra\u0148ova\u0165 hromadeniu vlhkosti na poko\u017eke. To znamen\u00e1, \u017ee sa v\u00e1\u0161 k\u00f4\u0148 nebude poti\u0165 pod dekou \u2013 ani po\u010das dlho trvaj\u00faceho cvi\u010denia. Outlast\u00ae v dek\u00e1ch Winderen Thermoactive zaru\u010duje, \u017ee v\u00e1\u0161mu ko\u0148ovi nebude nikdy pr\u00edli\u0161 teplo ani pr\u00edli\u0161 zima \u2013 teplota bude v\u017edy optim\u00e1lna. Ide o najosved\u010denej\u0161\u00ed vonkaj\u0161\u00ed materi\u00e1l v\u00a0s\u00fa\u010dasnosti, ktor\u00fd je dostupn\u00fd v dek\u00e1ch pre kone.<\/p>\n<p style=\"font-weight: 400;\">Od jesene cez zimu a\u017e do jari \u2013 po\u010das celej sez\u00f3ny pou\u017e\u00edvania diek- bola podrobne testovan\u00e1 tepeln\u00e1 regul\u00e1cia deky pre kone.<\/p>\n<p style=\"font-weight: 400;\">Kone boli rozdelen\u00e9 do dvoch skup\u00edn, za rovnak\u00fdch staj\u0148ov\u00fdch a\u00a0poveternostn\u00fdch podmienok, s\u00a0toto\u017enou dennou aktivitou. Jedin\u00fd rozdiel: jedna skupina pou\u017e\u00edvala Winderen Thermoactive deku pre kone, k\u00fdm druh\u00e1 skupina kvalitn\u00e9 deky zn\u00e1mych v\u00fdrobcov.<\/p>\n<p style=\"font-weight: 400;\">Pod ka\u017ed\u00fa deku bol nain\u0161talovan\u00fd senzor Orscana, vyvinut\u00e9 franc\u00fazskou spolo\u010dnos\u0165ou Arioneo, ktor\u00e9 nepretr\u017eite zaznamen\u00e1vali teplotu 24 hod\u00edn denne.<\/p>\n<p style=\"font-weight: 400;\">V\u00fdsledky pred\u010dily v\u0161etky o\u010dak\u00e1vania!<\/p>\n<p style=\"font-weight: 400;\">Po\u010das 7 mesa\u010dn\u00e9ho testovacieho obdobia (od okt\u00f3bra do apr\u00edla) si kone pou\u017e\u00edvaj\u00face deku Winderen Thermoactive Zoom 100\u2013350 u\u017e\u00edvali nepretr\u017eit\u00fd teplotn\u00fd komfort- v\u00a0rozmedz\u00ed vonkaj\u0161\u00edch tepl\u00f4t medzi \u201315 \u00b0C a +17 \u00b0C, nez\u00e1visle od stup\u0148a ich aktivity.<\/p>\n<p style=\"font-weight: 400;\">Z\u00e1rove\u0148 u\u00a0kon\u00ed, u\u00a0ktor\u00fdch sa pou\u017e\u00edvali klasick\u00e9 deky bola potrebn\u00e1 \u010dast\u00e1 v\u00fdmena diek s\u00a0rozdielnou hr\u00fabkou v\u00fdplne- a\u00a0ani napriek tomu to nezaru\u010dovalo optim\u00e1lne pohodlie.<\/p>\n<p style=\"font-weight: 400;\">V\u00a0dek\u00e1ch pre kone Winderen Thermoactive sa pou\u017e\u00edva izol\u00e1cia Climashield\u00ae, ktor\u00fa vyvinula americk\u00e1 spolo\u010dnos\u0165, \u00a0t\u00e1to izol\u00e1cia je zn\u00e1ma svojou vynikaj\u00facou odolnos\u0165ou vo\u010di kompresii.<\/p>\n<p style=\"font-weight: 400;\">K\u00fdm sa pre klasick\u00e9 deky pre kone \u010dasto pou\u017e\u00edvaj\u00fa sekan\u00e9 syntetick\u00e9 vl\u00e1kna, Climashield\u00ae pou\u017e\u00edva kontinu\u00e1lne vl\u00e1kna, ktor\u00e9 poskytuj\u00fa vynikaj\u00facu odolnos\u0165 a izol\u00e1ciu.<\/p>\n<p style=\"font-weight: 400;\">Climashield\u00ae odol\u00e1va zhut\u0148ovaniu, zachov\u00e1va si svoj objem a tepelnoizola\u010dn\u00e9 vlastnosti aj po stla\u010den\u00ed, a po navlhnut\u00ed r\u00fdchlo schne. A \u010do je najd\u00f4le\u017eitej\u0161ie: nestr\u00e1ca svoje v\u00fdnimo\u010dn\u00e9 vlastnosti ani po opakovanom pran\u00ed, tak\u017ee deka pre kone spo\u013eahlivo funguje po dlh\u00fa dobu.<\/p>\n<p style=\"font-weight: 400;\">1680D Ballistic Nylon p\u00f4vodne vyvinut\u00fd na vojensk\u00e9 \u00fa\u010dely bol vyroben\u00fd tak, aby odol\u00e1val extr\u00e9mnym podmienkam a poskytoval maxim\u00e1lnu odolnos\u0165 proti po\u0161kodeniu. Sl\u00fa\u017ei ako vonkaj\u0161\u00ed materi\u00e1l vo\u00a0 Winderen Thermoactive dek\u00e1ch pre kone, \u00a0kombinuje vynikaj\u00facu odolnos\u0165 vo\u010di roztrhnutiu a\u00a0odieraniu s n\u00edzkou hmotnos\u0165ou a priedu\u0161nos\u0165ou.<\/p>\n<p style=\"font-weight: 400;\">Hust\u00e9 tkanie zvy\u0161uje odolnos\u0165 pri ka\u017edodennom pou\u017e\u00edvan\u00ed v stajni, \u010d\u00edm sa v\u00fdrazne predl\u017euje \u017eivotnos\u0165.<\/p>\n<p style=\"font-weight: 400;\">V s\u00fa\u010dasnosti je to najosved\u010denej\u0161\u00ed vonkaj\u0161\u00ed materi\u00e1l dostupn\u00fd pre deky pre kone.<\/p>\n<p style=\"font-weight: 400;\">Ochrana vo\u010di odieraniu. Vieme, ak\u00fdm \u010dast\u00fdm probl\u00e9mom je odieranie. Preto sme do oblasti ramien a koh\u00fatika vlo\u017eili m\u00e4kk\u00e9 veg\u00e1nske ko\u017eu\u0161iny \u2013 dostato\u010dne hlboko na to, aby poskytovali komplexn\u00fa ochranu citliv\u00fdch oblast\u00ed aj po\u010das pohybu.<\/p>\n<p style=\"font-weight: 400;\">Bezpe\u010dn\u00e9 zap\u00ednanie. V\u00a0zimnej verzii Winderen Thermoactive Zoom 100\u2013350 sa pou\u017e\u00edvaj\u00fa kvalitn\u00e9, odoln\u00e9 a\u00a0bezpe\u010dn\u00e9 spony vojenskej kvality. \u013dahko a\u00a0otv\u00e1raj\u00fa a\u00a0zatv\u00e1raj\u00fa jednou rukou, pri\u010dom mechanizmus zabra\u0148uje tomu, aby si k\u00f4\u0148 uvo\u013enil prsn\u00fd alebo bru\u0161n\u00fd popruh.<\/p>\n<p style=\"font-weight: 400;\">Podpora pohodlia a\u00a0zdrav\u00e9ho imunitn\u00e9ho syst\u00e9mu. Prehriatie, spolu s\u00a0podchladen\u00edm s\u00fa jednou z\u00a0naj\u010dastej\u0161\u00edch pr\u00ed\u010din nepohodlia ko\u0148a. Nielen\u017ee to m\u00f4\u017ee vies\u0165 k poteniu, ale v dlhodobom horizonte to m\u00f4\u017ee tie\u017e oslabi\u0165 imunitn\u00fd syst\u00e9m. V\u00fdber spr\u00e1vnej termoakt\u00edvnej deky Winderen je jednoduch\u00fd sp\u00f4sob, ako zabezpe\u010di\u0165 pohodlie v\u00e1\u0161ho ko\u0148a \u2013 bez rizika negat\u00edvnych d\u00f4sledkov.<\/p>\n<p style=\"font-weight: 400;\">Ch\u00e1peme, ak\u00e9 n\u00e1ro\u010dn\u00e9 m\u00f4\u017ee by\u0165 skladovanie viacer\u00fdch diek pre kone, obzvl\u00e1\u0161\u0165 ak m\u00e1te viac ako jedn\u00e9ho ko\u0148a. Termoakt\u00edvne deky pre kone funguj\u00fa ako tepeln\u00e9 izol\u00e1cie a efekt\u00edvne nahr\u00e1dzaj\u00fa viacero diek s\u00a0rozdielnou hr\u00fabkou v\u00fdplne. Menej stiesnenosti, viac miesta!<\/p>\n<p style=\"font-weight: 400;\">Ekologick\u00e1. Winderen Thermoactive deka pre kone nahr\u00e1dza nieko\u013eko diek s\u00a0r\u00faznymi hr\u00fabkami v\u00fdplne. To zmi\u017euje mno\u017estvo spotrebovan\u00e9ho materi\u00e1lu a\u00a0mno\u017estvo vyprodukovan\u00e9ho odpadu. Navy\u0161e maj\u00fa deky Winderen dlh\u00fa \u017eivotnos\u0165 a\u00a0svoje vynikaj\u00face vlastnosti si uchov\u00e1vaj\u00fa po nieko\u013eko sez\u00f3n \u2013 m\u00f4\u017eete sa rozl\u00fa\u010di\u0165 so sezon\u00e1lnym vymie\u0148an\u00edm diek.<\/p>\n<p style=\"font-weight: 400;\">Silik\u00f3nov\u00fd chvostov\u00fd popruh. Ka\u017ed\u00e1 Thermoactive deka pre kone obsahuje praktick\u00fd chvostov\u00fd popruh so silik\u00f3nov\u00fdm krytom. D\u00e1 sa vymeni\u0165 za nieko\u013eko sek\u00fand, v\u010faka \u010domu sa obla\u0165 chvosta po\u013eahky udr\u017euje v\u00a0\u010distote. Iba ho opl\u00e1chnite pod te\u010d\u00facou vodou, n\u00e1sledne usu\u0161te- r\u00fdchle a\u00a0jednoduch\u00e9.<\/p>\n<p style=\"font-weight: 400;\">O\u0161etrovanie a\u00a0\u00fadr\u017eba. V\u0161etky deky pre kone z l\u00ednie Thermoactive si v\u010faka kvalitnej izol\u00e1cii uchov\u00e1vavj\u00fa svoje vynikaj\u00face vlastnosti aj po opakovan\u00fdch praniach. Preto s\u00fa mimoriadne praktick\u00e9 pre ka\u017edodenn\u00e9 pou\u017eitie \u2013 m\u00f4\u017eu sa bezpe\u010dne pra\u0165 v\u00a0pr\u00e1\u010dke na 30 \u00b0.<\/p>\n<p style=\"font-weight: 400;\">Dopl\u0148te v\u00e1\u0161 set o\u00a0n\u00e1kr\u010dn\u00edk. Na tepeln\u00fa ochranu cel\u00e9ho tela si m\u00f4\u017eete k\u00a0deke Winderen Thermoactive zvoli\u0165 aj vhodn\u00fd n\u00e1kr\u010dn\u00edk. K\u00a0deke Zoom 100\u2013350 si vyberte Thermoactive n\u00e1kr\u010dn\u00edk. K Zoom 50\u2013200 si m\u00f4\u017eete vybra\u0165 Thermo Clear n\u00e1kr\u010dn\u00edk alebo Softshell Thermo Clear n\u00e1kr\u010dn\u00edk.<\/p>\n<p style=\"font-weight: 400;\">V\u010faka jedine\u010dn\u00fdm termoregula\u010dn\u00fdm vlastnostiam sa s dekou pre kone z l\u00ednie Thermoactive nemus\u00edte ob\u00e1va\u0165, \u010di bol v\u00e1\u0161 k\u00f4\u0148 pr\u00e1ve ostrihan\u00fd \u2013 deka sa prisp\u00f4sob\u00ed telesnej teplote v\u00e1\u0161ho ko\u0148a. Sta\u010d\u00ed zoh\u013eadni\u0165 vonkaj\u0161iu teplotu.<\/p>\n<p style=\"font-weight: 400;\">Ka\u017ed\u00e1 Winderen deka pre kone je vyroben\u00e1 s extr\u00e9mne \u0161irokospektr\u00e1lnym syst\u00e9mom nastavenia, tak\u017ee sa hod\u00ed pre kone, ktor\u00e9 s\u00fa a\u017e o 5 cm v\u00e4\u010d\u0161ie alebo men\u0161ie ako nomin\u00e1lna ve\u013ekos\u0165.<\/p>\n<p style=\"font-weight: 400;\"><strong>Zlo\u017eenie<\/strong><\/p>\n<p style=\"font-weight: 400;\">75% polyester<br \/>\n25% bavlna<\/p>\n<ul style=\"font-weight: 400;\">\n<li>ne\u010distite chemicky<\/li>\n<li>nesu\u0161te v su\u0161i\u010dke<\/li>\n<\/ul>\n<p style=\"font-weight: 400;\">N\u00e1vod na pranie:<\/p>\n<ul style=\"font-weight: 400;\">\n<li>mo\u017eno pra\u0165 v\u00a0pr\u00e1\u010dke na 30\u00b0C, bez pou\u017e\u00edvania aviv\u00e1\u017ee, na \u0161etrnom programe, s\u00a0jemn\u00fdm prac\u00edm pr\u00e1\u0161kom<\/li>\n<li>pred pran\u00edm zafixujte popruhy na such\u00fd zips (Velcro)<\/li>\n<li>perte s\u00a0podobn\u00fdmi farbami<\/li>\n<li>neperte spolu s\u00a0tak\u00fdmi v\u00fdrobkami, ktor\u00e9 ju m\u00f4\u017eu po\u0161kodi\u0165<\/li>\n<li>nepou\u017e\u00edvajte bielidlo<\/li>\n<li>\u017eehlite pri n\u00edzkej teplote<\/li>\n<li>ne\u010distite chemicky<\/li>\n<li>nevkladajte do su\u0161i\u010dky<\/li>\n<\/ul>\n","protected":false},"excerpt":{"rendered":"<h3>Prv\u00e1 a jedin\u00e1 staj\u0148ov\u00e1 deka na svete s Outlast\u00ae technol\u00f3giou. Inovat\u00edvna kolekcia diek pre kone, ktor\u00e9 udr\u017eia kon\u0161tantn\u00fa teplotu \u2013 nez\u00e1visle od teploty prostredia.<\/h3>\n<ul style=\"font-weight: 400;\">\n<li>Jedna deka pre kone za v\u0161etk\u00fdch okolnost\u00ed- nie je potrebn\u00e9 neust\u00e1le obmie\u0148anie diek.<\/li>\n<li>Spo\u013eahliv\u00e9 pohodlie aj pri \u010dast\u00fdch a\u00a0v\u00fdrazn\u00fdch teplotn\u00fdch v\u00fdkyvoch.<\/li>\n<li>Svoju v\u00fdkonnos\u0165 si uchov\u00e1 aj pri opakovan\u00fdch praniach.<\/li>\n<li>Vonkaj\u0161ia \u010das\u0165 je z 1680D Ballistic nylonu vojenskej kvality.<\/li>\n<\/ul>\n","protected":false},"featured_media":206996,"template":"","meta":{"_acf_changed":false},"product_cat":[75,99],"product_tag":[467,3386,1591],"acf":[],"yoast_head":"<!-- This site is optimized with the Yoast SEO plugin v21.4 - https:\/\/yoast.com\/wordpress\/plugins\/seo\/ -->\n<title>Winderen Thermoactive Zoom 100-350 staj\u0148ov\u00e1 deka - Spicehorse<\/title>\n<meta name=\"description\" content=\"spicehorse.eu | V\u0161ade na svete sa mnoh\u00ed jazdci pot\u00fdkaj\u00fa s probl\u00e9mom, ako si vybra\u0165 vhodn\u00fa deku pre kone, ktor\u00e1 bude vyhovova\u0165 poveternostn\u00fdm podmienkam.\" \/>\n<meta name=\"robots\" content=\"index, follow, max-snippet:-1, max-image-preview:large, max-video-preview:-1\" \/>\n<link rel=\"canonical\" href=\"https:\/\/arak.spicehorse.eu\/termek\/winderen-thermoactive-zoom-100-350-istallotakaro\/\" \/>\n<meta property=\"og:locale\" content=\"sk_SK\" \/>\n<meta property=\"og:type\" content=\"article\" \/>\n<meta property=\"og:title\" content=\"Winderen Thermoactive Zoom 100-350 staj\u0148ov\u00e1 deka - Spicehorse\" \/>\n<meta property=\"og:description\" content=\"spicehorse.eu | V\u0161ade na svete sa mnoh\u00ed jazdci pot\u00fdkaj\u00fa s probl\u00e9mom, ako si vybra\u0165 vhodn\u00fa deku pre kone, ktor\u00e1 bude vyhovova\u0165 poveternostn\u00fdm podmienkam.\" \/>\n<meta property=\"og:url\" content=\"https:\/\/arak.spicehorse.eu\/termek\/winderen-thermoactive-zoom-100-350-istallotakaro\/\" \/>\n<meta property=\"og:site_name\" content=\"Spicehorse\" \/>\n<meta property=\"article:publisher\" content=\"https:\/\/www.facebook.com\/SPICEHORSE-550385625402457\/\" \/>\n<meta property=\"article:modified_time\" content=\"2025-11-15T20:26:46+00:00\" \/>\n<meta property=\"og:image\" content=\"https:\/\/arak.spicehorse.eu\/wp-content\/uploads\/2025\/10\/5084b.jpg\" \/>\n\t<meta property=\"og:image:width\" content=\"900\" \/>\n\t<meta property=\"og:image:height\" content=\"900\" \/>\n\t<meta property=\"og:image:type\" content=\"image\/jpeg\" \/>\n<meta name=\"twitter:card\" content=\"summary_large_image\" \/>\n<meta name=\"twitter:label1\" content=\"Predpokladan\u00fd \u010das \u010d\u00edtania\" \/>\n\t<meta name=\"twitter:data1\" content=\"8 min\u00fat\" \/>\n<script type=\"application\/ld+json\" class=\"yoast-schema-graph\">{\"@context\":\"https:\/\/schema.org\",\"@graph\":[{\"@type\":\"WebPage\",\"@id\":\"https:\/\/arak.spicehorse.eu\/termek\/winderen-thermoactive-zoom-100-350-istallotakaro\/\",\"url\":\"https:\/\/arak.spicehorse.eu\/termek\/winderen-thermoactive-zoom-100-350-istallotakaro\/\",\"name\":\"Winderen Thermoactive Zoom 100-350 staj\u0148ov\u00e1 deka - Spicehorse\",\"isPartOf\":{\"@id\":\"https:\/\/arak.spicehorse.eu\/en\/#website\"},\"datePublished\":\"2025-11-15T20:17:38+00:00\",\"dateModified\":\"2025-11-15T20:26:46+00:00\",\"description\":\"spicehorse.eu | V\u0161ade na svete sa mnoh\u00ed jazdci pot\u00fdkaj\u00fa s probl\u00e9mom, ako si vybra\u0165 vhodn\u00fa deku pre kone, ktor\u00e1 bude vyhovova\u0165 poveternostn\u00fdm podmienkam.\",\"breadcrumb\":{\"@id\":\"https:\/\/arak.spicehorse.eu\/termek\/winderen-thermoactive-zoom-100-350-istallotakaro\/#breadcrumb\"},\"inLanguage\":\"sk-SK\",\"potentialAction\":[{\"@type\":\"ReadAction\",\"target\":[\"https:\/\/arak.spicehorse.eu\/termek\/winderen-thermoactive-zoom-100-350-istallotakaro\/\"]}]},{\"@type\":\"BreadcrumbList\",\"@id\":\"https:\/\/arak.spicehorse.eu\/termek\/winderen-thermoactive-zoom-100-350-istallotakaro\/#breadcrumb\",\"itemListElement\":[{\"@type\":\"ListItem\",\"position\":1,\"name\":\"Home\",\"item\":\"https:\/\/arak.spicehorse.eu\/sk\/\"},{\"@type\":\"ListItem\",\"position\":2,\"name\":\"Predaj\u0148a\",\"item\":\"https:\/\/arak.spicehorse.eu\/sk\/predajna\/\"},{\"@type\":\"ListItem\",\"position\":3,\"name\":\"Winderen Thermoactive Zoom 100-350 staj\u0148ov\u00e1 deka\"}]},{\"@type\":\"WebSite\",\"@id\":\"https:\/\/arak.spicehorse.eu\/en\/#website\",\"url\":\"https:\/\/arak.spicehorse.eu\/en\/\",\"name\":\"Spicehorse\",\"description\":\"UNDER DEVELOPMENT -\",\"potentialAction\":[{\"@type\":\"SearchAction\",\"target\":{\"@type\":\"EntryPoint\",\"urlTemplate\":\"https:\/\/arak.spicehorse.eu\/en\/?s={search_term_string}\"},\"query-input\":\"required name=search_term_string\"}],\"inLanguage\":\"sk-SK\"}]}<\/script>\n<!-- \/ Yoast SEO plugin. -->","yoast_head_json":{"title":"Winderen Thermoactive Zoom 100-350 staj\u0148ov\u00e1 deka - Spicehorse","description":"spicehorse.eu | V\u0161ade na svete sa mnoh\u00ed jazdci pot\u00fdkaj\u00fa s probl\u00e9mom, ako si vybra\u0165 vhodn\u00fa deku pre kone, ktor\u00e1 bude vyhovova\u0165 poveternostn\u00fdm podmienkam.","robots":{"index":"index","follow":"follow","max-snippet":"max-snippet:-1","max-image-preview":"max-image-preview:large","max-video-preview":"max-video-preview:-1"},"canonical":"https:\/\/arak.spicehorse.eu\/termek\/winderen-thermoactive-zoom-100-350-istallotakaro\/","og_locale":"sk_SK","og_type":"article","og_title":"Winderen Thermoactive Zoom 100-350 staj\u0148ov\u00e1 deka - Spicehorse","og_description":"spicehorse.eu | V\u0161ade na svete sa mnoh\u00ed jazdci pot\u00fdkaj\u00fa s probl\u00e9mom, ako si vybra\u0165 vhodn\u00fa deku pre kone, ktor\u00e1 bude vyhovova\u0165 poveternostn\u00fdm podmienkam.","og_url":"https:\/\/arak.spicehorse.eu\/termek\/winderen-thermoactive-zoom-100-350-istallotakaro\/","og_site_name":"Spicehorse","article_publisher":"https:\/\/www.facebook.com\/SPICEHORSE-550385625402457\/","article_modified_time":"2025-11-15T20:26:46+00:00","og_image":[{"width":900,"height":900,"url":"https:\/\/arak.spicehorse.eu\/wp-content\/uploads\/2025\/10\/5084b.jpg","type":"image\/jpeg"}],"twitter_card":"summary_large_image","twitter_misc":{"Predpokladan\u00fd \u010das \u010d\u00edtania":"8 min\u00fat"},"schema":{"@context":"https:\/\/schema.org","@graph":[{"@type":"WebPage","@id":"https:\/\/arak.spicehorse.eu\/termek\/winderen-thermoactive-zoom-100-350-istallotakaro\/","url":"https:\/\/arak.spicehorse.eu\/termek\/winderen-thermoactive-zoom-100-350-istallotakaro\/","name":"Winderen Thermoactive Zoom 100-350 staj\u0148ov\u00e1 deka - Spicehorse","isPartOf":{"@id":"https:\/\/arak.spicehorse.eu\/en\/#website"},"datePublished":"2025-11-15T20:17:38+00:00","dateModified":"2025-11-15T20:26:46+00:00","description":"spicehorse.eu | V\u0161ade na svete sa mnoh\u00ed jazdci pot\u00fdkaj\u00fa s probl\u00e9mom, ako si vybra\u0165 vhodn\u00fa deku pre kone, ktor\u00e1 bude vyhovova\u0165 poveternostn\u00fdm podmienkam.","breadcrumb":{"@id":"https:\/\/arak.spicehorse.eu\/termek\/winderen-thermoactive-zoom-100-350-istallotakaro\/#breadcrumb"},"inLanguage":"sk-SK","potentialAction":[{"@type":"ReadAction","target":["https:\/\/arak.spicehorse.eu\/termek\/winderen-thermoactive-zoom-100-350-istallotakaro\/"]}]},{"@type":"BreadcrumbList","@id":"https:\/\/arak.spicehorse.eu\/termek\/winderen-thermoactive-zoom-100-350-istallotakaro\/#breadcrumb","itemListElement":[{"@type":"ListItem","position":1,"name":"Home","item":"https:\/\/arak.spicehorse.eu\/sk\/"},{"@type":"ListItem","position":2,"name":"Predaj\u0148a","item":"https:\/\/arak.spicehorse.eu\/sk\/predajna\/"},{"@type":"ListItem","position":3,"name":"Winderen Thermoactive Zoom 100-350 staj\u0148ov\u00e1 deka"}]},{"@type":"WebSite","@id":"https:\/\/arak.spicehorse.eu\/en\/#website","url":"https:\/\/arak.spicehorse.eu\/en\/","name":"Spicehorse","description":"UNDER DEVELOPMENT -","potentialAction":[{"@type":"SearchAction","target":{"@type":"EntryPoint","urlTemplate":"https:\/\/arak.spicehorse.eu\/en\/?s={search_term_string}"},"query-input":"required name=search_term_string"}],"inLanguage":"sk-SK"}]}},"_links":{"self":[{"href":"https:\/\/arak.spicehorse.eu\/sk\/wp-json\/wp\/v2\/product\/208210"}],"collection":[{"href":"https:\/\/arak.spicehorse.eu\/sk\/wp-json\/wp\/v2\/product"}],"about":[{"href":"https:\/\/arak.spicehorse.eu\/sk\/wp-json\/wp\/v2\/types\/product"}],"wp:featuredmedia":[{"embeddable":true,"href":"https:\/\/arak.spicehorse.eu\/sk\/wp-json\/wp\/v2\/media\/206996"}],"wp:attachment":[{"href":"https:\/\/arak.spicehorse.eu\/sk\/wp-json\/wp\/v2\/media?parent=208210"}],"wp:term":[{"taxonomy":"product_cat","embeddable":true,"href":"https:\/\/arak.spicehorse.eu\/sk\/wp-json\/wp\/v2\/product_cat?post=208210"},{"taxonomy":"product_tag","embeddable":true,"href":"https:\/\/arak.spicehorse.eu\/sk\/wp-json\/wp\/v2\/product_tag?post=208210"}],"curies":[{"name":"wp","href":"https:\/\/api.w.org\/{rel}","templated":true}]}}