{"id":208434,"date":"2025-11-26T21:17:49","date_gmt":"2025-11-26T20:17:51","guid":{"rendered":"https:\/\/arak.spicehorse.eu\/?post_type=product&#038;p=208434"},"modified":"2025-12-09T11:56:29","modified_gmt":"2025-12-09T10:56:29","slug":"gumbits-zuvacka-pre-kone-340g","status":"publish","type":"product","link":"https:\/\/arak.spicehorse.eu\/sk\/produkt\/gumbits-zuvacka-pre-kone-340g\/","title":{"rendered":"GumBits \u017euva\u010dka pre kone 340g"},"content":{"rendered":"<p style=\"font-weight: 400;\">GumBits pr\u00edrodn\u00e9 guli\u010dky na \u017euvanie, ktor\u00e9 boli vyvinut\u00e9 v\u00fdslovne na to, aby zabr\u00e1nili ko\u0148om \u0161kr\u00edpa\u0165 zubami. Stimuluj\u00fa tvorbu sl\u00edn a podporuj\u00fa \u017euvanie, \u010do zni\u017euje nap\u00e4tie s\u00e1nky a \u00fast ko\u0148a. \u00a0Pri \u017euvan\u00ed sa GumBits premenia na g\u00e9lov\u00fa l\u00e1tku, ktor\u00e1 chr\u00e1ni zuby pred opotreben\u00edm. Ide\u00e1lne je pod\u00e1va\u0165 ich pred osedlan\u00edm \u2013 \u00fa\u010dinok trv\u00e1 cca 45 min\u00fat, s\u00fa dokonal\u00e9 pred tr\u00e9ningom alebo pri zahrievan\u00ed. GumBits s\u00fa vyroben\u00e9 z \u00faplne pr\u00edrodn\u00fdch l\u00e1tok, bez dopingu, s obsahom v\u010delieho a rastlinn\u00e9ho vosku. Pre dosiahnutie maxim\u00e1lneho v\u00fdsledku kombinujte tieto \u017euva\u010dky s balzamom na \u00fasta, aby sa \u00fasta ko\u0148a uvo\u013enili zvn\u00fatra aj zvonka.<\/p>\n","protected":false},"excerpt":{"rendered":"<ul style=\"font-weight: 400;\">\n<li>Stimuluje tvorbu sl\u00edn<\/li>\n<li>Zabra\u0148uje \u0161kr\u00edpaniu zubami<\/li>\n<li>Podporuje \u017euvanie<\/li>\n<li>Zlep\u0161uje kontakt s \u00fastami ko\u0148a<\/li>\n<li>\u010cist\u00fd pr\u00edrodn\u00fd v\u00fdrobok \u2013 bez dopingu<\/li>\n<li>Obsahuje v\u010del\u00ed a rastlinn\u00fd vosk<\/li>\n<\/ul>\n","protected":false},"featured_media":208437,"template":"","meta":{"_acf_changed":false},"product_cat":[3178,75,674],"product_tag":[3411,694],"acf":[],"yoast_head":"<!-- This site is optimized with the Yoast SEO plugin v21.4 - https:\/\/yoast.com\/wordpress\/plugins\/seo\/ -->\n<title>GumBits \u017euva\u010dka pre kone 340g - Spicehorse<\/title>\n<meta name=\"description\" content=\"spicehorse.eu | GumBits pr\u00edrodn\u00e9 guli\u010dky na \u017euvanie, ktor\u00e9 boli vyvinut\u00e9 v\u00fdslovne na to, aby zabr\u00e1nili ko\u0148om \u0161kr\u00edpa\u0165 zubami.\" \/>\n<meta name=\"robots\" content=\"index, follow, max-snippet:-1, max-image-preview:large, max-video-preview:-1\" \/>\n<link rel=\"canonical\" href=\"https:\/\/arak.spicehorse.eu\/termek\/gumbits-ragogumi-lovaknak-340g\/\" \/>\n<meta property=\"og:locale\" content=\"sk_SK\" \/>\n<meta property=\"og:type\" content=\"article\" \/>\n<meta property=\"og:title\" content=\"GumBits \u017euva\u010dka pre kone 340g - Spicehorse\" \/>\n<meta property=\"og:description\" content=\"spicehorse.eu | GumBits pr\u00edrodn\u00e9 guli\u010dky na \u017euvanie, ktor\u00e9 boli vyvinut\u00e9 v\u00fdslovne na to, aby zabr\u00e1nili ko\u0148om \u0161kr\u00edpa\u0165 zubami.\" \/>\n<meta property=\"og:url\" content=\"https:\/\/arak.spicehorse.eu\/termek\/gumbits-ragogumi-lovaknak-340g\/\" \/>\n<meta property=\"og:site_name\" content=\"Spicehorse\" \/>\n<meta property=\"article:publisher\" content=\"https:\/\/www.facebook.com\/SPICEHORSE-550385625402457\/\" \/>\n<meta property=\"article:modified_time\" content=\"2025-12-09T10:56:29+00:00\" \/>\n<meta property=\"og:image\" content=\"https:\/\/arak.spicehorse.eu\/wp-content\/uploads\/2025\/11\/11747000-1920x1920jpg.webp\" \/>\n\t<meta property=\"og:image:width\" content=\"600\" \/>\n\t<meta property=\"og:image:height\" content=\"600\" \/>\n\t<meta property=\"og:image:type\" content=\"image\/webp\" \/>\n<meta name=\"twitter:card\" content=\"summary_large_image\" \/>\n<meta name=\"twitter:label1\" content=\"Predpokladan\u00fd \u010das \u010d\u00edtania\" \/>\n\t<meta name=\"twitter:data1\" content=\"1 min\u00fata\" \/>\n<script type=\"application\/ld+json\" class=\"yoast-schema-graph\">{\"@context\":\"https:\/\/schema.org\",\"@graph\":[{\"@type\":\"WebPage\",\"@id\":\"https:\/\/arak.spicehorse.eu\/termek\/gumbits-ragogumi-lovaknak-340g\/\",\"url\":\"https:\/\/arak.spicehorse.eu\/termek\/gumbits-ragogumi-lovaknak-340g\/\",\"name\":\"GumBits \u017euva\u010dka pre kone 340g - Spicehorse\",\"isPartOf\":{\"@id\":\"https:\/\/arak.spicehorse.eu\/en\/#website\"},\"datePublished\":\"2025-11-26T20:17:51+00:00\",\"dateModified\":\"2025-12-09T10:56:29+00:00\",\"description\":\"spicehorse.eu | GumBits pr\u00edrodn\u00e9 guli\u010dky na \u017euvanie, ktor\u00e9 boli vyvinut\u00e9 v\u00fdslovne na to, aby zabr\u00e1nili ko\u0148om \u0161kr\u00edpa\u0165 zubami.\",\"breadcrumb\":{\"@id\":\"https:\/\/arak.spicehorse.eu\/termek\/gumbits-ragogumi-lovaknak-340g\/#breadcrumb\"},\"inLanguage\":\"sk-SK\",\"potentialAction\":[{\"@type\":\"ReadAction\",\"target\":[\"https:\/\/arak.spicehorse.eu\/termek\/gumbits-ragogumi-lovaknak-340g\/\"]}]},{\"@type\":\"BreadcrumbList\",\"@id\":\"https:\/\/arak.spicehorse.eu\/termek\/gumbits-ragogumi-lovaknak-340g\/#breadcrumb\",\"itemListElement\":[{\"@type\":\"ListItem\",\"position\":1,\"name\":\"Home\",\"item\":\"https:\/\/arak.spicehorse.eu\/sk\/\"},{\"@type\":\"ListItem\",\"position\":2,\"name\":\"Predaj\u0148a\",\"item\":\"https:\/\/arak.spicehorse.eu\/sk\/predajna\/\"},{\"@type\":\"ListItem\",\"position\":3,\"name\":\"GumBits \u017euva\u010dka pre kone 340g\"}]},{\"@type\":\"WebSite\",\"@id\":\"https:\/\/arak.spicehorse.eu\/en\/#website\",\"url\":\"https:\/\/arak.spicehorse.eu\/en\/\",\"name\":\"Spicehorse\",\"description\":\"UNDER DEVELOPMENT -\",\"potentialAction\":[{\"@type\":\"SearchAction\",\"target\":{\"@type\":\"EntryPoint\",\"urlTemplate\":\"https:\/\/arak.spicehorse.eu\/en\/?s={search_term_string}\"},\"query-input\":\"required name=search_term_string\"}],\"inLanguage\":\"sk-SK\"}]}<\/script>\n<!-- \/ Yoast SEO plugin. -->","yoast_head_json":{"title":"GumBits \u017euva\u010dka pre kone 340g - Spicehorse","description":"spicehorse.eu | GumBits pr\u00edrodn\u00e9 guli\u010dky na \u017euvanie, ktor\u00e9 boli vyvinut\u00e9 v\u00fdslovne na to, aby zabr\u00e1nili ko\u0148om \u0161kr\u00edpa\u0165 zubami.","robots":{"index":"index","follow":"follow","max-snippet":"max-snippet:-1","max-image-preview":"max-image-preview:large","max-video-preview":"max-video-preview:-1"},"canonical":"https:\/\/arak.spicehorse.eu\/termek\/gumbits-ragogumi-lovaknak-340g\/","og_locale":"sk_SK","og_type":"article","og_title":"GumBits \u017euva\u010dka pre kone 340g - Spicehorse","og_description":"spicehorse.eu | GumBits pr\u00edrodn\u00e9 guli\u010dky na \u017euvanie, ktor\u00e9 boli vyvinut\u00e9 v\u00fdslovne na to, aby zabr\u00e1nili ko\u0148om \u0161kr\u00edpa\u0165 zubami.","og_url":"https:\/\/arak.spicehorse.eu\/termek\/gumbits-ragogumi-lovaknak-340g\/","og_site_name":"Spicehorse","article_publisher":"https:\/\/www.facebook.com\/SPICEHORSE-550385625402457\/","article_modified_time":"2025-12-09T10:56:29+00:00","og_image":[{"width":600,"height":600,"url":"https:\/\/arak.spicehorse.eu\/wp-content\/uploads\/2025\/11\/11747000-1920x1920jpg.webp","type":"image\/webp"}],"twitter_card":"summary_large_image","twitter_misc":{"Predpokladan\u00fd \u010das \u010d\u00edtania":"1 min\u00fata"},"schema":{"@context":"https:\/\/schema.org","@graph":[{"@type":"WebPage","@id":"https:\/\/arak.spicehorse.eu\/termek\/gumbits-ragogumi-lovaknak-340g\/","url":"https:\/\/arak.spicehorse.eu\/termek\/gumbits-ragogumi-lovaknak-340g\/","name":"GumBits \u017euva\u010dka pre kone 340g - Spicehorse","isPartOf":{"@id":"https:\/\/arak.spicehorse.eu\/en\/#website"},"datePublished":"2025-11-26T20:17:51+00:00","dateModified":"2025-12-09T10:56:29+00:00","description":"spicehorse.eu | GumBits pr\u00edrodn\u00e9 guli\u010dky na \u017euvanie, ktor\u00e9 boli vyvinut\u00e9 v\u00fdslovne na to, aby zabr\u00e1nili ko\u0148om \u0161kr\u00edpa\u0165 zubami.","breadcrumb":{"@id":"https:\/\/arak.spicehorse.eu\/termek\/gumbits-ragogumi-lovaknak-340g\/#breadcrumb"},"inLanguage":"sk-SK","potentialAction":[{"@type":"ReadAction","target":["https:\/\/arak.spicehorse.eu\/termek\/gumbits-ragogumi-lovaknak-340g\/"]}]},{"@type":"BreadcrumbList","@id":"https:\/\/arak.spicehorse.eu\/termek\/gumbits-ragogumi-lovaknak-340g\/#breadcrumb","itemListElement":[{"@type":"ListItem","position":1,"name":"Home","item":"https:\/\/arak.spicehorse.eu\/sk\/"},{"@type":"ListItem","position":2,"name":"Predaj\u0148a","item":"https:\/\/arak.spicehorse.eu\/sk\/predajna\/"},{"@type":"ListItem","position":3,"name":"GumBits \u017euva\u010dka pre kone 340g"}]},{"@type":"WebSite","@id":"https:\/\/arak.spicehorse.eu\/en\/#website","url":"https:\/\/arak.spicehorse.eu\/en\/","name":"Spicehorse","description":"UNDER DEVELOPMENT -","potentialAction":[{"@type":"SearchAction","target":{"@type":"EntryPoint","urlTemplate":"https:\/\/arak.spicehorse.eu\/en\/?s={search_term_string}"},"query-input":"required name=search_term_string"}],"inLanguage":"sk-SK"}]}},"_links":{"self":[{"href":"https:\/\/arak.spicehorse.eu\/sk\/wp-json\/wp\/v2\/product\/208434"}],"collection":[{"href":"https:\/\/arak.spicehorse.eu\/sk\/wp-json\/wp\/v2\/product"}],"about":[{"href":"https:\/\/arak.spicehorse.eu\/sk\/wp-json\/wp\/v2\/types\/product"}],"wp:featuredmedia":[{"embeddable":true,"href":"https:\/\/arak.spicehorse.eu\/sk\/wp-json\/wp\/v2\/media\/208437"}],"wp:attachment":[{"href":"https:\/\/arak.spicehorse.eu\/sk\/wp-json\/wp\/v2\/media?parent=208434"}],"wp:term":[{"taxonomy":"product_cat","embeddable":true,"href":"https:\/\/arak.spicehorse.eu\/sk\/wp-json\/wp\/v2\/product_cat?post=208434"},{"taxonomy":"product_tag","embeddable":true,"href":"https:\/\/arak.spicehorse.eu\/sk\/wp-json\/wp\/v2\/product_tag?post=208434"}],"curies":[{"name":"wp","href":"https:\/\/api.w.org\/{rel}","templated":true}]}}