{"id":208507,"date":"2025-11-29T18:39:50","date_gmt":"2025-11-29T17:39:51","guid":{"rendered":"https:\/\/arak.spicehorse.eu\/?post_type=product&#038;p=208507"},"modified":"2025-11-29T19:20:21","modified_gmt":"2025-11-29T18:20:21","slug":"candy-horse-sisky-christmas-2-ks-2","status":"publish","type":"product","link":"https:\/\/arak.spicehorse.eu\/sk\/produkt\/candy-horse-sisky-christmas-2-ks-2\/","title":{"rendered":"Candy Horse \u0161i\u0161ky CHRISTMAS 2 ks"},"content":{"rendered":"<div>\n<p><span lang=\"SK\">Candy Horse \u0161i\u0161ky s\u00a0cukrovou polevou, ru\u010dne zdoben\u00e9. Ve\u013emi zriedkav\u00e1, nev\u0161edn\u00e1 a\u00a0limitovan\u00e1 kolekcia!<\/span><\/p>\n<\/div>\n<div>\n<p><span lang=\"SK\">Jedno balenie obsahuje 2 ks \u0161i\u0161iek.<\/span><\/p>\n<\/div>\n<div>\n<p><span lang=\"SK\">Zlo\u017eenie: celozrnn\u00e1 p\u0161eni\u010dn\u00e1 m\u00faka, celozrnn\u00e1 kukuri\u010dn\u00e1 m\u00faka, ovsen\u00e1 m\u00faka, \u013eanov\u00fd olej, voda, cukrov\u00e1 poleva, potravin\u00e1rska farba. <\/span><\/p>\n<\/div>\n","protected":false},"excerpt":{"rendered":"<p>Candy Horse \u0161i\u0161ky s\u00a0cukrovou polevou, ru\u010dne zdoben\u00e9. Ve\u013emi zriedkav\u00e1, nev\u0161edn\u00e1 a\u00a0limitovan\u00e1 kolekcia! Jedno balenie obsahuje 2 ks \u0161i\u0161iek. Zlo\u017eenie: celozrnn\u00e1 p\u0161eni\u010dn\u00e1 m\u00faka, celozrnn\u00e1 kukuri\u010dn\u00e1 m\u00faka, ovsen\u00e1 m\u00faka, \u013eanov\u00fd olej, voda, cukrov\u00e1 poleva, potravin\u00e1rska farba.<\/p>\n","protected":false},"featured_media":208510,"template":"","meta":{"_acf_changed":false},"product_cat":[3178,75,100,120],"product_tag":[2903,1441],"acf":[],"yoast_head":"<!-- This site is optimized with the Yoast SEO plugin v21.4 - https:\/\/yoast.com\/wordpress\/plugins\/seo\/ -->\n<title>Candy Horse \u0161i\u0161ky CHRISTMAS 2 ks - Spicehorse<\/title>\n<meta name=\"description\" content=\"spicehorse.eu | Candy Horse \u0161i\u0161ky s\u00a0cukrovou polevou, ru\u010dne zdoben\u00e9. Ve\u013emi zriedkav\u00e1, nev\u0161edn\u00e1 a\u00a0limitovan\u00e1 kolekcia!\" \/>\n<meta name=\"robots\" content=\"index, follow, max-snippet:-1, max-image-preview:large, max-video-preview:-1\" \/>\n<link rel=\"canonical\" href=\"https:\/\/arak.spicehorse.eu\/sk\/produkt\/candy-horse-sisky-christmas-2-ks-2\/\" \/>\n<meta property=\"og:locale\" content=\"sk_SK\" \/>\n<meta property=\"og:type\" content=\"article\" \/>\n<meta property=\"og:title\" content=\"Candy Horse \u0161i\u0161ky CHRISTMAS 2 ks - Spicehorse\" \/>\n<meta property=\"og:description\" content=\"spicehorse.eu | Candy Horse \u0161i\u0161ky s\u00a0cukrovou polevou, ru\u010dne zdoben\u00e9. Ve\u013emi zriedkav\u00e1, nev\u0161edn\u00e1 a\u00a0limitovan\u00e1 kolekcia!\" \/>\n<meta property=\"og:url\" content=\"https:\/\/arak.spicehorse.eu\/sk\/produkt\/candy-horse-sisky-christmas-2-ks-2\/\" \/>\n<meta property=\"og:site_name\" content=\"Spicehorse\" \/>\n<meta property=\"article:publisher\" content=\"https:\/\/www.facebook.com\/SPICEHORSE-550385625402457\/\" \/>\n<meta property=\"article:modified_time\" content=\"2025-11-29T18:20:21+00:00\" \/>\n<meta property=\"og:image\" content=\"https:\/\/arak.spicehorse.eu\/wp-content\/uploads\/2025\/11\/donuts2-1024x1024.png\" \/>\n\t<meta property=\"og:image:width\" content=\"1024\" \/>\n\t<meta property=\"og:image:height\" content=\"1024\" \/>\n\t<meta property=\"og:image:type\" content=\"image\/png\" \/>\n<meta name=\"twitter:card\" content=\"summary_large_image\" \/>\n<script type=\"application\/ld+json\" class=\"yoast-schema-graph\">{\"@context\":\"https:\/\/schema.org\",\"@graph\":[{\"@type\":\"WebPage\",\"@id\":\"https:\/\/arak.spicehorse.eu\/sk\/produkt\/candy-horse-sisky-christmas-2-ks-2\/\",\"url\":\"https:\/\/arak.spicehorse.eu\/sk\/produkt\/candy-horse-sisky-christmas-2-ks-2\/\",\"name\":\"Candy Horse \u0161i\u0161ky CHRISTMAS 2 ks - Spicehorse\",\"isPartOf\":{\"@id\":\"https:\/\/arak.spicehorse.eu\/en\/#website\"},\"datePublished\":\"2025-11-29T17:39:51+00:00\",\"dateModified\":\"2025-11-29T18:20:21+00:00\",\"description\":\"spicehorse.eu | Candy Horse \u0161i\u0161ky s\u00a0cukrovou polevou, ru\u010dne zdoben\u00e9. Ve\u013emi zriedkav\u00e1, nev\u0161edn\u00e1 a\u00a0limitovan\u00e1 kolekcia!\",\"breadcrumb\":{\"@id\":\"https:\/\/arak.spicehorse.eu\/sk\/produkt\/candy-horse-sisky-christmas-2-ks-2\/#breadcrumb\"},\"inLanguage\":\"sk-SK\",\"potentialAction\":[{\"@type\":\"ReadAction\",\"target\":[\"https:\/\/arak.spicehorse.eu\/sk\/produkt\/candy-horse-sisky-christmas-2-ks-2\/\"]}]},{\"@type\":\"BreadcrumbList\",\"@id\":\"https:\/\/arak.spicehorse.eu\/sk\/produkt\/candy-horse-sisky-christmas-2-ks-2\/#breadcrumb\",\"itemListElement\":[{\"@type\":\"ListItem\",\"position\":1,\"name\":\"Home\",\"item\":\"https:\/\/arak.spicehorse.eu\/sk\/\"},{\"@type\":\"ListItem\",\"position\":2,\"name\":\"Predaj\u0148a\",\"item\":\"https:\/\/arak.spicehorse.eu\/sk\/predajna\/\"},{\"@type\":\"ListItem\",\"position\":3,\"name\":\"Candy Horse \u0161i\u0161ky CHRISTMAS 2 ks\"}]},{\"@type\":\"WebSite\",\"@id\":\"https:\/\/arak.spicehorse.eu\/en\/#website\",\"url\":\"https:\/\/arak.spicehorse.eu\/en\/\",\"name\":\"Spicehorse\",\"description\":\"UNDER DEVELOPMENT -\",\"potentialAction\":[{\"@type\":\"SearchAction\",\"target\":{\"@type\":\"EntryPoint\",\"urlTemplate\":\"https:\/\/arak.spicehorse.eu\/en\/?s={search_term_string}\"},\"query-input\":\"required name=search_term_string\"}],\"inLanguage\":\"sk-SK\"}]}<\/script>\n<!-- \/ Yoast SEO plugin. -->","yoast_head_json":{"title":"Candy Horse \u0161i\u0161ky CHRISTMAS 2 ks - Spicehorse","description":"spicehorse.eu | Candy Horse \u0161i\u0161ky s\u00a0cukrovou polevou, ru\u010dne zdoben\u00e9. Ve\u013emi zriedkav\u00e1, nev\u0161edn\u00e1 a\u00a0limitovan\u00e1 kolekcia!","robots":{"index":"index","follow":"follow","max-snippet":"max-snippet:-1","max-image-preview":"max-image-preview:large","max-video-preview":"max-video-preview:-1"},"canonical":"https:\/\/arak.spicehorse.eu\/sk\/produkt\/candy-horse-sisky-christmas-2-ks-2\/","og_locale":"sk_SK","og_type":"article","og_title":"Candy Horse \u0161i\u0161ky CHRISTMAS 2 ks - Spicehorse","og_description":"spicehorse.eu | Candy Horse \u0161i\u0161ky s\u00a0cukrovou polevou, ru\u010dne zdoben\u00e9. Ve\u013emi zriedkav\u00e1, nev\u0161edn\u00e1 a\u00a0limitovan\u00e1 kolekcia!","og_url":"https:\/\/arak.spicehorse.eu\/sk\/produkt\/candy-horse-sisky-christmas-2-ks-2\/","og_site_name":"Spicehorse","article_publisher":"https:\/\/www.facebook.com\/SPICEHORSE-550385625402457\/","article_modified_time":"2025-11-29T18:20:21+00:00","og_image":[{"width":1024,"height":1024,"url":"https:\/\/arak.spicehorse.eu\/wp-content\/uploads\/2025\/11\/donuts2-1024x1024.png","type":"image\/png"}],"twitter_card":"summary_large_image","schema":{"@context":"https:\/\/schema.org","@graph":[{"@type":"WebPage","@id":"https:\/\/arak.spicehorse.eu\/sk\/produkt\/candy-horse-sisky-christmas-2-ks-2\/","url":"https:\/\/arak.spicehorse.eu\/sk\/produkt\/candy-horse-sisky-christmas-2-ks-2\/","name":"Candy Horse \u0161i\u0161ky CHRISTMAS 2 ks - Spicehorse","isPartOf":{"@id":"https:\/\/arak.spicehorse.eu\/en\/#website"},"datePublished":"2025-11-29T17:39:51+00:00","dateModified":"2025-11-29T18:20:21+00:00","description":"spicehorse.eu | Candy Horse \u0161i\u0161ky s\u00a0cukrovou polevou, ru\u010dne zdoben\u00e9. Ve\u013emi zriedkav\u00e1, nev\u0161edn\u00e1 a\u00a0limitovan\u00e1 kolekcia!","breadcrumb":{"@id":"https:\/\/arak.spicehorse.eu\/sk\/produkt\/candy-horse-sisky-christmas-2-ks-2\/#breadcrumb"},"inLanguage":"sk-SK","potentialAction":[{"@type":"ReadAction","target":["https:\/\/arak.spicehorse.eu\/sk\/produkt\/candy-horse-sisky-christmas-2-ks-2\/"]}]},{"@type":"BreadcrumbList","@id":"https:\/\/arak.spicehorse.eu\/sk\/produkt\/candy-horse-sisky-christmas-2-ks-2\/#breadcrumb","itemListElement":[{"@type":"ListItem","position":1,"name":"Home","item":"https:\/\/arak.spicehorse.eu\/sk\/"},{"@type":"ListItem","position":2,"name":"Predaj\u0148a","item":"https:\/\/arak.spicehorse.eu\/sk\/predajna\/"},{"@type":"ListItem","position":3,"name":"Candy Horse \u0161i\u0161ky CHRISTMAS 2 ks"}]},{"@type":"WebSite","@id":"https:\/\/arak.spicehorse.eu\/en\/#website","url":"https:\/\/arak.spicehorse.eu\/en\/","name":"Spicehorse","description":"UNDER DEVELOPMENT -","potentialAction":[{"@type":"SearchAction","target":{"@type":"EntryPoint","urlTemplate":"https:\/\/arak.spicehorse.eu\/en\/?s={search_term_string}"},"query-input":"required name=search_term_string"}],"inLanguage":"sk-SK"}]}},"_links":{"self":[{"href":"https:\/\/arak.spicehorse.eu\/sk\/wp-json\/wp\/v2\/product\/208507"}],"collection":[{"href":"https:\/\/arak.spicehorse.eu\/sk\/wp-json\/wp\/v2\/product"}],"about":[{"href":"https:\/\/arak.spicehorse.eu\/sk\/wp-json\/wp\/v2\/types\/product"}],"wp:featuredmedia":[{"embeddable":true,"href":"https:\/\/arak.spicehorse.eu\/sk\/wp-json\/wp\/v2\/media\/208510"}],"wp:attachment":[{"href":"https:\/\/arak.spicehorse.eu\/sk\/wp-json\/wp\/v2\/media?parent=208507"}],"wp:term":[{"taxonomy":"product_cat","embeddable":true,"href":"https:\/\/arak.spicehorse.eu\/sk\/wp-json\/wp\/v2\/product_cat?post=208507"},{"taxonomy":"product_tag","embeddable":true,"href":"https:\/\/arak.spicehorse.eu\/sk\/wp-json\/wp\/v2\/product_tag?post=208507"}],"curies":[{"name":"wp","href":"https:\/\/api.w.org\/{rel}","templated":true}]}}