{"id":208712,"date":"2025-12-04T13:10:56","date_gmt":"2025-12-04T12:10:57","guid":{"rendered":"https:\/\/arak.spicehorse.eu\/?post_type=product&#038;p=208712"},"modified":"2025-12-09T12:00:21","modified_gmt":"2025-12-09T11:00:21","slug":"lemieux-disney-hobby-horse-suprava-ohlavky-pre-bulika","status":"publish","type":"product","link":"https:\/\/arak.spicehorse.eu\/sk\/produkt\/lemieux-disney-hobby-horse-suprava-ohlavky-pre-bulika\/","title":{"rendered":"LeMieux Disney Hobby Horse s\u00faprava ohl\u00e1vky pre Bul\u00edka"},"content":{"rendered":"<p style=\"font-weight: 400;\">LeMieux Disney Hobby Horse Bullseye s\u00faprava ohl\u00e1vky pre Bul\u00edka bola in\u0161pirovan\u00e1 spolo\u010dn\u00fdm dobrodru\u017estvom s\u00a0gangom Woodyho z\u00a0Toy Story. Tento set autentick\u00fdch doplnkov priprav\u00ed hobby pon\u00edka Bul\u00edk na westernov\u00e9 dobrodru\u017estv\u00e1.<\/p>\n<p style=\"font-weight: 400;\">Mas\u00edvna a\u00a0\u0161t\u00fdlov\u00e1 \u010delenka s\u00a0obojstrannou 3D ma\u0161\u013eou a\u00a0rozetou s\u00fa dokonal\u00fdm doplnkom na to, aby pon\u00edk Bul\u00edk nadobudol vzh\u013ead, ktor\u00fd je dobre zn\u00e1my z\u00a0filmu Disney Toy Story.<\/p>\n<p style=\"font-weight: 400;\">Vhodn\u00e9 od 0+ rokov.<\/p>\n<p style=\"font-weight: 400;\">\u010cistite vlhkou handrou<\/p>\n","protected":false},"excerpt":{"rendered":"<p>LeMieux Disney Hobby Horse Bullseye s\u00faprava ohl\u00e1vky pre Bul\u00edka bola in\u0161pirovan\u00e1 spolo\u010dn\u00fdm dobrodru\u017estvom s\u00a0gangom Woodyho z\u00a0Toy Story. Tento set autentick\u00fdch doplnkov priprav\u00ed hobby pon\u00edka Bul\u00edk na westernov\u00e9 dobrodru\u017estv\u00e1. Mas\u00edvna a\u00a0\u0161t\u00fdlov\u00e1 \u010delenka s\u00a0obojstrannou 3D ma\u0161\u013eou a\u00a0rozetou s\u00fa dokonal\u00fdm doplnkom na to, aby pon\u00edk Bul\u00edk nadobudol vzh\u013ead, ktor\u00fd je dobre zn\u00e1my z\u00a0filmu Disney Toy Story. Vhodn\u00e9 od [&hellip;]<\/p>\n","protected":false},"featured_media":208715,"template":"","meta":{"_acf_changed":false},"product_cat":[2534,3228,76,312],"product_tag":[3416,2868,227,2369,2589,422,2389,3417],"acf":[],"yoast_head":"<!-- This site is optimized with the Yoast SEO plugin v21.4 - https:\/\/yoast.com\/wordpress\/plugins\/seo\/ -->\n<title>LeMieux Disney Hobby Horse s\u00faprava ohl\u00e1vky pre Bul\u00edka - Spicehorse<\/title>\n<meta name=\"description\" content=\"spicehorse.eu | LeMieux Disney Hobby Horse Bullseye s\u00faprava ohl\u00e1vky pre Bul\u00edka bola in\u0161pirovan\u00e1 spolo\u010dn\u00fdm dobrodru\u017estvom s\u00a0gangom Woodyho z\u00a0Toy Story.\" \/>\n<meta name=\"robots\" content=\"index, follow, max-snippet:-1, max-image-preview:large, max-video-preview:-1\" \/>\n<link rel=\"canonical\" href=\"https:\/\/arak.spicehorse.eu\/termek\/lemieux-disney-hobby-horse-szemenagy-kotofek-szett\/\" \/>\n<meta property=\"og:locale\" content=\"sk_SK\" \/>\n<meta property=\"og:type\" content=\"article\" \/>\n<meta property=\"og:title\" content=\"LeMieux Disney Hobby Horse s\u00faprava ohl\u00e1vky pre Bul\u00edka - Spicehorse\" \/>\n<meta property=\"og:description\" content=\"spicehorse.eu | LeMieux Disney Hobby Horse Bullseye s\u00faprava ohl\u00e1vky pre Bul\u00edka bola in\u0161pirovan\u00e1 spolo\u010dn\u00fdm dobrodru\u017estvom s\u00a0gangom Woodyho z\u00a0Toy Story.\" \/>\n<meta property=\"og:url\" content=\"https:\/\/arak.spicehorse.eu\/termek\/lemieux-disney-hobby-horse-szemenagy-kotofek-szett\/\" \/>\n<meta property=\"og:site_name\" content=\"Spicehorse\" \/>\n<meta property=\"article:publisher\" content=\"https:\/\/www.facebook.com\/SPICEHORSE-550385625402457\/\" \/>\n<meta property=\"article:modified_time\" content=\"2025-12-09T11:00:21+00:00\" \/>\n<meta property=\"og:image\" content=\"https:\/\/arak.spicehorse.eu\/wp-content\/uploads\/2025\/12\/it08683-product-disneyhobbyhorseaccessoriesset-bullseye-1-scaled.jpg\" \/>\n\t<meta property=\"og:image:width\" content=\"1920\" \/>\n\t<meta property=\"og:image:height\" content=\"2560\" \/>\n\t<meta property=\"og:image:type\" content=\"image\/jpeg\" \/>\n<meta name=\"twitter:card\" content=\"summary_large_image\" \/>\n<script type=\"application\/ld+json\" class=\"yoast-schema-graph\">{\"@context\":\"https:\/\/schema.org\",\"@graph\":[{\"@type\":\"WebPage\",\"@id\":\"https:\/\/arak.spicehorse.eu\/termek\/lemieux-disney-hobby-horse-szemenagy-kotofek-szett\/\",\"url\":\"https:\/\/arak.spicehorse.eu\/termek\/lemieux-disney-hobby-horse-szemenagy-kotofek-szett\/\",\"name\":\"LeMieux Disney Hobby Horse s\u00faprava ohl\u00e1vky pre Bul\u00edka - Spicehorse\",\"isPartOf\":{\"@id\":\"https:\/\/arak.spicehorse.eu\/en\/#website\"},\"datePublished\":\"2025-12-04T12:10:57+00:00\",\"dateModified\":\"2025-12-09T11:00:21+00:00\",\"description\":\"spicehorse.eu | LeMieux Disney Hobby Horse Bullseye s\u00faprava ohl\u00e1vky pre Bul\u00edka bola in\u0161pirovan\u00e1 spolo\u010dn\u00fdm dobrodru\u017estvom s\u00a0gangom Woodyho z\u00a0Toy Story.\",\"breadcrumb\":{\"@id\":\"https:\/\/arak.spicehorse.eu\/termek\/lemieux-disney-hobby-horse-szemenagy-kotofek-szett\/#breadcrumb\"},\"inLanguage\":\"sk-SK\",\"potentialAction\":[{\"@type\":\"ReadAction\",\"target\":[\"https:\/\/arak.spicehorse.eu\/termek\/lemieux-disney-hobby-horse-szemenagy-kotofek-szett\/\"]}]},{\"@type\":\"BreadcrumbList\",\"@id\":\"https:\/\/arak.spicehorse.eu\/termek\/lemieux-disney-hobby-horse-szemenagy-kotofek-szett\/#breadcrumb\",\"itemListElement\":[{\"@type\":\"ListItem\",\"position\":1,\"name\":\"Home\",\"item\":\"https:\/\/arak.spicehorse.eu\/sk\/\"},{\"@type\":\"ListItem\",\"position\":2,\"name\":\"Predaj\u0148a\",\"item\":\"https:\/\/arak.spicehorse.eu\/sk\/predajna\/\"},{\"@type\":\"ListItem\",\"position\":3,\"name\":\"LeMieux Disney Hobby Horse s\u00faprava ohl\u00e1vky pre Bul\u00edka\"}]},{\"@type\":\"WebSite\",\"@id\":\"https:\/\/arak.spicehorse.eu\/en\/#website\",\"url\":\"https:\/\/arak.spicehorse.eu\/en\/\",\"name\":\"Spicehorse\",\"description\":\"UNDER DEVELOPMENT -\",\"potentialAction\":[{\"@type\":\"SearchAction\",\"target\":{\"@type\":\"EntryPoint\",\"urlTemplate\":\"https:\/\/arak.spicehorse.eu\/en\/?s={search_term_string}\"},\"query-input\":\"required name=search_term_string\"}],\"inLanguage\":\"sk-SK\"}]}<\/script>\n<!-- \/ Yoast SEO plugin. -->","yoast_head_json":{"title":"LeMieux Disney Hobby Horse s\u00faprava ohl\u00e1vky pre Bul\u00edka - Spicehorse","description":"spicehorse.eu | LeMieux Disney Hobby Horse Bullseye s\u00faprava ohl\u00e1vky pre Bul\u00edka bola in\u0161pirovan\u00e1 spolo\u010dn\u00fdm dobrodru\u017estvom s\u00a0gangom Woodyho z\u00a0Toy Story.","robots":{"index":"index","follow":"follow","max-snippet":"max-snippet:-1","max-image-preview":"max-image-preview:large","max-video-preview":"max-video-preview:-1"},"canonical":"https:\/\/arak.spicehorse.eu\/termek\/lemieux-disney-hobby-horse-szemenagy-kotofek-szett\/","og_locale":"sk_SK","og_type":"article","og_title":"LeMieux Disney Hobby Horse s\u00faprava ohl\u00e1vky pre Bul\u00edka - Spicehorse","og_description":"spicehorse.eu | LeMieux Disney Hobby Horse Bullseye s\u00faprava ohl\u00e1vky pre Bul\u00edka bola in\u0161pirovan\u00e1 spolo\u010dn\u00fdm dobrodru\u017estvom s\u00a0gangom Woodyho z\u00a0Toy Story.","og_url":"https:\/\/arak.spicehorse.eu\/termek\/lemieux-disney-hobby-horse-szemenagy-kotofek-szett\/","og_site_name":"Spicehorse","article_publisher":"https:\/\/www.facebook.com\/SPICEHORSE-550385625402457\/","article_modified_time":"2025-12-09T11:00:21+00:00","og_image":[{"width":1920,"height":2560,"url":"https:\/\/arak.spicehorse.eu\/wp-content\/uploads\/2025\/12\/it08683-product-disneyhobbyhorseaccessoriesset-bullseye-1-scaled.jpg","type":"image\/jpeg"}],"twitter_card":"summary_large_image","schema":{"@context":"https:\/\/schema.org","@graph":[{"@type":"WebPage","@id":"https:\/\/arak.spicehorse.eu\/termek\/lemieux-disney-hobby-horse-szemenagy-kotofek-szett\/","url":"https:\/\/arak.spicehorse.eu\/termek\/lemieux-disney-hobby-horse-szemenagy-kotofek-szett\/","name":"LeMieux Disney Hobby Horse s\u00faprava ohl\u00e1vky pre Bul\u00edka - Spicehorse","isPartOf":{"@id":"https:\/\/arak.spicehorse.eu\/en\/#website"},"datePublished":"2025-12-04T12:10:57+00:00","dateModified":"2025-12-09T11:00:21+00:00","description":"spicehorse.eu | LeMieux Disney Hobby Horse Bullseye s\u00faprava ohl\u00e1vky pre Bul\u00edka bola in\u0161pirovan\u00e1 spolo\u010dn\u00fdm dobrodru\u017estvom s\u00a0gangom Woodyho z\u00a0Toy Story.","breadcrumb":{"@id":"https:\/\/arak.spicehorse.eu\/termek\/lemieux-disney-hobby-horse-szemenagy-kotofek-szett\/#breadcrumb"},"inLanguage":"sk-SK","potentialAction":[{"@type":"ReadAction","target":["https:\/\/arak.spicehorse.eu\/termek\/lemieux-disney-hobby-horse-szemenagy-kotofek-szett\/"]}]},{"@type":"BreadcrumbList","@id":"https:\/\/arak.spicehorse.eu\/termek\/lemieux-disney-hobby-horse-szemenagy-kotofek-szett\/#breadcrumb","itemListElement":[{"@type":"ListItem","position":1,"name":"Home","item":"https:\/\/arak.spicehorse.eu\/sk\/"},{"@type":"ListItem","position":2,"name":"Predaj\u0148a","item":"https:\/\/arak.spicehorse.eu\/sk\/predajna\/"},{"@type":"ListItem","position":3,"name":"LeMieux Disney Hobby Horse s\u00faprava ohl\u00e1vky pre Bul\u00edka"}]},{"@type":"WebSite","@id":"https:\/\/arak.spicehorse.eu\/en\/#website","url":"https:\/\/arak.spicehorse.eu\/en\/","name":"Spicehorse","description":"UNDER DEVELOPMENT -","potentialAction":[{"@type":"SearchAction","target":{"@type":"EntryPoint","urlTemplate":"https:\/\/arak.spicehorse.eu\/en\/?s={search_term_string}"},"query-input":"required name=search_term_string"}],"inLanguage":"sk-SK"}]}},"_links":{"self":[{"href":"https:\/\/arak.spicehorse.eu\/sk\/wp-json\/wp\/v2\/product\/208712"}],"collection":[{"href":"https:\/\/arak.spicehorse.eu\/sk\/wp-json\/wp\/v2\/product"}],"about":[{"href":"https:\/\/arak.spicehorse.eu\/sk\/wp-json\/wp\/v2\/types\/product"}],"wp:featuredmedia":[{"embeddable":true,"href":"https:\/\/arak.spicehorse.eu\/sk\/wp-json\/wp\/v2\/media\/208715"}],"wp:attachment":[{"href":"https:\/\/arak.spicehorse.eu\/sk\/wp-json\/wp\/v2\/media?parent=208712"}],"wp:term":[{"taxonomy":"product_cat","embeddable":true,"href":"https:\/\/arak.spicehorse.eu\/sk\/wp-json\/wp\/v2\/product_cat?post=208712"},{"taxonomy":"product_tag","embeddable":true,"href":"https:\/\/arak.spicehorse.eu\/sk\/wp-json\/wp\/v2\/product_tag?post=208712"}],"curies":[{"name":"wp","href":"https:\/\/api.w.org\/{rel}","templated":true}]}}