{"id":208773,"date":"2025-12-05T09:16:33","date_gmt":"2025-12-05T08:16:34","guid":{"rendered":"https:\/\/arak.spicehorse.eu\/?post_type=product&#038;p=208773"},"modified":"2025-12-05T09:22:58","modified_gmt":"2025-12-05T08:22:58","slug":"lemieux-deka-cranberry-pre-hracku-ponik","status":"publish","type":"product","link":"https:\/\/arak.spicehorse.eu\/sk\/produkt\/lemieux-deka-cranberry-pre-hracku-ponik\/","title":{"rendered":"LeMieux deka Cranberry pre hra\u010dku pon\u00edk"},"content":{"rendered":"<div>\n<p><span lang=\"SK\">Kvalitn\u00e1 LeMieux mini fl\u00edsov\u00e1 deka, so skuto\u010dne nev\u0161edn\u00fdm dizajnom!\u00a0S\u00a0kr\u00e1snym \u0161nurovan\u00edm a\u00a0chvostov\u00fdm popruhom, v\u00a0prednej \u010dasti such\u00e9 zipsy tak ako aj na skuto\u010dnej fl\u00edsovej deke LeMieux.<\/span><\/p>\n<\/div>\n<div>\n<p><span lang=\"SK\">Je nepostr\u00e1date\u013en\u00fdm doplnkom Mini LeMieux hra\u010dky pon\u00edk!<\/span><\/p>\n<\/div>\n<div>\n<p><span lang=\"SK\">Mo\u017eno ju pra\u0165 v\u00a0pr\u00e1\u010dke na 30\u00b0C,\u00a0nevkladajte do su\u0161i\u010dky.<\/span><\/p>\n<\/div>\n<p>Vhodn\u00e9 pre deti od 3 rokov<\/p>\n","protected":false},"excerpt":{"rendered":"<p>Kvalitn\u00e1 LeMieux mini fl\u00edsov\u00e1 deka, so skuto\u010dne nev\u0161edn\u00fdm dizajnom!\u00a0S\u00a0kr\u00e1snym \u0161nurovan\u00edm a\u00a0chvostov\u00fdm popruhom, v\u00a0prednej \u010dasti such\u00e9 zipsy tak ako aj na skuto\u010dnej fl\u00edsovej deke LeMieux. Je nepostr\u00e1date\u013en\u00fdm doplnkom Mini LeMieux hra\u010dky pon\u00edk! Mo\u017eno ju pra\u0165 v\u00a0pr\u00e1\u010dke na 30\u00b0C,\u00a0nevkladajte do su\u0161i\u010dky. Vhodn\u00e9 pre deti od 3 rokov<\/p>\n","protected":false},"featured_media":208776,"template":"","meta":{"_acf_changed":false},"product_cat":[2534,76,312],"product_tag":[3420,135,227,2369,2589,422,2389],"acf":[],"yoast_head":"<!-- This site is optimized with the Yoast SEO plugin v21.4 - https:\/\/yoast.com\/wordpress\/plugins\/seo\/ -->\n<title>LeMieux deka Cranberry pre hra\u010dku pon\u00edk - Spicehorse<\/title>\n<meta name=\"description\" content=\"spicehorse.eu | Kvalitn\u00e1 LeMieux mini fl\u00edsov\u00e1 deka, so skuto\u010dne nev\u0161edn\u00fdm dizajnom!\u00a0S\u00a0kr\u00e1snym \u0161nurovan\u00edm a\u00a0chvostov\u00fdm popruhom, v\u00a0prednej \u010dasti such\u00e9 zipsy tak ako aj na skuto\u010dnej fl\u00edsovej deke LeMieux.\" \/>\n<meta name=\"robots\" content=\"index, follow, max-snippet:-1, max-image-preview:large, max-video-preview:-1\" \/>\n<link rel=\"canonical\" href=\"https:\/\/arak.spicehorse.eu\/termek\/lemieux-jatekponi-takaro-cranberry\/\" \/>\n<meta property=\"og:locale\" content=\"sk_SK\" \/>\n<meta property=\"og:type\" content=\"article\" \/>\n<meta property=\"og:title\" content=\"LeMieux deka Cranberry pre hra\u010dku pon\u00edk - Spicehorse\" \/>\n<meta property=\"og:description\" content=\"spicehorse.eu | Kvalitn\u00e1 LeMieux mini fl\u00edsov\u00e1 deka, so skuto\u010dne nev\u0161edn\u00fdm dizajnom!\u00a0S\u00a0kr\u00e1snym \u0161nurovan\u00edm a\u00a0chvostov\u00fdm popruhom, v\u00a0prednej \u010dasti such\u00e9 zipsy tak ako aj na skuto\u010dnej fl\u00edsovej deke LeMieux.\" \/>\n<meta property=\"og:url\" content=\"https:\/\/arak.spicehorse.eu\/termek\/lemieux-jatekponi-takaro-cranberry\/\" \/>\n<meta property=\"og:site_name\" content=\"Spicehorse\" \/>\n<meta property=\"article:publisher\" content=\"https:\/\/www.facebook.com\/SPICEHORSE-550385625402457\/\" \/>\n<meta property=\"article:modified_time\" content=\"2025-12-05T08:22:58+00:00\" \/>\n<meta property=\"og:image\" content=\"https:\/\/arak.spicehorse.eu\/wp-content\/uploads\/2025\/12\/it07142-product-toyponyrug-cranberry-1-scaled.jpg\" \/>\n\t<meta property=\"og:image:width\" content=\"1920\" \/>\n\t<meta property=\"og:image:height\" content=\"2560\" \/>\n\t<meta property=\"og:image:type\" content=\"image\/jpeg\" \/>\n<meta name=\"twitter:card\" content=\"summary_large_image\" \/>\n<script type=\"application\/ld+json\" class=\"yoast-schema-graph\">{\"@context\":\"https:\/\/schema.org\",\"@graph\":[{\"@type\":\"WebPage\",\"@id\":\"https:\/\/arak.spicehorse.eu\/termek\/lemieux-jatekponi-takaro-cranberry\/\",\"url\":\"https:\/\/arak.spicehorse.eu\/termek\/lemieux-jatekponi-takaro-cranberry\/\",\"name\":\"LeMieux deka Cranberry pre hra\u010dku pon\u00edk - Spicehorse\",\"isPartOf\":{\"@id\":\"https:\/\/arak.spicehorse.eu\/en\/#website\"},\"datePublished\":\"2025-12-05T08:16:34+00:00\",\"dateModified\":\"2025-12-05T08:22:58+00:00\",\"description\":\"spicehorse.eu | Kvalitn\u00e1 LeMieux mini fl\u00edsov\u00e1 deka, so skuto\u010dne nev\u0161edn\u00fdm dizajnom!\u00a0S\u00a0kr\u00e1snym \u0161nurovan\u00edm a\u00a0chvostov\u00fdm popruhom, v\u00a0prednej \u010dasti such\u00e9 zipsy tak ako aj na skuto\u010dnej fl\u00edsovej deke LeMieux.\",\"breadcrumb\":{\"@id\":\"https:\/\/arak.spicehorse.eu\/termek\/lemieux-jatekponi-takaro-cranberry\/#breadcrumb\"},\"inLanguage\":\"sk-SK\",\"potentialAction\":[{\"@type\":\"ReadAction\",\"target\":[\"https:\/\/arak.spicehorse.eu\/termek\/lemieux-jatekponi-takaro-cranberry\/\"]}]},{\"@type\":\"BreadcrumbList\",\"@id\":\"https:\/\/arak.spicehorse.eu\/termek\/lemieux-jatekponi-takaro-cranberry\/#breadcrumb\",\"itemListElement\":[{\"@type\":\"ListItem\",\"position\":1,\"name\":\"Home\",\"item\":\"https:\/\/arak.spicehorse.eu\/sk\/\"},{\"@type\":\"ListItem\",\"position\":2,\"name\":\"Predaj\u0148a\",\"item\":\"https:\/\/arak.spicehorse.eu\/sk\/predajna\/\"},{\"@type\":\"ListItem\",\"position\":3,\"name\":\"LeMieux deka Cranberry pre hra\u010dku pon\u00edk\"}]},{\"@type\":\"WebSite\",\"@id\":\"https:\/\/arak.spicehorse.eu\/en\/#website\",\"url\":\"https:\/\/arak.spicehorse.eu\/en\/\",\"name\":\"Spicehorse\",\"description\":\"UNDER DEVELOPMENT -\",\"potentialAction\":[{\"@type\":\"SearchAction\",\"target\":{\"@type\":\"EntryPoint\",\"urlTemplate\":\"https:\/\/arak.spicehorse.eu\/en\/?s={search_term_string}\"},\"query-input\":\"required name=search_term_string\"}],\"inLanguage\":\"sk-SK\"}]}<\/script>\n<!-- \/ Yoast SEO plugin. -->","yoast_head_json":{"title":"LeMieux deka Cranberry pre hra\u010dku pon\u00edk - Spicehorse","description":"spicehorse.eu | Kvalitn\u00e1 LeMieux mini fl\u00edsov\u00e1 deka, so skuto\u010dne nev\u0161edn\u00fdm dizajnom!\u00a0S\u00a0kr\u00e1snym \u0161nurovan\u00edm a\u00a0chvostov\u00fdm popruhom, v\u00a0prednej \u010dasti such\u00e9 zipsy tak ako aj na skuto\u010dnej fl\u00edsovej deke LeMieux.","robots":{"index":"index","follow":"follow","max-snippet":"max-snippet:-1","max-image-preview":"max-image-preview:large","max-video-preview":"max-video-preview:-1"},"canonical":"https:\/\/arak.spicehorse.eu\/termek\/lemieux-jatekponi-takaro-cranberry\/","og_locale":"sk_SK","og_type":"article","og_title":"LeMieux deka Cranberry pre hra\u010dku pon\u00edk - Spicehorse","og_description":"spicehorse.eu | Kvalitn\u00e1 LeMieux mini fl\u00edsov\u00e1 deka, so skuto\u010dne nev\u0161edn\u00fdm dizajnom!\u00a0S\u00a0kr\u00e1snym \u0161nurovan\u00edm a\u00a0chvostov\u00fdm popruhom, v\u00a0prednej \u010dasti such\u00e9 zipsy tak ako aj na skuto\u010dnej fl\u00edsovej deke LeMieux.","og_url":"https:\/\/arak.spicehorse.eu\/termek\/lemieux-jatekponi-takaro-cranberry\/","og_site_name":"Spicehorse","article_publisher":"https:\/\/www.facebook.com\/SPICEHORSE-550385625402457\/","article_modified_time":"2025-12-05T08:22:58+00:00","og_image":[{"width":1920,"height":2560,"url":"https:\/\/arak.spicehorse.eu\/wp-content\/uploads\/2025\/12\/it07142-product-toyponyrug-cranberry-1-scaled.jpg","type":"image\/jpeg"}],"twitter_card":"summary_large_image","schema":{"@context":"https:\/\/schema.org","@graph":[{"@type":"WebPage","@id":"https:\/\/arak.spicehorse.eu\/termek\/lemieux-jatekponi-takaro-cranberry\/","url":"https:\/\/arak.spicehorse.eu\/termek\/lemieux-jatekponi-takaro-cranberry\/","name":"LeMieux deka Cranberry pre hra\u010dku pon\u00edk - Spicehorse","isPartOf":{"@id":"https:\/\/arak.spicehorse.eu\/en\/#website"},"datePublished":"2025-12-05T08:16:34+00:00","dateModified":"2025-12-05T08:22:58+00:00","description":"spicehorse.eu | Kvalitn\u00e1 LeMieux mini fl\u00edsov\u00e1 deka, so skuto\u010dne nev\u0161edn\u00fdm dizajnom!\u00a0S\u00a0kr\u00e1snym \u0161nurovan\u00edm a\u00a0chvostov\u00fdm popruhom, v\u00a0prednej \u010dasti such\u00e9 zipsy tak ako aj na skuto\u010dnej fl\u00edsovej deke LeMieux.","breadcrumb":{"@id":"https:\/\/arak.spicehorse.eu\/termek\/lemieux-jatekponi-takaro-cranberry\/#breadcrumb"},"inLanguage":"sk-SK","potentialAction":[{"@type":"ReadAction","target":["https:\/\/arak.spicehorse.eu\/termek\/lemieux-jatekponi-takaro-cranberry\/"]}]},{"@type":"BreadcrumbList","@id":"https:\/\/arak.spicehorse.eu\/termek\/lemieux-jatekponi-takaro-cranberry\/#breadcrumb","itemListElement":[{"@type":"ListItem","position":1,"name":"Home","item":"https:\/\/arak.spicehorse.eu\/sk\/"},{"@type":"ListItem","position":2,"name":"Predaj\u0148a","item":"https:\/\/arak.spicehorse.eu\/sk\/predajna\/"},{"@type":"ListItem","position":3,"name":"LeMieux deka Cranberry pre hra\u010dku pon\u00edk"}]},{"@type":"WebSite","@id":"https:\/\/arak.spicehorse.eu\/en\/#website","url":"https:\/\/arak.spicehorse.eu\/en\/","name":"Spicehorse","description":"UNDER DEVELOPMENT -","potentialAction":[{"@type":"SearchAction","target":{"@type":"EntryPoint","urlTemplate":"https:\/\/arak.spicehorse.eu\/en\/?s={search_term_string}"},"query-input":"required name=search_term_string"}],"inLanguage":"sk-SK"}]}},"_links":{"self":[{"href":"https:\/\/arak.spicehorse.eu\/sk\/wp-json\/wp\/v2\/product\/208773"}],"collection":[{"href":"https:\/\/arak.spicehorse.eu\/sk\/wp-json\/wp\/v2\/product"}],"about":[{"href":"https:\/\/arak.spicehorse.eu\/sk\/wp-json\/wp\/v2\/types\/product"}],"wp:featuredmedia":[{"embeddable":true,"href":"https:\/\/arak.spicehorse.eu\/sk\/wp-json\/wp\/v2\/media\/208776"}],"wp:attachment":[{"href":"https:\/\/arak.spicehorse.eu\/sk\/wp-json\/wp\/v2\/media?parent=208773"}],"wp:term":[{"taxonomy":"product_cat","embeddable":true,"href":"https:\/\/arak.spicehorse.eu\/sk\/wp-json\/wp\/v2\/product_cat?post=208773"},{"taxonomy":"product_tag","embeddable":true,"href":"https:\/\/arak.spicehorse.eu\/sk\/wp-json\/wp\/v2\/product_tag?post=208773"}],"curies":[{"name":"wp","href":"https:\/\/api.w.org\/{rel}","templated":true}]}}