{"id":208802,"date":"2025-12-05T10:23:07","date_gmt":"2025-12-05T09:23:08","guid":{"rendered":"https:\/\/arak.spicehorse.eu\/?post_type=product&#038;p=208802"},"modified":"2025-12-09T12:02:51","modified_gmt":"2025-12-09T11:02:51","slug":"lemieux-flisovy-kruhovy-sal-black","status":"publish","type":"product","link":"https:\/\/arak.spicehorse.eu\/sk\/produkt\/lemieux-flisovy-kruhovy-sal-black\/","title":{"rendered":"LeMieux fl\u00edsov\u00fd kruhov\u00fd \u0161\u00e1l Black"},"content":{"rendered":"<p style=\"font-weight: 400;\">Oble\u010dte si tento super pohodln\u00fd fl\u00edsov\u00fd kruhov\u00fd \u0161\u00e1l, aby ste boli v\u00a0teple, ke\u010f nad\u00edde zima! M\u00e4kk\u00fd pru\u017en\u00fd fl\u00edsov\u00fd materi\u00e1l tesne prilieha k\u00a0telu, neprenikne cez neho prievan. Je mnohostrann\u00fd, v\u010faka tunelov\u00e9mu tvaru ho mo\u017eno nosi\u0165 na viacero sp\u00f4sobov!<\/p>\n<p style=\"font-weight: 400;\">Mo\u017eno pra\u0165 v\u00a0pr\u00e1\u010dke na 30\u00b0C. Nevkladajte do su\u0161i\u010dky.<\/p>\n","protected":false},"excerpt":{"rendered":"<p>Oble\u010dte si tento super pohodln\u00fd fl\u00edsov\u00fd kruhov\u00fd \u0161\u00e1l, aby ste boli v\u00a0teple, ke\u010f nad\u00edde zima! M\u00e4kk\u00fd pru\u017en\u00fd fl\u00edsov\u00fd materi\u00e1l tesne prilieha k\u00a0telu, neprenikne cez neho prievan. Je mnohostrann\u00fd, v\u010faka tunelov\u00e9mu tvaru ho mo\u017eno nosi\u0165 na viacero sp\u00f4sobov! Mo\u017eno pra\u0165 v\u00a0pr\u00e1\u010dke na 30\u00b0C. Nevkladajte do su\u0161i\u010dky.<\/p>\n","protected":false},"featured_media":208805,"template":"","meta":{"_acf_changed":false},"product_cat":[76,312],"product_tag":[549,2369],"acf":[],"yoast_head":"<!-- This site is optimized with the Yoast SEO plugin v21.4 - https:\/\/yoast.com\/wordpress\/plugins\/seo\/ -->\n<title>LeMieux fl\u00edsov\u00fd kruhov\u00fd \u0161\u00e1l Black - Spicehorse<\/title>\n<meta name=\"description\" content=\"spicehorse.eu | Oble\u010dte si tento super pohodln\u00fd fl\u00edsov\u00fd kruhov\u00fd \u0161\u00e1l, aby ste boli v\u00a0teple, ke\u010f nad\u00edde zima!\" \/>\n<meta name=\"robots\" content=\"index, follow, max-snippet:-1, max-image-preview:large, max-video-preview:-1\" \/>\n<link rel=\"canonical\" href=\"https:\/\/arak.spicehorse.eu\/termek\/lemieux-polar-korsal-black\/\" \/>\n<meta property=\"og:locale\" content=\"sk_SK\" \/>\n<meta property=\"og:type\" content=\"article\" \/>\n<meta property=\"og:title\" content=\"LeMieux fl\u00edsov\u00fd kruhov\u00fd \u0161\u00e1l Black - Spicehorse\" \/>\n<meta property=\"og:description\" content=\"spicehorse.eu | Oble\u010dte si tento super pohodln\u00fd fl\u00edsov\u00fd kruhov\u00fd \u0161\u00e1l, aby ste boli v\u00a0teple, ke\u010f nad\u00edde zima!\" \/>\n<meta property=\"og:url\" content=\"https:\/\/arak.spicehorse.eu\/termek\/lemieux-polar-korsal-black\/\" \/>\n<meta property=\"og:site_name\" content=\"Spicehorse\" \/>\n<meta property=\"article:publisher\" content=\"https:\/\/www.facebook.com\/SPICEHORSE-550385625402457\/\" \/>\n<meta property=\"article:modified_time\" content=\"2025-12-09T11:02:51+00:00\" \/>\n<meta property=\"og:image\" content=\"https:\/\/arak.spicehorse.eu\/wp-content\/uploads\/2025\/12\/img-2c73975fbac0-1.jpeg\" \/>\n\t<meta property=\"og:image:width\" content=\"1600\" \/>\n\t<meta property=\"og:image:height\" content=\"1600\" \/>\n\t<meta property=\"og:image:type\" content=\"image\/jpeg\" \/>\n<meta name=\"twitter:card\" content=\"summary_large_image\" \/>\n<script type=\"application\/ld+json\" class=\"yoast-schema-graph\">{\"@context\":\"https:\/\/schema.org\",\"@graph\":[{\"@type\":\"WebPage\",\"@id\":\"https:\/\/arak.spicehorse.eu\/termek\/lemieux-polar-korsal-black\/\",\"url\":\"https:\/\/arak.spicehorse.eu\/termek\/lemieux-polar-korsal-black\/\",\"name\":\"LeMieux fl\u00edsov\u00fd kruhov\u00fd \u0161\u00e1l Black - Spicehorse\",\"isPartOf\":{\"@id\":\"https:\/\/arak.spicehorse.eu\/en\/#website\"},\"datePublished\":\"2025-12-05T09:23:08+00:00\",\"dateModified\":\"2025-12-09T11:02:51+00:00\",\"description\":\"spicehorse.eu | Oble\u010dte si tento super pohodln\u00fd fl\u00edsov\u00fd kruhov\u00fd \u0161\u00e1l, aby ste boli v\u00a0teple, ke\u010f nad\u00edde zima!\",\"breadcrumb\":{\"@id\":\"https:\/\/arak.spicehorse.eu\/termek\/lemieux-polar-korsal-black\/#breadcrumb\"},\"inLanguage\":\"sk-SK\",\"potentialAction\":[{\"@type\":\"ReadAction\",\"target\":[\"https:\/\/arak.spicehorse.eu\/termek\/lemieux-polar-korsal-black\/\"]}]},{\"@type\":\"BreadcrumbList\",\"@id\":\"https:\/\/arak.spicehorse.eu\/termek\/lemieux-polar-korsal-black\/#breadcrumb\",\"itemListElement\":[{\"@type\":\"ListItem\",\"position\":1,\"name\":\"Home\",\"item\":\"https:\/\/arak.spicehorse.eu\/sk\/\"},{\"@type\":\"ListItem\",\"position\":2,\"name\":\"Predaj\u0148a\",\"item\":\"https:\/\/arak.spicehorse.eu\/sk\/predajna\/\"},{\"@type\":\"ListItem\",\"position\":3,\"name\":\"LeMieux fl\u00edsov\u00fd kruhov\u00fd \u0161\u00e1l Black\"}]},{\"@type\":\"WebSite\",\"@id\":\"https:\/\/arak.spicehorse.eu\/en\/#website\",\"url\":\"https:\/\/arak.spicehorse.eu\/en\/\",\"name\":\"Spicehorse\",\"description\":\"UNDER DEVELOPMENT -\",\"potentialAction\":[{\"@type\":\"SearchAction\",\"target\":{\"@type\":\"EntryPoint\",\"urlTemplate\":\"https:\/\/arak.spicehorse.eu\/en\/?s={search_term_string}\"},\"query-input\":\"required name=search_term_string\"}],\"inLanguage\":\"sk-SK\"}]}<\/script>\n<!-- \/ Yoast SEO plugin. -->","yoast_head_json":{"title":"LeMieux fl\u00edsov\u00fd kruhov\u00fd \u0161\u00e1l Black - Spicehorse","description":"spicehorse.eu | Oble\u010dte si tento super pohodln\u00fd fl\u00edsov\u00fd kruhov\u00fd \u0161\u00e1l, aby ste boli v\u00a0teple, ke\u010f nad\u00edde zima!","robots":{"index":"index","follow":"follow","max-snippet":"max-snippet:-1","max-image-preview":"max-image-preview:large","max-video-preview":"max-video-preview:-1"},"canonical":"https:\/\/arak.spicehorse.eu\/termek\/lemieux-polar-korsal-black\/","og_locale":"sk_SK","og_type":"article","og_title":"LeMieux fl\u00edsov\u00fd kruhov\u00fd \u0161\u00e1l Black - Spicehorse","og_description":"spicehorse.eu | Oble\u010dte si tento super pohodln\u00fd fl\u00edsov\u00fd kruhov\u00fd \u0161\u00e1l, aby ste boli v\u00a0teple, ke\u010f nad\u00edde zima!","og_url":"https:\/\/arak.spicehorse.eu\/termek\/lemieux-polar-korsal-black\/","og_site_name":"Spicehorse","article_publisher":"https:\/\/www.facebook.com\/SPICEHORSE-550385625402457\/","article_modified_time":"2025-12-09T11:02:51+00:00","og_image":[{"width":1600,"height":1600,"url":"https:\/\/arak.spicehorse.eu\/wp-content\/uploads\/2025\/12\/img-2c73975fbac0-1.jpeg","type":"image\/jpeg"}],"twitter_card":"summary_large_image","schema":{"@context":"https:\/\/schema.org","@graph":[{"@type":"WebPage","@id":"https:\/\/arak.spicehorse.eu\/termek\/lemieux-polar-korsal-black\/","url":"https:\/\/arak.spicehorse.eu\/termek\/lemieux-polar-korsal-black\/","name":"LeMieux fl\u00edsov\u00fd kruhov\u00fd \u0161\u00e1l Black - Spicehorse","isPartOf":{"@id":"https:\/\/arak.spicehorse.eu\/en\/#website"},"datePublished":"2025-12-05T09:23:08+00:00","dateModified":"2025-12-09T11:02:51+00:00","description":"spicehorse.eu | Oble\u010dte si tento super pohodln\u00fd fl\u00edsov\u00fd kruhov\u00fd \u0161\u00e1l, aby ste boli v\u00a0teple, ke\u010f nad\u00edde zima!","breadcrumb":{"@id":"https:\/\/arak.spicehorse.eu\/termek\/lemieux-polar-korsal-black\/#breadcrumb"},"inLanguage":"sk-SK","potentialAction":[{"@type":"ReadAction","target":["https:\/\/arak.spicehorse.eu\/termek\/lemieux-polar-korsal-black\/"]}]},{"@type":"BreadcrumbList","@id":"https:\/\/arak.spicehorse.eu\/termek\/lemieux-polar-korsal-black\/#breadcrumb","itemListElement":[{"@type":"ListItem","position":1,"name":"Home","item":"https:\/\/arak.spicehorse.eu\/sk\/"},{"@type":"ListItem","position":2,"name":"Predaj\u0148a","item":"https:\/\/arak.spicehorse.eu\/sk\/predajna\/"},{"@type":"ListItem","position":3,"name":"LeMieux fl\u00edsov\u00fd kruhov\u00fd \u0161\u00e1l Black"}]},{"@type":"WebSite","@id":"https:\/\/arak.spicehorse.eu\/en\/#website","url":"https:\/\/arak.spicehorse.eu\/en\/","name":"Spicehorse","description":"UNDER DEVELOPMENT -","potentialAction":[{"@type":"SearchAction","target":{"@type":"EntryPoint","urlTemplate":"https:\/\/arak.spicehorse.eu\/en\/?s={search_term_string}"},"query-input":"required name=search_term_string"}],"inLanguage":"sk-SK"}]}},"_links":{"self":[{"href":"https:\/\/arak.spicehorse.eu\/sk\/wp-json\/wp\/v2\/product\/208802"}],"collection":[{"href":"https:\/\/arak.spicehorse.eu\/sk\/wp-json\/wp\/v2\/product"}],"about":[{"href":"https:\/\/arak.spicehorse.eu\/sk\/wp-json\/wp\/v2\/types\/product"}],"wp:featuredmedia":[{"embeddable":true,"href":"https:\/\/arak.spicehorse.eu\/sk\/wp-json\/wp\/v2\/media\/208805"}],"wp:attachment":[{"href":"https:\/\/arak.spicehorse.eu\/sk\/wp-json\/wp\/v2\/media?parent=208802"}],"wp:term":[{"taxonomy":"product_cat","embeddable":true,"href":"https:\/\/arak.spicehorse.eu\/sk\/wp-json\/wp\/v2\/product_cat?post=208802"},{"taxonomy":"product_tag","embeddable":true,"href":"https:\/\/arak.spicehorse.eu\/sk\/wp-json\/wp\/v2\/product_tag?post=208802"}],"curies":[{"name":"wp","href":"https:\/\/api.w.org\/{rel}","templated":true}]}}