{"id":209032,"date":"2025-12-07T13:10:59","date_gmt":"2025-12-07T12:11:00","guid":{"rendered":"https:\/\/arak.spicehorse.eu\/?post_type=product&#038;p=209032"},"modified":"2026-03-09T13:28:57","modified_gmt":"2026-03-09T12:28:57","slug":"equestrian-stockholm-vegan-fur-crystal-skokova-podsedlova-decka-bordeaux","status":"publish","type":"product","link":"https:\/\/arak.spicehorse.eu\/sk\/produkt\/equestrian-stockholm-vegan-fur-crystal-skokova-podsedlova-decka-bordeaux\/","title":{"rendered":"Equestrian Stockholm Vegan Fur Crystal skokov\u00e1 podsedlov\u00e1 de\u010dka Bordeaux"},"content":{"rendered":"<div>\n<p><span lang=\"SK\">Jedine\u010dn\u00e1, nev\u0161edn\u00e1 a elegantn\u00e1 Equestrian Stockholm podsedlov\u00e1 de\u010dka s veg\u00e1nskou ko\u017eu\u0161inou, s lemom zdoben\u00fdm kri\u0161t\u00e1\u013emi a s modern\u00fdm \u0161tepovan\u00fdm vzorom s odznakom Equestrian Stockholm. Je vyroben\u00e1 z priedu\u0161n\u00e9ho bambusov\u00e9ho materi\u00e1lu, ktor\u00fd odv\u00e1dza vlhkos\u0165, v\u010faka \u010domu je pre kone pohodln\u00e1 na nosenie po\u010das cel\u00e9ho roka, pri\u010dom dod\u00e1va jazdeniu patri\u010dn\u00fa sofistikovanos\u0165.<\/span><\/p>\n<\/div>\n<div>\n<p><span lang=\"SK\">Dokonale lad\u00ed s\u00a0ostatn\u00fdmi v\u00fdrobkami kolekcie Equestrian Stockholm.<\/span><\/p>\n<\/div>\n","protected":false},"excerpt":{"rendered":"<ul style=\"font-weight: 400;\">\n<li>Ve\u013ekos\u0165: Full<\/li>\n<li>Farba: bordov\u00e1<\/li>\n<li>Detaily: \u010dierna veg\u00e1nska ko\u017eu\u0161ina \/ modern\u00e9 \u0161tepovanie \/ kri\u0161t\u00e1le<\/li>\n<li>\u0160nurovanie: trojvrstvov\u00e9 \/ 1 riadok tenk\u00fd bordov\u00fd so strieborn\u00fdmi vl\u00e1knami \/ 1 riadok kri\u0161t\u00e1le \/ 1 riadok hrub\u00fd bordov\u00fd<\/li>\n<li>Kovov\u00e1 tabu\u013eka: \u010dierna<\/li>\n<li>Vn\u00fatorn\u00e1 \u010das\u0165: bambusov\u00e1 pod\u0161\u00edvka (24% bambus + 76% polyester) \/ Vonkaj\u0161ia \u010das\u0165: 100% polyester<\/li>\n<li>Pranie: mo\u017eno pra\u0165 na 30 stup\u0148och \/ nepou\u017e\u00edvajte aviv\u00e1\u017e \/ nevkladajte do su\u0161i\u010dky\/ perte z\u00a0rubovej strany pre \u00fa\u010dinnej\u0161ie pranie a\u00a0ochranu kovovej tabu\u013eky \/ such\u00e9 zipsy majte zapnut\u00e9<\/li>\n<\/ul>\n","protected":false},"featured_media":209035,"template":"","meta":{"_acf_changed":false},"product_cat":[75,367],"product_tag":[492,2823,351,361,219,1441],"acf":[],"yoast_head":"<!-- This site is optimized with the Yoast SEO plugin v21.4 - https:\/\/yoast.com\/wordpress\/plugins\/seo\/ -->\n<title>Equestrian Stockholm Vegan Fur Crystal skokov\u00e1 podsedlov\u00e1 de\u010dka Bordeaux - Spicehorse<\/title>\n<meta name=\"description\" content=\"spicehorse.eu | Jedine\u010dn\u00e1, nev\u0161edn\u00e1 a elegantn\u00e1 Equestrian Stockholm podsedlov\u00e1 de\u010dka s veg\u00e1nskou ko\u017eu\u0161inou, s lemom zdoben\u00fdm kri\u0161t\u00e1\u013emi a s modern\u00fdm \u0161tepovan\u00fdm vzorom s odznakom Equestrian Stockholm.\" \/>\n<meta name=\"robots\" content=\"index, follow, max-snippet:-1, max-image-preview:large, max-video-preview:-1\" \/>\n<link rel=\"canonical\" href=\"https:\/\/arak.spicehorse.eu\/sk\/produkt\/equestrian-stockholm-vegan-fur-crystal-skokova-podsedlova-decka-bordeaux\/\" \/>\n<meta property=\"og:locale\" content=\"sk_SK\" \/>\n<meta property=\"og:type\" content=\"article\" \/>\n<meta property=\"og:title\" content=\"Equestrian Stockholm Vegan Fur Crystal skokov\u00e1 podsedlov\u00e1 de\u010dka Bordeaux - Spicehorse\" \/>\n<meta property=\"og:description\" content=\"spicehorse.eu | Jedine\u010dn\u00e1, nev\u0161edn\u00e1 a elegantn\u00e1 Equestrian Stockholm podsedlov\u00e1 de\u010dka s veg\u00e1nskou ko\u017eu\u0161inou, s lemom zdoben\u00fdm kri\u0161t\u00e1\u013emi a s modern\u00fdm \u0161tepovan\u00fdm vzorom s odznakom Equestrian Stockholm.\" \/>\n<meta property=\"og:url\" content=\"https:\/\/arak.spicehorse.eu\/sk\/produkt\/equestrian-stockholm-vegan-fur-crystal-skokova-podsedlova-decka-bordeaux\/\" \/>\n<meta property=\"og:site_name\" content=\"Spicehorse\" \/>\n<meta property=\"article:publisher\" content=\"https:\/\/www.facebook.com\/SPICEHORSE-550385625402457\/\" \/>\n<meta property=\"article:modified_time\" content=\"2026-03-09T12:28:57+00:00\" \/>\n<meta property=\"og:image\" content=\"https:\/\/arak.spicehorse.eu\/wp-content\/uploads\/2025\/12\/crystal-bordeaux-vegan-fur-jump-2000-1-8f613844-3310-4680-b393-4797323d4b08jpg.webp\" \/>\n\t<meta property=\"og:image:width\" content=\"1500\" \/>\n\t<meta property=\"og:image:height\" content=\"2000\" \/>\n\t<meta property=\"og:image:type\" content=\"image\/webp\" \/>\n<meta name=\"twitter:card\" content=\"summary_large_image\" \/>\n<script type=\"application\/ld+json\" class=\"yoast-schema-graph\">{\"@context\":\"https:\/\/schema.org\",\"@graph\":[{\"@type\":\"WebPage\",\"@id\":\"https:\/\/arak.spicehorse.eu\/sk\/produkt\/equestrian-stockholm-vegan-fur-crystal-skokova-podsedlova-decka-bordeaux\/\",\"url\":\"https:\/\/arak.spicehorse.eu\/sk\/produkt\/equestrian-stockholm-vegan-fur-crystal-skokova-podsedlova-decka-bordeaux\/\",\"name\":\"Equestrian Stockholm Vegan Fur Crystal skokov\u00e1 podsedlov\u00e1 de\u010dka Bordeaux - Spicehorse\",\"isPartOf\":{\"@id\":\"https:\/\/arak.spicehorse.eu\/en\/#website\"},\"datePublished\":\"2025-12-07T12:11:00+00:00\",\"dateModified\":\"2026-03-09T12:28:57+00:00\",\"description\":\"spicehorse.eu | Jedine\u010dn\u00e1, nev\u0161edn\u00e1 a elegantn\u00e1 Equestrian Stockholm podsedlov\u00e1 de\u010dka s veg\u00e1nskou ko\u017eu\u0161inou, s lemom zdoben\u00fdm kri\u0161t\u00e1\u013emi a s modern\u00fdm \u0161tepovan\u00fdm vzorom s odznakom Equestrian Stockholm.\",\"breadcrumb\":{\"@id\":\"https:\/\/arak.spicehorse.eu\/sk\/produkt\/equestrian-stockholm-vegan-fur-crystal-skokova-podsedlova-decka-bordeaux\/#breadcrumb\"},\"inLanguage\":\"sk-SK\",\"potentialAction\":[{\"@type\":\"ReadAction\",\"target\":[\"https:\/\/arak.spicehorse.eu\/sk\/produkt\/equestrian-stockholm-vegan-fur-crystal-skokova-podsedlova-decka-bordeaux\/\"]}]},{\"@type\":\"BreadcrumbList\",\"@id\":\"https:\/\/arak.spicehorse.eu\/sk\/produkt\/equestrian-stockholm-vegan-fur-crystal-skokova-podsedlova-decka-bordeaux\/#breadcrumb\",\"itemListElement\":[{\"@type\":\"ListItem\",\"position\":1,\"name\":\"Home\",\"item\":\"https:\/\/arak.spicehorse.eu\/sk\/\"},{\"@type\":\"ListItem\",\"position\":2,\"name\":\"Predaj\u0148a\",\"item\":\"https:\/\/arak.spicehorse.eu\/sk\/predajna\/\"},{\"@type\":\"ListItem\",\"position\":3,\"name\":\"Equestrian Stockholm Vegan Fur Crystal skokov\u00e1 podsedlov\u00e1 de\u010dka Bordeaux\"}]},{\"@type\":\"WebSite\",\"@id\":\"https:\/\/arak.spicehorse.eu\/en\/#website\",\"url\":\"https:\/\/arak.spicehorse.eu\/en\/\",\"name\":\"Spicehorse\",\"description\":\"UNDER DEVELOPMENT -\",\"potentialAction\":[{\"@type\":\"SearchAction\",\"target\":{\"@type\":\"EntryPoint\",\"urlTemplate\":\"https:\/\/arak.spicehorse.eu\/en\/?s={search_term_string}\"},\"query-input\":\"required name=search_term_string\"}],\"inLanguage\":\"sk-SK\"}]}<\/script>\n<!-- \/ Yoast SEO plugin. -->","yoast_head_json":{"title":"Equestrian Stockholm Vegan Fur Crystal skokov\u00e1 podsedlov\u00e1 de\u010dka Bordeaux - Spicehorse","description":"spicehorse.eu | Jedine\u010dn\u00e1, nev\u0161edn\u00e1 a elegantn\u00e1 Equestrian Stockholm podsedlov\u00e1 de\u010dka s veg\u00e1nskou ko\u017eu\u0161inou, s lemom zdoben\u00fdm kri\u0161t\u00e1\u013emi a s modern\u00fdm \u0161tepovan\u00fdm vzorom s odznakom Equestrian Stockholm.","robots":{"index":"index","follow":"follow","max-snippet":"max-snippet:-1","max-image-preview":"max-image-preview:large","max-video-preview":"max-video-preview:-1"},"canonical":"https:\/\/arak.spicehorse.eu\/sk\/produkt\/equestrian-stockholm-vegan-fur-crystal-skokova-podsedlova-decka-bordeaux\/","og_locale":"sk_SK","og_type":"article","og_title":"Equestrian Stockholm Vegan Fur Crystal skokov\u00e1 podsedlov\u00e1 de\u010dka Bordeaux - Spicehorse","og_description":"spicehorse.eu | Jedine\u010dn\u00e1, nev\u0161edn\u00e1 a elegantn\u00e1 Equestrian Stockholm podsedlov\u00e1 de\u010dka s veg\u00e1nskou ko\u017eu\u0161inou, s lemom zdoben\u00fdm kri\u0161t\u00e1\u013emi a s modern\u00fdm \u0161tepovan\u00fdm vzorom s odznakom Equestrian Stockholm.","og_url":"https:\/\/arak.spicehorse.eu\/sk\/produkt\/equestrian-stockholm-vegan-fur-crystal-skokova-podsedlova-decka-bordeaux\/","og_site_name":"Spicehorse","article_publisher":"https:\/\/www.facebook.com\/SPICEHORSE-550385625402457\/","article_modified_time":"2026-03-09T12:28:57+00:00","og_image":[{"width":1500,"height":2000,"url":"https:\/\/arak.spicehorse.eu\/wp-content\/uploads\/2025\/12\/crystal-bordeaux-vegan-fur-jump-2000-1-8f613844-3310-4680-b393-4797323d4b08jpg.webp","type":"image\/webp"}],"twitter_card":"summary_large_image","schema":{"@context":"https:\/\/schema.org","@graph":[{"@type":"WebPage","@id":"https:\/\/arak.spicehorse.eu\/sk\/produkt\/equestrian-stockholm-vegan-fur-crystal-skokova-podsedlova-decka-bordeaux\/","url":"https:\/\/arak.spicehorse.eu\/sk\/produkt\/equestrian-stockholm-vegan-fur-crystal-skokova-podsedlova-decka-bordeaux\/","name":"Equestrian Stockholm Vegan Fur Crystal skokov\u00e1 podsedlov\u00e1 de\u010dka Bordeaux - Spicehorse","isPartOf":{"@id":"https:\/\/arak.spicehorse.eu\/en\/#website"},"datePublished":"2025-12-07T12:11:00+00:00","dateModified":"2026-03-09T12:28:57+00:00","description":"spicehorse.eu | Jedine\u010dn\u00e1, nev\u0161edn\u00e1 a elegantn\u00e1 Equestrian Stockholm podsedlov\u00e1 de\u010dka s veg\u00e1nskou ko\u017eu\u0161inou, s lemom zdoben\u00fdm kri\u0161t\u00e1\u013emi a s modern\u00fdm \u0161tepovan\u00fdm vzorom s odznakom Equestrian Stockholm.","breadcrumb":{"@id":"https:\/\/arak.spicehorse.eu\/sk\/produkt\/equestrian-stockholm-vegan-fur-crystal-skokova-podsedlova-decka-bordeaux\/#breadcrumb"},"inLanguage":"sk-SK","potentialAction":[{"@type":"ReadAction","target":["https:\/\/arak.spicehorse.eu\/sk\/produkt\/equestrian-stockholm-vegan-fur-crystal-skokova-podsedlova-decka-bordeaux\/"]}]},{"@type":"BreadcrumbList","@id":"https:\/\/arak.spicehorse.eu\/sk\/produkt\/equestrian-stockholm-vegan-fur-crystal-skokova-podsedlova-decka-bordeaux\/#breadcrumb","itemListElement":[{"@type":"ListItem","position":1,"name":"Home","item":"https:\/\/arak.spicehorse.eu\/sk\/"},{"@type":"ListItem","position":2,"name":"Predaj\u0148a","item":"https:\/\/arak.spicehorse.eu\/sk\/predajna\/"},{"@type":"ListItem","position":3,"name":"Equestrian Stockholm Vegan Fur Crystal skokov\u00e1 podsedlov\u00e1 de\u010dka Bordeaux"}]},{"@type":"WebSite","@id":"https:\/\/arak.spicehorse.eu\/en\/#website","url":"https:\/\/arak.spicehorse.eu\/en\/","name":"Spicehorse","description":"UNDER DEVELOPMENT -","potentialAction":[{"@type":"SearchAction","target":{"@type":"EntryPoint","urlTemplate":"https:\/\/arak.spicehorse.eu\/en\/?s={search_term_string}"},"query-input":"required name=search_term_string"}],"inLanguage":"sk-SK"}]}},"_links":{"self":[{"href":"https:\/\/arak.spicehorse.eu\/sk\/wp-json\/wp\/v2\/product\/209032"}],"collection":[{"href":"https:\/\/arak.spicehorse.eu\/sk\/wp-json\/wp\/v2\/product"}],"about":[{"href":"https:\/\/arak.spicehorse.eu\/sk\/wp-json\/wp\/v2\/types\/product"}],"wp:featuredmedia":[{"embeddable":true,"href":"https:\/\/arak.spicehorse.eu\/sk\/wp-json\/wp\/v2\/media\/209035"}],"wp:attachment":[{"href":"https:\/\/arak.spicehorse.eu\/sk\/wp-json\/wp\/v2\/media?parent=209032"}],"wp:term":[{"taxonomy":"product_cat","embeddable":true,"href":"https:\/\/arak.spicehorse.eu\/sk\/wp-json\/wp\/v2\/product_cat?post=209032"},{"taxonomy":"product_tag","embeddable":true,"href":"https:\/\/arak.spicehorse.eu\/sk\/wp-json\/wp\/v2\/product_tag?post=209032"}],"curies":[{"name":"wp","href":"https:\/\/api.w.org\/{rel}","templated":true}]}}