{"id":209179,"date":"2025-12-07T18:06:43","date_gmt":"2025-12-07T17:06:45","guid":{"rendered":"https:\/\/arak.spicehorse.eu\/?post_type=product&#038;p=209179"},"modified":"2025-12-11T15:32:28","modified_gmt":"2025-12-11T14:32:28","slug":"incrediwear-equine-ponozky-black-na-clenok-stimulujuce-krvny-obeh","status":"publish","type":"product","link":"https:\/\/arak.spicehorse.eu\/sk\/produkt\/incrediwear-equine-ponozky-black-na-clenok-stimulujuce-krvny-obeh\/","title":{"rendered":"Incrediwear Equine pono\u017eky BLACK na \u010dlenok stimuluj\u00face krvn\u00fd obeh"},"content":{"rendered":"<p style=\"font-weight: 400;\">Poskytnite v\u00e1\u0161mu ko\u0148ovi zv\u00fd\u0161en\u00fa oporu a regener\u00e1ciu Incrediwear Equine chr\u00e1ni\u010dom \u010dlenkov, ktor\u00e9 boli navrhnut\u00e9 na zn\u00ed\u017eenie z\u00e1palov, zmiernenie strnulosti a ur\u00fdchlenie hojenia \u0161liach zadn\u00fdch n\u00f4h.<\/p>\n<p style=\"font-weight: 400;\">S\u00fa ide\u00e1lne pre kone, ktor\u00e9 sa zotavuj\u00fa z probl\u00e9mov s \u010dlenkom alebo trpia chronick\u00fdm stresom k\u013abov, pono\u017eky prostredn\u00edctvom tkaniny s obsahom germ\u00e1nia a uhl\u00edka aktivuj\u00fa krvn\u00fd a lymfatick\u00fd obeh. Zv\u00fd\u0161n\u00edm pr\u00fadenia krvi a podporou prirodzenej termoregul\u00e1cie zni\u017euj\u00fa opuchy, ur\u00fdch\u013euj\u00fa hojenie a minimalizuj\u00fa \u010das potrebn\u00fd na regener\u00e1ciu bez kompresie alebo \u013eadu.<\/p>\n<p style=\"font-weight: 400;\">\u010ci sa pou\u017e\u00edvaj\u00fa po\u010das tr\u00e9ningu, transportu alebo na noc, chr\u00e1ni\u010de \u010dlenkov poskytuj\u00fa podporu cielene, bez obmedzenia pohybu, ktor\u00e1 pom\u00e1ha udr\u017eiava\u0165 pohyblivos\u0165 k\u013abov a pohodlie aj u kon\u00ed, ktor\u00e9 s\u00fa intenz\u00edvne vyu\u017e\u00edvaj\u00fa v jazdeck\u00fdch \u0161portoch.<\/p>\n<p style=\"font-weight: 400;\">Incrediwear Equine Circulation pono\u017eky na ochranu \u010dlenkov s\u00fa najinteligentnej\u0161ou podporou k\u013abov, ktor\u00e9 s\u00fa v tele ko\u0148a najviac nam\u00e1han\u00e9.<\/p>\n<p style=\"font-weight: 400;\"><strong>Regener\u00e1cia bez k<\/strong><strong>ompres<\/strong><strong>ie a bez \u013eadu pri z\u00e1pale \u010dlenkov, pre zachovanie obehu a zdravia k\u013abov. <\/strong><\/p>\n<p style=\"font-weight: 400;\">\u010ci u\u017e ide o regener\u00e1ciu po tr\u00e9ningu, po zranen\u00ed, o z\u00e1lap k\u013abov alebo regener\u00e1ciu po transporte, chr\u00e1ni\u010de \u010dlenkov Incrediwear Equine Circulation pon\u00fakaj\u00fa bezpe\u010dn\u00fa, vedecky podlo\u017een\u00fa alternat\u00edvu namiesto kompresn\u00fdch chr\u00e1ni\u010dov albo namiesto \u00a0NSAID.<\/p>\n<p style=\"font-weight: 400;\">Pono\u017eky s\u00fa vyroben\u00e9 z materi\u00e1lov o obsahom polovodi\u010dov (germ\u00e1nium a uhl\u00edk), podporuj\u00fa krvn\u00fd obeh, zni\u017euj\u00fa z\u00e1paly a ur\u00fdch\u013euj\u00fa regener\u00e1ciu bez kompresie a rizika podchladenia.<\/p>\n<p style=\"font-weight: 400;\"><strong>Hlavn\u00e9 v\u00fdhody<\/strong><\/p>\n<ul style=\"font-weight: 400;\">\n<li>Zni\u017euj\u00fa z\u00e1paly a opuchy<\/li>\n<li>Zlep\u0161uj\u00fa krvn\u00fd obeh a z\u00e1sobeni kysl\u00edkom<\/li>\n<li>Zlep\u0161uj\u00fa mobilitu a pohodlie \u0161liach<\/li>\n<li>Podporuj\u00fa zdrav\u00fa regener\u00e1ciu tkan\u00edv<\/li>\n<li>M\u00f4\u017eu sa bezpe\u010dne pou\u017e\u00edva\u0165 dlhodobo alebo na noc<\/li>\n<\/ul>\n<p style=\"font-weight: 400;\"><strong>N\u00e1vod na pou\u017eitie<\/strong><\/p>\n<p style=\"font-weight: 400;\"><strong>Pou\u017eitie za sucha<\/strong><strong> \u2013<\/strong><strong> obeh a regener\u00e1cia<\/strong><\/p>\n<ul style=\"font-weight: 400;\">\n<li>Pou\u017e\u00edvajte ich na regener\u00e1ciu po tr\u00e9ningu, na noc alebo po\u010das transportu ko\u0148a v pr\u00edvese<\/li>\n<li>Pom\u00e1haj\u00fa pri lie\u010dbe z\u00e1palu k\u013abov, strnulosti alebo miernych opuchov<\/li>\n<li>Maj\u00fa integrovan\u00fd silik\u00f3nov\u00fd \u00fachop pre zn\u00ed\u017eenie zo\u0161mykovania<\/li>\n<\/ul>\n<p style=\"font-weight: 400;\">Profesion\u00e1lny tip: V pr\u00edpade akt\u00edvnych kon\u00ed ne umiestnite rychloobv\u00e4z v z\u00e1ujme zv\u00fd\u0161enej bezpe\u010dnosti.<\/p>\n<p style=\"font-weight: 400;\"><strong>Vlhk\u00e9 pou\u017eitie &#8211; chadenie a z\u00e1paly<\/strong><\/p>\n<ul style=\"font-weight: 400;\">\n<li>Pono\u017eky namo\u010dte do studenej vody, vy\u017em\u00fdkajte, n\u00e1sledne umiestnite<\/li>\n<li>Aktivuje sa efekt Peltiera, ktor\u00fd chlad\u00ed a\u017e do -7,3\u00b0C<\/li>\n<li>Pono\u017eky nechajte na nohe 30\u201360 min\u00fat, po uschnut\u00ed ich vyzle\u010dte<\/li>\n<li>Ide\u00e1lne pri ak\u00fatnej svalovici, po tvrdom tr\u00e9ningu alebo pri rekonvalescencii po injekcii<\/li>\n<\/ul>\n<p style=\"font-weight: 400;\"><strong>Charakteristiky v\u00fdrobku<\/strong><\/p>\n<ul style=\"font-weight: 400;\">\n<li>1 p\u00e1r pono\u017eiek na ochranu \u010dlenkov (\u013eav\u00e9 + prav\u00e9)<\/li>\n<li>S vreckom pre jednoduch\u00e9 umiestnenie na kopyt\u00e1<\/li>\n<li>3D ergonomick\u00e9 tvarovanie \u2013 bez zipsov, such\u00fdch zipsov alebo tlakov\u00fdch bodov<\/li>\n<li>Silik\u00f3nov\u00e1 proti\u0161mykov\u00e1 p\u00e1ska na vrchu<\/li>\n<li>Mo\u017eno ich pra\u0165 v pr\u00e1\u010dke a opakovane pou\u017ei\u0165<\/li>\n<li>Jedna ve\u013ekos\u0165<\/li>\n<\/ul>\n<p style=\"font-weight: 400;\">\u26a0\ufe0f \u00a0D\u00f4le\u017eit\u00e1 pozn\u00e1mka k ve\u013ekostiam<\/p>\n<p style=\"font-weight: 400;\">Incrediwear Equine chr\u00e1ni\u010de \u010dlenkov s\u00fa dostupn\u00e9 v jednej ve\u013ekosti, s\u00fa elastick\u00e9, maj\u00fa ergonomick\u00e9 tvarovanie. V d\u00f4sledku anatomickej r\u00f4znorodosti sa v\u0161ak m\u00f4\u017ee sta\u0165, \u017ee nebud\u00fa vhodn\u00e9 pre ka\u017ed\u00e9ho ko\u0148a, obzvl\u00e1\u0161\u0165 pre kone s ve\u013emi ve\u013ek\u00fdmi alebo ve\u013emi mal\u00fdmi \u010dlenkov\u00fdmi k\u013abmi.<\/p>\n<p style=\"font-weight: 400;\"><strong>Vedeck\u00e9 pozadie<\/strong><\/p>\n<p style=\"font-weight: 400;\">Nez\u00e1visl\u00e9 termografick\u00e9 \u0161t\u00fadie preuk\u00e1zali, \u017ee tkanina Incrediwear m\u00e1 merate\u013en\u00e9 fyziologick\u00e9 \u00fa\u010dinky na \u010dlenkov\u00fd k\u013ab:<\/p>\n<ul style=\"font-weight: 400;\">\n<li>cievna aktivita vo vena saphenaeus sa zvy\u0161uje o +2,9\u00b0C<\/li>\n<li>zv\u00fd\u0161enie o +3,0 \u00b0C v mieste styku \u0161\u013eachy a kosti (oblas\u0165 p\u00e4tnej kosti)<\/li>\n<li>o +4,3\u00b0C trval\u00e9 teplo po odstr\u00e1nen\u00ed, \u010do potvrdzuje nepretr\u017eit\u00fa aktiv\u00e1ciu cirkul\u00e1cie<\/li>\n<li>Vidite\u013en\u00e1 aktiv\u00e1cia ciev od \u010dlenkov\u00e9ho k\u013abu po korunkov\u00fd k\u013ab<\/li>\n<li>Zv\u00fd\u0161en\u00fd termoadapt\u00edvny efekt, ktor\u00fd zlep\u0161uje prekrvenie, okysli\u010denie a regener\u00e1ciu aj pri n\u00edzkych teplot\u00e1ch prostredia. Termografick\u00e1 anal\u00fdza aplik\u00e1cie such\u00e9ho produktu na \u010dlenkov\u00fd k\u013ab je v s\u00falade s Dopplerov\u00fdm zobrazovan\u00edm a ukazuje 26 % n\u00e1rast prietoku krvi v \u0161\u013each\u00e1ch po pou\u017eit\u00ed Incrediwear.<\/li>\n<li>\u010eal\u0161\u00ed termografick\u00fd test aplik\u00e1cie Incrediwear na mokro na \u010dlenkovom k\u013abe preuk\u00e1zal chladiaci \u00fa\u010dinok a\u017e do -7,3 \u00b0C, ktor\u00fd pretrv\u00e1val viac ako hodinu. Zobrazovacie vy\u0161etrenia po odstr\u00e1nen\u00ed potvrdili zvy\u0161kov\u00fa vaskul\u00e1rnu aktivitu.<\/li>\n<li>Pon\u00faka bezpe\u010dn\u00e9 rie\u0161enie z\u00e1palov, bolesti a probl\u00e9mov s k\u013abmi bez nutnosti \u013eadu.<\/li>\n<\/ul>\n<p style=\"font-weight: 400;\"><strong>Pou\u017e\u00edvanie chr\u00e1ni\u010dov \u010dlenkov sa odpor\u00fa\u010da v pr\u00edpade nasledovn\u00fdch stavov:<\/strong><\/p>\n<ul style=\"font-weight: 400;\">\n<li>Z\u00e1pal tarsokrur\u00e1lneho k\u013abu (bogspavin, bonepavin, synovit\u00edda)<\/li>\n<li>Generalizovan\u00fd z\u00e1pal \u010dlenkov\u00e9ho k\u013abu (s\u00favisiaci s vekom alebo zotaven\u00edm po injekcii)<\/li>\n<li>Desmit\u00edda &#8211; z\u00e1pal v mieste \u00faponu v\u00e4zu (p\u00f4vod v zadnej kon\u010datine alebo strednej \u010dasti tela)<\/li>\n<li>SDFT\/DDFT z\u00e1pal \u00ed \u0161liach (pre\u0165a\u017eenie, natiahnutie stres z cestovania)<\/li>\n<li>Zhrubnutie alebo napnutie prstencov\u00e9ho v\u00e4zu<\/li>\n<li>Zvisl\u00fd ed\u00e9m po odpo\u010dinku v stajni alebo preprave v pr\u00edvese<\/li>\n<li>Okrajov\u00e9 opuchy (hromadenie tekutiny v predkolen\u00ed alebo v \u0161\u013eachovom puzdre)<\/li>\n<li>Boles\u0165 m\u00e4kk\u00fdch tkan\u00edv po s\u00fa\u0165a\u017ei alebo na tvrdom povrchu<\/li>\n<li>\u00a0Zotavenie po injekcii alebo lie\u010dbe r\u00e1zovou vlnou<\/li>\n<li>Bolestivos\u0165 po tr\u00e9ningu a oneskoren\u00fd z\u00e1pal<\/li>\n<li>Zotavenie po ceste a prevencia opuchov pri dlh\u00fdch cest\u00e1ch<\/li>\n<li>Nepretr\u017eit\u00e1 rehabilit\u00e1cia k\u013abov alebo \u0161liach po\u010das kontrolovanej rot\u00e1cie<\/li>\n<\/ul>\n<p style=\"font-weight: 400;\"><strong>N\u00e1vod na o\u0161etrenie<\/strong><\/p>\n<ul style=\"font-weight: 400;\">\n<li>Mo\u017eno pra\u0165 v pr\u00e1\u010dke v studenej vode (30\u201340\u00b0C \/ 86\u2013104\u00b0F)<\/li>\n<li>Pou\u017e\u00edvajte vreck\u00e1 na pranie alebo oblie\u010dky na vank\u00fa\u0161e<\/li>\n<li>Mo\u017eno ich su\u0161i\u0165 v su\u0161i\u010dke pri n\u00edzkych teplot\u00e1ch alebo vo\u013ene na vzduchu<\/li>\n<li>Nepou\u017e\u00edvajte bielidlo, ne\u017eehlite a ne\u010distite chemicky<\/li>\n<\/ul>\n","protected":false},"excerpt":{"rendered":"<p>Poskytnite v\u00e1\u0161mu ko\u0148ovi zv\u00fd\u0161en\u00fa oporu a regener\u00e1ciu Incrediwear Equine chr\u00e1ni\u010dom \u010dlenkov, ktor\u00e9 boli navrhnut\u00e9 na zn\u00ed\u017eenie z\u00e1palov, zmiernenie strnulosti a ur\u00fdchlenie hojenia \u0161liach zadn\u00fdch n\u00f4h. S\u00fa ide\u00e1lne pre kone, ktor\u00e9 sa zotavuj\u00fa z probl\u00e9mov s \u010dlenkom alebo trpia chronick\u00fdm stresom k\u013abov, pono\u017eky prostredn\u00edctvom tkaniny s obsahom germ\u00e1nia a uhl\u00edka aktivuj\u00fa krvn\u00fd a lymfatick\u00fd obeh. Zv\u00fd\u0161n\u00edm [&hellip;]<\/p>\n","protected":false},"featured_media":209187,"template":"","meta":{"_acf_changed":false},"product_cat":[75,118],"product_tag":[3187,444],"acf":[],"yoast_head":"<!-- This site is optimized with the Yoast SEO plugin v21.4 - https:\/\/yoast.com\/wordpress\/plugins\/seo\/ -->\n<title>Incrediwear Equine pono\u017eky BLACK na \u010dlenok stimuluj\u00face krvn\u00fd obeh - Spicehorse<\/title>\n<meta name=\"description\" content=\"spicehorse.eu | Poskytnite v\u00e1\u0161mu ko\u0148ovi zv\u00fd\u0161en\u00fa oporu a regener\u00e1ciu Incrediwear Equine chr\u00e1ni\u010dom \u010dlenkov, ktor\u00e9 boli navrhnut\u00e9 na zn\u00ed\u017eenie z\u00e1palov, zmiernenie strnulosti a ur\u00fdchlenie hojenia \u0161liach zadn\u00fdch n\u00f4h.\" \/>\n<meta name=\"robots\" content=\"index, follow, max-snippet:-1, max-image-preview:large, max-video-preview:-1\" \/>\n<link rel=\"canonical\" href=\"https:\/\/arak.spicehorse.eu\/termek\/incrediwear-equine-verkeringest-serkento-zokni-csankra-black\/\" \/>\n<meta property=\"og:locale\" content=\"sk_SK\" \/>\n<meta property=\"og:type\" content=\"article\" \/>\n<meta property=\"og:title\" content=\"Incrediwear Equine pono\u017eky BLACK na \u010dlenok stimuluj\u00face krvn\u00fd obeh - Spicehorse\" \/>\n<meta property=\"og:description\" content=\"spicehorse.eu | Poskytnite v\u00e1\u0161mu ko\u0148ovi zv\u00fd\u0161en\u00fa oporu a regener\u00e1ciu Incrediwear Equine chr\u00e1ni\u010dom \u010dlenkov, ktor\u00e9 boli navrhnut\u00e9 na zn\u00ed\u017eenie z\u00e1palov, zmiernenie strnulosti a ur\u00fdchlenie hojenia \u0161liach zadn\u00fdch n\u00f4h.\" \/>\n<meta property=\"og:url\" content=\"https:\/\/arak.spicehorse.eu\/termek\/incrediwear-equine-verkeringest-serkento-zokni-csankra-black\/\" \/>\n<meta property=\"og:site_name\" content=\"Spicehorse\" \/>\n<meta property=\"article:publisher\" content=\"https:\/\/www.facebook.com\/SPICEHORSE-550385625402457\/\" \/>\n<meta property=\"article:modified_time\" content=\"2025-12-11T14:32:28+00:00\" \/>\n<meta property=\"og:image\" content=\"https:\/\/arak.spicehorse.eu\/wp-content\/uploads\/2025\/12\/webhock-sleevepng.webp\" \/>\n\t<meta property=\"og:image:width\" content=\"1400\" \/>\n\t<meta property=\"og:image:height\" content=\"1400\" \/>\n\t<meta property=\"og:image:type\" content=\"image\/webp\" \/>\n<meta name=\"twitter:card\" content=\"summary_large_image\" \/>\n<meta name=\"twitter:label1\" content=\"Predpokladan\u00fd \u010das \u010d\u00edtania\" \/>\n\t<meta name=\"twitter:data1\" content=\"1 min\u00fata\" \/>\n<script type=\"application\/ld+json\" class=\"yoast-schema-graph\">{\"@context\":\"https:\/\/schema.org\",\"@graph\":[{\"@type\":\"WebPage\",\"@id\":\"https:\/\/arak.spicehorse.eu\/termek\/incrediwear-equine-verkeringest-serkento-zokni-csankra-black\/\",\"url\":\"https:\/\/arak.spicehorse.eu\/termek\/incrediwear-equine-verkeringest-serkento-zokni-csankra-black\/\",\"name\":\"Incrediwear Equine pono\u017eky BLACK na \u010dlenok stimuluj\u00face krvn\u00fd obeh - Spicehorse\",\"isPartOf\":{\"@id\":\"https:\/\/arak.spicehorse.eu\/en\/#website\"},\"datePublished\":\"2025-12-07T17:06:45+00:00\",\"dateModified\":\"2025-12-11T14:32:28+00:00\",\"description\":\"spicehorse.eu | Poskytnite v\u00e1\u0161mu ko\u0148ovi zv\u00fd\u0161en\u00fa oporu a regener\u00e1ciu Incrediwear Equine chr\u00e1ni\u010dom \u010dlenkov, ktor\u00e9 boli navrhnut\u00e9 na zn\u00ed\u017eenie z\u00e1palov, zmiernenie strnulosti a ur\u00fdchlenie hojenia \u0161liach zadn\u00fdch n\u00f4h.\",\"breadcrumb\":{\"@id\":\"https:\/\/arak.spicehorse.eu\/termek\/incrediwear-equine-verkeringest-serkento-zokni-csankra-black\/#breadcrumb\"},\"inLanguage\":\"sk-SK\",\"potentialAction\":[{\"@type\":\"ReadAction\",\"target\":[\"https:\/\/arak.spicehorse.eu\/termek\/incrediwear-equine-verkeringest-serkento-zokni-csankra-black\/\"]}]},{\"@type\":\"BreadcrumbList\",\"@id\":\"https:\/\/arak.spicehorse.eu\/termek\/incrediwear-equine-verkeringest-serkento-zokni-csankra-black\/#breadcrumb\",\"itemListElement\":[{\"@type\":\"ListItem\",\"position\":1,\"name\":\"Home\",\"item\":\"https:\/\/arak.spicehorse.eu\/sk\/\"},{\"@type\":\"ListItem\",\"position\":2,\"name\":\"Predaj\u0148a\",\"item\":\"https:\/\/arak.spicehorse.eu\/sk\/predajna\/\"},{\"@type\":\"ListItem\",\"position\":3,\"name\":\"Incrediwear Equine pono\u017eky BLACK na \u010dlenok stimuluj\u00face krvn\u00fd obeh\"}]},{\"@type\":\"WebSite\",\"@id\":\"https:\/\/arak.spicehorse.eu\/en\/#website\",\"url\":\"https:\/\/arak.spicehorse.eu\/en\/\",\"name\":\"Spicehorse\",\"description\":\"UNDER DEVELOPMENT -\",\"potentialAction\":[{\"@type\":\"SearchAction\",\"target\":{\"@type\":\"EntryPoint\",\"urlTemplate\":\"https:\/\/arak.spicehorse.eu\/en\/?s={search_term_string}\"},\"query-input\":\"required name=search_term_string\"}],\"inLanguage\":\"sk-SK\"}]}<\/script>\n<!-- \/ Yoast SEO plugin. -->","yoast_head_json":{"title":"Incrediwear Equine pono\u017eky BLACK na \u010dlenok stimuluj\u00face krvn\u00fd obeh - Spicehorse","description":"spicehorse.eu | Poskytnite v\u00e1\u0161mu ko\u0148ovi zv\u00fd\u0161en\u00fa oporu a regener\u00e1ciu Incrediwear Equine chr\u00e1ni\u010dom \u010dlenkov, ktor\u00e9 boli navrhnut\u00e9 na zn\u00ed\u017eenie z\u00e1palov, zmiernenie strnulosti a ur\u00fdchlenie hojenia \u0161liach zadn\u00fdch n\u00f4h.","robots":{"index":"index","follow":"follow","max-snippet":"max-snippet:-1","max-image-preview":"max-image-preview:large","max-video-preview":"max-video-preview:-1"},"canonical":"https:\/\/arak.spicehorse.eu\/termek\/incrediwear-equine-verkeringest-serkento-zokni-csankra-black\/","og_locale":"sk_SK","og_type":"article","og_title":"Incrediwear Equine pono\u017eky BLACK na \u010dlenok stimuluj\u00face krvn\u00fd obeh - Spicehorse","og_description":"spicehorse.eu | Poskytnite v\u00e1\u0161mu ko\u0148ovi zv\u00fd\u0161en\u00fa oporu a regener\u00e1ciu Incrediwear Equine chr\u00e1ni\u010dom \u010dlenkov, ktor\u00e9 boli navrhnut\u00e9 na zn\u00ed\u017eenie z\u00e1palov, zmiernenie strnulosti a ur\u00fdchlenie hojenia \u0161liach zadn\u00fdch n\u00f4h.","og_url":"https:\/\/arak.spicehorse.eu\/termek\/incrediwear-equine-verkeringest-serkento-zokni-csankra-black\/","og_site_name":"Spicehorse","article_publisher":"https:\/\/www.facebook.com\/SPICEHORSE-550385625402457\/","article_modified_time":"2025-12-11T14:32:28+00:00","og_image":[{"width":1400,"height":1400,"url":"https:\/\/arak.spicehorse.eu\/wp-content\/uploads\/2025\/12\/webhock-sleevepng.webp","type":"image\/webp"}],"twitter_card":"summary_large_image","twitter_misc":{"Predpokladan\u00fd \u010das \u010d\u00edtania":"1 min\u00fata"},"schema":{"@context":"https:\/\/schema.org","@graph":[{"@type":"WebPage","@id":"https:\/\/arak.spicehorse.eu\/termek\/incrediwear-equine-verkeringest-serkento-zokni-csankra-black\/","url":"https:\/\/arak.spicehorse.eu\/termek\/incrediwear-equine-verkeringest-serkento-zokni-csankra-black\/","name":"Incrediwear Equine pono\u017eky BLACK na \u010dlenok stimuluj\u00face krvn\u00fd obeh - Spicehorse","isPartOf":{"@id":"https:\/\/arak.spicehorse.eu\/en\/#website"},"datePublished":"2025-12-07T17:06:45+00:00","dateModified":"2025-12-11T14:32:28+00:00","description":"spicehorse.eu | Poskytnite v\u00e1\u0161mu ko\u0148ovi zv\u00fd\u0161en\u00fa oporu a regener\u00e1ciu Incrediwear Equine chr\u00e1ni\u010dom \u010dlenkov, ktor\u00e9 boli navrhnut\u00e9 na zn\u00ed\u017eenie z\u00e1palov, zmiernenie strnulosti a ur\u00fdchlenie hojenia \u0161liach zadn\u00fdch n\u00f4h.","breadcrumb":{"@id":"https:\/\/arak.spicehorse.eu\/termek\/incrediwear-equine-verkeringest-serkento-zokni-csankra-black\/#breadcrumb"},"inLanguage":"sk-SK","potentialAction":[{"@type":"ReadAction","target":["https:\/\/arak.spicehorse.eu\/termek\/incrediwear-equine-verkeringest-serkento-zokni-csankra-black\/"]}]},{"@type":"BreadcrumbList","@id":"https:\/\/arak.spicehorse.eu\/termek\/incrediwear-equine-verkeringest-serkento-zokni-csankra-black\/#breadcrumb","itemListElement":[{"@type":"ListItem","position":1,"name":"Home","item":"https:\/\/arak.spicehorse.eu\/sk\/"},{"@type":"ListItem","position":2,"name":"Predaj\u0148a","item":"https:\/\/arak.spicehorse.eu\/sk\/predajna\/"},{"@type":"ListItem","position":3,"name":"Incrediwear Equine pono\u017eky BLACK na \u010dlenok stimuluj\u00face krvn\u00fd obeh"}]},{"@type":"WebSite","@id":"https:\/\/arak.spicehorse.eu\/en\/#website","url":"https:\/\/arak.spicehorse.eu\/en\/","name":"Spicehorse","description":"UNDER DEVELOPMENT -","potentialAction":[{"@type":"SearchAction","target":{"@type":"EntryPoint","urlTemplate":"https:\/\/arak.spicehorse.eu\/en\/?s={search_term_string}"},"query-input":"required name=search_term_string"}],"inLanguage":"sk-SK"}]}},"_links":{"self":[{"href":"https:\/\/arak.spicehorse.eu\/sk\/wp-json\/wp\/v2\/product\/209179"}],"collection":[{"href":"https:\/\/arak.spicehorse.eu\/sk\/wp-json\/wp\/v2\/product"}],"about":[{"href":"https:\/\/arak.spicehorse.eu\/sk\/wp-json\/wp\/v2\/types\/product"}],"wp:featuredmedia":[{"embeddable":true,"href":"https:\/\/arak.spicehorse.eu\/sk\/wp-json\/wp\/v2\/media\/209187"}],"wp:attachment":[{"href":"https:\/\/arak.spicehorse.eu\/sk\/wp-json\/wp\/v2\/media?parent=209179"}],"wp:term":[{"taxonomy":"product_cat","embeddable":true,"href":"https:\/\/arak.spicehorse.eu\/sk\/wp-json\/wp\/v2\/product_cat?post=209179"},{"taxonomy":"product_tag","embeddable":true,"href":"https:\/\/arak.spicehorse.eu\/sk\/wp-json\/wp\/v2\/product_tag?post=209179"}],"curies":[{"name":"wp","href":"https:\/\/api.w.org\/{rel}","templated":true}]}}