{"id":209374,"date":"2025-12-20T20:56:38","date_gmt":"2025-12-20T19:56:39","guid":{"rendered":"https:\/\/arak.spicehorse.eu\/?post_type=product&#038;p=209374"},"modified":"2025-12-20T21:04:25","modified_gmt":"2025-12-20T20:04:25","slug":"lemieux-kruhovy-sal-navy","status":"publish","type":"product","link":"https:\/\/arak.spicehorse.eu\/sk\/produkt\/lemieux-kruhovy-sal-navy\/","title":{"rendered":"LeMieux kruhov\u00fd \u0161\u00e1l Navy"},"content":{"rendered":"<p style=\"font-weight: 400;\">LeMieux Snood kruhov\u00fd \u0161\u00e1l je univerz\u00e1lny n\u00e1kr\u010dn\u00edk, ochrana na tv\u00e1r, ktor\u00fd v\u00e1s po\u010das zimy dokonale udr\u017e\u00ed v\u00a0teple.<\/p>\n<p style=\"font-weight: 400;\">Je vyroben\u00fd z\u00a0extra jemn\u00e9ho materi\u00e1lu s\u00a0ploch\u00fdm \u0161it\u00edm pre maxim\u00e1lne pohodlie. Je ide\u00e1lny na nosenie v\u00a0stajni, alebo aj pod prilbou, v\u010faka materi\u00e1lu na\u0165ahuj\u00faceho sa do 4 smerov sa v\u00fdborne prisp\u00f4sobuje.<\/p>\n<p style=\"font-weight: 400;\">Perte ru\u010dne. Nevkladajte do su\u0161i\u010dky.<\/p>\n","protected":false},"excerpt":{"rendered":"<p>LeMieux Snood kruhov\u00fd \u0161\u00e1l je univerz\u00e1lny n\u00e1kr\u010dn\u00edk, ochrana na tv\u00e1r, ktor\u00fd v\u00e1s po\u010das zimy dokonale udr\u017e\u00ed v\u00a0teple. Je vyroben\u00fd z\u00a0extra jemn\u00e9ho materi\u00e1lu s\u00a0ploch\u00fdm \u0161it\u00edm pre maxim\u00e1lne pohodlie. Je ide\u00e1lny na nosenie v\u00a0stajni, alebo aj pod prilbou, v\u010faka materi\u00e1lu na\u0165ahuj\u00faceho sa do 4 smerov sa v\u00fdborne prisp\u00f4sobuje. Perte ru\u010dne. Nevkladajte do su\u0161i\u010dky.<\/p>\n","protected":false},"featured_media":209377,"template":"","meta":{"_acf_changed":false},"product_cat":[76,312],"product_tag":[2369,413],"acf":[],"yoast_head":"<!-- This site is optimized with the Yoast SEO plugin v21.4 - https:\/\/yoast.com\/wordpress\/plugins\/seo\/ -->\n<title>LeMieux kruhov\u00fd \u0161\u00e1l Navy - Spicehorse<\/title>\n<meta name=\"description\" content=\"spicehorse.eu | LeMieux Snood kruhov\u00fd \u0161\u00e1l je univerz\u00e1lny n\u00e1kr\u010dn\u00edk, ochrana na tv\u00e1r, ktor\u00fd v\u00e1s po\u010das zimy dokonale udr\u017e\u00ed v\u00a0teple.\" \/>\n<meta name=\"robots\" content=\"index, follow, max-snippet:-1, max-image-preview:large, max-video-preview:-1\" \/>\n<link rel=\"canonical\" href=\"https:\/\/arak.spicehorse.eu\/termek\/lemieux-korsal-navy\/\" \/>\n<meta property=\"og:locale\" content=\"sk_SK\" \/>\n<meta property=\"og:type\" content=\"article\" \/>\n<meta property=\"og:title\" content=\"LeMieux kruhov\u00fd \u0161\u00e1l Navy - Spicehorse\" \/>\n<meta property=\"og:description\" content=\"spicehorse.eu | LeMieux Snood kruhov\u00fd \u0161\u00e1l je univerz\u00e1lny n\u00e1kr\u010dn\u00edk, ochrana na tv\u00e1r, ktor\u00fd v\u00e1s po\u010das zimy dokonale udr\u017e\u00ed v\u00a0teple.\" \/>\n<meta property=\"og:url\" content=\"https:\/\/arak.spicehorse.eu\/termek\/lemieux-korsal-navy\/\" \/>\n<meta property=\"og:site_name\" content=\"Spicehorse\" \/>\n<meta property=\"article:publisher\" content=\"https:\/\/www.facebook.com\/SPICEHORSE-550385625402457\/\" \/>\n<meta property=\"article:modified_time\" content=\"2025-12-20T20:04:25+00:00\" \/>\n<meta property=\"og:image\" content=\"https:\/\/arak.spicehorse.eu\/wp-content\/uploads\/2025\/12\/lm-snood-navy1-lr-scaled.jpg\" \/>\n\t<meta property=\"og:image:width\" content=\"1920\" \/>\n\t<meta property=\"og:image:height\" content=\"2560\" \/>\n\t<meta property=\"og:image:type\" content=\"image\/jpeg\" \/>\n<meta name=\"twitter:card\" content=\"summary_large_image\" \/>\n<script type=\"application\/ld+json\" class=\"yoast-schema-graph\">{\"@context\":\"https:\/\/schema.org\",\"@graph\":[{\"@type\":\"WebPage\",\"@id\":\"https:\/\/arak.spicehorse.eu\/termek\/lemieux-korsal-navy\/\",\"url\":\"https:\/\/arak.spicehorse.eu\/termek\/lemieux-korsal-navy\/\",\"name\":\"LeMieux kruhov\u00fd \u0161\u00e1l Navy - Spicehorse\",\"isPartOf\":{\"@id\":\"https:\/\/arak.spicehorse.eu\/en\/#website\"},\"datePublished\":\"2025-12-20T19:56:39+00:00\",\"dateModified\":\"2025-12-20T20:04:25+00:00\",\"description\":\"spicehorse.eu | LeMieux Snood kruhov\u00fd \u0161\u00e1l je univerz\u00e1lny n\u00e1kr\u010dn\u00edk, ochrana na tv\u00e1r, ktor\u00fd v\u00e1s po\u010das zimy dokonale udr\u017e\u00ed v\u00a0teple.\",\"breadcrumb\":{\"@id\":\"https:\/\/arak.spicehorse.eu\/termek\/lemieux-korsal-navy\/#breadcrumb\"},\"inLanguage\":\"sk-SK\",\"potentialAction\":[{\"@type\":\"ReadAction\",\"target\":[\"https:\/\/arak.spicehorse.eu\/termek\/lemieux-korsal-navy\/\"]}]},{\"@type\":\"BreadcrumbList\",\"@id\":\"https:\/\/arak.spicehorse.eu\/termek\/lemieux-korsal-navy\/#breadcrumb\",\"itemListElement\":[{\"@type\":\"ListItem\",\"position\":1,\"name\":\"Home\",\"item\":\"https:\/\/arak.spicehorse.eu\/sk\/\"},{\"@type\":\"ListItem\",\"position\":2,\"name\":\"Predaj\u0148a\",\"item\":\"https:\/\/arak.spicehorse.eu\/sk\/predajna\/\"},{\"@type\":\"ListItem\",\"position\":3,\"name\":\"LeMieux kruhov\u00fd \u0161\u00e1l Navy\"}]},{\"@type\":\"WebSite\",\"@id\":\"https:\/\/arak.spicehorse.eu\/en\/#website\",\"url\":\"https:\/\/arak.spicehorse.eu\/en\/\",\"name\":\"Spicehorse\",\"description\":\"UNDER DEVELOPMENT -\",\"potentialAction\":[{\"@type\":\"SearchAction\",\"target\":{\"@type\":\"EntryPoint\",\"urlTemplate\":\"https:\/\/arak.spicehorse.eu\/en\/?s={search_term_string}\"},\"query-input\":\"required name=search_term_string\"}],\"inLanguage\":\"sk-SK\"}]}<\/script>\n<!-- \/ Yoast SEO plugin. -->","yoast_head_json":{"title":"LeMieux kruhov\u00fd \u0161\u00e1l Navy - Spicehorse","description":"spicehorse.eu | LeMieux Snood kruhov\u00fd \u0161\u00e1l je univerz\u00e1lny n\u00e1kr\u010dn\u00edk, ochrana na tv\u00e1r, ktor\u00fd v\u00e1s po\u010das zimy dokonale udr\u017e\u00ed v\u00a0teple.","robots":{"index":"index","follow":"follow","max-snippet":"max-snippet:-1","max-image-preview":"max-image-preview:large","max-video-preview":"max-video-preview:-1"},"canonical":"https:\/\/arak.spicehorse.eu\/termek\/lemieux-korsal-navy\/","og_locale":"sk_SK","og_type":"article","og_title":"LeMieux kruhov\u00fd \u0161\u00e1l Navy - Spicehorse","og_description":"spicehorse.eu | LeMieux Snood kruhov\u00fd \u0161\u00e1l je univerz\u00e1lny n\u00e1kr\u010dn\u00edk, ochrana na tv\u00e1r, ktor\u00fd v\u00e1s po\u010das zimy dokonale udr\u017e\u00ed v\u00a0teple.","og_url":"https:\/\/arak.spicehorse.eu\/termek\/lemieux-korsal-navy\/","og_site_name":"Spicehorse","article_publisher":"https:\/\/www.facebook.com\/SPICEHORSE-550385625402457\/","article_modified_time":"2025-12-20T20:04:25+00:00","og_image":[{"width":1920,"height":2560,"url":"https:\/\/arak.spicehorse.eu\/wp-content\/uploads\/2025\/12\/lm-snood-navy1-lr-scaled.jpg","type":"image\/jpeg"}],"twitter_card":"summary_large_image","schema":{"@context":"https:\/\/schema.org","@graph":[{"@type":"WebPage","@id":"https:\/\/arak.spicehorse.eu\/termek\/lemieux-korsal-navy\/","url":"https:\/\/arak.spicehorse.eu\/termek\/lemieux-korsal-navy\/","name":"LeMieux kruhov\u00fd \u0161\u00e1l Navy - Spicehorse","isPartOf":{"@id":"https:\/\/arak.spicehorse.eu\/en\/#website"},"datePublished":"2025-12-20T19:56:39+00:00","dateModified":"2025-12-20T20:04:25+00:00","description":"spicehorse.eu | LeMieux Snood kruhov\u00fd \u0161\u00e1l je univerz\u00e1lny n\u00e1kr\u010dn\u00edk, ochrana na tv\u00e1r, ktor\u00fd v\u00e1s po\u010das zimy dokonale udr\u017e\u00ed v\u00a0teple.","breadcrumb":{"@id":"https:\/\/arak.spicehorse.eu\/termek\/lemieux-korsal-navy\/#breadcrumb"},"inLanguage":"sk-SK","potentialAction":[{"@type":"ReadAction","target":["https:\/\/arak.spicehorse.eu\/termek\/lemieux-korsal-navy\/"]}]},{"@type":"BreadcrumbList","@id":"https:\/\/arak.spicehorse.eu\/termek\/lemieux-korsal-navy\/#breadcrumb","itemListElement":[{"@type":"ListItem","position":1,"name":"Home","item":"https:\/\/arak.spicehorse.eu\/sk\/"},{"@type":"ListItem","position":2,"name":"Predaj\u0148a","item":"https:\/\/arak.spicehorse.eu\/sk\/predajna\/"},{"@type":"ListItem","position":3,"name":"LeMieux kruhov\u00fd \u0161\u00e1l Navy"}]},{"@type":"WebSite","@id":"https:\/\/arak.spicehorse.eu\/en\/#website","url":"https:\/\/arak.spicehorse.eu\/en\/","name":"Spicehorse","description":"UNDER DEVELOPMENT -","potentialAction":[{"@type":"SearchAction","target":{"@type":"EntryPoint","urlTemplate":"https:\/\/arak.spicehorse.eu\/en\/?s={search_term_string}"},"query-input":"required name=search_term_string"}],"inLanguage":"sk-SK"}]}},"_links":{"self":[{"href":"https:\/\/arak.spicehorse.eu\/sk\/wp-json\/wp\/v2\/product\/209374"}],"collection":[{"href":"https:\/\/arak.spicehorse.eu\/sk\/wp-json\/wp\/v2\/product"}],"about":[{"href":"https:\/\/arak.spicehorse.eu\/sk\/wp-json\/wp\/v2\/types\/product"}],"wp:featuredmedia":[{"embeddable":true,"href":"https:\/\/arak.spicehorse.eu\/sk\/wp-json\/wp\/v2\/media\/209377"}],"wp:attachment":[{"href":"https:\/\/arak.spicehorse.eu\/sk\/wp-json\/wp\/v2\/media?parent=209374"}],"wp:term":[{"taxonomy":"product_cat","embeddable":true,"href":"https:\/\/arak.spicehorse.eu\/sk\/wp-json\/wp\/v2\/product_cat?post=209374"},{"taxonomy":"product_tag","embeddable":true,"href":"https:\/\/arak.spicehorse.eu\/sk\/wp-json\/wp\/v2\/product_tag?post=209374"}],"curies":[{"name":"wp","href":"https:\/\/api.w.org\/{rel}","templated":true}]}}