{"id":209588,"date":"2025-12-29T14:06:22","date_gmt":"2025-12-29T13:06:24","guid":{"rendered":"https:\/\/arak.spicehorse.eu\/?post_type=product&#038;p=209588"},"modified":"2026-01-06T16:59:36","modified_gmt":"2026-01-06T15:59:36","slug":"lemieux-hobby-horse-stajnova-deka","status":"publish","type":"product","link":"https:\/\/arak.spicehorse.eu\/sk\/produkt\/lemieux-hobby-horse-stajnova-deka\/","title":{"rendered":"LeMieux Hobby Horse staj\u0148ov\u00e1 deka"},"content":{"rendered":"<div>\n<p><span lang=\"SK\">Udr\u017eujte va\u0161u hra\u010dku pon\u00edka LeMieux v stajni v\u00a0teple v\u010faka tejto staj\u0148ovej deke. <\/span><\/p>\n<\/div>\n<div>\n<p><span lang=\"SK\">Vpredu sa zap\u00edna kovov\u00fdmi sponami, m\u00e1 odn\u00edmate\u013en\u00fa kr\u010dn\u00fa \u010das\u0165. Je presne tak\u00e1 ako ozajstn\u00e1 staj\u0148ov\u00e1 deka, s\u00a0autentick\u00fdmi detailmi a\u00a0materi\u00e1lmi, pom\u00e1haj\u00fac mal\u00fdm jazdcom, aby si hravou formou osvojili starostlivos\u0165 o\u00a0pon\u00edka.<\/span><\/p>\n<\/div>\n<div>\n<p><span lang=\"SK\">Vodn\u00e9 od 3 rokov.<\/span><\/p>\n<\/div>\n<div>\n<p><span lang=\"SK\">Pranie na 30\u00b0C<\/span><\/p>\n<\/div>\n","protected":false},"excerpt":{"rendered":"<p>Udr\u017eujte va\u0161u hra\u010dku pon\u00edka LeMieux v stajni v\u00a0teple v\u010faka tejto staj\u0148ovej deke. Vpredu sa zap\u00edna kovov\u00fdmi sponami, m\u00e1 odn\u00edmate\u013en\u00fa kr\u010dn\u00fa \u010das\u0165. Je presne tak\u00e1 ako ozajstn\u00e1 staj\u0148ov\u00e1 deka, s\u00a0autentick\u00fdmi detailmi a\u00a0materi\u00e1lmi, pom\u00e1haj\u00fac mal\u00fdm jazdcom, aby si hravou formou osvojili starostlivos\u0165 o\u00a0pon\u00edka. Vodn\u00e9 od 3 rokov. Pranie na 30\u00b0C<\/p>\n","protected":false},"featured_media":209597,"template":"","meta":{"_acf_changed":false},"product_cat":[2534,3228,76,312],"product_tag":[265,2868,227,2369,2589,422,2389],"acf":[],"yoast_head":"<!-- This site is optimized with the Yoast SEO plugin v21.4 - https:\/\/yoast.com\/wordpress\/plugins\/seo\/ -->\n<title>LeMieux Hobby Horse staj\u0148ov\u00e1 deka - Spicehorse<\/title>\n<meta name=\"description\" content=\"spicehorse.eu | Udr\u017eujte va\u0161u hra\u010dku pon\u00edka LeMieux v stajni v\u00a0teple v\u010faka tejto staj\u0148ovej deke.\" \/>\n<meta name=\"robots\" content=\"index, follow, max-snippet:-1, max-image-preview:large, max-video-preview:-1\" \/>\n<link rel=\"canonical\" href=\"https:\/\/arak.spicehorse.eu\/termek\/lemieux-hobby-horse-istallotakaro\/\" \/>\n<meta property=\"og:locale\" content=\"sk_SK\" \/>\n<meta property=\"og:type\" content=\"article\" \/>\n<meta property=\"og:title\" content=\"LeMieux Hobby Horse staj\u0148ov\u00e1 deka - Spicehorse\" \/>\n<meta property=\"og:description\" content=\"spicehorse.eu | Udr\u017eujte va\u0161u hra\u010dku pon\u00edka LeMieux v stajni v\u00a0teple v\u010faka tejto staj\u0148ovej deke.\" \/>\n<meta property=\"og:url\" content=\"https:\/\/arak.spicehorse.eu\/termek\/lemieux-hobby-horse-istallotakaro\/\" \/>\n<meta property=\"og:site_name\" content=\"Spicehorse\" \/>\n<meta property=\"article:publisher\" content=\"https:\/\/www.facebook.com\/SPICEHORSE-550385625402457\/\" \/>\n<meta property=\"article:modified_time\" content=\"2026-01-06T15:59:36+00:00\" \/>\n<meta property=\"og:image\" content=\"https:\/\/arak.spicehorse.eu\/wp-content\/uploads\/2025\/12\/it07115-product-hobbyhorsestablerug-navy-1.jpg\" \/>\n\t<meta property=\"og:image:width\" content=\"1600\" \/>\n\t<meta property=\"og:image:height\" content=\"1600\" \/>\n\t<meta property=\"og:image:type\" content=\"image\/jpeg\" \/>\n<meta name=\"twitter:card\" content=\"summary_large_image\" \/>\n<script type=\"application\/ld+json\" class=\"yoast-schema-graph\">{\"@context\":\"https:\/\/schema.org\",\"@graph\":[{\"@type\":\"WebPage\",\"@id\":\"https:\/\/arak.spicehorse.eu\/termek\/lemieux-hobby-horse-istallotakaro\/\",\"url\":\"https:\/\/arak.spicehorse.eu\/termek\/lemieux-hobby-horse-istallotakaro\/\",\"name\":\"LeMieux Hobby Horse staj\u0148ov\u00e1 deka - Spicehorse\",\"isPartOf\":{\"@id\":\"https:\/\/arak.spicehorse.eu\/en\/#website\"},\"datePublished\":\"2025-12-29T13:06:24+00:00\",\"dateModified\":\"2026-01-06T15:59:36+00:00\",\"description\":\"spicehorse.eu | Udr\u017eujte va\u0161u hra\u010dku pon\u00edka LeMieux v stajni v\u00a0teple v\u010faka tejto staj\u0148ovej deke.\",\"breadcrumb\":{\"@id\":\"https:\/\/arak.spicehorse.eu\/termek\/lemieux-hobby-horse-istallotakaro\/#breadcrumb\"},\"inLanguage\":\"sk-SK\",\"potentialAction\":[{\"@type\":\"ReadAction\",\"target\":[\"https:\/\/arak.spicehorse.eu\/termek\/lemieux-hobby-horse-istallotakaro\/\"]}]},{\"@type\":\"BreadcrumbList\",\"@id\":\"https:\/\/arak.spicehorse.eu\/termek\/lemieux-hobby-horse-istallotakaro\/#breadcrumb\",\"itemListElement\":[{\"@type\":\"ListItem\",\"position\":1,\"name\":\"Home\",\"item\":\"https:\/\/arak.spicehorse.eu\/sk\/\"},{\"@type\":\"ListItem\",\"position\":2,\"name\":\"Predaj\u0148a\",\"item\":\"https:\/\/arak.spicehorse.eu\/sk\/predajna\/\"},{\"@type\":\"ListItem\",\"position\":3,\"name\":\"LeMieux Hobby Horse staj\u0148ov\u00e1 deka\"}]},{\"@type\":\"WebSite\",\"@id\":\"https:\/\/arak.spicehorse.eu\/en\/#website\",\"url\":\"https:\/\/arak.spicehorse.eu\/en\/\",\"name\":\"Spicehorse\",\"description\":\"UNDER DEVELOPMENT -\",\"potentialAction\":[{\"@type\":\"SearchAction\",\"target\":{\"@type\":\"EntryPoint\",\"urlTemplate\":\"https:\/\/arak.spicehorse.eu\/en\/?s={search_term_string}\"},\"query-input\":\"required name=search_term_string\"}],\"inLanguage\":\"sk-SK\"}]}<\/script>\n<!-- \/ Yoast SEO plugin. -->","yoast_head_json":{"title":"LeMieux Hobby Horse staj\u0148ov\u00e1 deka - Spicehorse","description":"spicehorse.eu | Udr\u017eujte va\u0161u hra\u010dku pon\u00edka LeMieux v stajni v\u00a0teple v\u010faka tejto staj\u0148ovej deke.","robots":{"index":"index","follow":"follow","max-snippet":"max-snippet:-1","max-image-preview":"max-image-preview:large","max-video-preview":"max-video-preview:-1"},"canonical":"https:\/\/arak.spicehorse.eu\/termek\/lemieux-hobby-horse-istallotakaro\/","og_locale":"sk_SK","og_type":"article","og_title":"LeMieux Hobby Horse staj\u0148ov\u00e1 deka - Spicehorse","og_description":"spicehorse.eu | Udr\u017eujte va\u0161u hra\u010dku pon\u00edka LeMieux v stajni v\u00a0teple v\u010faka tejto staj\u0148ovej deke.","og_url":"https:\/\/arak.spicehorse.eu\/termek\/lemieux-hobby-horse-istallotakaro\/","og_site_name":"Spicehorse","article_publisher":"https:\/\/www.facebook.com\/SPICEHORSE-550385625402457\/","article_modified_time":"2026-01-06T15:59:36+00:00","og_image":[{"width":1600,"height":1600,"url":"https:\/\/arak.spicehorse.eu\/wp-content\/uploads\/2025\/12\/it07115-product-hobbyhorsestablerug-navy-1.jpg","type":"image\/jpeg"}],"twitter_card":"summary_large_image","schema":{"@context":"https:\/\/schema.org","@graph":[{"@type":"WebPage","@id":"https:\/\/arak.spicehorse.eu\/termek\/lemieux-hobby-horse-istallotakaro\/","url":"https:\/\/arak.spicehorse.eu\/termek\/lemieux-hobby-horse-istallotakaro\/","name":"LeMieux Hobby Horse staj\u0148ov\u00e1 deka - Spicehorse","isPartOf":{"@id":"https:\/\/arak.spicehorse.eu\/en\/#website"},"datePublished":"2025-12-29T13:06:24+00:00","dateModified":"2026-01-06T15:59:36+00:00","description":"spicehorse.eu | Udr\u017eujte va\u0161u hra\u010dku pon\u00edka LeMieux v stajni v\u00a0teple v\u010faka tejto staj\u0148ovej deke.","breadcrumb":{"@id":"https:\/\/arak.spicehorse.eu\/termek\/lemieux-hobby-horse-istallotakaro\/#breadcrumb"},"inLanguage":"sk-SK","potentialAction":[{"@type":"ReadAction","target":["https:\/\/arak.spicehorse.eu\/termek\/lemieux-hobby-horse-istallotakaro\/"]}]},{"@type":"BreadcrumbList","@id":"https:\/\/arak.spicehorse.eu\/termek\/lemieux-hobby-horse-istallotakaro\/#breadcrumb","itemListElement":[{"@type":"ListItem","position":1,"name":"Home","item":"https:\/\/arak.spicehorse.eu\/sk\/"},{"@type":"ListItem","position":2,"name":"Predaj\u0148a","item":"https:\/\/arak.spicehorse.eu\/sk\/predajna\/"},{"@type":"ListItem","position":3,"name":"LeMieux Hobby Horse staj\u0148ov\u00e1 deka"}]},{"@type":"WebSite","@id":"https:\/\/arak.spicehorse.eu\/en\/#website","url":"https:\/\/arak.spicehorse.eu\/en\/","name":"Spicehorse","description":"UNDER DEVELOPMENT -","potentialAction":[{"@type":"SearchAction","target":{"@type":"EntryPoint","urlTemplate":"https:\/\/arak.spicehorse.eu\/en\/?s={search_term_string}"},"query-input":"required name=search_term_string"}],"inLanguage":"sk-SK"}]}},"_links":{"self":[{"href":"https:\/\/arak.spicehorse.eu\/sk\/wp-json\/wp\/v2\/product\/209588"}],"collection":[{"href":"https:\/\/arak.spicehorse.eu\/sk\/wp-json\/wp\/v2\/product"}],"about":[{"href":"https:\/\/arak.spicehorse.eu\/sk\/wp-json\/wp\/v2\/types\/product"}],"wp:featuredmedia":[{"embeddable":true,"href":"https:\/\/arak.spicehorse.eu\/sk\/wp-json\/wp\/v2\/media\/209597"}],"wp:attachment":[{"href":"https:\/\/arak.spicehorse.eu\/sk\/wp-json\/wp\/v2\/media?parent=209588"}],"wp:term":[{"taxonomy":"product_cat","embeddable":true,"href":"https:\/\/arak.spicehorse.eu\/sk\/wp-json\/wp\/v2\/product_cat?post=209588"},{"taxonomy":"product_tag","embeddable":true,"href":"https:\/\/arak.spicehorse.eu\/sk\/wp-json\/wp\/v2\/product_tag?post=209588"}],"curies":[{"name":"wp","href":"https:\/\/api.w.org\/{rel}","templated":true}]}}