{"id":209649,"date":"2025-12-29T15:36:39","date_gmt":"2025-12-29T14:36:43","guid":{"rendered":"https:\/\/arak.spicehorse.eu\/?post_type=product&#038;p=209649"},"modified":"2026-01-06T17:02:21","modified_gmt":"2026-01-06T16:02:21","slug":"kentucky-vak-na-seno-rohovy","status":"publish","type":"product","link":"https:\/\/arak.spicehorse.eu\/sk\/produkt\/kentucky-vak-na-seno-rohovy\/","title":{"rendered":"Kentucky vak na seno rohov\u00fd"},"content":{"rendered":"<div>\n<p><span lang=\"SK\">Spoznajte inovat\u00edvny vak na seno od Kentucky Horsewear, ktor\u00fd pon\u00faka ide\u00e1lne rie\u0161enie pre \u0161etrenie miestom, mo\u017eno ho zavesi\u0165 v\u00a0ktorejko\u013evek rohu stajne a\u00a0boxu.<\/span><\/p>\n<\/div>\n<div>\n<p><span lang=\"SK\">Vak na seno je prisp\u00f4soben\u00fd potreb\u00e1m ko\u0148a, zni\u017euje tvorbu odpadu zo sena. Na vrchu vaku sa nach\u00e1dza ve\u013ek\u00fd otvor, na spodnej strane pohodln\u00fd men\u0161\u00ed otvor, ktor\u00fd umo\u017e\u0148uje, aby sa k\u00f4\u0148 \u013eahko dostal k\u00a0senu, t\u00fdm p\u00e1dom m\u00f4\u017ee bezstarostne ukon\u010di\u0165 obsah. Je robustn\u00fd, vyroben\u00fd z\u00a0odoln\u00e9ho materi\u00e1lu, vak na seno odol\u00e1va ka\u017edodenn\u00e9mu pou\u017e\u00edvaniu v\u00a0akomko\u013evek prostred\u00ed stajne. Je dokonal\u00fd na k\u0155menie ko\u0148a, s\u00a0ide\u00e1lnym mno\u017estvom sena, vo ve\u013ekosti M s\u00a0mno\u017estvom sena do 8 kg, vo ve\u013ekosti L s\u00a0mno\u017estvom sena do 14 kg.<\/span><\/p>\n<\/div>\n<div>\n<p><span lang=\"SK\">Je vyroben\u00fd z\u00a0pevn\u00e9ho materi\u00e1lu, je tvarovan\u00fd tak, \u017ee zabra\u0148uje tomu, aby sa podkova alebo kopyto ko\u0148a zasekli, a to v\u010faka husto tkanej sie\u0165ovine.<\/span><\/p>\n<\/div>\n<div>\n<p><span lang=\"SK\">Tento vak ur\u010den\u00fd do rohu je navrhnut\u00fd tak, aby sa po\u013eahky zmestil do rohu boxu. V\u010faka 3 h\u00e1\u010dikom ho mo\u017eno po\u013eahky zavesi\u0165. Vak je dostupn\u00fd vo ve\u013ekosti M (hoci aj pre 8 kg sena) a\u00a0ve\u013ekosti L (hoci aj pre 14 kg sena). Ve\u013ekos\u0165 meran\u00e1 v\u00a0najv\u00e4\u010d\u0161ej \u010dasti je pri ve\u013ekosti M 110 cm, pri ve\u013ekosti L 140 cm.<\/span><\/p>\n<\/div>\n<div>\n<p><span lang=\"SK\">Vak na seno \u010distite ka\u017ed\u00fd de\u0148, aby ste sa vyhli ukladaniu prachu. Pre d\u00f4kladn\u00e9 \u010distenie ho vy\u010distite vodou a\u00a0jemn\u00fdm sapon\u00e1tom, n\u00e1sledne nechajte vo\u013ene uschn\u00fa\u0165 na vzduchu.\u00a0<\/span><\/p>\n<\/div>\n","protected":false},"excerpt":{"rendered":"<ul style=\"font-weight: 400;\">\n<li>V\u010faka jemnej sie\u0165ovitej \u0161trukt\u00fare zni\u017euje mno\u017estvo vznikaj\u00faceho odpadu zo sena<\/li>\n<li>Rohov\u00e9 tvarovanie: dokonale sa hod\u00ed do rohu boxu, \u013eahko ho mo\u017eno zavesi\u0165 pomocou 3 h\u00e1\u010dikov<\/li>\n<li>Je bezpe\u010dn\u00fd a stabiln\u00fd: husto tkan\u00e1 sie\u0165ka zabra\u0148uje tomu, aby sa podkova alebo kopyto ko\u0148a zasekli, \u010d\u00edm sa zni\u017euje riziko vzniku \u00farazov<\/li>\n<li>Je odoln\u00fd a spo\u013eahliv\u00fd: je vyroben\u00fd z materi\u00e1lov vynikaj\u00facej kvality, vhodn\u00fd na ka\u017edodenn\u00e9 pou\u017e\u00edvanie<\/li>\n<li>\u013dahko a r\u00fdchlo mo\u017eno nachysta\u0165 potrebn\u00fa d\u00e1vku sena: udr\u017e\u00ed 8, resp. a\u017e 14 kilogramov sena (v z\u00e1vislosti od ve\u013ekosti)<\/li>\n<li>Jednoducho pou\u017e\u00edvate\u013en\u00fd spodn\u00fd otvor: bol navrhnut\u00fd v znamen\u00ed pohodlia, t\u00fdm p\u00e1dom m\u00f4\u017ee k\u00f4\u0148 \u013eahko ukon\u010di\u0165 jedenie sena<\/li>\n<\/ul>\n","protected":false},"featured_media":209654,"template":"","meta":{"_acf_changed":false},"product_cat":[75,120],"product_tag":[184,467],"acf":[],"yoast_head":"<!-- This site is optimized with the Yoast SEO plugin v21.4 - https:\/\/yoast.com\/wordpress\/plugins\/seo\/ -->\n<title>Kentucky vak na seno rohov\u00fd - Spicehorse<\/title>\n<meta name=\"description\" content=\"spicehorse.eu |\u00a0Spoznajte inovat\u00edvny vak na seno od Kentucky Horsewear, ktor\u00fd pon\u00faka ide\u00e1lne rie\u0161enie pre \u0161etrenie miestom, mo\u017eno ho zavesi\u0165 v\u00a0ktorejko\u013evek rohu stajne a\u00a0boxu.\" \/>\n<meta name=\"robots\" content=\"index, follow, max-snippet:-1, max-image-preview:large, max-video-preview:-1\" \/>\n<link rel=\"canonical\" href=\"https:\/\/arak.spicehorse.eu\/termek\/kentucky-szenazsak-sarok\/\" \/>\n<meta property=\"og:locale\" content=\"sk_SK\" \/>\n<meta property=\"og:type\" content=\"article\" \/>\n<meta property=\"og:title\" content=\"Kentucky vak na seno rohov\u00fd - Spicehorse\" \/>\n<meta property=\"og:description\" content=\"spicehorse.eu |\u00a0Spoznajte inovat\u00edvny vak na seno od Kentucky Horsewear, ktor\u00fd pon\u00faka ide\u00e1lne rie\u0161enie pre \u0161etrenie miestom, mo\u017eno ho zavesi\u0165 v\u00a0ktorejko\u013evek rohu stajne a\u00a0boxu.\" \/>\n<meta property=\"og:url\" content=\"https:\/\/arak.spicehorse.eu\/termek\/kentucky-szenazsak-sarok\/\" \/>\n<meta property=\"og:site_name\" content=\"Spicehorse\" \/>\n<meta property=\"article:publisher\" content=\"https:\/\/www.facebook.com\/SPICEHORSE-550385625402457\/\" \/>\n<meta property=\"article:modified_time\" content=\"2026-01-06T16:02:21+00:00\" \/>\n<meta property=\"og:image\" content=\"https:\/\/arak.spicehorse.eu\/wp-content\/uploads\/2025\/12\/79b8cd96704dc2f3b52b534f20ffc59e22a6090e79b1280a849f0453e84274ff.jpg\" \/>\n\t<meta property=\"og:image:width\" content=\"2048\" \/>\n\t<meta property=\"og:image:height\" content=\"2048\" \/>\n\t<meta property=\"og:image:type\" content=\"image\/jpeg\" \/>\n<meta name=\"twitter:card\" content=\"summary_large_image\" \/>\n<meta name=\"twitter:label1\" content=\"Predpokladan\u00fd \u010das \u010d\u00edtania\" \/>\n\t<meta name=\"twitter:data1\" content=\"1 min\u00fata\" \/>\n<script type=\"application\/ld+json\" class=\"yoast-schema-graph\">{\"@context\":\"https:\/\/schema.org\",\"@graph\":[{\"@type\":\"WebPage\",\"@id\":\"https:\/\/arak.spicehorse.eu\/termek\/kentucky-szenazsak-sarok\/\",\"url\":\"https:\/\/arak.spicehorse.eu\/termek\/kentucky-szenazsak-sarok\/\",\"name\":\"Kentucky vak na seno rohov\u00fd - Spicehorse\",\"isPartOf\":{\"@id\":\"https:\/\/arak.spicehorse.eu\/en\/#website\"},\"datePublished\":\"2025-12-29T14:36:43+00:00\",\"dateModified\":\"2026-01-06T16:02:21+00:00\",\"description\":\"spicehorse.eu |\u00a0Spoznajte inovat\u00edvny vak na seno od Kentucky Horsewear, ktor\u00fd pon\u00faka ide\u00e1lne rie\u0161enie pre \u0161etrenie miestom, mo\u017eno ho zavesi\u0165 v\u00a0ktorejko\u013evek rohu stajne a\u00a0boxu.\",\"breadcrumb\":{\"@id\":\"https:\/\/arak.spicehorse.eu\/termek\/kentucky-szenazsak-sarok\/#breadcrumb\"},\"inLanguage\":\"sk-SK\",\"potentialAction\":[{\"@type\":\"ReadAction\",\"target\":[\"https:\/\/arak.spicehorse.eu\/termek\/kentucky-szenazsak-sarok\/\"]}]},{\"@type\":\"BreadcrumbList\",\"@id\":\"https:\/\/arak.spicehorse.eu\/termek\/kentucky-szenazsak-sarok\/#breadcrumb\",\"itemListElement\":[{\"@type\":\"ListItem\",\"position\":1,\"name\":\"Home\",\"item\":\"https:\/\/arak.spicehorse.eu\/sk\/\"},{\"@type\":\"ListItem\",\"position\":2,\"name\":\"Predaj\u0148a\",\"item\":\"https:\/\/arak.spicehorse.eu\/sk\/predajna\/\"},{\"@type\":\"ListItem\",\"position\":3,\"name\":\"Kentucky vak na seno rohov\u00fd\"}]},{\"@type\":\"WebSite\",\"@id\":\"https:\/\/arak.spicehorse.eu\/en\/#website\",\"url\":\"https:\/\/arak.spicehorse.eu\/en\/\",\"name\":\"Spicehorse\",\"description\":\"UNDER DEVELOPMENT -\",\"potentialAction\":[{\"@type\":\"SearchAction\",\"target\":{\"@type\":\"EntryPoint\",\"urlTemplate\":\"https:\/\/arak.spicehorse.eu\/en\/?s={search_term_string}\"},\"query-input\":\"required name=search_term_string\"}],\"inLanguage\":\"sk-SK\"}]}<\/script>\n<!-- \/ Yoast SEO plugin. -->","yoast_head_json":{"title":"Kentucky vak na seno rohov\u00fd - Spicehorse","description":"spicehorse.eu |\u00a0Spoznajte inovat\u00edvny vak na seno od Kentucky Horsewear, ktor\u00fd pon\u00faka ide\u00e1lne rie\u0161enie pre \u0161etrenie miestom, mo\u017eno ho zavesi\u0165 v\u00a0ktorejko\u013evek rohu stajne a\u00a0boxu.","robots":{"index":"index","follow":"follow","max-snippet":"max-snippet:-1","max-image-preview":"max-image-preview:large","max-video-preview":"max-video-preview:-1"},"canonical":"https:\/\/arak.spicehorse.eu\/termek\/kentucky-szenazsak-sarok\/","og_locale":"sk_SK","og_type":"article","og_title":"Kentucky vak na seno rohov\u00fd - Spicehorse","og_description":"spicehorse.eu |\u00a0Spoznajte inovat\u00edvny vak na seno od Kentucky Horsewear, ktor\u00fd pon\u00faka ide\u00e1lne rie\u0161enie pre \u0161etrenie miestom, mo\u017eno ho zavesi\u0165 v\u00a0ktorejko\u013evek rohu stajne a\u00a0boxu.","og_url":"https:\/\/arak.spicehorse.eu\/termek\/kentucky-szenazsak-sarok\/","og_site_name":"Spicehorse","article_publisher":"https:\/\/www.facebook.com\/SPICEHORSE-550385625402457\/","article_modified_time":"2026-01-06T16:02:21+00:00","og_image":[{"width":2048,"height":2048,"url":"https:\/\/arak.spicehorse.eu\/wp-content\/uploads\/2025\/12\/79b8cd96704dc2f3b52b534f20ffc59e22a6090e79b1280a849f0453e84274ff.jpg","type":"image\/jpeg"}],"twitter_card":"summary_large_image","twitter_misc":{"Predpokladan\u00fd \u010das \u010d\u00edtania":"1 min\u00fata"},"schema":{"@context":"https:\/\/schema.org","@graph":[{"@type":"WebPage","@id":"https:\/\/arak.spicehorse.eu\/termek\/kentucky-szenazsak-sarok\/","url":"https:\/\/arak.spicehorse.eu\/termek\/kentucky-szenazsak-sarok\/","name":"Kentucky vak na seno rohov\u00fd - Spicehorse","isPartOf":{"@id":"https:\/\/arak.spicehorse.eu\/en\/#website"},"datePublished":"2025-12-29T14:36:43+00:00","dateModified":"2026-01-06T16:02:21+00:00","description":"spicehorse.eu |\u00a0Spoznajte inovat\u00edvny vak na seno od Kentucky Horsewear, ktor\u00fd pon\u00faka ide\u00e1lne rie\u0161enie pre \u0161etrenie miestom, mo\u017eno ho zavesi\u0165 v\u00a0ktorejko\u013evek rohu stajne a\u00a0boxu.","breadcrumb":{"@id":"https:\/\/arak.spicehorse.eu\/termek\/kentucky-szenazsak-sarok\/#breadcrumb"},"inLanguage":"sk-SK","potentialAction":[{"@type":"ReadAction","target":["https:\/\/arak.spicehorse.eu\/termek\/kentucky-szenazsak-sarok\/"]}]},{"@type":"BreadcrumbList","@id":"https:\/\/arak.spicehorse.eu\/termek\/kentucky-szenazsak-sarok\/#breadcrumb","itemListElement":[{"@type":"ListItem","position":1,"name":"Home","item":"https:\/\/arak.spicehorse.eu\/sk\/"},{"@type":"ListItem","position":2,"name":"Predaj\u0148a","item":"https:\/\/arak.spicehorse.eu\/sk\/predajna\/"},{"@type":"ListItem","position":3,"name":"Kentucky vak na seno rohov\u00fd"}]},{"@type":"WebSite","@id":"https:\/\/arak.spicehorse.eu\/en\/#website","url":"https:\/\/arak.spicehorse.eu\/en\/","name":"Spicehorse","description":"UNDER DEVELOPMENT -","potentialAction":[{"@type":"SearchAction","target":{"@type":"EntryPoint","urlTemplate":"https:\/\/arak.spicehorse.eu\/en\/?s={search_term_string}"},"query-input":"required name=search_term_string"}],"inLanguage":"sk-SK"}]}},"_links":{"self":[{"href":"https:\/\/arak.spicehorse.eu\/sk\/wp-json\/wp\/v2\/product\/209649"}],"collection":[{"href":"https:\/\/arak.spicehorse.eu\/sk\/wp-json\/wp\/v2\/product"}],"about":[{"href":"https:\/\/arak.spicehorse.eu\/sk\/wp-json\/wp\/v2\/types\/product"}],"wp:featuredmedia":[{"embeddable":true,"href":"https:\/\/arak.spicehorse.eu\/sk\/wp-json\/wp\/v2\/media\/209654"}],"wp:attachment":[{"href":"https:\/\/arak.spicehorse.eu\/sk\/wp-json\/wp\/v2\/media?parent=209649"}],"wp:term":[{"taxonomy":"product_cat","embeddable":true,"href":"https:\/\/arak.spicehorse.eu\/sk\/wp-json\/wp\/v2\/product_cat?post=209649"},{"taxonomy":"product_tag","embeddable":true,"href":"https:\/\/arak.spicehorse.eu\/sk\/wp-json\/wp\/v2\/product_tag?post=209649"}],"curies":[{"name":"wp","href":"https:\/\/api.w.org\/{rel}","templated":true}]}}