{"id":20972,"date":"2021-02-23T09:45:27","date_gmt":"2021-02-23T08:45:28","guid":{"rendered":"https:\/\/arak.spicehorse.eu\/?post_type=product&#038;p=20972"},"modified":"2024-06-18T12:13:36","modified_gmt":"2024-06-18T10:13:36","slug":"kentucky-wellington-stone-pearl-cabraka-s-tlmicom","status":"publish","type":"product","link":"https:\/\/arak.spicehorse.eu\/sk\/produkt\/kentucky-wellington-stone-pearl-cabraka-s-tlmicom\/","title":{"rendered":"Kentucky Wellington Stone &#038; Pearl \u010dabraky s tlmi\u010dom"},"content":{"rendered":"<p>Ve\u013emi popul\u00e1rne chr\u00e1ni\u010de u\u0161\u00ed Kentucky Horsewear Wellington Stone &amp; Pearl vysokej kvality, na americk\u00fd \u0161t\u00fdl. Chr\u00e1ni\u010de s\u00fa vyroben\u00e9 mimoriadne odoln\u00fdm ru\u010dn\u00fdm pleten\u00edm, s\u00fa zdoben\u00e9 kri\u0161t\u00e1\u013emi a\u00a0kamienkami vo farbe \u010dabraky. Extra vzh\u013ead je zaru\u010den\u00fd!\u00a0 Chr\u00e1ni\u010de chr\u00e1nia u\u0161i ko\u0148a pri jazden\u00ed. \u010cas\u0165 okolo u\u0161\u00ed je vyroben\u00e1 z\u00a0pru\u017en\u00e9ho materi\u00e1lu, slim fit. U\u0161n\u00e1 \u010das\u0165 s\u00a0tlmi\u010dom dokonale prilieha, nezo\u0161mykuje sa. \u010cabraky s\u00a0tlmi\u010dom (tlmiace ru\u0161iv\u00e9 zvuky) chr\u00e1nia u\u0161i ko\u0148a pred zvukmi, aby neodv\u00e1dzali pozornos\u0165 kon\u00ed. V\u010faka pred\u013a\u017eenej \u010dasti v\u00a0oblasti krku sa chr\u00e1ni\u010de nezo\u0161mykuj\u00fa. Bez loga, \u013eahko mo\u017eno vy\u0161i\u0165 svoje vlastn\u00e9 alebo sponzorsk\u00e9 logo. Ru\u010dn\u00e9 pranie!<\/p>\n","protected":false},"excerpt":{"rendered":"<h3>Kentucky Wellington Stone &amp; Pearl \u010dabraky s\u00fa <strong>zdoben\u00e9 n\u00e1dhern\u00fdmi kry\u0161t\u00e1lmi a\u00a0kamienkami vo farbe \u010dabraky.<\/strong><\/h3>\n<ul>\n<li>Ochrana proti hmyzu<\/li>\n<li>Zo \u0161peci\u00e1lneho materi\u00e1lu tlmiaceho zvuky<\/li>\n<li>Americk\u00fd \u0161t\u00fdl<\/li>\n<li>Prekr\u00e1sne zdobenie kamienkami a kri\u0161t\u00e1\u013emi<\/li>\n<li>Ru\u010dne vyroben\u00fd v\u00fdrobok vysokej kvality<\/li>\n<li>Pred\u013a\u017een\u00e1 \u010das\u0165 v\u00a0oblasti krku, aby sa chr\u00e1ni\u010d nezo\u0161mykoval<\/li>\n<\/ul>\n","protected":false},"featured_media":13382,"template":"","meta":{"_acf_changed":false},"product_cat":[78,75,108],"product_tag":[265,241,184,266],"acf":[],"yoast_head":"<!-- This site is optimized with the Yoast SEO plugin v21.4 - https:\/\/yoast.com\/wordpress\/plugins\/seo\/ -->\n<title>Kentucky Wellington Stone &amp; Pearl \u010dabraky s tlmi\u010dom - Spicehorse<\/title>\n<meta name=\"description\" content=\"spicehorse.eu | Kentucky Wellington Stone &amp; Pearl \u010dabraky s\u00fa zdoben\u00e9 n\u00e1dhern\u00fdmi kry\u0161t\u00e1lmi a\u00a0kamienkami vo farbe \u010dabraky.\" \/>\n<meta name=\"robots\" content=\"index, follow, max-snippet:-1, max-image-preview:large, max-video-preview:-1\" \/>\n<link rel=\"canonical\" href=\"https:\/\/arak.spicehorse.eu\/sk\/produkt\/kentucky-wellington-stone-pearl-cabraka-s-tlmicom\/\" \/>\n<meta property=\"og:locale\" content=\"sk_SK\" \/>\n<meta property=\"og:type\" content=\"article\" \/>\n<meta property=\"og:title\" content=\"Kentucky Wellington Stone &amp; Pearl \u010dabraky s tlmi\u010dom - Spicehorse\" \/>\n<meta property=\"og:description\" content=\"spicehorse.eu | Kentucky Wellington Stone &amp; Pearl \u010dabraky s\u00fa zdoben\u00e9 n\u00e1dhern\u00fdmi kry\u0161t\u00e1lmi a\u00a0kamienkami vo farbe \u010dabraky.\" \/>\n<meta property=\"og:url\" content=\"https:\/\/arak.spicehorse.eu\/sk\/produkt\/kentucky-wellington-stone-pearl-cabraka-s-tlmicom\/\" \/>\n<meta property=\"og:site_name\" content=\"Spicehorse\" \/>\n<meta property=\"article:publisher\" content=\"https:\/\/www.facebook.com\/SPICEHORSE-550385625402457\/\" \/>\n<meta property=\"article:modified_time\" content=\"2024-06-18T10:13:36+00:00\" \/>\n<meta property=\"og:image\" content=\"https:\/\/arak.spicehorse.eu\/wp-content\/uploads\/2020\/06\/42614-01.jpg\" \/>\n\t<meta property=\"og:image:width\" content=\"2048\" \/>\n\t<meta property=\"og:image:height\" content=\"1365\" \/>\n\t<meta property=\"og:image:type\" content=\"image\/jpeg\" \/>\n<meta name=\"twitter:card\" content=\"summary_large_image\" \/>\n<meta name=\"twitter:label1\" content=\"Predpokladan\u00fd \u010das \u010d\u00edtania\" \/>\n\t<meta name=\"twitter:data1\" content=\"1 min\u00fata\" \/>\n<script type=\"application\/ld+json\" class=\"yoast-schema-graph\">{\"@context\":\"https:\/\/schema.org\",\"@graph\":[{\"@type\":\"WebPage\",\"@id\":\"https:\/\/arak.spicehorse.eu\/sk\/produkt\/kentucky-wellington-stone-pearl-cabraka-s-tlmicom\/\",\"url\":\"https:\/\/arak.spicehorse.eu\/sk\/produkt\/kentucky-wellington-stone-pearl-cabraka-s-tlmicom\/\",\"name\":\"Kentucky Wellington Stone & Pearl \u010dabraky s tlmi\u010dom - Spicehorse\",\"isPartOf\":{\"@id\":\"https:\/\/arak.spicehorse.eu\/en\/#website\"},\"datePublished\":\"2021-02-23T08:45:28+00:00\",\"dateModified\":\"2024-06-18T10:13:36+00:00\",\"description\":\"spicehorse.eu | Kentucky Wellington Stone & Pearl \u010dabraky s\u00fa zdoben\u00e9 n\u00e1dhern\u00fdmi kry\u0161t\u00e1lmi a\u00a0kamienkami vo farbe \u010dabraky.\",\"breadcrumb\":{\"@id\":\"https:\/\/arak.spicehorse.eu\/sk\/produkt\/kentucky-wellington-stone-pearl-cabraka-s-tlmicom\/#breadcrumb\"},\"inLanguage\":\"sk-SK\",\"potentialAction\":[{\"@type\":\"ReadAction\",\"target\":[\"https:\/\/arak.spicehorse.eu\/sk\/produkt\/kentucky-wellington-stone-pearl-cabraka-s-tlmicom\/\"]}]},{\"@type\":\"BreadcrumbList\",\"@id\":\"https:\/\/arak.spicehorse.eu\/sk\/produkt\/kentucky-wellington-stone-pearl-cabraka-s-tlmicom\/#breadcrumb\",\"itemListElement\":[{\"@type\":\"ListItem\",\"position\":1,\"name\":\"Home\",\"item\":\"https:\/\/arak.spicehorse.eu\/sk\/\"},{\"@type\":\"ListItem\",\"position\":2,\"name\":\"Predaj\u0148a\",\"item\":\"https:\/\/arak.spicehorse.eu\/sk\/predajna\/\"},{\"@type\":\"ListItem\",\"position\":3,\"name\":\"Kentucky Wellington Stone &#038; Pearl \u010dabraky s tlmi\u010dom\"}]},{\"@type\":\"WebSite\",\"@id\":\"https:\/\/arak.spicehorse.eu\/en\/#website\",\"url\":\"https:\/\/arak.spicehorse.eu\/en\/\",\"name\":\"Spicehorse\",\"description\":\"UNDER DEVELOPMENT -\",\"potentialAction\":[{\"@type\":\"SearchAction\",\"target\":{\"@type\":\"EntryPoint\",\"urlTemplate\":\"https:\/\/arak.spicehorse.eu\/en\/?s={search_term_string}\"},\"query-input\":\"required name=search_term_string\"}],\"inLanguage\":\"sk-SK\"}]}<\/script>\n<!-- \/ Yoast SEO plugin. -->","yoast_head_json":{"title":"Kentucky Wellington Stone & Pearl \u010dabraky s tlmi\u010dom - Spicehorse","description":"spicehorse.eu | Kentucky Wellington Stone & Pearl \u010dabraky s\u00fa zdoben\u00e9 n\u00e1dhern\u00fdmi kry\u0161t\u00e1lmi a\u00a0kamienkami vo farbe \u010dabraky.","robots":{"index":"index","follow":"follow","max-snippet":"max-snippet:-1","max-image-preview":"max-image-preview:large","max-video-preview":"max-video-preview:-1"},"canonical":"https:\/\/arak.spicehorse.eu\/sk\/produkt\/kentucky-wellington-stone-pearl-cabraka-s-tlmicom\/","og_locale":"sk_SK","og_type":"article","og_title":"Kentucky Wellington Stone & Pearl \u010dabraky s tlmi\u010dom - Spicehorse","og_description":"spicehorse.eu | Kentucky Wellington Stone & Pearl \u010dabraky s\u00fa zdoben\u00e9 n\u00e1dhern\u00fdmi kry\u0161t\u00e1lmi a\u00a0kamienkami vo farbe \u010dabraky.","og_url":"https:\/\/arak.spicehorse.eu\/sk\/produkt\/kentucky-wellington-stone-pearl-cabraka-s-tlmicom\/","og_site_name":"Spicehorse","article_publisher":"https:\/\/www.facebook.com\/SPICEHORSE-550385625402457\/","article_modified_time":"2024-06-18T10:13:36+00:00","og_image":[{"width":2048,"height":1365,"url":"https:\/\/arak.spicehorse.eu\/wp-content\/uploads\/2020\/06\/42614-01.jpg","type":"image\/jpeg"}],"twitter_card":"summary_large_image","twitter_misc":{"Predpokladan\u00fd \u010das \u010d\u00edtania":"1 min\u00fata"},"schema":{"@context":"https:\/\/schema.org","@graph":[{"@type":"WebPage","@id":"https:\/\/arak.spicehorse.eu\/sk\/produkt\/kentucky-wellington-stone-pearl-cabraka-s-tlmicom\/","url":"https:\/\/arak.spicehorse.eu\/sk\/produkt\/kentucky-wellington-stone-pearl-cabraka-s-tlmicom\/","name":"Kentucky Wellington Stone & Pearl \u010dabraky s tlmi\u010dom - Spicehorse","isPartOf":{"@id":"https:\/\/arak.spicehorse.eu\/en\/#website"},"datePublished":"2021-02-23T08:45:28+00:00","dateModified":"2024-06-18T10:13:36+00:00","description":"spicehorse.eu | Kentucky Wellington Stone & Pearl \u010dabraky s\u00fa zdoben\u00e9 n\u00e1dhern\u00fdmi kry\u0161t\u00e1lmi a\u00a0kamienkami vo farbe \u010dabraky.","breadcrumb":{"@id":"https:\/\/arak.spicehorse.eu\/sk\/produkt\/kentucky-wellington-stone-pearl-cabraka-s-tlmicom\/#breadcrumb"},"inLanguage":"sk-SK","potentialAction":[{"@type":"ReadAction","target":["https:\/\/arak.spicehorse.eu\/sk\/produkt\/kentucky-wellington-stone-pearl-cabraka-s-tlmicom\/"]}]},{"@type":"BreadcrumbList","@id":"https:\/\/arak.spicehorse.eu\/sk\/produkt\/kentucky-wellington-stone-pearl-cabraka-s-tlmicom\/#breadcrumb","itemListElement":[{"@type":"ListItem","position":1,"name":"Home","item":"https:\/\/arak.spicehorse.eu\/sk\/"},{"@type":"ListItem","position":2,"name":"Predaj\u0148a","item":"https:\/\/arak.spicehorse.eu\/sk\/predajna\/"},{"@type":"ListItem","position":3,"name":"Kentucky Wellington Stone &#038; Pearl \u010dabraky s tlmi\u010dom"}]},{"@type":"WebSite","@id":"https:\/\/arak.spicehorse.eu\/en\/#website","url":"https:\/\/arak.spicehorse.eu\/en\/","name":"Spicehorse","description":"UNDER DEVELOPMENT -","potentialAction":[{"@type":"SearchAction","target":{"@type":"EntryPoint","urlTemplate":"https:\/\/arak.spicehorse.eu\/en\/?s={search_term_string}"},"query-input":"required name=search_term_string"}],"inLanguage":"sk-SK"}]}},"_links":{"self":[{"href":"https:\/\/arak.spicehorse.eu\/sk\/wp-json\/wp\/v2\/product\/20972"}],"collection":[{"href":"https:\/\/arak.spicehorse.eu\/sk\/wp-json\/wp\/v2\/product"}],"about":[{"href":"https:\/\/arak.spicehorse.eu\/sk\/wp-json\/wp\/v2\/types\/product"}],"wp:featuredmedia":[{"embeddable":true,"href":"https:\/\/arak.spicehorse.eu\/sk\/wp-json\/wp\/v2\/media\/13382"}],"wp:attachment":[{"href":"https:\/\/arak.spicehorse.eu\/sk\/wp-json\/wp\/v2\/media?parent=20972"}],"wp:term":[{"taxonomy":"product_cat","embeddable":true,"href":"https:\/\/arak.spicehorse.eu\/sk\/wp-json\/wp\/v2\/product_cat?post=20972"},{"taxonomy":"product_tag","embeddable":true,"href":"https:\/\/arak.spicehorse.eu\/sk\/wp-json\/wp\/v2\/product_tag?post=20972"}],"curies":[{"name":"wp","href":"https:\/\/api.w.org\/{rel}","templated":true}]}}